{"id":16101,"date":"2022-03-04T19:21:52","date_gmt":"2022-03-04T19:21:52","guid":{"rendered":"http:\/\/hadleycustomrollform.com\/technologie-skupiny-hadley\/"},"modified":"2025-09-08T08:55:25","modified_gmt":"2025-09-08T08:55:25","slug":"technologie-skupiny-hadley","status":"publish","type":"page","link":"https:\/\/hadleycustomrollform.com\/cs\/technologie-skupiny-hadley\/","title":{"rendered":"Technologie skupiny Hadley"},"content":{"rendered":"<background-video inline-template :autoplay=\"true\" video=\"\"> \n<section class=\"wp-block-stradigi-gutenberg-hero g-hero container-fluid p-0\" style=\"background-image:url(&quot;http:\/\/hadleycustomrollform.com\/app\/uploads\/2022\/03\/DSC_0113-mono.jpg&quot;)\" data-youtube-url=\"\"><div class=\"g-hero--filter\"><\/div><div class=\"g-hero__container container\"><div class=\"g-hero__wrap\"><h1 class=\"g-hero__heading\"><br\/>Hadley Group Technology<\/h1><div class=\"g-hero__body\"><div class=\"g-hero__body__text\"><p><\/p><\/div><div class=\"g-hero__body__buttons\"><a href=\"http:\/\/hadleycustomrollform.com\/custom-roll-forming\/hadley-group-technology\/research-development\/\" class=\"c-button\">R&amp;D at Hadley<i class=\"fas fa-sm fa-chevron-right\"><\/i><\/a><a href=\"http:\/\/hadleycustomrollform.com\/careers\/\" class=\"c-button\">Careers<i class=\"fas fa-sm fa-chevron-right\"><\/i><\/a><\/div><\/div><\/div><\/div><\/section>\n <\/background-video>\n<div style=\"height:100px\" aria-hidden=\"true\" class=\"wp-block-spacer\"><\/div>\n<section class=\"JB-1 h-section-background g-text\"><div class=\"container\"><div class=\"row\"><div class=\"col-lg-8\"><div class=\"g-text__title\">\n<h6 class=\"wp-block-heading\" id=\"h-hadley-group-technology-hgt-is-a-world-class-facility-focused-on-delivering-continuous-improvement-in-cold-roll-forming-technology\">Hadley Group Technology (HGT) je \u0161pi\u010dkov\u00e9 za\u0159\u00edzen\u00ed zam\u011b\u0159en\u00e9 na neust\u00e1l\u00e9 zlep\u0161ov\u00e1n\u00ed technologie tv\u00e1\u0159en\u00ed za studena.<\/h6>\n<\/div><\/div><\/div><\/div><\/section><div class=\"JB-1 h-section-background\">\n<section class=\"wp-block-stradigi-gutenberg-fixed-spacer g-spacer g-spacer--size-small\"><\/section>\n<\/div><section class=\"JB-1 h-section-background g-text\"><div class=\"container\"><div class=\"row\"><div class=\"col-lg-8\"><div class=\"g-text__bodytext\">\n<p>HGT je katalyz\u00e1torem \u00fasp\u011bchu in\u017een\u00fdrsk\u00fdch schopnost\u00ed skupiny Hadley Group, navrhuje a vyr\u00e1b\u00ed vlastn\u00ed v\u00fdrobn\u00ed linky a n\u00e1stroje a je tak\u00e9 l\u00eddrem v oblasti inovac\u00ed technik tv\u00e1\u0159en\u00ed za studena.  <\/p>\n<\/div><\/div><\/div><\/div><\/section><section class=\"JB-1 h-section-background g-text\"><div class=\"container\"><div class=\"row\"><div class=\"col-lg-8\"><div class=\"g-text__bodytext\">\n<p>Jsme z\u00e1kladn\u00edm zdrojem &#8211; podporujeme na\u0161e z\u00e1kazn\u00edky, kte\u0159\u00ed pou\u017e\u00edvaj\u00ed v\u00e1lcov\u00e1n\u00ed na zak\u00e1zku, jedine\u010dn\u00fdmi \u0159e\u0161en\u00edmi, kter\u00e1 vyhovuj\u00ed individu\u00e1ln\u00edm pot\u0159eb\u00e1m jejich projekt\u016f, a roz\u0161i\u0159ujeme z\u00e1zem\u00ed spole\u010dnosti Hadley Group Building Systems, kter\u00e1 zaznamen\u00e1v\u00e1 neust\u00e1l\u00fd r\u016fst trhu ve stavebnictv\u00ed.<\/p>\n<\/div><\/div><\/div><\/div><\/section><div class=\"JB-1 h-section-background\">\n<section class=\"wp-block-stradigi-gutenberg-fixed-spacer g-spacer g-spacer--size-small\"><\/section>\n<\/div><div class=\"JB-1 h-section-background\">\n<section class=\"wp-block-stradigi-gutenberg-text-image g-text-image\"><div class=\"container\"><div class=\"g-text-image__row row\"><div data-translate=\"true\" class=\"order-1 col-md-5\"><div class=\"g-text-image__content\">\n<section class=\"JB-1 h-section-background g-text\"><div class=\"container\"><div class=\"row\"><div class=\"col-lg-8\"><div class=\"g-text__title\">\n<h4 class=\"wp-block-heading\">Spole\u010dnost HGT spolupracuje se sv\u00fdmi z\u00e1kazn\u00edky na dod\u00e1vk\u00e1ch profil\u016f podle \u0161irok\u00e9 \u0161k\u00e1ly specifikac\u00ed:<\/h4>\n<\/div><\/div><\/div><\/div><\/section>\n<section class=\"JB-1 h-section-background g-text\"><div class=\"container\"><div class=\"row\"><div class=\"col-lg-8\"><div class=\"g-text__bodytext\">\n<p><\/p>\n<\/div><\/div><\/div><\/div><\/section>\n<section class=\"JB-1 h-section-background g-text\"><div class=\"container\"><div class=\"row\"><div class=\"col-lg-8\"><div class=\"g-text__bodytext\">\n<ul class=\"wp-block-list\"><li>\u0160irok\u00e1 \u0161k\u00e1la geometrick\u00fdch mo\u017enost\u00ed  <\/li><li>Tolerance a\u017e \u00b10,05 mm  <\/li><li>SPC a anal\u00fdza zp\u016fsobilosti procesu  <\/li><li>Vhodn\u00e9 pro \u017eelezn\u00e9 a ne\u017eelezn\u00e9 kovy, nerezovou ocel a dal\u0161\u00ed kujn\u00e9 kovy.  <\/li><li>Schopnost tv\u00e1\u0159et materi\u00e1ly s le\u0161t\u011bn\u00fdm povrchem a p\u0159eds\u00e1dkov\u00e9 materi\u00e1ly  <\/li><li>In-line funkce v\u010detn\u011b d\u011brov\u00e1n\u00ed, vrubov\u00e1n\u00ed, ra\u017een\u00ed a \u0159ez\u00e1n\u00ed na d\u00e9lku  <\/li><li>In-line sva\u0159ov\u00e1n\u00ed umo\u017e\u0148uje uzav\u0159en\u00e9 tvary  <\/li><\/ul>\n<\/div><\/div><\/div><\/div><\/section>\n<\/div><\/div><article data-translate=\"true\" class=\"order-2 col-md-7 offset-xl-1 col-xl-6\"><div class=\"g-text-image__sidenote\"><img decoding=\"async\" class=\"g-text-image__image\" src=\"http:\/\/hadleycustomrollform.com\/app\/uploads\/2022\/03\/DSC_0097-web-1024x615.jpg\" alt=\"dsc_0097-web\"\/><\/div><\/article><\/div><\/div><\/section>\n<\/div><div class=\"JB-1 h-section-background\">\n<section class=\"wp-block-stradigi-gutenberg-fixed-spacer g-spacer g-spacer--size-medium\"><\/section>\n<\/div>\n<section class=\"wp-block-stradigi-gutenberg-banner g-banner container-fluid p-0 jarallax g-banner--has-overlay g-banner--size-large\" style=\"background-image:url(&quot;http:\/\/hadleycustomrollform.com\/app\/uploads\/2022\/03\/DSC_0129-mono-web.jpg&quot;)\"><div class=\"g-banner__container container\"><div class=\"g-banner__wrap\"><h2 class=\"g-banner__heading\">Want to work here?<\/h2><div class=\"g-banner__body\"><div class=\"g-banner__body__buttons\"><a href=\"http:\/\/hadleycustomrollform.com\/careers\/\" class=\"c-button\">Careers<i class=\"fas fa-sm fa-chevron-right\"><\/i><\/a><\/div><\/div><\/div><\/div><\/section>\n<div class=\"JB-1 h-section-background\">\n<section class=\"wp-block-stradigi-gutenberg-fixed-spacer g-spacer g-spacer--size-small\"><\/section>\n<\/div><div class=\"JB-1 h-section-background\">\n<section class=\"wp-block-stradigi-gutenberg-text-image g-text-image\"><div class=\"container\"><div class=\"g-text-image__row row\"><div data-translate=\"true\" class=\"order-1 col-md-3\"><div class=\"g-text-image__content\">\n<section class=\"JB-1 h-section-background g-text\"><div class=\"container\"><div class=\"row\"><div class=\"col-lg-8\"><div class=\"g-text__title\">\n<h2 class=\"wp-block-heading\">Hled\u00e1te dal\u0161\u00ed v\u00fdzvu?<\/h2>\n<\/div><\/div><\/div><\/div><\/section>\n<section class=\"JB-1 h-section-background g-text\"><div class=\"container\"><div class=\"row\"><div class=\"col-lg-8\"><div class=\"g-text__bodytext\">\n<p><\/p>\n<\/div><\/div><\/div><\/div><\/section>\n<section class=\"JB-1 h-section-background g-text\"><div class=\"container\"><div class=\"row\"><div class=\"col-lg-8\"><div class=\"g-text__bodytext\">\n<p>M\u00e1me in\u017een\u00fdry, kte\u0159\u00ed pokr\u00fdvaj\u00ed celou na\u0161i v\u00fdrobn\u00ed kapacitu, od n\u00e1vrhu, konstrukce a \u00fadr\u017eby vlastn\u00edch v\u00fdrobn\u00edch linek a\u017e po tvorbu <a href=\"http:\/\/hadleycustomrollform.com\/building-systems\/modern-methods-construction\/hadleyframe-design-service\/\">konstruk\u010dn\u00edch pl\u00e1n\u016f a detail\u016f<\/a> s na\u0161imi <a href=\"http:\/\/hadleycustomrollform.com\/building-systems\/sfs-construction\/sfs-load-bearing\/\">nosn\u00fdmi profily<\/a>.<\/p>\n<\/div><\/div><\/div><\/div><\/section>\n<section class=\"JB-1 h-section-background g-text\"><div class=\"container\"><div class=\"row\"><div class=\"col-lg-8\"><div class=\"g-text__bodytext\">\n<p>Zjist\u011bte, jak\u00e9 to je pracovat ve spole\u010dnosti Hadley Group Technology.  <\/p>\n<\/div><\/div><\/div><\/div><\/section>\n<\/div><\/div><article data-translate=\"true\" class=\"order-2 col-md-9 offset-xl-1 col-xl-8\"><div class=\"g-text-image__sidenote\"><div class=\"g-text-image__frame-wrapper\"><iframe src=\"https:\/\/player.vimeo.com\/video\/710333586?&amp;autoplay=0&amp;loop=1&amp;byline=0&amp;title=0\"><\/iframe><\/div><\/div><\/article><\/div><\/div><\/section>\n<\/div><div class=\"JB-1 h-section-background\">\n<section class=\"wp-block-stradigi-gutenberg-fixed-spacer g-spacer g-spacer--size-small\"><\/section>\n<\/div><div class=\"JB-1 h-section-background\">\n<section class=\"wp-block-stradigi-gutenberg-fixed-spacer g-spacer g-spacer--size-large\"><\/section>\n<\/div>","protected":false},"excerpt":{"rendered":"<p>Hadley Group Technology (HGT) je \u0161pi\u010dkov\u00e9 za\u0159\u00edzen\u00ed zam\u011b\u0159en\u00e9 na neust\u00e1l\u00e9 zlep\u0161ov\u00e1n\u00ed technologie tv\u00e1\u0159en\u00ed za studena. HGT je katalyz\u00e1torem \u00fasp\u011bchu in\u017een\u00fdrsk\u00fdch\u2026 <a href=\"https:\/\/hadleycustomrollform.com\/cs\/technologie-skupiny-hadley\/\">&#8230;<\/a><\/p>\n","protected":false},"author":3,"featured_media":0,"parent":0,"menu_order":0,"comment_status":"closed","ping_status":"closed","template":"","meta":{"_acf_changed":false,"footnotes":""},"categories":[],"class_list":["post-16101","page","type-page","status-publish","hentry"],"acf":[],"yoast_head":"<!-- This site is optimized with the Yoast SEO Premium plugin v25.1 (Yoast SEO v27.1.1) - https:\/\/yoast.com\/product\/yoast-seo-premium-wordpress\/ -->\n<title>Hadley Group Technology: za\u0159\u00edzen\u00ed sv\u011btov\u00e9 \u00farovn\u011b - Hadley Custom Roll Form<\/title>\n<meta name=\"description\" content=\"Hadley Group Technology (HGT) je \u0161pi\u010dkov\u00e9 za\u0159\u00edzen\u00ed zam\u011b\u0159en\u00e9 na neust\u00e1l\u00e9 zlep\u0161ov\u00e1n\u00ed technologie tv\u00e1\u0159en\u00ed za studena.\" \/>\n<meta name=\"robots\" content=\"noindex, follow, max-snippet:-1, max-image-preview:large, max-video-preview:-1\" \/>\n<meta property=\"og:locale\" content=\"cs_CZ\" \/>\n<meta property=\"og:type\" content=\"article\" \/>\n<meta property=\"og:title\" content=\"Technologie skupiny Hadley\" \/>\n<meta property=\"og:description\" content=\"Hadley Group Technology (HGT) je \u0161pi\u010dkov\u00e9 za\u0159\u00edzen\u00ed zam\u011b\u0159en\u00e9 na neust\u00e1l\u00e9 zlep\u0161ov\u00e1n\u00ed technologie tv\u00e1\u0159en\u00ed za studena.\" \/>\n<meta property=\"og:url\" content=\"https:\/\/hadleycustomrollform.com\/cs\/technologie-skupiny-hadley\/\" \/>\n<meta property=\"og:site_name\" content=\"Hadley Custom Roll Form\" \/>\n<meta property=\"article:publisher\" content=\"https:\/\/www.facebook.com\/HadleyGroupGlobal\" \/>\n<meta property=\"article:modified_time\" content=\"2025-09-08T08:55:25+00:00\" \/>\n<meta property=\"og:image\" content=\"http:\/\/hadleycustomrollform.com\/app\/uploads\/2022\/03\/DSC_0097-web-1024x615.jpg\" \/>\n<meta name=\"twitter:card\" content=\"summary_large_image\" \/>\n<meta name=\"twitter:site\" content=\"@hadley_group\" \/>\n<meta name=\"twitter:label1\" content=\"Est. reading time\" \/>\n\t<meta name=\"twitter:data1\" content=\"1 minute\" \/>\n<script type=\"application\/ld+json\" class=\"yoast-schema-graph\">{\"@context\":\"https:\/\/schema.org\",\"@graph\":[{\"@type\":\"WebPage\",\"@id\":\"https:\/\/hadleycustomrollform.com\/cs\/technologie-skupiny-hadley\/\",\"url\":\"https:\/\/hadleycustomrollform.com\/cs\/technologie-skupiny-hadley\/\",\"name\":\"Hadley Group Technology: za\u0159\u00edzen\u00ed sv\u011btov\u00e9 \u00farovn\u011b - Hadley Custom Roll Form\",\"isPartOf\":{\"@id\":\"https:\/\/hadleycustomrollform.com\/cs\/#website\"},\"primaryImageOfPage\":{\"@id\":\"https:\/\/hadleycustomrollform.com\/cs\/technologie-skupiny-hadley\/#primaryimage\"},\"image\":{\"@id\":\"https:\/\/hadleycustomrollform.com\/cs\/technologie-skupiny-hadley\/#primaryimage\"},\"thumbnailUrl\":\"http:\/\/hadleycustomrollform.com\/app\/uploads\/2022\/03\/DSC_0097-web-1024x615.jpg\",\"datePublished\":\"2022-03-04T19:21:52+00:00\",\"dateModified\":\"2025-09-08T08:55:25+00:00\",\"description\":\"Hadley Group Technology (HGT) je \u0161pi\u010dkov\u00e9 za\u0159\u00edzen\u00ed zam\u011b\u0159en\u00e9 na neust\u00e1l\u00e9 zlep\u0161ov\u00e1n\u00ed technologie tv\u00e1\u0159en\u00ed za studena.\",\"breadcrumb\":{\"@id\":\"https:\/\/hadleycustomrollform.com\/cs\/technologie-skupiny-hadley\/#breadcrumb\"},\"inLanguage\":\"cs-CZ\",\"potentialAction\":[{\"@type\":\"ReadAction\",\"target\":[\"https:\/\/hadleycustomrollform.com\/cs\/technologie-skupiny-hadley\/\"]}]},{\"@type\":\"ImageObject\",\"inLanguage\":\"cs-CZ\",\"@id\":\"https:\/\/hadleycustomrollform.com\/cs\/technologie-skupiny-hadley\/#primaryimage\",\"url\":\"http:\/\/hadleycustomrollform.com\/app\/uploads\/2022\/03\/DSC_0097-web-1024x615.jpg\",\"contentUrl\":\"http:\/\/hadleycustomrollform.com\/app\/uploads\/2022\/03\/DSC_0097-web-1024x615.jpg\"},{\"@type\":\"BreadcrumbList\",\"@id\":\"https:\/\/hadleycustomrollform.com\/cs\/technologie-skupiny-hadley\/#breadcrumb\",\"itemListElement\":[{\"@type\":\"ListItem\",\"position\":1,\"name\":\"Home\",\"item\":\"https:\/\/hadleycustomrollform.com\/cs\/\"},{\"@type\":\"ListItem\",\"position\":2,\"name\":\"Technologie skupiny Hadley\"}]},{\"@type\":\"WebSite\",\"@id\":\"https:\/\/hadleycustomrollform.com\/cs\/#website\",\"url\":\"https:\/\/hadleycustomrollform.com\/cs\/\",\"name\":\"Hadley Group\",\"description\":\"Shaping the Future in Metal\",\"publisher\":{\"@id\":\"https:\/\/hadleycustomrollform.com\/cs\/#organization\"},\"potentialAction\":[{\"@type\":\"SearchAction\",\"target\":{\"@type\":\"EntryPoint\",\"urlTemplate\":\"https:\/\/hadleycustomrollform.com\/cs\/?s={search_term_string}\"},\"query-input\":{\"@type\":\"PropertyValueSpecification\",\"valueRequired\":true,\"valueName\":\"search_term_string\"}}],\"inLanguage\":\"cs-CZ\"},{\"@type\":\"Organization\",\"@id\":\"https:\/\/hadleycustomrollform.com\/cs\/#organization\",\"name\":\"Hadley Group\",\"url\":\"https:\/\/hadleycustomrollform.com\/cs\/\",\"logo\":{\"@type\":\"ImageObject\",\"inLanguage\":\"cs-CZ\",\"@id\":\"https:\/\/hadleycustomrollform.com\/cs\/#\/schema\/logo\/image\/\",\"url\":\"http:\/\/hadleycustomrollform.com\/app\/uploads\/2023\/01\/Hadley-Group-logo.jpg\",\"contentUrl\":\"http:\/\/hadleycustomrollform.com\/app\/uploads\/2023\/01\/Hadley-Group-logo.jpg\",\"width\":1280,\"height\":300,\"caption\":\"Hadley Group\"},\"image\":{\"@id\":\"https:\/\/hadleycustomrollform.com\/cs\/#\/schema\/logo\/image\/\"},\"sameAs\":[\"https:\/\/www.facebook.com\/HadleyGroupGlobal\",\"https:\/\/x.com\/hadley_group\",\"https:\/\/www.youtube.com\/@HadleyGroupSmethwick\",\"https:\/\/www.linkedin.com\/company\/hadley-group-\/\"]}]}<\/script>\n<!-- \/ Yoast SEO Premium plugin. -->","yoast_head_json":{"title":"Hadley Group Technology: za\u0159\u00edzen\u00ed sv\u011btov\u00e9 \u00farovn\u011b - Hadley Custom Roll Form","description":"Hadley Group Technology (HGT) je \u0161pi\u010dkov\u00e9 za\u0159\u00edzen\u00ed zam\u011b\u0159en\u00e9 na neust\u00e1l\u00e9 zlep\u0161ov\u00e1n\u00ed technologie tv\u00e1\u0159en\u00ed za studena.","robots":{"index":"noindex","follow":"follow","max-snippet":"max-snippet:-1","max-image-preview":"max-image-preview:large","max-video-preview":"max-video-preview:-1"},"og_locale":"cs_CZ","og_type":"article","og_title":"Technologie skupiny Hadley","og_description":"Hadley Group Technology (HGT) je \u0161pi\u010dkov\u00e9 za\u0159\u00edzen\u00ed zam\u011b\u0159en\u00e9 na neust\u00e1l\u00e9 zlep\u0161ov\u00e1n\u00ed technologie tv\u00e1\u0159en\u00ed za studena.","og_url":"https:\/\/hadleycustomrollform.com\/cs\/technologie-skupiny-hadley\/","og_site_name":"Hadley Custom Roll Form","article_publisher":"https:\/\/www.facebook.com\/HadleyGroupGlobal","article_modified_time":"2025-09-08T08:55:25+00:00","og_image":[{"url":"http:\/\/hadleycustomrollform.com\/app\/uploads\/2022\/03\/DSC_0097-web-1024x615.jpg","type":"","width":"","height":""}],"twitter_card":"summary_large_image","twitter_site":"@hadley_group","twitter_misc":{"Est. reading time":"1 minute"},"schema":{"@context":"https:\/\/schema.org","@graph":[{"@type":"WebPage","@id":"https:\/\/hadleycustomrollform.com\/cs\/technologie-skupiny-hadley\/","url":"https:\/\/hadleycustomrollform.com\/cs\/technologie-skupiny-hadley\/","name":"Hadley Group Technology: za\u0159\u00edzen\u00ed sv\u011btov\u00e9 \u00farovn\u011b - Hadley Custom Roll Form","isPartOf":{"@id":"https:\/\/hadleycustomrollform.com\/cs\/#website"},"primaryImageOfPage":{"@id":"https:\/\/hadleycustomrollform.com\/cs\/technologie-skupiny-hadley\/#primaryimage"},"image":{"@id":"https:\/\/hadleycustomrollform.com\/cs\/technologie-skupiny-hadley\/#primaryimage"},"thumbnailUrl":"http:\/\/hadleycustomrollform.com\/app\/uploads\/2022\/03\/DSC_0097-web-1024x615.jpg","datePublished":"2022-03-04T19:21:52+00:00","dateModified":"2025-09-08T08:55:25+00:00","description":"Hadley Group Technology (HGT) je \u0161pi\u010dkov\u00e9 za\u0159\u00edzen\u00ed zam\u011b\u0159en\u00e9 na neust\u00e1l\u00e9 zlep\u0161ov\u00e1n\u00ed technologie tv\u00e1\u0159en\u00ed za studena.","breadcrumb":{"@id":"https:\/\/hadleycustomrollform.com\/cs\/technologie-skupiny-hadley\/#breadcrumb"},"inLanguage":"cs-CZ","potentialAction":[{"@type":"ReadAction","target":["https:\/\/hadleycustomrollform.com\/cs\/technologie-skupiny-hadley\/"]}]},{"@type":"ImageObject","inLanguage":"cs-CZ","@id":"https:\/\/hadleycustomrollform.com\/cs\/technologie-skupiny-hadley\/#primaryimage","url":"http:\/\/hadleycustomrollform.com\/app\/uploads\/2022\/03\/DSC_0097-web-1024x615.jpg","contentUrl":"http:\/\/hadleycustomrollform.com\/app\/uploads\/2022\/03\/DSC_0097-web-1024x615.jpg"},{"@type":"BreadcrumbList","@id":"https:\/\/hadleycustomrollform.com\/cs\/technologie-skupiny-hadley\/#breadcrumb","itemListElement":[{"@type":"ListItem","position":1,"name":"Home","item":"https:\/\/hadleycustomrollform.com\/cs\/"},{"@type":"ListItem","position":2,"name":"Technologie skupiny Hadley"}]},{"@type":"WebSite","@id":"https:\/\/hadleycustomrollform.com\/cs\/#website","url":"https:\/\/hadleycustomrollform.com\/cs\/","name":"Hadley Group","description":"Shaping the Future in Metal","publisher":{"@id":"https:\/\/hadleycustomrollform.com\/cs\/#organization"},"potentialAction":[{"@type":"SearchAction","target":{"@type":"EntryPoint","urlTemplate":"https:\/\/hadleycustomrollform.com\/cs\/?s={search_term_string}"},"query-input":{"@type":"PropertyValueSpecification","valueRequired":true,"valueName":"search_term_string"}}],"inLanguage":"cs-CZ"},{"@type":"Organization","@id":"https:\/\/hadleycustomrollform.com\/cs\/#organization","name":"Hadley Group","url":"https:\/\/hadleycustomrollform.com\/cs\/","logo":{"@type":"ImageObject","inLanguage":"cs-CZ","@id":"https:\/\/hadleycustomrollform.com\/cs\/#\/schema\/logo\/image\/","url":"http:\/\/hadleycustomrollform.com\/app\/uploads\/2023\/01\/Hadley-Group-logo.jpg","contentUrl":"http:\/\/hadleycustomrollform.com\/app\/uploads\/2023\/01\/Hadley-Group-logo.jpg","width":1280,"height":300,"caption":"Hadley Group"},"image":{"@id":"https:\/\/hadleycustomrollform.com\/cs\/#\/schema\/logo\/image\/"},"sameAs":["https:\/\/www.facebook.com\/HadleyGroupGlobal","https:\/\/x.com\/hadley_group","https:\/\/www.youtube.com\/@HadleyGroupSmethwick","https:\/\/www.linkedin.com\/company\/hadley-group-\/"]}]}},"_links":{"self":[{"href":"https:\/\/hadleycustomrollform.com\/cs\/wp-json\/wp\/v2\/pages\/16101","targetHints":{"allow":["GET"]}}],"collection":[{"href":"https:\/\/hadleycustomrollform.com\/cs\/wp-json\/wp\/v2\/pages"}],"about":[{"href":"https:\/\/hadleycustomrollform.com\/cs\/wp-json\/wp\/v2\/types\/page"}],"author":[{"embeddable":true,"href":"https:\/\/hadleycustomrollform.com\/cs\/wp-json\/wp\/v2\/users\/3"}],"replies":[{"embeddable":true,"href":"https:\/\/hadleycustomrollform.com\/cs\/wp-json\/wp\/v2\/comments?post=16101"}],"version-history":[{"count":1,"href":"https:\/\/hadleycustomrollform.com\/cs\/wp-json\/wp\/v2\/pages\/16101\/revisions"}],"predecessor-version":[{"id":16103,"href":"https:\/\/hadleycustomrollform.com\/cs\/wp-json\/wp\/v2\/pages\/16101\/revisions\/16103"}],"wp:attachment":[{"href":"https:\/\/hadleycustomrollform.com\/cs\/wp-json\/wp\/v2\/media?parent=16101"}],"wp:term":[{"taxonomy":"category","embeddable":true,"href":"https:\/\/hadleycustomrollform.com\/cs\/wp-json\/wp\/v2\/categories?post=16101"}],"curies":[{"name":"wp","href":"https:\/\/api.w.org\/{rel}","templated":true}]}}