{"id":1829,"date":"2022-04-02T09:49:54","date_gmt":"2022-04-02T09:49:54","guid":{"rendered":"http:\/\/hadleycustomrollform.com\/kaltwalzen\/"},"modified":"2025-09-08T11:44:35","modified_gmt":"2025-09-08T11:44:35","slug":"kaltwalzen","status":"publish","type":"page","link":"https:\/\/hadleycustomrollform.com\/de\/kaltwalzen\/","title":{"rendered":"Kaltwalzen"},"content":{"rendered":"<background-video inline-template :autoplay=\"true\" video=\"\"> \n<section class=\"wp-block-stradigi-gutenberg-hero g-hero container-fluid p-0 g-hero--has-overlay\" style=\"background-image:url(&quot;http:\/\/hadleycustomrollform.com\/app\/uploads\/2022\/04\/DSC_1507.jpg&quot;)\" data-youtube-url=\"\"><div class=\"g-hero--filter\"><\/div><div class=\"g-hero__container container\"><div class=\"g-hero__wrap\"><h1 class=\"g-hero__heading\">Cold Roll Forming<\/h1><div class=\"g-hero__body\"><div class=\"g-hero__body__text\"><p><strong>Cold roll forming <\/strong>is one of the most versatile and productive production methods for forming metal.<\/p><\/div><div class=\"g-hero__body__buttons\"><a href=\"http:\/\/hadleycustomrollform.com\/de\/kontakt\/\" class=\"c-button\">Contact Us<i class=\"fas fa-sm fa-chevron-right\"><\/i><\/a><\/div><\/div><\/div><div class=\"g-hero__chevron__container d-none d-lg-block\"><i class=\"fas fa-chevron-down fa-3x scrollDown\"><\/i><\/div><\/div><\/section>\n <\/background-video><div class=\"JB-1 h-section-background\">\n<section class=\"wp-block-stradigi-gutenberg-fixed-spacer g-spacer g-spacer--size-medium\"><\/section>\n<\/div><section class=\"JB-1 h-section-background g-text\"><div class=\"container\"><div class=\"row\"><div class=\"col-lg-8\"><div class=\"g-text__title\">\n<h2 class=\"wp-block-heading\" id=\"h-what-can-you-do-with-cold-roll-forming\">Was kann man mit dem Kaltwalzverfahren machen?<\/h2>\n<\/div><\/div><\/div><\/div><\/section><div class=\"JB-1 h-section-background\">\n<section class=\"wp-block-stradigi-gutenberg-text-image g-text-image\"><div class=\"container\"><div class=\"g-text-image__row row\"><div data-translate=\"true\" class=\"order-2 offset-xl-1 col-md-3\"><div class=\"g-text-image__content\">\n<section class=\"JB-1 h-section-background g-text\"><div class=\"container\"><div class=\"row\"><div class=\"col-lg-8\"><div class=\"g-text__bodytext\">\n<ul class=\"wp-block-list\">\n\n<li>Profile mit einer Dicke von 0,3 bis 8 mm und einer Breite von bis zu 1,3 m;<\/li>\n\n\n<li>Gro\u00dfe Auswahl an geometrischen M\u00f6glichkeiten;<\/li>\n\n\n<li>Sehr enge Toleranzen, ab \u00b1 0,05 mm;<\/li>\n\n\n<li>Geeignet f\u00fcr Eisen- und Nichteisenmetalle, rostfreien Stahl und andere verformbare Metalle;<\/li>\n\n\n<li>F\u00e4higkeit, Materialien mit polierten und vorgestrichenen Oberfl\u00e4chen zu formen;<\/li>\n\n\n<li>Inline-Bearbeitung wie Stanzen, Schneiden, Biegen und Abl\u00e4ngen;<\/li>\n\n\n<li>F\u00e4higkeit, geschlossene Formen durch Inline-Schwei\u00dfen zu formen.<\/li>\n\n<\/ul>\n<\/div><\/div><\/div><\/div><\/section>\n<\/div><\/div><article data-translate=\"true\" class=\"order-1 col-md-9 col-xl-8\"><div class=\"g-text-image__sidenote\"><div class=\"g-text-image__frame-wrapper\"><iframe src=\"https:\/\/player.vimeo.com\/video\/726940907?&amp;autoplay=0&amp;loop=1&amp;byline=0&amp;title=0\"><\/iframe><\/div><\/div><\/article><\/div><\/div><\/section>\n<\/div><div class=\"JB-1 h-section-background\">\n<section class=\"wp-block-stradigi-gutenberg-cta-one g-cta-one\"><div class=\"container\"><div class=\"g-cta-one__row row\"><div class=\"col-sm-12 col-lg-8\"><h2 class=\"g-cta-one__title\"><h2 class=\"g-cta-one__title h-heading h-heading--size-undefined\">Contact us<\/h2><\/h2><div class=\"g-cta-one__content\"><p>Want to know what is possible with cold rolling? As a specialist, we would be happy to discuss your specific requirements for cold rolled profiles with you at an early stage. Together with you, we will find the best solution. This often leads to new insights and savings in time and costs.<\/p><\/div><div class=\"g-cta-one__buttons\"><a href=\"mailto:ask.customrollform@hadleygroup.com\" class=\"g-cta-one__button-primary\">email the team<i class=\"fas fa-sm fa-chevron-right\"><\/i><\/a><a href=\"http:\/\/hadleycustomrollform.com\/de\/kontakt\/\" class=\"g-cta-one__button-secondary\">Fill in form<i class=\"fas fa-sm fa-chevron-right\"><\/i><\/a><\/div><\/div><\/div><\/div><\/section>\n<\/div><div class=\"JB-1 h-section-background\">\n<section class=\"wp-block-stradigi-gutenberg-fixed-spacer g-spacer g-spacer--size-medium\"><\/section>\n<\/div>\n<section class=\"wp-block-stradigi-gutenberg-banner g-banner container-fluid p-0 jarallax g-banner--has-overlay g-banner--size-small\" style=\"background-image:url(&quot;http:\/\/hadleycustomrollform.com\/app\/uploads\/2022\/05\/Profile_Purlins-2.jpg&quot;)\"><div class=\"g-banner__container container\"><div class=\"g-banner__wrap\"><h2 class=\"g-banner__heading h-heading h-heading--size-64\">Why use cold roll forming?<\/h2><div class=\"g-banner__body\"><div class=\"g-banner__body__buttons\"><\/div><\/div><\/div><\/div><\/section>\n<section class=\"JB-1 h-section-background g-text\"><div class=\"container\"><div class=\"row\"><div class=\"col-lg-8\"><div class=\"g-text__bodytext\">\n<ul class=\"wp-block-list\">\n<li class=\"has-medium-font-size\">Ideal f\u00fcr Teile mit konstantem Profil, gro\u00dfer L\u00e4nge und gro\u00dfem Volumen;<\/li>\n\n\n\n<li class=\"has-medium-font-size\">Gew\u00e4hrleistet ein hohes Ma\u00df an Konsistenz und Genauigkeit;<\/li>\n\n\n\n<li class=\"has-medium-font-size\">Eignet sich f\u00fcr eine Vielzahl von Metallen wie Edelstahl, Aluminium und bandbeschichteten Stahl;<\/li>\n\n\n\n<li class=\"has-medium-font-size\">Erm\u00f6glicht kundenspezifisches Produktdesign und Produktion;<\/li>\n\n\n\n<li class=\"has-medium-font-size\">Bietet effektive L\u00f6sungen f\u00fcr komplexe Herausforderungen;<\/li>\n\n\n\n<li class=\"has-medium-font-size\">ist umweltfreundlich.<\/li>\n<\/ul>\n<\/div><\/div><\/div><\/div><\/section><div class=\"JB-1 h-section-background\">\n<section class=\"wp-block-stradigi-gutenberg-fixed-spacer g-spacer g-spacer--size-small\"><\/section>\n<\/div><section class=\"JB-1 h-section-background g-text\"><div class=\"container\"><div class=\"row\"><div class=\"col-lg-8\"><div class=\"g-text__title\">\n<h2 class=\"wp-block-heading\" id=\"h-the-cold-rolling-process\">Unser Kaltwalzverfahren<\/h2>\n<\/div><\/div><\/div><\/div><\/section><section class=\"JB-1 h-section-background g-text\"><div class=\"container\"><div class=\"row\"><div class=\"col-lg-8\"><div class=\"g-text__bodytext\">\n<p>Das <strong>Kaltwalzverfahren<\/strong> besteht aus einem konstanten Biegevorgang, bei dem ein langes Band aus gewickeltem Metall (in der Regel Stahl) durch eine Reihe von vorgeformten Walzen gef\u00fchrt wird, die das Metall allm\u00e4hlich verformen, um das gew\u00fcnschte Querschnittsprofil zu erhalten.<\/p>\n<\/div><\/div><\/div><\/div><\/section><section class=\"JB-1 h-section-background g-text\"><div class=\"container\"><div class=\"row\"><div class=\"col-lg-8\"><div class=\"g-text__bodytext\">\n<p>Das Kaltwalzprofilieren bietet eine Reihe von Vorteilen gegen\u00fcber dem Strangpressen. Das Rollformverfahren ist schneller und verbraucht weniger Energie als das Strangpressen. Au\u00dferdem bietet es erhebliche Gewichtseinsparungen und eine h\u00f6here Festigkeit (da das Metall im kalten Zustand geh\u00e4rtet wird).<\/p>\n<\/div><\/div><\/div><\/div><\/section><section class=\"JB-1 h-section-background g-text\"><div class=\"container\"><div class=\"row\"><div class=\"col-lg-8\"><div class=\"g-text__bodytext\">\n<p>Eine unserer gr\u00f6\u00dften St\u00e4rken ist unsere F\u00e4higkeit, komplexe Kundenanforderungen in die Praxis umzusetzen. <strong>Kaltgewalzter Stahl hat mehrere Vorteile<\/strong>, die f\u00fcr verschiedene Sektoren sehr interessant sein k\u00f6nnen, z. B. f\u00fcr die <a href=\"http:\/\/hadleycustomrollform.com\/custom-roll-forming\/markets\/cold-roll-forming-automotive\/\" target=\"_blank\" rel=\"noreferrer noopener\">Automobilindustrie<\/a>, das Bauwesen, die <a href=\"http:\/\/hadleycustomrollform.com\/custom-roll-forming\/markets\/cold-roll-forming-industrial\/\" target=\"_blank\" rel=\"noreferrer noopener\">Industrie <\/a>und die <a href=\"http:\/\/hadleycustomrollform.com\/custom-roll-forming\/markets\/cold-roll-forming-agricultural\/\" target=\"_blank\" rel=\"noreferrer noopener\">Landwirtschaft<\/a>.  <\/p>\n<\/div><\/div><\/div><\/div><\/section><div class=\"JB-1 h-section-background\">\n<section class=\"wp-block-stradigi-gutenberg-fixed-spacer g-spacer g-spacer--size-medium\"><\/section>\n<\/div><div class=\"JB-1 h-section-background\">\n<section class=\"wp-block-stradigi-gutenberg-sidenote g-sidenote\"><div class=\"container\"><div class=\"g-sidenote__row row\"><div class=\"col-lg-5\"><div class=\"g-sidenote__content\"><section class=\"JB-1 h-section-background g-text\"><div class=\"container\"><div class=\"row\"><div class=\"col-lg-8\"><div class=\"g-text__title\">\n<h2 class=\"wp-block-heading\" id=\"h-collaboration-for-complex-metal-profiles\">Zusammenarbeit bei komplexen kaltgewalzten Profilen<\/h2>\n<\/div><\/div><\/div><\/div><\/section>\n\n<section class=\"JB-1 h-section-background g-text\"><div class=\"container\"><div class=\"row\"><div class=\"col-lg-8\"><div class=\"g-text__bodytext\">\n<p>Ihre Projektanforderungen werden von <strong>unserem Team von 50 Vollzeit-Ingenieuren und Technikern<\/strong> innerhalb der Hadley Group Technology bewertet. Sie arbeiten als verl\u00e4ngerter Arm Ihrer hauseigenen Designer, um Ihre komplexen Anforderungen in hocheffektive Qualit\u00e4tsl\u00f6sungen umzusetzen.<\/p>\n<\/div><\/div><\/div><\/div><\/section>\n\n<section class=\"JB-1 h-section-background g-text\"><div class=\"container\"><div class=\"row\"><div class=\"col-lg-8\"><div class=\"g-text__bodytext\">\n<p>Als Spezialist f\u00fcr Forschung und Produktentwicklung, Konstruktion, Fertigung und technischen Support f\u00fcr Werkzeuge und Maschinen nutzen wir die neuesten Entwicklungen in der Computersimulationstechnologie, fortschrittliche technische Hardware und das Fachwissen unseres internen Teams.<\/p>\n<\/div><\/div><\/div><\/div><\/section><\/div><\/div><article class=\"col-md-7 offset-xl-1 col-xl-6\"><div class=\"g-sidenote__sidenote\" style=\"background-image:url(&quot;http:\/\/hadleycustomrollform.com\/app\/uploads\/2022\/04\/DSC_1238.s-985x1024.jpg&quot;)\"><h3 class=\"g-sidenote__sidenote-subtitle h-heading h-heading--size-undefined\">Hadley Group Technology<\/h3><div class=\"g-sidenote__sidenote-content\"><\/div><a href=\"http:\/\/hadleycustomrollform.com\/de\/rollformen-nach-mass\/hadley-group-technology\/\" class=\"c-button g-sidenote__sidenote-cta\">Think with us<i class=\"fas fa-sm fa-chevron-right\"><\/i><\/a><\/div><\/article><\/div><\/div><\/section>\n<\/div><div class=\"JB-1 h-section-background\">\n<section class=\"wp-block-stradigi-gutenberg-fixed-spacer g-spacer g-spacer--size-medium\"><\/section>\n<\/div><section class=\"JB-1 h-section-background g-image\"><div class=\"container\"><div class=\"row\"><div class=\"col-lg-8\"><div class=\"g-image__image-wrapper\">\n<figure class=\"wp-block-image size-large\"><img loading=\"lazy\" decoding=\"async\" width=\"1024\" height=\"461\" src=\"http:\/\/hadleycustomrollform.com\/app\/uploads\/2022\/05\/Ultrasteel-profile-close-up-1024x461.jpg\" alt=\"Ultrasteel-Profil \" class=\"wp-image-2380\" srcset=\"https:\/\/hadleycustomrollform.com\/app\/uploads\/2022\/05\/Ultrasteel-profile-close-up-1024x461.jpg 1024w, https:\/\/hadleycustomrollform.com\/app\/uploads\/2022\/05\/Ultrasteel-profile-close-up-300x135.jpg 300w, https:\/\/hadleycustomrollform.com\/app\/uploads\/2022\/05\/Ultrasteel-profile-close-up-768x346.jpg 768w, https:\/\/hadleycustomrollform.com\/app\/uploads\/2022\/05\/Ultrasteel-profile-close-up-1536x692.jpg 1536w, https:\/\/hadleycustomrollform.com\/app\/uploads\/2022\/05\/Ultrasteel-profile-close-up.jpg 1920w\" sizes=\"auto, (max-width: 1024px) 100vw, 1024px\" \/><\/figure>\n<\/div><\/div><\/div><\/div><\/section><div class=\"JB-1 h-section-background\">\n<section class=\"wp-block-stradigi-gutenberg-cta-two g-cta-two\"><div class=\"container\"><div class=\"g-cta-two__container\"><div class=\"g-cta-two__left-col\"><h2 class=\"g-cta-two__title h-heading h-heading--size-undefined\">UltraSTEEL\u00ae<\/h2><div class=\"g-cta-two__content\"><p>The <a href=\"http:\/\/hadleycustomrollform.com\/de\/rollformen-nach-mass\/ultrasteel\/\" target=\"_blank\" rel=\"noreferrer noopener\">UltraSTEEL<sup>\u00ae<\/sup><\/a> process is a pre-machining technology for the base material. UltraSTEEL<sup>\u00ae<\/sup> has helped customers from various industries around the world to improve product efficiency and product strength while reducing weight and use of raw materials.<\/p><\/div><\/div><div class=\"g-cta-two__right-col\"><a href=\"http:\/\/hadleycustomrollform.com\/de\/rollformen-nach-mass\/ultrasteel\/\" class=\"g-cta-two__button\">Find out more<i class=\"fas fa-sm fa-chevron-right\"><\/i><\/a><\/div><\/div><\/div><\/section>\n<\/div><div class=\"JB-1 h-section-background\">\n<section class=\"wp-block-stradigi-gutenberg-fixed-spacer g-spacer g-spacer--size-large\"><\/section>\n<\/div>","protected":false},"excerpt":{"rendered":"<p>Was kann man mit dem Kaltwalzverfahren machen? Unser Kaltwalzverfahren Das Kaltwalzverfahren besteht aus einem konstanten Biegevorgang, bei dem ein langes\u2026 <a href=\"https:\/\/hadleycustomrollform.com\/de\/kaltwalzen\/\">&#8230;<\/a><\/p>\n","protected":false},"author":3,"featured_media":0,"parent":0,"menu_order":0,"comment_status":"closed","ping_status":"closed","template":"","meta":{"_acf_changed":false,"footnotes":""},"categories":[],"class_list":["post-1829","page","type-page","status-publish","hentry"],"acf":[],"yoast_head":"<!-- This site is optimized with the Yoast SEO Premium plugin v25.1 (Yoast SEO v27.1.1) - https:\/\/yoast.com\/product\/yoast-seo-premium-wordpress\/ -->\n<title>Spezialist f\u00fcr das Kaltwalzen im B2B-Markt - Hadley Group<\/title>\n<meta name=\"description\" content=\"Kaltwalzen von hochwertigen Metallprofilen f\u00fcr verschiedene M\u00e4rkte. Ideal f\u00fcr individuelle Produktgestaltung. Enge Toleranzen, ab \u00b1 0,05 mm. Nehmen Sie Kontakt auf!\" \/>\n<meta name=\"robots\" content=\"noindex, follow, max-snippet:-1, max-image-preview:large, max-video-preview:-1\" \/>\n<meta property=\"og:locale\" content=\"de_DE\" \/>\n<meta property=\"og:type\" content=\"article\" \/>\n<meta property=\"og:title\" content=\"Kaltwalzen\" \/>\n<meta property=\"og:description\" content=\"Kaltwalzen von hochwertigen Metallprofilen f\u00fcr verschiedene M\u00e4rkte. Ideal f\u00fcr individuelle Produktgestaltung. Enge Toleranzen, ab \u00b1 0,05 mm. Nehmen Sie Kontakt auf!\" \/>\n<meta property=\"og:url\" content=\"https:\/\/hadleycustomrollform.com\/de\/kaltwalzen\/\" \/>\n<meta property=\"og:site_name\" content=\"Hadley Custom Roll Form\" \/>\n<meta property=\"article:publisher\" content=\"https:\/\/www.facebook.com\/HadleyGroupGlobal\" \/>\n<meta property=\"article:modified_time\" content=\"2025-09-08T11:44:35+00:00\" \/>\n<meta property=\"og:image\" content=\"http:\/\/hadleycustomrollform.com\/app\/uploads\/2022\/05\/Ultrasteel-profile-close-up-1024x461.jpg\" \/>\n<meta name=\"twitter:card\" content=\"summary_large_image\" \/>\n<meta name=\"twitter:site\" content=\"@hadley_group\" \/>\n<meta name=\"twitter:label1\" content=\"Est. reading time\" \/>\n\t<meta name=\"twitter:data1\" content=\"3 minutes\" \/>\n<script type=\"application\/ld+json\" class=\"yoast-schema-graph\">{\"@context\":\"https:\/\/schema.org\",\"@graph\":[{\"@type\":\"WebPage\",\"@id\":\"https:\/\/hadleycustomrollform.com\/de\/kaltwalzen\/\",\"url\":\"https:\/\/hadleycustomrollform.com\/de\/kaltwalzen\/\",\"name\":\"Spezialist f\u00fcr das Kaltwalzen im B2B-Markt - Hadley Group\",\"isPartOf\":{\"@id\":\"https:\/\/hadleycustomrollform.com\/de\/#website\"},\"primaryImageOfPage\":{\"@id\":\"https:\/\/hadleycustomrollform.com\/de\/kaltwalzen\/#primaryimage\"},\"image\":{\"@id\":\"https:\/\/hadleycustomrollform.com\/de\/kaltwalzen\/#primaryimage\"},\"thumbnailUrl\":\"http:\/\/hadleycustomrollform.com\/app\/uploads\/2022\/05\/Ultrasteel-profile-close-up-1024x461.jpg\",\"datePublished\":\"2022-04-02T09:49:54+00:00\",\"dateModified\":\"2025-09-08T11:44:35+00:00\",\"description\":\"Kaltwalzen von hochwertigen Metallprofilen f\u00fcr verschiedene M\u00e4rkte. Ideal f\u00fcr individuelle Produktgestaltung. Enge Toleranzen, ab \u00b1 0,05 mm. Nehmen Sie Kontakt auf!\",\"breadcrumb\":{\"@id\":\"https:\/\/hadleycustomrollform.com\/de\/kaltwalzen\/#breadcrumb\"},\"inLanguage\":\"de-DE\",\"potentialAction\":[{\"@type\":\"ReadAction\",\"target\":[\"https:\/\/hadleycustomrollform.com\/de\/kaltwalzen\/\"]}]},{\"@type\":\"ImageObject\",\"inLanguage\":\"de-DE\",\"@id\":\"https:\/\/hadleycustomrollform.com\/de\/kaltwalzen\/#primaryimage\",\"url\":\"http:\/\/hadleycustomrollform.com\/app\/uploads\/2022\/05\/Ultrasteel-profile-close-up-1024x461.jpg\",\"contentUrl\":\"http:\/\/hadleycustomrollform.com\/app\/uploads\/2022\/05\/Ultrasteel-profile-close-up-1024x461.jpg\"},{\"@type\":\"BreadcrumbList\",\"@id\":\"https:\/\/hadleycustomrollform.com\/de\/kaltwalzen\/#breadcrumb\",\"itemListElement\":[{\"@type\":\"ListItem\",\"position\":1,\"name\":\"Home\",\"item\":\"https:\/\/hadleycustomrollform.com\/de\/\"},{\"@type\":\"ListItem\",\"position\":2,\"name\":\"Kaltwalzen\"}]},{\"@type\":\"WebSite\",\"@id\":\"https:\/\/hadleycustomrollform.com\/de\/#website\",\"url\":\"https:\/\/hadleycustomrollform.com\/de\/\",\"name\":\"Hadley Group\",\"description\":\"Shaping the Future in Metal\",\"publisher\":{\"@id\":\"https:\/\/hadleycustomrollform.com\/de\/#organization\"},\"potentialAction\":[{\"@type\":\"SearchAction\",\"target\":{\"@type\":\"EntryPoint\",\"urlTemplate\":\"https:\/\/hadleycustomrollform.com\/de\/?s={search_term_string}\"},\"query-input\":{\"@type\":\"PropertyValueSpecification\",\"valueRequired\":true,\"valueName\":\"search_term_string\"}}],\"inLanguage\":\"de-DE\"},{\"@type\":\"Organization\",\"@id\":\"https:\/\/hadleycustomrollform.com\/de\/#organization\",\"name\":\"Hadley Group\",\"url\":\"https:\/\/hadleycustomrollform.com\/de\/\",\"logo\":{\"@type\":\"ImageObject\",\"inLanguage\":\"de-DE\",\"@id\":\"https:\/\/hadleycustomrollform.com\/de\/#\/schema\/logo\/image\/\",\"url\":\"http:\/\/hadleycustomrollform.com\/app\/uploads\/2023\/01\/Hadley-Group-logo.jpg\",\"contentUrl\":\"http:\/\/hadleycustomrollform.com\/app\/uploads\/2023\/01\/Hadley-Group-logo.jpg\",\"width\":1280,\"height\":300,\"caption\":\"Hadley Group\"},\"image\":{\"@id\":\"https:\/\/hadleycustomrollform.com\/de\/#\/schema\/logo\/image\/\"},\"sameAs\":[\"https:\/\/www.facebook.com\/HadleyGroupGlobal\",\"https:\/\/x.com\/hadley_group\",\"https:\/\/www.youtube.com\/@HadleyGroupSmethwick\",\"https:\/\/www.linkedin.com\/company\/hadley-group-\/\"]}]}<\/script>\n<!-- \/ Yoast SEO Premium plugin. -->","yoast_head_json":{"title":"Spezialist f\u00fcr das Kaltwalzen im B2B-Markt - Hadley Group","description":"Kaltwalzen von hochwertigen Metallprofilen f\u00fcr verschiedene M\u00e4rkte. Ideal f\u00fcr individuelle Produktgestaltung. Enge Toleranzen, ab \u00b1 0,05 mm. Nehmen Sie Kontakt auf!","robots":{"index":"noindex","follow":"follow","max-snippet":"max-snippet:-1","max-image-preview":"max-image-preview:large","max-video-preview":"max-video-preview:-1"},"og_locale":"de_DE","og_type":"article","og_title":"Kaltwalzen","og_description":"Kaltwalzen von hochwertigen Metallprofilen f\u00fcr verschiedene M\u00e4rkte. Ideal f\u00fcr individuelle Produktgestaltung. Enge Toleranzen, ab \u00b1 0,05 mm. Nehmen Sie Kontakt auf!","og_url":"https:\/\/hadleycustomrollform.com\/de\/kaltwalzen\/","og_site_name":"Hadley Custom Roll Form","article_publisher":"https:\/\/www.facebook.com\/HadleyGroupGlobal","article_modified_time":"2025-09-08T11:44:35+00:00","og_image":[{"url":"http:\/\/hadleycustomrollform.com\/app\/uploads\/2022\/05\/Ultrasteel-profile-close-up-1024x461.jpg","type":"","width":"","height":""}],"twitter_card":"summary_large_image","twitter_site":"@hadley_group","twitter_misc":{"Est. reading time":"3 minutes"},"schema":{"@context":"https:\/\/schema.org","@graph":[{"@type":"WebPage","@id":"https:\/\/hadleycustomrollform.com\/de\/kaltwalzen\/","url":"https:\/\/hadleycustomrollform.com\/de\/kaltwalzen\/","name":"Spezialist f\u00fcr das Kaltwalzen im B2B-Markt - Hadley Group","isPartOf":{"@id":"https:\/\/hadleycustomrollform.com\/de\/#website"},"primaryImageOfPage":{"@id":"https:\/\/hadleycustomrollform.com\/de\/kaltwalzen\/#primaryimage"},"image":{"@id":"https:\/\/hadleycustomrollform.com\/de\/kaltwalzen\/#primaryimage"},"thumbnailUrl":"http:\/\/hadleycustomrollform.com\/app\/uploads\/2022\/05\/Ultrasteel-profile-close-up-1024x461.jpg","datePublished":"2022-04-02T09:49:54+00:00","dateModified":"2025-09-08T11:44:35+00:00","description":"Kaltwalzen von hochwertigen Metallprofilen f\u00fcr verschiedene M\u00e4rkte. Ideal f\u00fcr individuelle Produktgestaltung. Enge Toleranzen, ab \u00b1 0,05 mm. Nehmen Sie Kontakt auf!","breadcrumb":{"@id":"https:\/\/hadleycustomrollform.com\/de\/kaltwalzen\/#breadcrumb"},"inLanguage":"de-DE","potentialAction":[{"@type":"ReadAction","target":["https:\/\/hadleycustomrollform.com\/de\/kaltwalzen\/"]}]},{"@type":"ImageObject","inLanguage":"de-DE","@id":"https:\/\/hadleycustomrollform.com\/de\/kaltwalzen\/#primaryimage","url":"http:\/\/hadleycustomrollform.com\/app\/uploads\/2022\/05\/Ultrasteel-profile-close-up-1024x461.jpg","contentUrl":"http:\/\/hadleycustomrollform.com\/app\/uploads\/2022\/05\/Ultrasteel-profile-close-up-1024x461.jpg"},{"@type":"BreadcrumbList","@id":"https:\/\/hadleycustomrollform.com\/de\/kaltwalzen\/#breadcrumb","itemListElement":[{"@type":"ListItem","position":1,"name":"Home","item":"https:\/\/hadleycustomrollform.com\/de\/"},{"@type":"ListItem","position":2,"name":"Kaltwalzen"}]},{"@type":"WebSite","@id":"https:\/\/hadleycustomrollform.com\/de\/#website","url":"https:\/\/hadleycustomrollform.com\/de\/","name":"Hadley Group","description":"Shaping the Future in Metal","publisher":{"@id":"https:\/\/hadleycustomrollform.com\/de\/#organization"},"potentialAction":[{"@type":"SearchAction","target":{"@type":"EntryPoint","urlTemplate":"https:\/\/hadleycustomrollform.com\/de\/?s={search_term_string}"},"query-input":{"@type":"PropertyValueSpecification","valueRequired":true,"valueName":"search_term_string"}}],"inLanguage":"de-DE"},{"@type":"Organization","@id":"https:\/\/hadleycustomrollform.com\/de\/#organization","name":"Hadley Group","url":"https:\/\/hadleycustomrollform.com\/de\/","logo":{"@type":"ImageObject","inLanguage":"de-DE","@id":"https:\/\/hadleycustomrollform.com\/de\/#\/schema\/logo\/image\/","url":"http:\/\/hadleycustomrollform.com\/app\/uploads\/2023\/01\/Hadley-Group-logo.jpg","contentUrl":"http:\/\/hadleycustomrollform.com\/app\/uploads\/2023\/01\/Hadley-Group-logo.jpg","width":1280,"height":300,"caption":"Hadley Group"},"image":{"@id":"https:\/\/hadleycustomrollform.com\/de\/#\/schema\/logo\/image\/"},"sameAs":["https:\/\/www.facebook.com\/HadleyGroupGlobal","https:\/\/x.com\/hadley_group","https:\/\/www.youtube.com\/@HadleyGroupSmethwick","https:\/\/www.linkedin.com\/company\/hadley-group-\/"]}]}},"_links":{"self":[{"href":"https:\/\/hadleycustomrollform.com\/de\/wp-json\/wp\/v2\/pages\/1829","targetHints":{"allow":["GET"]}}],"collection":[{"href":"https:\/\/hadleycustomrollform.com\/de\/wp-json\/wp\/v2\/pages"}],"about":[{"href":"https:\/\/hadleycustomrollform.com\/de\/wp-json\/wp\/v2\/types\/page"}],"author":[{"embeddable":true,"href":"https:\/\/hadleycustomrollform.com\/de\/wp-json\/wp\/v2\/users\/3"}],"replies":[{"embeddable":true,"href":"https:\/\/hadleycustomrollform.com\/de\/wp-json\/wp\/v2\/comments?post=1829"}],"version-history":[{"count":27,"href":"https:\/\/hadleycustomrollform.com\/de\/wp-json\/wp\/v2\/pages\/1829\/revisions"}],"predecessor-version":[{"id":16231,"href":"https:\/\/hadleycustomrollform.com\/de\/wp-json\/wp\/v2\/pages\/1829\/revisions\/16231"}],"wp:attachment":[{"href":"https:\/\/hadleycustomrollform.com\/de\/wp-json\/wp\/v2\/media?parent=1829"}],"wp:term":[{"taxonomy":"category","embeddable":true,"href":"https:\/\/hadleycustomrollform.com\/de\/wp-json\/wp\/v2\/categories?post=1829"}],"curies":[{"name":"wp","href":"https:\/\/api.w.org\/{rel}","templated":true}]}}