{"id":1867,"date":"2022-04-02T09:53:08","date_gmt":"2022-04-02T09:53:08","guid":{"rendered":"http:\/\/hadleycustomrollform.com\/montage\/"},"modified":"2025-09-08T09:15:35","modified_gmt":"2025-09-08T09:15:35","slug":"montage","status":"publish","type":"page","link":"https:\/\/hadleycustomrollform.com\/de\/montage\/","title":{"rendered":"Montage"},"content":{"rendered":"<background-video inline-template :autoplay=\"true\" video=\"\"> \n<section class=\"wp-block-stradigi-gutenberg-hero g-hero container-fluid p-0 g-hero--has-overlay\" style=\"background-image:url(&quot;http:\/\/hadleycustomrollform.com\/app\/uploads\/2022\/04\/DSC_1737.jpg&quot;)\" data-youtube-url=\"\"><div class=\"g-hero--filter\"><\/div><div class=\"g-hero__container container\"><div class=\"g-hero__wrap\"><h1 class=\"g-hero__heading\">Custom Assembly<\/h1><div class=\"g-hero__body\"><div class=\"g-hero__body__text\"><p>Save time and reduce labour costs by assembling your parts at the point of manufacture.\u00a0<\/p><\/div><div class=\"g-hero__body__buttons\"><\/div><\/div><\/div><div class=\"g-hero__chevron__container d-none d-lg-block\"><i class=\"fas fa-chevron-down fa-3x scrollDown\"><\/i><\/div><\/div><\/section>\n <\/background-video><div class=\"JB-1 h-section-background\">\n<section class=\"wp-block-stradigi-gutenberg-fixed-spacer g-spacer g-spacer--size-medium\"><\/section>\n<\/div><section class=\"JB-1 h-section-background g-text\"><div class=\"container\"><div class=\"row\"><div class=\"col-lg-8\"><div class=\"g-text__title\">\n<h6 class=\"wp-block-heading\">Die Fertigung Ihres Bauteils muss nicht am Profil enden. Als L\u00f6sungsanbieter k\u00f6nnen Sie von unserer F\u00e4higkeit profitieren, sekund\u00e4re Offline- oder Inline-Montage von Gegenst\u00fccken durchzuf\u00fchren.<\/h6>\n<\/div><\/div><\/div><\/div><\/section><div class=\"JB-1 h-section-background\">\n<section class=\"wp-block-stradigi-gutenberg-fixed-spacer g-spacer g-spacer--size-small\"><\/section>\n<\/div><section class=\"JB-1 h-section-background g-text\"><div class=\"container\"><div class=\"row\"><div class=\"col-lg-8\"><div class=\"g-text__bodytext\">\n<p>Die Zusammenarbeit mit Ihnen, um Produkte von Grund auf neu zu entwerfen und zu entwickeln, erm\u00f6glicht es uns, f\u00fcr die Montage zu konstruieren \u2013 insbesondere, wenn es um Merkmale mit engen Toleranzen geht. Dieser wertsteigernde Vorgang kann an der Profilierlinie (unter Verwendung automatisierter Roboter und Spezialmaschinen) oder durch einen einfachen manuellen Vorgang abgeschlossen werden, bevor das Produkt in einer kundenspezifischen Montagezelle verpackt wird.<\/p>\n<\/div><\/div><\/div><\/div><\/section><section class=\"JB-1 h-section-background g-text\"><div class=\"container\"><div class=\"row\"><div class=\"col-lg-8\"><div class=\"g-text__bodytext\">\n<p>Wenn Sie vor Ort Platz und Zeit ben\u00f6tigen, ist es Ihre oberste Priorit\u00e4t, das Produkt bereit zu haben, um es in seine Gitterstruktur einzurasten (und \u00e4hnlich in der Automobilmontage). Die hochqualifizierten Mitarbeiter von Hadley mit unseren neuesten Werkzeugen f\u00fchren Ihre Montage rechtzeitig, genau und wiederholbar durch. Anwendung von \u201eLean-Prinzipien\u201c, um die beste Montagemethode f\u00fcr Sie (und unsere Mitarbeiter) in Verbindung mit einer abschlie\u00dfenden Qualit\u00e4tskontrolle vor dem Versand zu finden.<\/p>\n<\/div><\/div><\/div><\/div><\/section><div class=\"JB-1 h-section-background\">\n<section class=\"wp-block-stradigi-gutenberg-fixed-spacer g-spacer g-spacer--size-medium\"><\/section>\n<\/div><div class=\"JB-1 h-section-background\">\n<section class=\"wp-block-stradigi-gutenberg-text-image g-text-image\"><div class=\"container\"><div class=\"g-text-image__row row\"><div data-translate=\"true\" class=\"order-1 col-md-5\"><div class=\"g-text-image__content\">\n<section class=\"JB-1 h-section-background g-text\"><div class=\"container\"><div class=\"row\"><div class=\"col-lg-8\"><div class=\"g-text__bodytext\">\n<p>Die kundenspezifische Montage Ihrer Produkte kann viele Formen annehmen \u2013 vom einfachen Anziehen von R\u00fccken an R\u00fccken gewalzten Metallabschnitten mit kundenspezifischen manuellen Drehmomentpistolen bis hin zu einer vollautomatischen L\u00f6sung zur Handhabung der Bewegung und Montage von 2,5 m langen Abschnitten (hergestellt aus 5 mm dickem Stahl). &#8211; unter Beibehaltung einer Toleranz von Bruchteilen eines Millimeters bei Bezugsschlitzen und -l\u00f6chern (wobei kritische Messungen zur Chargenr\u00fcckverfolgbarkeit aufgezeichnet werden). <\/p>\n<\/div><\/div><\/div><\/div><\/section>\n<section class=\"JB-1 h-section-background g-text\"><div class=\"container\"><div class=\"row\"><div class=\"col-lg-8\"><div class=\"g-text__bodytext\">\n<p>Die typische Leistung einer unserer Montagelinien (unter Verwendung einer Mischung aus erfahrenen Bedienern und den neuesten Werkzeugen) betr\u00e4gt ungef\u00e4hr 10.000 Teile pro Woche, einschlie\u00dflich Pressen, Verschrauben, Kleben oder Zusammenschwei\u00dfen unserer Metallwalzprofile. <\/p>\n<\/div><\/div><\/div><\/div><\/section>\n<\/div><\/div><article data-translate=\"true\" class=\"order-2 col-md-7 offset-xl-1 col-xl-6\"><div class=\"g-text-image__sidenote\"><img decoding=\"async\" class=\"g-text-image__image\" src=\"http:\/\/hadleycustomrollform.com\/app\/uploads\/2022\/04\/DSC_1344.1-1024x681.jpg\" alt=\"dsc_1344-1\"\/><\/div><\/article><\/div><\/div><\/section>\n<\/div><div class=\"JB-1 h-section-background\">\n<section class=\"wp-block-stradigi-gutenberg-fixed-spacer g-spacer g-spacer--size-medium\"><\/section>\n<\/div><section class=\"JB-1 h-section-background g-text\"><div class=\"container\"><div class=\"row\"><div class=\"col-lg-8\"><div class=\"g-text__title\">\n<h6 class=\"wp-block-heading\">Um sicherzustellen, dass Ihre Montageprobleme reduziert werden, wird Ihnen diese L\u00f6sung zu Beginn des Projekts angeboten \u2013 was Ihnen Zeit und Ressourcen spart. <\/h6>\n<\/div><\/div><\/div><\/div><\/section><div class=\"JB-1 h-section-background\">\n<section class=\"wp-block-stradigi-gutenberg-subtitle g-text g-text--text-aligns-left\"><div class=\"container\"><div class=\"row\"><div class=\"col-md-10 col-lg-8\"><div class=\"g-text__subtitle\">The assemble processes include:<\/div><\/div><\/div><\/div><\/section>\n<\/div><section class=\"JB-1 h-section-background g-text\"><div class=\"container\"><div class=\"row\"><div class=\"col-lg-8\"><div class=\"g-text__bodytext\">\n<ul class=\"wp-block-list\">\n<li>Kundenspezifische Strukturkomponenten mit einer L\u00e4nge von 100 mm bis 5 m. <\/li>\n\n\n\n<li>Verklebung von Kunststoffen mit Metallen <\/li>\n\n\n\n<li>Dr\u00fccken<\/li>\n\n\n\n<li>???<\/li>\n\n\n\n<li>Anziehen von Spezialbefestigungen mit einem erforderlichen Drehmomentwert <\/li>\n\n\n\n<li>Schwei\u00dfen <\/li>\n\n\n\n<li>Automatisierung mit Sondermaschinen <\/li>\n<\/ul>\n<\/div><\/div><\/div><\/div><\/section><div class=\"JB-1 h-section-background\">\n<section class=\"wp-block-stradigi-gutenberg-text-cta g-text\"><div class=\"container\"><div class=\"row\"><div class=\"col-lg-8\"><div class=\"g-text__bodytext\"><p>Contact our specialists today to find out how we can work together on your project needs. <\/p><\/div><a href=\"http:\/\/hadleycustomrollform.com\/de\/kontakt\/\" class=\"c-button g-text__button\">Contact us<i class=\"fas fa-sm fa-chevron-right\"><\/i><\/a><\/div><\/div><\/div><\/section>\n<\/div><div class=\"JB-1 h-section-background\">\n<section class=\"wp-block-stradigi-gutenberg-fixed-spacer g-spacer g-spacer--size-medium\"><\/section>\n<\/div>","protected":false},"excerpt":{"rendered":"<p>Die Fertigung Ihres Bauteils muss nicht am Profil enden. Als L\u00f6sungsanbieter k\u00f6nnen Sie von unserer F\u00e4higkeit profitieren, sekund\u00e4re Offline- oder\u2026 <a href=\"https:\/\/hadleycustomrollform.com\/de\/montage\/\">&#8230;<\/a><\/p>\n","protected":false},"author":3,"featured_media":0,"parent":0,"menu_order":0,"comment_status":"closed","ping_status":"closed","template":"","meta":{"_acf_changed":false,"footnotes":""},"categories":[],"class_list":["post-1867","page","type-page","status-publish","hentry"],"acf":[],"yoast_head":"<!-- This site is optimized with the Yoast SEO Premium plugin v25.1 (Yoast SEO v27.1.1) - https:\/\/yoast.com\/product\/yoast-seo-premium-wordpress\/ -->\n<title>Benutzerdefinierte Baugruppe - Hadley Custom Roll Form<\/title>\n<meta name=\"description\" content=\"Gibt es Herausforderungen bei der Montage Ihrer Produkte? Dann nehmen Sie noch heute Kontakt mit uns auf und entdecken Sie, wie wir gemeinsam an Ihren Projektanforderungen arbeiten k\u00f6nnen!\" \/>\n<meta name=\"robots\" content=\"noindex, follow, max-snippet:-1, max-image-preview:large, max-video-preview:-1\" \/>\n<meta property=\"og:locale\" content=\"de_DE\" \/>\n<meta property=\"og:type\" content=\"article\" \/>\n<meta property=\"og:title\" content=\"Montage\" \/>\n<meta property=\"og:description\" content=\"Gibt es Herausforderungen bei der Montage Ihrer Produkte? Dann nehmen Sie noch heute Kontakt mit uns auf und entdecken Sie, wie wir gemeinsam an Ihren Projektanforderungen arbeiten k\u00f6nnen!\" \/>\n<meta property=\"og:url\" content=\"https:\/\/hadleycustomrollform.com\/de\/montage\/\" \/>\n<meta property=\"og:site_name\" content=\"Hadley Custom Roll Form\" \/>\n<meta property=\"article:publisher\" content=\"https:\/\/www.facebook.com\/HadleyGroupGlobal\" \/>\n<meta property=\"article:modified_time\" content=\"2025-09-08T09:15:35+00:00\" \/>\n<meta property=\"og:image\" content=\"http:\/\/hadleycustomrollform.com\/app\/uploads\/2022\/04\/DSC_1344.1-1024x681.jpg\" \/>\n<meta name=\"twitter:card\" content=\"summary_large_image\" \/>\n<meta name=\"twitter:site\" content=\"@hadley_group\" \/>\n<meta name=\"twitter:label1\" content=\"Est. reading time\" \/>\n\t<meta name=\"twitter:data1\" content=\"2 minutes\" \/>\n<script type=\"application\/ld+json\" class=\"yoast-schema-graph\">{\"@context\":\"https:\/\/schema.org\",\"@graph\":[{\"@type\":\"WebPage\",\"@id\":\"https:\/\/hadleycustomrollform.com\/de\/montage\/\",\"url\":\"https:\/\/hadleycustomrollform.com\/de\/montage\/\",\"name\":\"Benutzerdefinierte Baugruppe - Hadley Custom Roll Form\",\"isPartOf\":{\"@id\":\"https:\/\/hadleycustomrollform.com\/de\/#website\"},\"primaryImageOfPage\":{\"@id\":\"https:\/\/hadleycustomrollform.com\/de\/montage\/#primaryimage\"},\"image\":{\"@id\":\"https:\/\/hadleycustomrollform.com\/de\/montage\/#primaryimage\"},\"thumbnailUrl\":\"http:\/\/hadleycustomrollform.com\/app\/uploads\/2022\/04\/DSC_1344.1-1024x681.jpg\",\"datePublished\":\"2022-04-02T09:53:08+00:00\",\"dateModified\":\"2025-09-08T09:15:35+00:00\",\"description\":\"Gibt es Herausforderungen bei der Montage Ihrer Produkte? Dann nehmen Sie noch heute Kontakt mit uns auf und entdecken Sie, wie wir gemeinsam an Ihren Projektanforderungen arbeiten k\u00f6nnen!\",\"breadcrumb\":{\"@id\":\"https:\/\/hadleycustomrollform.com\/de\/montage\/#breadcrumb\"},\"inLanguage\":\"de-DE\",\"potentialAction\":[{\"@type\":\"ReadAction\",\"target\":[\"https:\/\/hadleycustomrollform.com\/de\/montage\/\"]}]},{\"@type\":\"ImageObject\",\"inLanguage\":\"de-DE\",\"@id\":\"https:\/\/hadleycustomrollform.com\/de\/montage\/#primaryimage\",\"url\":\"http:\/\/hadleycustomrollform.com\/app\/uploads\/2022\/04\/DSC_1344.1-1024x681.jpg\",\"contentUrl\":\"http:\/\/hadleycustomrollform.com\/app\/uploads\/2022\/04\/DSC_1344.1-1024x681.jpg\"},{\"@type\":\"BreadcrumbList\",\"@id\":\"https:\/\/hadleycustomrollform.com\/de\/montage\/#breadcrumb\",\"itemListElement\":[{\"@type\":\"ListItem\",\"position\":1,\"name\":\"Home\",\"item\":\"https:\/\/hadleycustomrollform.com\/de\/\"},{\"@type\":\"ListItem\",\"position\":2,\"name\":\"Montage\"}]},{\"@type\":\"WebSite\",\"@id\":\"https:\/\/hadleycustomrollform.com\/de\/#website\",\"url\":\"https:\/\/hadleycustomrollform.com\/de\/\",\"name\":\"Hadley Group\",\"description\":\"Shaping the Future in Metal\",\"publisher\":{\"@id\":\"https:\/\/hadleycustomrollform.com\/de\/#organization\"},\"potentialAction\":[{\"@type\":\"SearchAction\",\"target\":{\"@type\":\"EntryPoint\",\"urlTemplate\":\"https:\/\/hadleycustomrollform.com\/de\/?s={search_term_string}\"},\"query-input\":{\"@type\":\"PropertyValueSpecification\",\"valueRequired\":true,\"valueName\":\"search_term_string\"}}],\"inLanguage\":\"de-DE\"},{\"@type\":\"Organization\",\"@id\":\"https:\/\/hadleycustomrollform.com\/de\/#organization\",\"name\":\"Hadley Group\",\"url\":\"https:\/\/hadleycustomrollform.com\/de\/\",\"logo\":{\"@type\":\"ImageObject\",\"inLanguage\":\"de-DE\",\"@id\":\"https:\/\/hadleycustomrollform.com\/de\/#\/schema\/logo\/image\/\",\"url\":\"http:\/\/hadleycustomrollform.com\/app\/uploads\/2023\/01\/Hadley-Group-logo.jpg\",\"contentUrl\":\"http:\/\/hadleycustomrollform.com\/app\/uploads\/2023\/01\/Hadley-Group-logo.jpg\",\"width\":1280,\"height\":300,\"caption\":\"Hadley Group\"},\"image\":{\"@id\":\"https:\/\/hadleycustomrollform.com\/de\/#\/schema\/logo\/image\/\"},\"sameAs\":[\"https:\/\/www.facebook.com\/HadleyGroupGlobal\",\"https:\/\/x.com\/hadley_group\",\"https:\/\/www.youtube.com\/@HadleyGroupSmethwick\",\"https:\/\/www.linkedin.com\/company\/hadley-group-\/\"]}]}<\/script>\n<!-- \/ Yoast SEO Premium plugin. -->","yoast_head_json":{"title":"Benutzerdefinierte Baugruppe - Hadley Custom Roll Form","description":"Gibt es Herausforderungen bei der Montage Ihrer Produkte? Dann nehmen Sie noch heute Kontakt mit uns auf und entdecken Sie, wie wir gemeinsam an Ihren Projektanforderungen arbeiten k\u00f6nnen!","robots":{"index":"noindex","follow":"follow","max-snippet":"max-snippet:-1","max-image-preview":"max-image-preview:large","max-video-preview":"max-video-preview:-1"},"og_locale":"de_DE","og_type":"article","og_title":"Montage","og_description":"Gibt es Herausforderungen bei der Montage Ihrer Produkte? Dann nehmen Sie noch heute Kontakt mit uns auf und entdecken Sie, wie wir gemeinsam an Ihren Projektanforderungen arbeiten k\u00f6nnen!","og_url":"https:\/\/hadleycustomrollform.com\/de\/montage\/","og_site_name":"Hadley Custom Roll Form","article_publisher":"https:\/\/www.facebook.com\/HadleyGroupGlobal","article_modified_time":"2025-09-08T09:15:35+00:00","og_image":[{"url":"http:\/\/hadleycustomrollform.com\/app\/uploads\/2022\/04\/DSC_1344.1-1024x681.jpg","type":"","width":"","height":""}],"twitter_card":"summary_large_image","twitter_site":"@hadley_group","twitter_misc":{"Est. reading time":"2 minutes"},"schema":{"@context":"https:\/\/schema.org","@graph":[{"@type":"WebPage","@id":"https:\/\/hadleycustomrollform.com\/de\/montage\/","url":"https:\/\/hadleycustomrollform.com\/de\/montage\/","name":"Benutzerdefinierte Baugruppe - Hadley Custom Roll Form","isPartOf":{"@id":"https:\/\/hadleycustomrollform.com\/de\/#website"},"primaryImageOfPage":{"@id":"https:\/\/hadleycustomrollform.com\/de\/montage\/#primaryimage"},"image":{"@id":"https:\/\/hadleycustomrollform.com\/de\/montage\/#primaryimage"},"thumbnailUrl":"http:\/\/hadleycustomrollform.com\/app\/uploads\/2022\/04\/DSC_1344.1-1024x681.jpg","datePublished":"2022-04-02T09:53:08+00:00","dateModified":"2025-09-08T09:15:35+00:00","description":"Gibt es Herausforderungen bei der Montage Ihrer Produkte? Dann nehmen Sie noch heute Kontakt mit uns auf und entdecken Sie, wie wir gemeinsam an Ihren Projektanforderungen arbeiten k\u00f6nnen!","breadcrumb":{"@id":"https:\/\/hadleycustomrollform.com\/de\/montage\/#breadcrumb"},"inLanguage":"de-DE","potentialAction":[{"@type":"ReadAction","target":["https:\/\/hadleycustomrollform.com\/de\/montage\/"]}]},{"@type":"ImageObject","inLanguage":"de-DE","@id":"https:\/\/hadleycustomrollform.com\/de\/montage\/#primaryimage","url":"http:\/\/hadleycustomrollform.com\/app\/uploads\/2022\/04\/DSC_1344.1-1024x681.jpg","contentUrl":"http:\/\/hadleycustomrollform.com\/app\/uploads\/2022\/04\/DSC_1344.1-1024x681.jpg"},{"@type":"BreadcrumbList","@id":"https:\/\/hadleycustomrollform.com\/de\/montage\/#breadcrumb","itemListElement":[{"@type":"ListItem","position":1,"name":"Home","item":"https:\/\/hadleycustomrollform.com\/de\/"},{"@type":"ListItem","position":2,"name":"Montage"}]},{"@type":"WebSite","@id":"https:\/\/hadleycustomrollform.com\/de\/#website","url":"https:\/\/hadleycustomrollform.com\/de\/","name":"Hadley Group","description":"Shaping the Future in Metal","publisher":{"@id":"https:\/\/hadleycustomrollform.com\/de\/#organization"},"potentialAction":[{"@type":"SearchAction","target":{"@type":"EntryPoint","urlTemplate":"https:\/\/hadleycustomrollform.com\/de\/?s={search_term_string}"},"query-input":{"@type":"PropertyValueSpecification","valueRequired":true,"valueName":"search_term_string"}}],"inLanguage":"de-DE"},{"@type":"Organization","@id":"https:\/\/hadleycustomrollform.com\/de\/#organization","name":"Hadley Group","url":"https:\/\/hadleycustomrollform.com\/de\/","logo":{"@type":"ImageObject","inLanguage":"de-DE","@id":"https:\/\/hadleycustomrollform.com\/de\/#\/schema\/logo\/image\/","url":"http:\/\/hadleycustomrollform.com\/app\/uploads\/2023\/01\/Hadley-Group-logo.jpg","contentUrl":"http:\/\/hadleycustomrollform.com\/app\/uploads\/2023\/01\/Hadley-Group-logo.jpg","width":1280,"height":300,"caption":"Hadley Group"},"image":{"@id":"https:\/\/hadleycustomrollform.com\/de\/#\/schema\/logo\/image\/"},"sameAs":["https:\/\/www.facebook.com\/HadleyGroupGlobal","https:\/\/x.com\/hadley_group","https:\/\/www.youtube.com\/@HadleyGroupSmethwick","https:\/\/www.linkedin.com\/company\/hadley-group-\/"]}]}},"_links":{"self":[{"href":"https:\/\/hadleycustomrollform.com\/de\/wp-json\/wp\/v2\/pages\/1867","targetHints":{"allow":["GET"]}}],"collection":[{"href":"https:\/\/hadleycustomrollform.com\/de\/wp-json\/wp\/v2\/pages"}],"about":[{"href":"https:\/\/hadleycustomrollform.com\/de\/wp-json\/wp\/v2\/types\/page"}],"author":[{"embeddable":true,"href":"https:\/\/hadleycustomrollform.com\/de\/wp-json\/wp\/v2\/users\/3"}],"replies":[{"embeddable":true,"href":"https:\/\/hadleycustomrollform.com\/de\/wp-json\/wp\/v2\/comments?post=1867"}],"version-history":[{"count":9,"href":"https:\/\/hadleycustomrollform.com\/de\/wp-json\/wp\/v2\/pages\/1867\/revisions"}],"predecessor-version":[{"id":16133,"href":"https:\/\/hadleycustomrollform.com\/de\/wp-json\/wp\/v2\/pages\/1867\/revisions\/16133"}],"wp:attachment":[{"href":"https:\/\/hadleycustomrollform.com\/de\/wp-json\/wp\/v2\/media?parent=1867"}],"wp:term":[{"taxonomy":"category","embeddable":true,"href":"https:\/\/hadleycustomrollform.com\/de\/wp-json\/wp\/v2\/categories?post=1867"}],"curies":[{"name":"wp","href":"https:\/\/api.w.org\/{rel}","templated":true}]}}