{"id":1908,"date":"2022-04-02T12:28:04","date_gmt":"2022-04-02T12:28:04","guid":{"rendered":"http:\/\/hadleycustomrollform.com\/simulationstechnik\/"},"modified":"2025-09-08T11:44:46","modified_gmt":"2025-09-08T11:44:46","slug":"simulationstechnik","status":"publish","type":"page","link":"https:\/\/hadleycustomrollform.com\/de\/rollformen-nach-mass\/ingenieurwesen\/simulationstechnik\/","title":{"rendered":"Simulationstechnik"},"content":{"rendered":"<background-video inline-template :autoplay=\"true\" video=\"\"> \n<section class=\"wp-block-stradigi-gutenberg-hero g-hero container-fluid p-0 g-hero--has-overlay\" style=\"background-image:url(&quot;http:\/\/hadleycustomrollform.com\/app\/uploads\/2022\/04\/DSC_1766.b.jpg&quot;)\" data-youtube-url=\"\"><div class=\"g-hero--filter\"><\/div><div class=\"g-hero__container container\"><div class=\"g-hero__wrap\"><h1 class=\"g-hero__heading\">Simulation Technology<\/h1><div class=\"g-hero__body\"><div class=\"g-hero__body__text\"><p>Use state-of-the-art computer simulations to evaluate and optimise your cold-rolled parts \u2014 for faster designs and less material waste.\u00a0<\/p><\/div><div class=\"g-hero__body__buttons\"><a href=\"http:\/\/hadleycustomrollform.com\/de\/kontakt\/\" class=\"c-button\">Contact Us<i class=\"fas fa-sm fa-chevron-right\"><\/i><\/a><\/div><\/div><\/div><div class=\"g-hero__chevron__container d-none d-lg-block\"><i class=\"fas fa-chevron-down fa-3x scrollDown\"><\/i><\/div><\/div><\/section>\n <\/background-video><div class=\"JB-1 h-section-background\">\n<section class=\"wp-block-stradigi-gutenberg-fixed-spacer g-spacer g-spacer--size-medium\"><\/section>\n<\/div><accordion inline-template> <div class=\"JB-1 h-section-background\">\n<section class=\"wp-block-stradigi-gutenberg-accordion g-accordion\"><div class=\"container g-accordion__wrapper-relative\"><div class=\"row g-accordion__wrapper-relative-fg\"><div class=\"col-md-7\"><div class=\"g-accordion__container\"><h2 class=\"g-accordion__title\"><strong>Predict and Prevent with Simulation Technology<\/strong>\u00a0<\/h2><ul class=\"g-accordion__list\"><li class=\"g-accordion__list-item\"><header class=\"g-accordion__list-header\"><i v-if=\"itemActive(0)\" class=\"fas fa-minus-circle g-accordion__list-icon g-accordion__list-icon--minus\"><\/i><i v-if=\"!itemActive(0)\" class=\"fas fa-plus-circle g-accordion__list-icon g-accordion__list-icon--plus\" @click=\"setActive(0)\"><\/i><h3 class=\"g-accordion__list-title\"><strong>Save time on product development<\/strong>\u00a0<\/h3><\/header><p v-if=\"itemActive(0)\" class=\"g-accordion__list-text\">Reach an optimised design for your parts and tooling faster \u2014 with advanced computer simulations to model the behaviour of your roll-formed products.\u00a0<\/p><\/li><li class=\"g-accordion__list-item\"><header class=\"g-accordion__list-header\"><i v-if=\"itemActive(1)\" class=\"fas fa-minus-circle g-accordion__list-icon g-accordion__list-icon--minus\"><\/i><i v-if=\"!itemActive(1)\" class=\"fas fa-plus-circle g-accordion__list-icon g-accordion__list-icon--plus\" @click=\"setActive(1)\"><\/i><h3 class=\"g-accordion__list-title\"><strong>Reduce the cost of production trials<\/strong>\u00a0<\/h3><\/header><p v-if=\"itemActive(1)\" class=\"g-accordion__list-text\">Save time and materials by avoiding the trial and error of repeated prototypes \u2014 while reducing your environmental impact.\u00a0<\/p><\/li><li class=\"g-accordion__list-item\"><header class=\"g-accordion__list-header\"><i v-if=\"itemActive(2)\" class=\"fas fa-minus-circle g-accordion__list-icon g-accordion__list-icon--minus\"><\/i><i v-if=\"!itemActive(2)\" class=\"fas fa-plus-circle g-accordion__list-icon g-accordion__list-icon--plus\" @click=\"setActive(2)\"><\/i><h3 class=\"g-accordion__list-title\"><strong>Spot problems before they happen<\/strong>\u00a0<\/h3><\/header><p v-if=\"itemActive(2)\" class=\"g-accordion__list-text\">Prevent issues and defects at an early stage by combining simulation technology with the expertise of our experienced engineers.\u00a0<\/p><\/li><\/ul><\/div><\/div><\/div><div class=\"row g-accordion__wrapper-absolute\"><div class=\"offset-md-1 col-md-4 offset-lg-2 col-lg-3\"><div class=\"g-accordion__bg\" style=\"background-image:none\"><\/div><\/div><\/div><\/div><\/section>\n<\/div> <\/accordion><div class=\"JB-1 h-section-background\">\n<section class=\"wp-block-stradigi-gutenberg-text-image g-text-image\"><div class=\"container\"><div class=\"g-text-image__row row\"><div data-translate=\"true\" class=\"order-1 col-md-5\"><div class=\"g-text-image__content\">\n<section class=\"JB-1 h-section-background g-text\"><div class=\"container\"><div class=\"row\"><div class=\"col-lg-8\"><div class=\"g-text__title\">\n<h6 class=\"has-medium-font-size wp-block-heading\">In den letzten 10 Jahren hat die Hadley Group in einen der technisch fortschrittlichsten Konstruktions- und Produktionstechnikbetriebe seiner Art f\u00fcr das Kaltwalzen investiert, um maximale Produktivit\u00e4t und Effizienz in jeder Phase Ihres Projekts zu gew\u00e4hrleisten.<\/h6>\n<\/div><\/div><\/div><\/div><\/section>\n<section class=\"JB-1 h-section-background g-text\"><div class=\"container\"><div class=\"row\"><div class=\"col-lg-8\"><div class=\"g-text__bodytext\">\n<p><\/p>\n<\/div><\/div><\/div><\/div><\/section>\n<section class=\"JB-1 h-section-background g-text\"><div class=\"container\"><div class=\"row\"><div class=\"col-lg-8\"><div class=\"g-text__bodytext\">\n<ul class=\"wp-block-list\">\n\n<li><strong>Finite-Elemente-Analyse (FEA)<\/strong> <\/li>\n\n\n<li><strong>CAD-Simulationswerkzeuge<\/strong> <\/li>\n\n\n<li><strong>Nicht-lineare Software<\/strong> <\/li>\n\n\n<li><strong>Simulation nach BSEN-Normen<\/strong> <\/li>\n\n<\/ul>\n<\/div><\/div><\/div><\/div><\/section>\n<\/div><\/div><article data-translate=\"true\" class=\"order-2 col-md-7 offset-xl-1 col-xl-6\"><div class=\"g-text-image__sidenote\"><img decoding=\"async\" class=\"g-text-image__image\" src=\"http:\/\/hadleycustomrollform.com\/app\/uploads\/2023\/04\/Picture1.jpg\" alt=\"picture1\"\/><\/div><\/article><\/div><\/div><\/section>\n<\/div><div class=\"JB-1 h-section-background\">\n<section class=\"wp-block-stradigi-gutenberg-cta-one g-cta-one\"><div class=\"container\"><div class=\"g-cta-one__row row\"><div class=\"col-sm-12 col-lg-8\"><h2 class=\"g-cta-one__title\"><h2 class=\"g-cta-one__title\">Speak to our Custom Roll Forming experts today<\/h2><\/h2><div class=\"g-cta-one__content\"><p>Our in-house team of specialist engineers have helped countless companies in a range of sectors to predict, prevent, and optimise their designs.\u00a0<br>\u00a0<br>So if you\u2019ve got a complex product that can put our simulation technology to the test, we\u2019d love to hear about it.\u00a0<\/p><\/div><div class=\"g-cta-one__buttons\"><a href=\"http:\/\/hadleycustomrollform.com\/de\/kontakt\/\" class=\"g-cta-one__button-primary\">Get in touch<i class=\"fas fa-sm fa-chevron-right\"><\/i><\/a><\/div><\/div><\/div><\/div><\/section>\n<\/div><div class=\"JB-1 h-section-background\">\n<section class=\"wp-block-stradigi-gutenberg-fixed-spacer g-spacer g-spacer--size-medium\"><\/section>\n<\/div><div class=\"JB-1 h-section-background\">\n<section class=\"wp-block-stradigi-gutenberg-cta-one g-cta-one\"><div class=\"container\"><div class=\"g-cta-one__row row\"><div class=\"col-sm-12 col-lg-8\"><h2 class=\"g-cta-one__title h-heading h-heading--size-undefined\">How we use computer simulation tools<\/h2><div class=\"g-cta-one__content\"><p>These are used to generate models of elastic and plastic deformation behaviour, material stress and strain evolution, together with full process animations and evaluation of the finished product &#8211; providing the rich data needed to optimise both product design and production processes.\u00a0<\/p><\/div><div class=\"g-cta-one__buttons\"><\/div><\/div><\/div><\/div><\/section>\n<\/div><section class=\"JB-1 h-section-background g-text\"><div class=\"container\"><div class=\"row\"><div class=\"col-lg-8\"><div class=\"g-text__bodytext\">\n<p><\/p>\n<\/div><\/div><\/div><\/div><\/section><div class=\"JB-1 h-section-background\">\n<section class=\"wp-block-stradigi-gutenberg-fixed-spacer g-spacer g-spacer--size-medium\"><\/section>\n<\/div><section class=\"JB-1 h-section-background g-text\"><div class=\"container\"><div class=\"row\"><div class=\"col-lg-8\"><div class=\"g-text__title\">\n<h4 class=\"wp-block-heading\" id=\"h-utilise-these-capabilities-in-your-project-development-to-nbsp\">Nutzen Sie diese F\u00e4higkeiten in Ihrer Projektentwicklung, um: <\/h4>\n<\/div><\/div><\/div><\/div><\/section><section class=\"JB-1 h-section-background g-text\"><div class=\"container\"><div class=\"row\"><div class=\"col-lg-8\"><div class=\"g-text__bodytext\">\n<ul class=\"wp-block-list\">\n<li>schnelle Bewertung der Leistungsf\u00e4higkeit neuer Produkte und Systeme<\/li>\n\n\n\n<li>Bewerten Sie die Konstruktion der Walzwerkzeuge, um potenzielle Umformfehler zu minimieren <\/li>\n\n\n\n<li>Verringerung der Kosten und der Vorlaufzeit f\u00fcr neue Werkzeuge <\/li>\n\n\n\n<li>unterst\u00fctzen Sie bei Ihrer eigenen Produktentwicklung <\/li>\n\n\n\n<li>Optimierung bei der Konstruktion von Maschinenanlagen <\/li>\n\n\n\n<li>F\u00e4higkeit, Konstruktionsprinzipien kontinuierlich zu aktualisieren <\/li>\n<\/ul>\n<\/div><\/div><\/div><\/div><\/section><section class=\"JB-1 h-section-background g-text\"><div class=\"container\"><div class=\"row\"><div class=\"col-lg-8\"><div class=\"g-text__bodytext\">\n<ul class=\"wp-block-list\">\n<li><\/li>\n<\/ul>\n<\/div><\/div><\/div><\/div><\/section><section class=\"JB-1 h-section-background g-text\"><div class=\"container\"><div class=\"row\"><div class=\"col-lg-8\"><div class=\"g-text__title\">\n<h6 class=\"wp-block-heading\" id=\"h-we-recognise-that-validation-of-simulation-data-is-key-to-this-technology\">Wir wissen, dass die Validierung von Simulationsdaten der Schl\u00fcssel zu dieser Technologie ist. <\/h6>\n<\/div><\/div><\/div><\/div><\/section><section class=\"JB-1 h-section-background g-text\"><div class=\"container\"><div class=\"row\"><div class=\"col-lg-8\"><div class=\"g-text__bodytext\">\n<p class=\"has-medium-font-size\">Aus diesem Grund kombiniert HGT regelm\u00e4\u00dfig Simulationstechnologie mit physikalischen Tests, um sicherzustellen, dass die Ergebnisse, die wir simulieren, der Realit\u00e4t so nahe wie m\u00f6glich kommen. <\/p>\n<\/div><\/div><\/div><\/div><\/section><div class=\"JB-1 h-section-background\">\n<section class=\"wp-block-stradigi-gutenberg-text-image g-text-image\"><div class=\"container\"><div class=\"g-text-image__row row\"><div data-translate=\"true\" class=\"order-2 offset-xl-1 col-md-5\"><div class=\"g-text-image__content\">\n<section class=\"JB-1 h-section-background g-text\"><div class=\"container\"><div class=\"row\"><div class=\"col-lg-8\"><div class=\"g-text__title\">\n<h6 class=\"wp-block-heading\">Beispiele f\u00fcr Analysen, die mit dieser Technologie durchgef\u00fchrt werden, umfassen:<\/h6>\n<\/div><\/div><\/div><\/div><\/section>\n<section class=\"JB-1 h-section-background g-text\"><div class=\"container\"><div class=\"row\"><div class=\"col-lg-8\"><div class=\"g-text__bodytext\">\n<p> <\/p>\n<\/div><\/div><\/div><\/div><\/section>\n<section class=\"JB-1 h-section-background g-text\"><div class=\"container\"><div class=\"row\"><div class=\"col-lg-8\"><div class=\"g-text__bodytext\">\n<ul class=\"has-medium-font-size wp-block-list\">\n\n<li>komplexe Produktbiegung (3- und 4-Punkt) <\/li>\n\n\n<li>globales und lokalisiertes Knicken (unter Druck) <\/li>\n\n\n<li>akustisches Verhalten von Walzprodukten innerhalb einer Anlage <\/li>\n\n\n<li>Schrauben- und Bolzenschlitzdurchzug <\/li>\n\n\n<li>Produktschneiden (Scher- und Schopfschneiden) <\/li>\n\n\n<li>vollst\u00e4ndige Systemsimulation nach BSEN-Teststandards<\/li>\n\n<\/ul>\n<\/div><\/div><\/div><\/div><\/section>\n<\/div><\/div><article data-translate=\"true\" class=\"order-1 col-md-7 col-xl-6\"><div class=\"g-text-image__sidenote\"><img decoding=\"async\" class=\"g-text-image__image\" src=\"http:\/\/hadleycustomrollform.com\/app\/uploads\/2022\/03\/DSC_0112-mono-web-1024x681.jpg\" alt=\"dsc_0112-mono-web\"\/><\/div><\/article><\/div><\/div><\/section>\n<\/div><div class=\"JB-1 h-section-background\">\n<section class=\"wp-block-stradigi-gutenberg-fixed-spacer g-spacer g-spacer--size-large\"><\/section>\n<\/div>","protected":false},"excerpt":{"rendered":"<p>Nutzen Sie diese F\u00e4higkeiten in Ihrer Projektentwicklung, um: Wir wissen, dass die Validierung von Simulationsdaten der Schl\u00fcssel zu dieser Technologie\u2026 <a href=\"https:\/\/hadleycustomrollform.com\/de\/rollformen-nach-mass\/ingenieurwesen\/simulationstechnik\/\">&#8230;<\/a><\/p>\n","protected":false},"author":3,"featured_media":0,"parent":2089,"menu_order":0,"comment_status":"closed","ping_status":"closed","template":"","meta":{"_acf_changed":false,"footnotes":""},"categories":[],"class_list":["post-1908","page","type-page","status-publish","hentry"],"acf":[],"yoast_head":"<!-- This site is optimized with the Yoast SEO Premium plugin v25.1 (Yoast SEO v27.1.1) - https:\/\/yoast.com\/product\/yoast-seo-premium-wordpress\/ -->\n<title>Unsere hochentwickelte Simulationstechnologie - Hadley Group<\/title>\n<meta name=\"description\" content=\"Unsere fortschrittlichen Computersimulationswerkzeuge helfen bei der Optimierung von Produktdesign und Produktion. Interessiert? Setzen Sie sich mit uns in Verbindung, um weitere Informationen zu erhalten!\" \/>\n<meta name=\"robots\" content=\"noindex, follow, max-snippet:-1, max-image-preview:large, max-video-preview:-1\" \/>\n<meta property=\"og:locale\" content=\"de_DE\" \/>\n<meta property=\"og:type\" content=\"article\" \/>\n<meta property=\"og:title\" content=\"Simulationstechnik\" \/>\n<meta property=\"og:description\" content=\"Unsere fortschrittlichen Computersimulationswerkzeuge helfen bei der Optimierung von Produktdesign und Produktion. Interessiert? Setzen Sie sich mit uns in Verbindung, um weitere Informationen zu erhalten!\" \/>\n<meta property=\"og:url\" content=\"https:\/\/hadleycustomrollform.com\/de\/rollformen-nach-mass\/ingenieurwesen\/simulationstechnik\/\" \/>\n<meta property=\"og:site_name\" content=\"Hadley Custom Roll Form\" \/>\n<meta property=\"article:publisher\" content=\"https:\/\/www.facebook.com\/HadleyGroupGlobal\" \/>\n<meta property=\"article:modified_time\" content=\"2025-09-08T11:44:46+00:00\" \/>\n<meta property=\"og:image\" content=\"http:\/\/hadleycustomrollform.com\/app\/uploads\/2023\/04\/Picture1.jpg\" \/>\n<meta name=\"twitter:card\" content=\"summary_large_image\" \/>\n<meta name=\"twitter:site\" content=\"@hadley_group\" \/>\n<meta name=\"twitter:label1\" content=\"Est. reading time\" \/>\n\t<meta name=\"twitter:data1\" content=\"2 minutes\" \/>\n<script type=\"application\/ld+json\" class=\"yoast-schema-graph\">{\"@context\":\"https:\/\/schema.org\",\"@graph\":[{\"@type\":\"WebPage\",\"@id\":\"https:\/\/hadleycustomrollform.com\/de\/rollformen-nach-mass\/ingenieurwesen\/simulationstechnik\/\",\"url\":\"https:\/\/hadleycustomrollform.com\/de\/rollformen-nach-mass\/ingenieurwesen\/simulationstechnik\/\",\"name\":\"Unsere hochentwickelte Simulationstechnologie - Hadley Group\",\"isPartOf\":{\"@id\":\"https:\/\/hadleycustomrollform.com\/de\/#website\"},\"primaryImageOfPage\":{\"@id\":\"https:\/\/hadleycustomrollform.com\/de\/rollformen-nach-mass\/ingenieurwesen\/simulationstechnik\/#primaryimage\"},\"image\":{\"@id\":\"https:\/\/hadleycustomrollform.com\/de\/rollformen-nach-mass\/ingenieurwesen\/simulationstechnik\/#primaryimage\"},\"thumbnailUrl\":\"http:\/\/hadleycustomrollform.com\/app\/uploads\/2023\/04\/Picture1.jpg\",\"datePublished\":\"2022-04-02T12:28:04+00:00\",\"dateModified\":\"2025-09-08T11:44:46+00:00\",\"description\":\"Unsere fortschrittlichen Computersimulationswerkzeuge helfen bei der Optimierung von Produktdesign und Produktion. Interessiert? Setzen Sie sich mit uns in Verbindung, um weitere Informationen zu erhalten!\",\"breadcrumb\":{\"@id\":\"https:\/\/hadleycustomrollform.com\/de\/rollformen-nach-mass\/ingenieurwesen\/simulationstechnik\/#breadcrumb\"},\"inLanguage\":\"de-DE\",\"potentialAction\":[{\"@type\":\"ReadAction\",\"target\":[\"https:\/\/hadleycustomrollform.com\/de\/rollformen-nach-mass\/ingenieurwesen\/simulationstechnik\/\"]}]},{\"@type\":\"ImageObject\",\"inLanguage\":\"de-DE\",\"@id\":\"https:\/\/hadleycustomrollform.com\/de\/rollformen-nach-mass\/ingenieurwesen\/simulationstechnik\/#primaryimage\",\"url\":\"http:\/\/hadleycustomrollform.com\/app\/uploads\/2023\/04\/Picture1.jpg\",\"contentUrl\":\"http:\/\/hadleycustomrollform.com\/app\/uploads\/2023\/04\/Picture1.jpg\"},{\"@type\":\"BreadcrumbList\",\"@id\":\"https:\/\/hadleycustomrollform.com\/de\/rollformen-nach-mass\/ingenieurwesen\/simulationstechnik\/#breadcrumb\",\"itemListElement\":[{\"@type\":\"ListItem\",\"position\":1,\"name\":\"Home\",\"item\":\"https:\/\/hadleycustomrollform.com\/de\/\"},{\"@type\":\"ListItem\",\"position\":2,\"name\":\"Rollformen nach Ma\u00df\",\"item\":\"https:\/\/hadleycustomrollform.com\/de\/\"},{\"@type\":\"ListItem\",\"position\":3,\"name\":\"INGENIEURWESEN\",\"item\":\"https:\/\/hadleycustomrollform.com\/de\/rollformen-nach-mass\/ingenieurwesen\/\"},{\"@type\":\"ListItem\",\"position\":4,\"name\":\"Simulationstechnik\"}]},{\"@type\":\"WebSite\",\"@id\":\"https:\/\/hadleycustomrollform.com\/de\/#website\",\"url\":\"https:\/\/hadleycustomrollform.com\/de\/\",\"name\":\"Hadley Group\",\"description\":\"Shaping the Future in Metal\",\"publisher\":{\"@id\":\"https:\/\/hadleycustomrollform.com\/de\/#organization\"},\"potentialAction\":[{\"@type\":\"SearchAction\",\"target\":{\"@type\":\"EntryPoint\",\"urlTemplate\":\"https:\/\/hadleycustomrollform.com\/de\/?s={search_term_string}\"},\"query-input\":{\"@type\":\"PropertyValueSpecification\",\"valueRequired\":true,\"valueName\":\"search_term_string\"}}],\"inLanguage\":\"de-DE\"},{\"@type\":\"Organization\",\"@id\":\"https:\/\/hadleycustomrollform.com\/de\/#organization\",\"name\":\"Hadley Group\",\"url\":\"https:\/\/hadleycustomrollform.com\/de\/\",\"logo\":{\"@type\":\"ImageObject\",\"inLanguage\":\"de-DE\",\"@id\":\"https:\/\/hadleycustomrollform.com\/de\/#\/schema\/logo\/image\/\",\"url\":\"http:\/\/hadleycustomrollform.com\/app\/uploads\/2023\/01\/Hadley-Group-logo.jpg\",\"contentUrl\":\"http:\/\/hadleycustomrollform.com\/app\/uploads\/2023\/01\/Hadley-Group-logo.jpg\",\"width\":1280,\"height\":300,\"caption\":\"Hadley Group\"},\"image\":{\"@id\":\"https:\/\/hadleycustomrollform.com\/de\/#\/schema\/logo\/image\/\"},\"sameAs\":[\"https:\/\/www.facebook.com\/HadleyGroupGlobal\",\"https:\/\/x.com\/hadley_group\",\"https:\/\/www.youtube.com\/@HadleyGroupSmethwick\",\"https:\/\/www.linkedin.com\/company\/hadley-group-\/\"]}]}<\/script>\n<!-- \/ Yoast SEO Premium plugin. -->","yoast_head_json":{"title":"Unsere hochentwickelte Simulationstechnologie - Hadley Group","description":"Unsere fortschrittlichen Computersimulationswerkzeuge helfen bei der Optimierung von Produktdesign und Produktion. Interessiert? Setzen Sie sich mit uns in Verbindung, um weitere Informationen zu erhalten!","robots":{"index":"noindex","follow":"follow","max-snippet":"max-snippet:-1","max-image-preview":"max-image-preview:large","max-video-preview":"max-video-preview:-1"},"og_locale":"de_DE","og_type":"article","og_title":"Simulationstechnik","og_description":"Unsere fortschrittlichen Computersimulationswerkzeuge helfen bei der Optimierung von Produktdesign und Produktion. Interessiert? Setzen Sie sich mit uns in Verbindung, um weitere Informationen zu erhalten!","og_url":"https:\/\/hadleycustomrollform.com\/de\/rollformen-nach-mass\/ingenieurwesen\/simulationstechnik\/","og_site_name":"Hadley Custom Roll Form","article_publisher":"https:\/\/www.facebook.com\/HadleyGroupGlobal","article_modified_time":"2025-09-08T11:44:46+00:00","og_image":[{"url":"http:\/\/hadleycustomrollform.com\/app\/uploads\/2023\/04\/Picture1.jpg","type":"","width":"","height":""}],"twitter_card":"summary_large_image","twitter_site":"@hadley_group","twitter_misc":{"Est. reading time":"2 minutes"},"schema":{"@context":"https:\/\/schema.org","@graph":[{"@type":"WebPage","@id":"https:\/\/hadleycustomrollform.com\/de\/rollformen-nach-mass\/ingenieurwesen\/simulationstechnik\/","url":"https:\/\/hadleycustomrollform.com\/de\/rollformen-nach-mass\/ingenieurwesen\/simulationstechnik\/","name":"Unsere hochentwickelte Simulationstechnologie - Hadley Group","isPartOf":{"@id":"https:\/\/hadleycustomrollform.com\/de\/#website"},"primaryImageOfPage":{"@id":"https:\/\/hadleycustomrollform.com\/de\/rollformen-nach-mass\/ingenieurwesen\/simulationstechnik\/#primaryimage"},"image":{"@id":"https:\/\/hadleycustomrollform.com\/de\/rollformen-nach-mass\/ingenieurwesen\/simulationstechnik\/#primaryimage"},"thumbnailUrl":"http:\/\/hadleycustomrollform.com\/app\/uploads\/2023\/04\/Picture1.jpg","datePublished":"2022-04-02T12:28:04+00:00","dateModified":"2025-09-08T11:44:46+00:00","description":"Unsere fortschrittlichen Computersimulationswerkzeuge helfen bei der Optimierung von Produktdesign und Produktion. Interessiert? Setzen Sie sich mit uns in Verbindung, um weitere Informationen zu erhalten!","breadcrumb":{"@id":"https:\/\/hadleycustomrollform.com\/de\/rollformen-nach-mass\/ingenieurwesen\/simulationstechnik\/#breadcrumb"},"inLanguage":"de-DE","potentialAction":[{"@type":"ReadAction","target":["https:\/\/hadleycustomrollform.com\/de\/rollformen-nach-mass\/ingenieurwesen\/simulationstechnik\/"]}]},{"@type":"ImageObject","inLanguage":"de-DE","@id":"https:\/\/hadleycustomrollform.com\/de\/rollformen-nach-mass\/ingenieurwesen\/simulationstechnik\/#primaryimage","url":"http:\/\/hadleycustomrollform.com\/app\/uploads\/2023\/04\/Picture1.jpg","contentUrl":"http:\/\/hadleycustomrollform.com\/app\/uploads\/2023\/04\/Picture1.jpg"},{"@type":"BreadcrumbList","@id":"https:\/\/hadleycustomrollform.com\/de\/rollformen-nach-mass\/ingenieurwesen\/simulationstechnik\/#breadcrumb","itemListElement":[{"@type":"ListItem","position":1,"name":"Home","item":"https:\/\/hadleycustomrollform.com\/de\/"},{"@type":"ListItem","position":2,"name":"Rollformen nach Ma\u00df","item":"https:\/\/hadleycustomrollform.com\/de\/"},{"@type":"ListItem","position":3,"name":"INGENIEURWESEN","item":"https:\/\/hadleycustomrollform.com\/de\/rollformen-nach-mass\/ingenieurwesen\/"},{"@type":"ListItem","position":4,"name":"Simulationstechnik"}]},{"@type":"WebSite","@id":"https:\/\/hadleycustomrollform.com\/de\/#website","url":"https:\/\/hadleycustomrollform.com\/de\/","name":"Hadley Group","description":"Shaping the Future in Metal","publisher":{"@id":"https:\/\/hadleycustomrollform.com\/de\/#organization"},"potentialAction":[{"@type":"SearchAction","target":{"@type":"EntryPoint","urlTemplate":"https:\/\/hadleycustomrollform.com\/de\/?s={search_term_string}"},"query-input":{"@type":"PropertyValueSpecification","valueRequired":true,"valueName":"search_term_string"}}],"inLanguage":"de-DE"},{"@type":"Organization","@id":"https:\/\/hadleycustomrollform.com\/de\/#organization","name":"Hadley Group","url":"https:\/\/hadleycustomrollform.com\/de\/","logo":{"@type":"ImageObject","inLanguage":"de-DE","@id":"https:\/\/hadleycustomrollform.com\/de\/#\/schema\/logo\/image\/","url":"http:\/\/hadleycustomrollform.com\/app\/uploads\/2023\/01\/Hadley-Group-logo.jpg","contentUrl":"http:\/\/hadleycustomrollform.com\/app\/uploads\/2023\/01\/Hadley-Group-logo.jpg","width":1280,"height":300,"caption":"Hadley Group"},"image":{"@id":"https:\/\/hadleycustomrollform.com\/de\/#\/schema\/logo\/image\/"},"sameAs":["https:\/\/www.facebook.com\/HadleyGroupGlobal","https:\/\/x.com\/hadley_group","https:\/\/www.youtube.com\/@HadleyGroupSmethwick","https:\/\/www.linkedin.com\/company\/hadley-group-\/"]}]}},"_links":{"self":[{"href":"https:\/\/hadleycustomrollform.com\/de\/wp-json\/wp\/v2\/pages\/1908","targetHints":{"allow":["GET"]}}],"collection":[{"href":"https:\/\/hadleycustomrollform.com\/de\/wp-json\/wp\/v2\/pages"}],"about":[{"href":"https:\/\/hadleycustomrollform.com\/de\/wp-json\/wp\/v2\/types\/page"}],"author":[{"embeddable":true,"href":"https:\/\/hadleycustomrollform.com\/de\/wp-json\/wp\/v2\/users\/3"}],"replies":[{"embeddable":true,"href":"https:\/\/hadleycustomrollform.com\/de\/wp-json\/wp\/v2\/comments?post=1908"}],"version-history":[{"count":8,"href":"https:\/\/hadleycustomrollform.com\/de\/wp-json\/wp\/v2\/pages\/1908\/revisions"}],"predecessor-version":[{"id":16256,"href":"https:\/\/hadleycustomrollform.com\/de\/wp-json\/wp\/v2\/pages\/1908\/revisions\/16256"}],"up":[{"embeddable":true,"href":"https:\/\/hadleycustomrollform.com\/de\/wp-json\/wp\/v2\/pages\/2089"}],"wp:attachment":[{"href":"https:\/\/hadleycustomrollform.com\/de\/wp-json\/wp\/v2\/media?parent=1908"}],"wp:term":[{"taxonomy":"category","embeddable":true,"href":"https:\/\/hadleycustomrollform.com\/de\/wp-json\/wp\/v2\/categories?post=1908"}],"curies":[{"name":"wp","href":"https:\/\/api.w.org\/{rel}","templated":true}]}}