{"id":1938,"date":"2022-04-02T13:46:51","date_gmt":"2022-04-02T13:46:51","guid":{"rendered":"http:\/\/hadleycustomrollform.com\/automobil\/"},"modified":"2025-09-08T11:44:45","modified_gmt":"2025-09-08T11:44:45","slug":"automobil","status":"publish","type":"page","link":"https:\/\/hadleycustomrollform.com\/de\/rollformen-nach-mass\/automobil\/","title":{"rendered":"Automobilindustrie"},"content":{"rendered":"<background-video inline-template :autoplay=\"true\" video=\"\"> \n<section class=\"wp-block-stradigi-gutenberg-hero g-hero container-fluid p-0 g-hero--has-overlay\" style=\"background-image:url(&quot;http:\/\/hadleycustomrollform.com\/app\/uploads\/2024\/08\/AdobeStock_527068975_Editorial_Use_Only-e1725030765535.jpg&quot;)\" data-youtube-url=\"\"><div class=\"g-hero--filter\"><\/div><div class=\"g-hero__container container\"><div class=\"g-hero__wrap\"><h1 class=\"g-hero__heading\">Automotive <\/h1><div class=\"g-hero__body\"><div class=\"g-hero__body__text\"><p>Save on weight and material costs with precision-engineered metal parts for the automotive industry.\u00a0<\/p><\/div><div class=\"g-hero__body__buttons\"><a href=\"http:\/\/hadleycustomrollform.com\/de\/kontakt\/\" class=\"c-button\">Contact us<i class=\"fas fa-sm fa-chevron-right\"><\/i><\/a><\/div><\/div><\/div><\/div><\/section>\n <\/background-video><div class=\"JB h-section-background h-section-background--is-light\">\n<section class=\"wp-block-stradigi-gutenberg-fixed-spacer g-spacer g-spacer--size-medium\"><\/section>\n<\/div><section class=\"JB h-section-background h-section-background--is-light g-text\"><div class=\"container\"><div class=\"row\"><div class=\"col-lg-8\"><div class=\"g-text__title\">\n<h6 class=\"wp-block-heading\">Ganz gleich, ob Sie rollgeformte Komponenten f\u00fcr Autos oder Nutzfahrzeuge (Innenraum, Au\u00dfenbereich oder Dachsysteme) suchen, Hadley wird mit Ihnen zusammenarbeiten, um die richtige L\u00f6sung zu finden.<\/h6>\n<\/div><\/div><\/div><\/div><\/section><accordion inline-template> <div class=\"JB h-section-background h-section-background--is-light\">\n<section class=\"wp-block-stradigi-gutenberg-accordion g-accordion\"><div class=\"container g-accordion__wrapper-relative\"><div class=\"row g-accordion__wrapper-relative-fg\"><div class=\"col-md-7\"><div class=\"g-accordion__container\"><h2 class=\"g-accordion__title h-heading h-heading--size-undefined\"><strong>Complex Components for Commercial Vehicles and Cars<\/strong>\u00a0<\/h2><ul class=\"g-accordion__list\"><li class=\"g-accordion__list-item\"><header class=\"g-accordion__list-header\"><i v-if=\"itemActive(0)\" class=\"fas fa-minus-circle g-accordion__list-icon g-accordion__list-icon--minus\"><\/i><i v-if=\"!itemActive(0)\" class=\"fas fa-plus-circle g-accordion__list-icon g-accordion__list-icon--plus\" @click=\"setActive(0)\"><\/i><h3 class=\"g-accordion__list-title\"><strong>Work with automotive industry experts<\/strong>\u00a0<\/h3><\/header><p v-if=\"itemActive(0)\" class=\"g-accordion__list-text\">Get the guidance and expertise of a cold-rolling technical team that manufactures for Tier 1 and Tier 2 suppliers.\u00a0<\/p><\/li><li class=\"g-accordion__list-item\"><header class=\"g-accordion__list-header\"><i v-if=\"itemActive(1)\" class=\"fas fa-minus-circle g-accordion__list-icon g-accordion__list-icon--minus\"><\/i><i v-if=\"!itemActive(1)\" class=\"fas fa-plus-circle g-accordion__list-icon g-accordion__list-icon--plus\" @click=\"setActive(1)\"><\/i><h3 class=\"g-accordion__list-title\"><strong>Create complex parts with tight quality controls<\/strong><\/h3><\/header><p v-if=\"itemActive(1)\" class=\"g-accordion__list-text\">Our specialist engineers practise a culture of continuous review and process controls \u2014 to minimise variation and reduce material waste.\u00a0<\/p><\/li><li class=\"g-accordion__list-item\"><header class=\"g-accordion__list-header\"><i v-if=\"itemActive(2)\" class=\"fas fa-minus-circle g-accordion__list-icon g-accordion__list-icon--minus\"><\/i><i v-if=\"!itemActive(2)\" class=\"fas fa-plus-circle g-accordion__list-icon g-accordion__list-icon--plus\" @click=\"setActive(2)\"><\/i><h3 class=\"g-accordion__list-title\"><strong>Design for cars or commercial vehicles<\/strong>\u00a0<\/h3><\/header><p v-if=\"itemActive(2)\" class=\"g-accordion__list-text\">Produce structural and cosmetic cold-rolled components for cars, trucks, coaches, and trailers.\u00a0<\/p><\/li><\/ul><\/div><\/div><\/div><div class=\"row g-accordion__wrapper-absolute\"><div class=\"offset-md-1 col-md-4 offset-lg-2 col-lg-3\"><div class=\"g-accordion__bg\" style=\"background-image:none\"><\/div><\/div><\/div><\/div><\/section>\n<\/div> <\/accordion><div class=\"JB h-section-background h-section-background--is-light\">\n<section class=\"wp-block-stradigi-gutenberg-fixed-spacer g-spacer g-spacer--size-small\"><\/section>\n<\/div><section class=\"JB h-section-background h-section-background--is-light g-text\"><div class=\"container\"><div class=\"row\"><div class=\"col-lg-8\"><div class=\"g-text__bodytext\">\n<p class=\"has-medium-font-size\">Die F\u00e4higkeit, leichte und umweltfreundliche Teile f\u00fcr anspruchsvolle Anwendungen herzustellen, erm\u00f6glicht Einsparungen beim Gesamtgewicht des Fahrzeugs &#8211; ein wichtiges Ziel f\u00fcr die heutige Automobilindustrie. Dank unserer Expertise in der Entwicklung und Herstellung komplexer rollgeformter Komponenten f\u00fcr die Automobilindustrie arbeiten wir mit Fahrzeugherstellern auf der ganzen Welt zusammen.   <\/p>\n<\/div><\/div><\/div><\/div><\/section><section class=\"JB h-section-background h-section-background--is-light g-text\"><div class=\"container\"><div class=\"row\"><div class=\"col-lg-8\"><div class=\"g-text__bodytext\">\n<p>Die wichtigsten Anforderungen an Innenraumkomponenten sind ein geringes Gewicht, die Einhaltung engster Toleranzen und ein makelloses, \u00e4sthetisch perfektes Finish &#8211; all dies k\u00f6nnen Sie durch ma\u00dfgefertigte rollgeformte Teile, einschlie\u00dflich einer Reihe von Oberfl\u00e4chenbehandlungen, erreichen.<\/p>\n<\/div><\/div><\/div><\/div><\/section><div class=\"JB h-section-background h-section-background--is-light\">\n<section class=\"wp-block-stradigi-gutenberg-text-image g-text-image\"><div class=\"container\"><div class=\"g-text-image__row row\"><div data-translate=\"true\" class=\"order-2 offset-xl-1 col-md-3\"><div class=\"g-text-image__content\"><\/div><\/div><article data-translate=\"true\" class=\"order-1 col-md-9 col-xl-8\"><div class=\"g-text-image__sidenote g-backend-outline\"><span class=\"a-lines__white-line\"><\/span><span class=\"a-lines__red-line\"><\/span><div class=\"g-text-image__frame-wrapper\"><iframe src=\"https:\/\/player.vimeo.com\/video\/726940907?&amp;autoplay=0&amp;loop=1&amp;byline=0&amp;title=0\"><\/iframe><\/div><\/div><\/article><\/div><\/div><\/section>\n<\/div><div class=\"JB h-section-background h-section-background--is-light\">\n<section class=\"wp-block-stradigi-gutenberg-fixed-spacer g-spacer g-spacer--size-medium\"><\/section>\n<\/div><div class=\"JB-1 h-section-background\">\n<section class=\"wp-block-stradigi-gutenberg-fixed-spacer g-spacer g-spacer--size-small\"><\/section>\n<\/div><div class=\"JB-1 h-section-background\">\n<section class=\"wp-block-stradigi-gutenberg-text-image g-text-image\"><div class=\"container\"><div class=\"g-text-image__row row\"><div data-translate=\"true\" class=\"order-1 col-md-5\"><div class=\"g-text-image__content\"><section class=\"JB-1 h-section-background g-text\"><div class=\"container\"><div class=\"row\"><div class=\"col-lg-8\"><div class=\"g-text__title\">\n<h4 class=\"wp-block-heading\"><strong>Zu den Anwendungen des Kaltwalzens f\u00fcr Autos geh\u00f6ren:<\/strong><\/h4>\n<\/div><\/div><\/div><\/div><\/section>\n\n<section class=\"JB-1 h-section-background g-text\"><div class=\"container\"><div class=\"row\"><div class=\"col-lg-8\"><div class=\"g-text__bodytext\">\n<p><\/p>\n<\/div><\/div><\/div><\/div><\/section>\n\n<section class=\"JB-1 h-section-background g-text\"><div class=\"container\"><div class=\"row\"><div class=\"col-lg-8\"><div class=\"g-text__bodytext\">\n<ul class=\"wp-block-list\">\n<li>Gep\u00e4ckabdeckungssysteme  <\/li>\n\n\n\n<li>Sonnenschutzsysteme  <\/li>\n\n\n\n<li>Sitzsysteme  <\/li>\n\n\n\n<li>Dashboard Module  <\/li>\n\n\n\n<li>Systeme zur Frachtverwaltung  <\/li>\n\n\n\n<li>Seitenmitglieder  <\/li>\n\n\n\n<li>Fenster- und T\u00fcrsysteme  <\/li>\n\n\n\n<li>Seitenverkleidungen  <\/li>\n\n\n\n<li>Kreuzmitglieder  <\/li>\n\n\n\n<li>Akku-Pack-Systeme  <\/li>\n\n\n\n<li>Glas- und Seitenverst\u00e4rkungsprofile  <\/li>\n\n\n\n<li>Stoff-F\u00fchrer  <\/li>\n\n\n\n<li>B\u00f6gen und gebogene Rohre f\u00fcr Markisen  <\/li>\n\n\n\n<li>Abflusskan\u00e4le  <\/li>\n\n\n\n<li>Rahmen-Profile  <\/li>\n\n\n\n<li>Windabweiser<\/li>\n<\/ul>\n<\/div><\/div><\/div><\/div><\/section><\/div><\/div><article data-translate=\"true\" class=\"order-2 col-md-7 offset-xl-1 col-xl-6\"><div class=\"g-text-image__sidenote g-backend-outline a-lines\"><span class=\"a-lines__white-line\"><\/span><span class=\"a-lines__red-line\"><\/span><img decoding=\"async\" class=\"g-text-image__image\" src=\"http:\/\/hadleycustomrollform.com\/app\/uploads\/2022\/05\/SHE-coordinator-Hadley-Group-1024x683.jpg\" alt=\"she-coordinator-hadley-group-2\"\/><\/div><\/article><\/div><\/div><\/section>\n<\/div><div class=\"JB-1 h-section-background\">\n<section class=\"wp-block-stradigi-gutenberg-subtitle g-text g-text--text-aligns-left\"><div class=\"container\"><div class=\"row\"><div class=\"col-md-10 col-lg-8\"><div class=\"g-text__subtitle\"><strong>Commercial vehicles &amp; trailors<\/strong>\u00a0<\/div><\/div><\/div><\/div><\/section>\n<\/div><section class=\"JB-1 h-section-background g-text\"><div class=\"container\"><div class=\"row\"><div class=\"col-lg-8\"><div class=\"g-text__bodytext\">\n<p>Hadley-Produkte werden in einer Vielzahl von Nutzfahrzeug-OEM-Programmen eingesetzt und liefern anspruchsvolle Innen- und Au\u00dfenkomponenten an Tier-1- und Tier-2-Zulieferer auf der ganzen Welt &#8211; darunter f\u00fchrende Lkw-, Reisebus- und Anh\u00e4ngerhersteller, die komplexe Komponenten entwickeln und produzieren.  <\/p>\n<\/div><\/div><\/div><\/div><\/section><section class=\"JB-1 h-section-background g-text\"><div class=\"container\"><div class=\"row\"><div class=\"col-lg-8\"><div class=\"g-text__bodytext\">\n<p>Lange Profile werden in verschiedenen Metallen, einschlie\u00dflich Stahl und Aluminium, mit hervorragender Oberfl\u00e4chenqualit\u00e4t und Genauigkeit mit engsten Toleranzen hergestellt.  <\/p>\n<\/div><\/div><\/div><\/div><\/section><div class=\"JB-1 h-section-background\">\n<section class=\"wp-block-stradigi-gutenberg-text-image g-text-image\"><div class=\"container\"><div class=\"g-text-image__row row\"><div data-translate=\"true\" class=\"order-2 offset-xl-1 col-md-5\"><div class=\"g-text-image__content\"><section class=\"JB-1 h-section-background g-text\"><div class=\"container\"><div class=\"row\"><div class=\"col-lg-8\"><div class=\"g-text__bodytext\">\n<p><strong>Zu den Anwendungen des Kaltwalzens f\u00fcr Nutzfahrzeuge geh\u00f6ren:<\/strong> <\/p>\n<\/div><\/div><\/div><\/div><\/section>\n\n<section class=\"JB-1 h-section-background g-text\"><div class=\"container\"><div class=\"row\"><div class=\"col-lg-8\"><div class=\"g-text__bodytext\">\n<ul class=\"wp-block-list\">\n<li>Bett-Systeme  <\/li>\n\n\n\n<li>Gep\u00e4ckaufbewahrung  <\/li>\n\n\n\n<li>Sitzsysteme  <\/li>\n\n\n\n<li>Querstreben f\u00fcr das Armaturenbrett  <\/li>\n\n\n\n<li>Dachabschnitte  <\/li>\n\n\n\n<li>Seitenmitglieder  <\/li>\n\n\n\n<li>Fensterrahmen  <\/li>\n\n\n\n<li>Komponenten zur Ladungssicherung  <\/li>\n\n\n\n<li>Fahrwerkskomponenten  <\/li>\n\n\n\n<li>Strukturelle Komponenten  <\/li>\n\n\n\n<li>Seitenschutzprofile<\/li>\n\n\n\n<li>Omega Top Hat Bodenbel\u00e4ge  <\/li>\n<\/ul>\n<\/div><\/div><\/div><\/div><\/section><\/div><\/div><article data-translate=\"true\" class=\"order-1 col-md-7 col-xl-6\"><div class=\"g-text-image__sidenote g-backend-outline a-lines a-lines--box\"><span class=\"a-lines__white-line\"><\/span><span class=\"a-lines__red-line\"><\/span><img decoding=\"async\" class=\"g-text-image__image\" src=\"http:\/\/hadleycustomrollform.com\/app\/uploads\/2022\/07\/Automotive-Hadley-Group.jpg\" alt=\"automotive-hadley-group-2\"\/><\/div><\/article><\/div><\/div><\/section>\n<\/div><div class=\"JB-1 h-section-background\">\n<section class=\"wp-block-stradigi-gutenberg-fixed-spacer g-spacer g-spacer--size-large\"><\/section>\n<\/div><div class=\"JB-1 h-section-background\">\n<section class=\"wp-block-stradigi-gutenberg-cta-one g-cta-one\"><div class=\"container\"><div class=\"g-cta-one__row row\"><div class=\"col-sm-12 col-lg-8\"><h2 class=\"g-cta-one__title h-heading h-heading--size-undefined\"><strong>Looking for high standards?<\/strong>\u00a0<\/h2><div class=\"g-cta-one__content\"><p>We\u2019ve got what you need.\u00a0<br>\u00a0<br>Our specialist engineering teams are ready and waiting to get involved with your project \u2014 drawing on their deep experience manufacturing for Tier 1 and Tier 2 automotive suppliers.\u00a0<\/p><\/div><div class=\"g-cta-one__buttons\"><a href=\"http:\/\/hadleycustomrollform.com\/de\/kontakt\/\" class=\"g-cta-one__button-primary\">Get in touch<i class=\"fas fa-sm fa-chevron-right\"><\/i><\/a><\/div><\/div><\/div><\/div><\/section>\n<\/div><div class=\"JB-1 h-section-background\">\n<section class=\"wp-block-stradigi-gutenberg-fixed-spacer g-spacer g-spacer--size-large\"><\/section>\n<\/div>","protected":false},"excerpt":{"rendered":"<p>Ganz gleich, ob Sie rollgeformte Komponenten f\u00fcr Autos oder Nutzfahrzeuge (Innenraum, Au\u00dfenbereich oder Dachsysteme) suchen, Hadley wird mit Ihnen zusammenarbeiten,\u2026 <a href=\"https:\/\/hadleycustomrollform.com\/de\/rollformen-nach-mass\/automobil\/\">&#8230;<\/a><\/p>\n","protected":false},"author":3,"featured_media":0,"parent":1819,"menu_order":0,"comment_status":"closed","ping_status":"closed","template":"","meta":{"_acf_changed":false,"footnotes":""},"categories":[],"class_list":["post-1938","page","type-page","status-publish","hentry"],"acf":[],"yoast_head":"<!-- This site is optimized with the Yoast SEO Premium plugin v25.1 (Yoast SEO v27.1.1) - https:\/\/yoast.com\/product\/yoast-seo-premium-wordpress\/ -->\n<title>Pr\u00e4zisionsmetallteile f\u00fcr die Automobilindustrie - Hadley Custom Roll Form<\/title>\n<meta name=\"description\" content=\"Ganz gleich, ob Sie auf der Suche nach rollgeformten Komponenten f\u00fcr Autos oder Nutzfahrzeuge sind, Hadley wird mit Ihnen zusammenarbeiten, um die beste L\u00f6sung f\u00fcr Sie zu finden.\" \/>\n<meta name=\"robots\" content=\"noindex, follow, max-snippet:-1, max-image-preview:large, max-video-preview:-1\" \/>\n<meta property=\"og:locale\" content=\"de_DE\" \/>\n<meta property=\"og:type\" content=\"article\" \/>\n<meta property=\"og:title\" content=\"Automobilindustrie\" \/>\n<meta property=\"og:description\" content=\"Ganz gleich, ob Sie auf der Suche nach rollgeformten Komponenten f\u00fcr Autos oder Nutzfahrzeuge sind, Hadley wird mit Ihnen zusammenarbeiten, um die beste L\u00f6sung f\u00fcr Sie zu finden.\" \/>\n<meta property=\"og:url\" content=\"https:\/\/hadleycustomrollform.com\/de\/rollformen-nach-mass\/automobil\/\" \/>\n<meta property=\"og:site_name\" content=\"Hadley Custom Roll Form\" \/>\n<meta property=\"article:publisher\" content=\"https:\/\/www.facebook.com\/HadleyGroupGlobal\" \/>\n<meta property=\"article:modified_time\" content=\"2025-09-08T11:44:45+00:00\" \/>\n<meta property=\"og:image\" content=\"http:\/\/hadleycustomrollform.com\/app\/uploads\/2022\/05\/SHE-coordinator-Hadley-Group-1024x683.jpg\" \/>\n<meta name=\"twitter:card\" content=\"summary_large_image\" \/>\n<meta name=\"twitter:site\" content=\"@hadley_group\" \/>\n<meta name=\"twitter:label1\" content=\"Est. reading time\" \/>\n\t<meta name=\"twitter:data1\" content=\"2 minutes\" \/>\n<script type=\"application\/ld+json\" class=\"yoast-schema-graph\">{\"@context\":\"https:\/\/schema.org\",\"@graph\":[{\"@type\":\"WebPage\",\"@id\":\"https:\/\/hadleycustomrollform.com\/de\/rollformen-nach-mass\/automobil\/\",\"url\":\"https:\/\/hadleycustomrollform.com\/de\/rollformen-nach-mass\/automobil\/\",\"name\":\"Pr\u00e4zisionsmetallteile f\u00fcr die Automobilindustrie - Hadley Custom Roll Form\",\"isPartOf\":{\"@id\":\"https:\/\/hadleycustomrollform.com\/de\/#website\"},\"primaryImageOfPage\":{\"@id\":\"https:\/\/hadleycustomrollform.com\/de\/rollformen-nach-mass\/automobil\/#primaryimage\"},\"image\":{\"@id\":\"https:\/\/hadleycustomrollform.com\/de\/rollformen-nach-mass\/automobil\/#primaryimage\"},\"thumbnailUrl\":\"http:\/\/hadleycustomrollform.com\/app\/uploads\/2022\/05\/SHE-coordinator-Hadley-Group-1024x683.jpg\",\"datePublished\":\"2022-04-02T13:46:51+00:00\",\"dateModified\":\"2025-09-08T11:44:45+00:00\",\"description\":\"Ganz gleich, ob Sie auf der Suche nach rollgeformten Komponenten f\u00fcr Autos oder Nutzfahrzeuge sind, Hadley wird mit Ihnen zusammenarbeiten, um die beste L\u00f6sung f\u00fcr Sie zu finden.\",\"breadcrumb\":{\"@id\":\"https:\/\/hadleycustomrollform.com\/de\/rollformen-nach-mass\/automobil\/#breadcrumb\"},\"inLanguage\":\"de-DE\",\"potentialAction\":[{\"@type\":\"ReadAction\",\"target\":[\"https:\/\/hadleycustomrollform.com\/de\/rollformen-nach-mass\/automobil\/\"]}]},{\"@type\":\"ImageObject\",\"inLanguage\":\"de-DE\",\"@id\":\"https:\/\/hadleycustomrollform.com\/de\/rollformen-nach-mass\/automobil\/#primaryimage\",\"url\":\"http:\/\/hadleycustomrollform.com\/app\/uploads\/2022\/05\/SHE-coordinator-Hadley-Group-1024x683.jpg\",\"contentUrl\":\"http:\/\/hadleycustomrollform.com\/app\/uploads\/2022\/05\/SHE-coordinator-Hadley-Group-1024x683.jpg\"},{\"@type\":\"BreadcrumbList\",\"@id\":\"https:\/\/hadleycustomrollform.com\/de\/rollformen-nach-mass\/automobil\/#breadcrumb\",\"itemListElement\":[{\"@type\":\"ListItem\",\"position\":1,\"name\":\"Home\",\"item\":\"https:\/\/hadleycustomrollform.com\/de\/\"},{\"@type\":\"ListItem\",\"position\":2,\"name\":\"Rollformen nach Ma\u00df\",\"item\":\"https:\/\/hadleycustomrollform.com\/de\/\"},{\"@type\":\"ListItem\",\"position\":3,\"name\":\"Automobilindustrie\"}]},{\"@type\":\"WebSite\",\"@id\":\"https:\/\/hadleycustomrollform.com\/de\/#website\",\"url\":\"https:\/\/hadleycustomrollform.com\/de\/\",\"name\":\"Hadley Group\",\"description\":\"Shaping the Future in Metal\",\"publisher\":{\"@id\":\"https:\/\/hadleycustomrollform.com\/de\/#organization\"},\"potentialAction\":[{\"@type\":\"SearchAction\",\"target\":{\"@type\":\"EntryPoint\",\"urlTemplate\":\"https:\/\/hadleycustomrollform.com\/de\/?s={search_term_string}\"},\"query-input\":{\"@type\":\"PropertyValueSpecification\",\"valueRequired\":true,\"valueName\":\"search_term_string\"}}],\"inLanguage\":\"de-DE\"},{\"@type\":\"Organization\",\"@id\":\"https:\/\/hadleycustomrollform.com\/de\/#organization\",\"name\":\"Hadley Group\",\"url\":\"https:\/\/hadleycustomrollform.com\/de\/\",\"logo\":{\"@type\":\"ImageObject\",\"inLanguage\":\"de-DE\",\"@id\":\"https:\/\/hadleycustomrollform.com\/de\/#\/schema\/logo\/image\/\",\"url\":\"http:\/\/hadleycustomrollform.com\/app\/uploads\/2023\/01\/Hadley-Group-logo.jpg\",\"contentUrl\":\"http:\/\/hadleycustomrollform.com\/app\/uploads\/2023\/01\/Hadley-Group-logo.jpg\",\"width\":1280,\"height\":300,\"caption\":\"Hadley Group\"},\"image\":{\"@id\":\"https:\/\/hadleycustomrollform.com\/de\/#\/schema\/logo\/image\/\"},\"sameAs\":[\"https:\/\/www.facebook.com\/HadleyGroupGlobal\",\"https:\/\/x.com\/hadley_group\",\"https:\/\/www.youtube.com\/@HadleyGroupSmethwick\",\"https:\/\/www.linkedin.com\/company\/hadley-group-\/\"]}]}<\/script>\n<!-- \/ Yoast SEO Premium plugin. -->","yoast_head_json":{"title":"Pr\u00e4zisionsmetallteile f\u00fcr die Automobilindustrie - Hadley Custom Roll Form","description":"Ganz gleich, ob Sie auf der Suche nach rollgeformten Komponenten f\u00fcr Autos oder Nutzfahrzeuge sind, Hadley wird mit Ihnen zusammenarbeiten, um die beste L\u00f6sung f\u00fcr Sie zu finden.","robots":{"index":"noindex","follow":"follow","max-snippet":"max-snippet:-1","max-image-preview":"max-image-preview:large","max-video-preview":"max-video-preview:-1"},"og_locale":"de_DE","og_type":"article","og_title":"Automobilindustrie","og_description":"Ganz gleich, ob Sie auf der Suche nach rollgeformten Komponenten f\u00fcr Autos oder Nutzfahrzeuge sind, Hadley wird mit Ihnen zusammenarbeiten, um die beste L\u00f6sung f\u00fcr Sie zu finden.","og_url":"https:\/\/hadleycustomrollform.com\/de\/rollformen-nach-mass\/automobil\/","og_site_name":"Hadley Custom Roll Form","article_publisher":"https:\/\/www.facebook.com\/HadleyGroupGlobal","article_modified_time":"2025-09-08T11:44:45+00:00","og_image":[{"url":"http:\/\/hadleycustomrollform.com\/app\/uploads\/2022\/05\/SHE-coordinator-Hadley-Group-1024x683.jpg","type":"","width":"","height":""}],"twitter_card":"summary_large_image","twitter_site":"@hadley_group","twitter_misc":{"Est. reading time":"2 minutes"},"schema":{"@context":"https:\/\/schema.org","@graph":[{"@type":"WebPage","@id":"https:\/\/hadleycustomrollform.com\/de\/rollformen-nach-mass\/automobil\/","url":"https:\/\/hadleycustomrollform.com\/de\/rollformen-nach-mass\/automobil\/","name":"Pr\u00e4zisionsmetallteile f\u00fcr die Automobilindustrie - Hadley Custom Roll Form","isPartOf":{"@id":"https:\/\/hadleycustomrollform.com\/de\/#website"},"primaryImageOfPage":{"@id":"https:\/\/hadleycustomrollform.com\/de\/rollformen-nach-mass\/automobil\/#primaryimage"},"image":{"@id":"https:\/\/hadleycustomrollform.com\/de\/rollformen-nach-mass\/automobil\/#primaryimage"},"thumbnailUrl":"http:\/\/hadleycustomrollform.com\/app\/uploads\/2022\/05\/SHE-coordinator-Hadley-Group-1024x683.jpg","datePublished":"2022-04-02T13:46:51+00:00","dateModified":"2025-09-08T11:44:45+00:00","description":"Ganz gleich, ob Sie auf der Suche nach rollgeformten Komponenten f\u00fcr Autos oder Nutzfahrzeuge sind, Hadley wird mit Ihnen zusammenarbeiten, um die beste L\u00f6sung f\u00fcr Sie zu finden.","breadcrumb":{"@id":"https:\/\/hadleycustomrollform.com\/de\/rollformen-nach-mass\/automobil\/#breadcrumb"},"inLanguage":"de-DE","potentialAction":[{"@type":"ReadAction","target":["https:\/\/hadleycustomrollform.com\/de\/rollformen-nach-mass\/automobil\/"]}]},{"@type":"ImageObject","inLanguage":"de-DE","@id":"https:\/\/hadleycustomrollform.com\/de\/rollformen-nach-mass\/automobil\/#primaryimage","url":"http:\/\/hadleycustomrollform.com\/app\/uploads\/2022\/05\/SHE-coordinator-Hadley-Group-1024x683.jpg","contentUrl":"http:\/\/hadleycustomrollform.com\/app\/uploads\/2022\/05\/SHE-coordinator-Hadley-Group-1024x683.jpg"},{"@type":"BreadcrumbList","@id":"https:\/\/hadleycustomrollform.com\/de\/rollformen-nach-mass\/automobil\/#breadcrumb","itemListElement":[{"@type":"ListItem","position":1,"name":"Home","item":"https:\/\/hadleycustomrollform.com\/de\/"},{"@type":"ListItem","position":2,"name":"Rollformen nach Ma\u00df","item":"https:\/\/hadleycustomrollform.com\/de\/"},{"@type":"ListItem","position":3,"name":"Automobilindustrie"}]},{"@type":"WebSite","@id":"https:\/\/hadleycustomrollform.com\/de\/#website","url":"https:\/\/hadleycustomrollform.com\/de\/","name":"Hadley Group","description":"Shaping the Future in Metal","publisher":{"@id":"https:\/\/hadleycustomrollform.com\/de\/#organization"},"potentialAction":[{"@type":"SearchAction","target":{"@type":"EntryPoint","urlTemplate":"https:\/\/hadleycustomrollform.com\/de\/?s={search_term_string}"},"query-input":{"@type":"PropertyValueSpecification","valueRequired":true,"valueName":"search_term_string"}}],"inLanguage":"de-DE"},{"@type":"Organization","@id":"https:\/\/hadleycustomrollform.com\/de\/#organization","name":"Hadley Group","url":"https:\/\/hadleycustomrollform.com\/de\/","logo":{"@type":"ImageObject","inLanguage":"de-DE","@id":"https:\/\/hadleycustomrollform.com\/de\/#\/schema\/logo\/image\/","url":"http:\/\/hadleycustomrollform.com\/app\/uploads\/2023\/01\/Hadley-Group-logo.jpg","contentUrl":"http:\/\/hadleycustomrollform.com\/app\/uploads\/2023\/01\/Hadley-Group-logo.jpg","width":1280,"height":300,"caption":"Hadley Group"},"image":{"@id":"https:\/\/hadleycustomrollform.com\/de\/#\/schema\/logo\/image\/"},"sameAs":["https:\/\/www.facebook.com\/HadleyGroupGlobal","https:\/\/x.com\/hadley_group","https:\/\/www.youtube.com\/@HadleyGroupSmethwick","https:\/\/www.linkedin.com\/company\/hadley-group-\/"]}]}},"_links":{"self":[{"href":"https:\/\/hadleycustomrollform.com\/de\/wp-json\/wp\/v2\/pages\/1938","targetHints":{"allow":["GET"]}}],"collection":[{"href":"https:\/\/hadleycustomrollform.com\/de\/wp-json\/wp\/v2\/pages"}],"about":[{"href":"https:\/\/hadleycustomrollform.com\/de\/wp-json\/wp\/v2\/types\/page"}],"author":[{"embeddable":true,"href":"https:\/\/hadleycustomrollform.com\/de\/wp-json\/wp\/v2\/users\/3"}],"replies":[{"embeddable":true,"href":"https:\/\/hadleycustomrollform.com\/de\/wp-json\/wp\/v2\/comments?post=1938"}],"version-history":[{"count":24,"href":"https:\/\/hadleycustomrollform.com\/de\/wp-json\/wp\/v2\/pages\/1938\/revisions"}],"predecessor-version":[{"id":16250,"href":"https:\/\/hadleycustomrollform.com\/de\/wp-json\/wp\/v2\/pages\/1938\/revisions\/16250"}],"up":[{"embeddable":true,"href":"https:\/\/hadleycustomrollform.com\/de\/wp-json\/wp\/v2\/pages\/1819"}],"wp:attachment":[{"href":"https:\/\/hadleycustomrollform.com\/de\/wp-json\/wp\/v2\/media?parent=1938"}],"wp:term":[{"taxonomy":"category","embeddable":true,"href":"https:\/\/hadleycustomrollform.com\/de\/wp-json\/wp\/v2\/categories?post=1938"}],"curies":[{"name":"wp","href":"https:\/\/api.w.org\/{rel}","templated":true}]}}