{"id":1952,"date":"2022-04-02T13:48:04","date_gmt":"2022-04-02T13:48:04","guid":{"rendered":"http:\/\/hadleycustomrollform.com\/einzelhandel-und-fullfilment\/"},"modified":"2025-09-08T11:44:36","modified_gmt":"2025-09-08T11:44:36","slug":"einzelhandel-und-fullfilment","status":"publish","type":"page","link":"https:\/\/hadleycustomrollform.com\/de\/rollformen-nach-mass\/einzelhandel-und-fullfilment\/","title":{"rendered":"Einzelhandel und Fulfillment"},"content":{"rendered":"<background-video inline-template :autoplay=\"true\" video=\"\"> \n<section class=\"wp-block-stradigi-gutenberg-hero g-hero container-fluid p-0 g-hero--has-overlay\" style=\"background-image:url(&quot;http:\/\/hadleycustomrollform.com\/app\/uploads\/2023\/08\/Automated-Warehouse-image.jpg&quot;)\" data-youtube-url=\"\"><div class=\"g-hero--filter\"><\/div><div class=\"g-hero__container container\"><div class=\"g-hero__wrap\"><h1 class=\"g-hero__heading\">Retail and Fulfilment<\/h1><div class=\"g-hero__body\"><div class=\"g-hero__body__text\"><p><br\/><\/p><\/div><div class=\"g-hero__body__buttons\"><a href=\"mailto:ask.customrollform\" class=\"c-button\">Contact Us<i class=\"fas fa-sm fa-chevron-right\"><\/i><\/a><\/div><\/div><\/div><\/div><\/section>\n <\/background-video><div class=\"JB-1 h-section-background\">\n<section class=\"wp-block-stradigi-gutenberg-fixed-spacer g-spacer g-spacer--size-medium\"><\/section>\n<\/div><section class=\"JB-1 h-section-background g-text\"><div class=\"container\"><div class=\"row\"><div class=\"col-lg-8\"><div class=\"g-text__title\">\n<h6 class=\"wp-block-heading\">Ganz gleich, ob Sie ein hochmodernes robotergest\u00fctztes Fulfillment-Center oder ein High-Tech-Lager f\u00fcr den Einzelhandel entwickeln, Sie ben\u00f6tigen eine starke, pr\u00e4zise Infrastruktur.  <br\/><br\/>Hadley Custom Rollform verf\u00fcgt \u00fcber jahrelange Erfahrung im Kaltwalzen von Profilen f\u00fcr globale Anbieter von automatisierten Lagern.<\/h6>\n<\/div><\/div><\/div><\/div><\/section><div class=\"JB-1 h-section-background\">\n<section class=\"wp-block-stradigi-gutenberg-fixed-spacer g-spacer g-spacer--size-small\" id=\"specialist-knowledge\"><\/section>\n<\/div><div class=\"JB-1 h-section-background\">\n<section class=\"wp-block-stradigi-gutenberg-subtitle g-text g-text--text-aligns-left\"><div class=\"container\"><div class=\"row\"><div class=\"col-md-10 col-lg-8\"><div class=\"g-text__subtitle\">We have experience making profiles for types of automated warehousing systems:<\/div><\/div><\/div><\/div><\/section>\n<\/div><section class=\"JB-1 h-section-background g-text\"><div class=\"container\"><div class=\"row\"><div class=\"col-lg-8\"><div class=\"g-text__bodytext\">\n<ul class=\"wp-block-list\">\n<li>Automatische Lager- und Bereitstellungssysteme (AS\/RS): Shuttle-GS\/RS-System, Paletten-, Unit-, Mini-Lastkran-GS\/RS-System, Karussell-GS\/RS-System<\/li>\n\n\n\n<li>Raster-\/W\u00fcrfel-basierte Systeme  <\/li>\n<\/ul>\n<\/div><\/div><\/div><\/div><\/section><section class=\"JB-1 h-section-background g-text\"><div class=\"container\"><div class=\"row\"><div class=\"col-lg-8\"><div class=\"g-text__bodytext\">\n<p class=\"has-medium-font-size\">Sowie nicht-automatisierte Lageranwendungen:<\/p>\n<\/div><\/div><\/div><\/div><\/section><section class=\"JB-1 h-section-background g-text\"><div class=\"container\"><div class=\"row\"><div class=\"col-lg-8\"><div class=\"g-text__bodytext\">\n<ul class=\"wp-block-list\">\n<li>F\u00f6rderbandsysteme, z.B. Flughafenlogistik, Paketverteilung.  <\/li>\n\n\n\n<li>Regalstrukturen<\/li>\n\n\n\n<li>Hochregallager Strukturen<\/li>\n\n\n\n<li>Verst\u00e4rkung der Verpackung<\/li>\n<\/ul>\n<\/div><\/div><\/div><\/div><\/section><div class=\"JB-1 h-section-background\">\n<section class=\"wp-block-stradigi-gutenberg-fixed-spacer g-spacer g-spacer--size-small\" id=\"collaboration\"><\/section>\n<\/div><div class=\"JB-1 h-section-background\">\n<section class=\"wp-block-stradigi-gutenberg-sidenote g-sidenote\"><div class=\"container\"><div class=\"g-sidenote__row row\"><div class=\"col-lg-5\"><div class=\"g-sidenote__content\"><section class=\"JB-1 h-section-background g-text\"><div class=\"container\"><div class=\"row\"><div class=\"col-lg-8\"><div class=\"g-text__bodytext\">\n<p>Von Anfang an kann Ihr technisches Team mit unserem Expertenteam f\u00fcr das Kaltwalzprofilieren zusammenarbeiten, um ein komplettes rollgeformtes Profil zu entwerfen, zu konstruieren und zu entwickeln. Die technische Partnerschaft bietet Ihnen einen Mehrwert, indem sie die Profilform optimiert und Sie \u00fcber die verf\u00fcgbaren Rohmaterialsorten ber\u00e4t. Durch die Analyse der Baugruppe mit Hilfe von Software-Simulationstechnologie ist es m\u00f6glich, das Gewicht der Profile zu reduzieren. Die Kaltumformung ist ein fortschrittlicher, kontinuierlicher Metallumformungsprozess, der ein hohes Ma\u00df an Pr\u00e4zision und Genauigkeit bietet und unglaublich enge Toleranzen erm\u00f6glicht, die f\u00fcr den Einsatz von Hochgeschwindigkeitsrobotern erforderlich sind.   <\/p>\n<\/div><\/div><\/div><\/div><\/section>\n\n<section class=\"JB-1 h-section-background g-text\"><div class=\"container\"><div class=\"row\"><div class=\"col-lg-8\"><div class=\"g-text__bodytext\">\n<p>Wenn Sie ein fertiges Design haben, mit dem wir arbeiten sollen, sind wir in der Lage, die Werkzeuge herzustellen und qualitativ hochwertige Teile zu fertigen, die den Anforderungen und Toleranzen entsprechen.<\/p>\n<\/div><\/div><\/div><\/div><\/section><\/div><\/div><article class=\"col-md-7 offset-xl-1 col-xl-6\"><div class=\"g-sidenote__sidenote\" style=\"background-image:url(&quot;http:\/\/hadleycustomrollform.com\/app\/uploads\/2023\/08\/Retail-Fulfillment-Warehouse-Racking-1024x645.jpg&quot;)\"><h3 class=\"g-sidenote__sidenote-subtitle h-heading h-heading--size-undefined\">Think<br>with us<\/h3><div class=\"g-sidenote__sidenote-content\"><p>Chat to our team about your project today <\/p><\/div><a href=\"mailto:ask.customrollform@hadleygroup.com\" class=\"c-button g-sidenote__sidenote-cta\">Email the team<i class=\"fas fa-sm fa-chevron-right\"><\/i><\/a><\/div><\/article><\/div><\/div><\/section>\n<\/div><div class=\"JB-1 h-section-background\">\n<section class=\"wp-block-stradigi-gutenberg-fixed-spacer g-spacer g-spacer--size-small\"><\/section>\n<\/div>\n<section class=\"wp-block-stradigi-gutenberg-banner g-banner container-fluid p-0 jarallax g-banner--has-overlay g-banner--size-large\" style=\"background-image:url(&quot;http:\/\/hadleycustomrollform.com\/app\/uploads\/2023\/08\/Retail-Fulfillment-Warehouse-Racking.jpg&quot;)\"><div class=\"g-banner__container container\"><div class=\"g-banner__wrap\"><h2 class=\"g-banner__heading h-heading h-heading--size-undefined\">Precision rollformed components for warehouses<\/h2><div class=\"g-banner__body\"><div class=\"g-banner__body__buttons\"><\/div><\/div><\/div><\/div><\/section>\n<div class=\"JB-1 h-section-background\">\n<section class=\"wp-block-stradigi-gutenberg-fixed-spacer g-spacer g-spacer--size-medium\"><\/section>\n<\/div><div class=\"JB-1 h-section-background\">\n<section class=\"wp-block-stradigi-gutenberg-subtitle g-text g-text--text-aligns-left\"><div class=\"container\"><div class=\"row\"><div class=\"col-md-10 col-lg-8\"><div class=\"g-text__subtitle\">These are just some of the parts that can be cold rollformed for the retail and fulfilment sector:<\/div><\/div><\/div><\/div><\/section>\n<\/div><section class=\"JB-1 h-section-background g-text\"><div class=\"container\"><div class=\"row\"><div class=\"col-lg-8\"><div class=\"g-text__bodytext\">\n<ul class=\"wp-block-list\">\n<li style=\"font-style:normal;font-weight:600\" class=\"has-medium-font-size\">Vertikale St\u00fctzen<\/li>\n\n\n\n<li style=\"font-style:normal;font-weight:600\" class=\"has-medium-font-size\">L\u00e4ngsbalken<\/li>\n\n\n\n<li style=\"font-style:normal;font-weight:600\" class=\"has-medium-font-size\">Diagonale Traversen<\/li>\n\n\n\n<li style=\"font-style:normal;font-weight:600\" class=\"has-medium-font-size\">Querbalken<\/li>\n\n\n\n<li style=\"font-style:normal;font-weight:600\" class=\"has-medium-font-size\">Spange Kanal<\/li>\n\n\n\n<li style=\"font-style:normal;font-weight:600\" class=\"has-medium-font-size\">Profile unterst\u00fctzen<\/li>\n\n\n\n<li style=\"font-style:normal;font-weight:600\" class=\"has-medium-font-size\">Shuttle-Schienen<\/li>\n\n\n\n<li style=\"font-style:normal;font-weight:600\" class=\"has-medium-font-size\">F\u00fchrungsschienen f\u00fcr Paletten\/Minilasten<\/li>\n<\/ul>\n<\/div><\/div><\/div><\/div><\/section><section class=\"JB-1 h-section-background g-text\"><div class=\"container\"><div class=\"row\"><div class=\"col-lg-8\"><div class=\"g-text__title\">\n<h4 class=\"wp-block-heading\" id=\"global-partner\">Durch die Zusammenarbeit mit Hadley k\u00f6nnen Sie sicherstellen, dass Ihre Metallkomponenten f\u00fcr Ihre automatisierten Systeme ma\u00dfgeschneidert entworfen und entwickelt werden.<\/h4>\n<\/div><\/div><\/div><\/div><\/section><div class=\"JB-1 h-section-background\">\n<section class=\"wp-block-stradigi-gutenberg-fixed-spacer g-spacer g-spacer--size-small\"><\/section>\n<\/div><div class=\"JB-1 h-section-background\">\n<section class=\"wp-block-stradigi-gutenberg-text-image g-text-image\" id=\"tolerance\"><div class=\"container\"><div class=\"g-text-image__row row\"><div data-translate=\"true\" class=\"order-2 offset-xl-1 col-md-5\"><div class=\"g-text-image__content\"><section class=\"JB-1 h-section-background g-text\"><div class=\"container\"><div class=\"row\"><div class=\"col-lg-8\"><div class=\"g-text__bodytext\">\n<ul class=\"wp-block-list\">\n<li>Durch Schwei\u00dfen, Biegen und Inline-Schneiden erhalten Sie ein skalierbares System, das aus individuell geformten Metallkomponenten besteht.  <\/li>\n\n\n\n<li>Toleranz, Wiederholbarkeit und Qualit\u00e4t jedes Teils m\u00fcssen exakt sein &#8211; Loch- und Schlitzmerkmale werden nach Ihren Vorgaben kontrolliert  <\/li>\n\n\n\n<li>Stanzen und Formen sind f\u00fcr die Integrit\u00e4t der Struktur, an der Ihre Roboter arbeiten, von gr\u00f6\u00dfter Bedeutung \u2013 sie bieten Genauigkeit und Stabilit\u00e4t f\u00fcr die Hochgeschwindigkeitskommissionierung von Produkten <\/li>\n\n\n\n<li>Rollformabschnitte mit Positions- und Bezugsl\u00f6chern f\u00fcr eine kosteng\u00fcnstige sp\u00e4tere Montage<\/li>\n\n\n\n<li>Vertikal und horizontal eine Struktur schaffen, die die H\u00f6he und den verf\u00fcgbaren Raum maximiert<\/li>\n\n\n\n<li>Montageprozess an der Quelle der Herstellung, bietet enorme Einsparungen an Ressourcen und Zeit  <\/li>\n\n\n\n<li>Sie k\u00f6nnen vollst\u00e4ndig montierte Produkte in unserem Werk lagern \u2013 p\u00fcnktliche Lieferung an Ihren Standort f\u00fcr eine effiziente Installation, wodurch die Herausforderung der Montage auf engstem oder minimalem Raum vor Ort beseitigt wird <\/li>\n\n\n\n<li>Alle Artikel werden in einer sicheren Verpackung geliefert, sodass die Teile direkt in die Installation flie\u00dfen k\u00f6nnen <\/li>\n<\/ul>\n<\/div><\/div><\/div><\/div><\/section><\/div><\/div><article data-translate=\"true\" class=\"order-1 col-md-7 col-xl-6\"><div class=\"g-text-image__sidenote g-backend-outline\"><span class=\"a-lines__white-line\"><\/span><span class=\"a-lines__red-line\"><\/span><img decoding=\"async\" class=\"g-text-image__image\" src=\"http:\/\/hadleycustomrollform.com\/app\/uploads\/2023\/08\/AdobeStock_76339834-1.jpg\" alt=\"adobestock_76339834-2\"\/><\/div><\/article><\/div><\/div><\/section>\n<\/div><div class=\"JB-1 h-section-background\">\n<section class=\"wp-block-stradigi-gutenberg-subtitle g-text g-text--text-aligns-left\"><div class=\"container\"><div class=\"row\"><div class=\"col-md-10 col-lg-8\"><div class=\"g-text__subtitle\">Do you have questions? Not sure if your part can be manufactured in the cold roll form process? Ask our experts today<\/div><\/div><\/div><\/div><\/section>\n<\/div><div class=\"JB-1 h-section-background\">\n<section class=\"wp-block-stradigi-gutenberg-text-cta g-text\"><div class=\"container\"><div class=\"row\"><div class=\"col-lg-8\"><div class=\"g-text__bodytext\"><p><\/p><\/div><a href=\"http:\/\/hadleycustomrollform.com\/de\/kontakt\/\" class=\"c-button g-text__button\">Contact us<i class=\"fas fa-sm fa-chevron-right\"><\/i><\/a><\/div><\/div><\/div><\/section>\n<\/div><div class=\"JB-1 h-section-background\">\n<section class=\"wp-block-stradigi-gutenberg-fixed-spacer g-spacer g-spacer--size-large\"><\/section>\n<\/div>","protected":false},"excerpt":{"rendered":"<p>Ganz gleich, ob Sie ein hochmodernes robotergest\u00fctztes Fulfillment-Center oder ein High-Tech-Lager f\u00fcr den Einzelhandel entwickeln, Sie ben\u00f6tigen eine starke, pr\u00e4zise\u2026 <a href=\"https:\/\/hadleycustomrollform.com\/de\/rollformen-nach-mass\/einzelhandel-und-fullfilment\/\">&#8230;<\/a><\/p>\n","protected":false},"author":3,"featured_media":8482,"parent":1819,"menu_order":0,"comment_status":"closed","ping_status":"closed","template":"","meta":{"_acf_changed":false,"footnotes":""},"categories":[],"class_list":["post-1952","page","type-page","status-publish","has-post-thumbnail","hentry"],"acf":[],"yoast_head":"<!-- This site is optimized with the Yoast SEO Premium plugin v25.1 (Yoast SEO v27.1.1) - https:\/\/yoast.com\/product\/yoast-seo-premium-wordpress\/ -->\n<title>Einzelhandel und Fulfillment - Hadley Custom Roll Form<\/title>\n<meta name=\"description\" content=\"Mit der zunehmenden Nachfrage nach E-Commerce steigt auch der Bedarf an automatisierten E-Fulfillment-Zentren. Finden Sie heraus, wie Hadley helfen kann\" \/>\n<meta name=\"robots\" content=\"noindex, follow, max-snippet:-1, max-image-preview:large, max-video-preview:-1\" \/>\n<meta property=\"og:locale\" content=\"de_DE\" \/>\n<meta property=\"og:type\" content=\"article\" \/>\n<meta property=\"og:title\" content=\"Einzelhandel und Fulfillment\" \/>\n<meta property=\"og:description\" content=\"Mit der zunehmenden Nachfrage nach E-Commerce steigt auch der Bedarf an automatisierten E-Fulfillment-Zentren. Finden Sie heraus, wie Hadley helfen kann\" \/>\n<meta property=\"og:url\" content=\"https:\/\/hadleycustomrollform.com\/de\/rollformen-nach-mass\/einzelhandel-und-fullfilment\/\" \/>\n<meta property=\"og:site_name\" content=\"Hadley Custom Roll Form\" \/>\n<meta property=\"article:publisher\" content=\"https:\/\/www.facebook.com\/HadleyGroupGlobal\" \/>\n<meta property=\"article:modified_time\" content=\"2025-09-08T11:44:36+00:00\" \/>\n<meta property=\"og:image\" content=\"https:\/\/hadleycustomrollform.com\/app\/uploads\/2023\/08\/Automated-Warehouse-image.jpg\" \/>\n\t<meta property=\"og:image:width\" content=\"2000\" \/>\n\t<meta property=\"og:image:height\" content=\"1143\" \/>\n\t<meta property=\"og:image:type\" content=\"image\/jpeg\" \/>\n<meta name=\"twitter:card\" content=\"summary_large_image\" \/>\n<meta name=\"twitter:site\" content=\"@hadley_group\" \/>\n<meta name=\"twitter:label1\" content=\"Est. reading time\" \/>\n\t<meta name=\"twitter:data1\" content=\"2 minutes\" \/>\n<script type=\"application\/ld+json\" class=\"yoast-schema-graph\">{\"@context\":\"https:\/\/schema.org\",\"@graph\":[{\"@type\":\"WebPage\",\"@id\":\"https:\/\/hadleycustomrollform.com\/de\/rollformen-nach-mass\/einzelhandel-und-fullfilment\/\",\"url\":\"https:\/\/hadleycustomrollform.com\/de\/rollformen-nach-mass\/einzelhandel-und-fullfilment\/\",\"name\":\"Einzelhandel und Fulfillment - Hadley Custom Roll Form\",\"isPartOf\":{\"@id\":\"https:\/\/hadleycustomrollform.com\/de\/#website\"},\"primaryImageOfPage\":{\"@id\":\"https:\/\/hadleycustomrollform.com\/de\/rollformen-nach-mass\/einzelhandel-und-fullfilment\/#primaryimage\"},\"image\":{\"@id\":\"https:\/\/hadleycustomrollform.com\/de\/rollformen-nach-mass\/einzelhandel-und-fullfilment\/#primaryimage\"},\"thumbnailUrl\":\"https:\/\/hadleycustomrollform.com\/app\/uploads\/2023\/08\/Automated-Warehouse-image.jpg\",\"datePublished\":\"2022-04-02T13:48:04+00:00\",\"dateModified\":\"2025-09-08T11:44:36+00:00\",\"description\":\"Mit der zunehmenden Nachfrage nach E-Commerce steigt auch der Bedarf an automatisierten E-Fulfillment-Zentren. Finden Sie heraus, wie Hadley helfen kann\",\"breadcrumb\":{\"@id\":\"https:\/\/hadleycustomrollform.com\/de\/rollformen-nach-mass\/einzelhandel-und-fullfilment\/#breadcrumb\"},\"inLanguage\":\"de-DE\",\"potentialAction\":[{\"@type\":\"ReadAction\",\"target\":[\"https:\/\/hadleycustomrollform.com\/de\/rollformen-nach-mass\/einzelhandel-und-fullfilment\/\"]}]},{\"@type\":\"ImageObject\",\"inLanguage\":\"de-DE\",\"@id\":\"https:\/\/hadleycustomrollform.com\/de\/rollformen-nach-mass\/einzelhandel-und-fullfilment\/#primaryimage\",\"url\":\"https:\/\/hadleycustomrollform.com\/app\/uploads\/2023\/08\/Automated-Warehouse-image.jpg\",\"contentUrl\":\"https:\/\/hadleycustomrollform.com\/app\/uploads\/2023\/08\/Automated-Warehouse-image.jpg\",\"width\":2000,\"height\":1143,\"caption\":\"Automated-Warehouse-image\"},{\"@type\":\"BreadcrumbList\",\"@id\":\"https:\/\/hadleycustomrollform.com\/de\/rollformen-nach-mass\/einzelhandel-und-fullfilment\/#breadcrumb\",\"itemListElement\":[{\"@type\":\"ListItem\",\"position\":1,\"name\":\"Home\",\"item\":\"https:\/\/hadleycustomrollform.com\/de\/\"},{\"@type\":\"ListItem\",\"position\":2,\"name\":\"Rollformen nach Ma\u00df\",\"item\":\"https:\/\/hadleycustomrollform.com\/de\/\"},{\"@type\":\"ListItem\",\"position\":3,\"name\":\"Einzelhandel und Fulfillment\"}]},{\"@type\":\"WebSite\",\"@id\":\"https:\/\/hadleycustomrollform.com\/de\/#website\",\"url\":\"https:\/\/hadleycustomrollform.com\/de\/\",\"name\":\"Hadley Group\",\"description\":\"Shaping the Future in Metal\",\"publisher\":{\"@id\":\"https:\/\/hadleycustomrollform.com\/de\/#organization\"},\"potentialAction\":[{\"@type\":\"SearchAction\",\"target\":{\"@type\":\"EntryPoint\",\"urlTemplate\":\"https:\/\/hadleycustomrollform.com\/de\/?s={search_term_string}\"},\"query-input\":{\"@type\":\"PropertyValueSpecification\",\"valueRequired\":true,\"valueName\":\"search_term_string\"}}],\"inLanguage\":\"de-DE\"},{\"@type\":\"Organization\",\"@id\":\"https:\/\/hadleycustomrollform.com\/de\/#organization\",\"name\":\"Hadley Group\",\"url\":\"https:\/\/hadleycustomrollform.com\/de\/\",\"logo\":{\"@type\":\"ImageObject\",\"inLanguage\":\"de-DE\",\"@id\":\"https:\/\/hadleycustomrollform.com\/de\/#\/schema\/logo\/image\/\",\"url\":\"http:\/\/hadleycustomrollform.com\/app\/uploads\/2023\/01\/Hadley-Group-logo.jpg\",\"contentUrl\":\"http:\/\/hadleycustomrollform.com\/app\/uploads\/2023\/01\/Hadley-Group-logo.jpg\",\"width\":1280,\"height\":300,\"caption\":\"Hadley Group\"},\"image\":{\"@id\":\"https:\/\/hadleycustomrollform.com\/de\/#\/schema\/logo\/image\/\"},\"sameAs\":[\"https:\/\/www.facebook.com\/HadleyGroupGlobal\",\"https:\/\/x.com\/hadley_group\",\"https:\/\/www.youtube.com\/@HadleyGroupSmethwick\",\"https:\/\/www.linkedin.com\/company\/hadley-group-\/\"]}]}<\/script>\n<!-- \/ Yoast SEO Premium plugin. -->","yoast_head_json":{"title":"Einzelhandel und Fulfillment - Hadley Custom Roll Form","description":"Mit der zunehmenden Nachfrage nach E-Commerce steigt auch der Bedarf an automatisierten E-Fulfillment-Zentren. Finden Sie heraus, wie Hadley helfen kann","robots":{"index":"noindex","follow":"follow","max-snippet":"max-snippet:-1","max-image-preview":"max-image-preview:large","max-video-preview":"max-video-preview:-1"},"og_locale":"de_DE","og_type":"article","og_title":"Einzelhandel und Fulfillment","og_description":"Mit der zunehmenden Nachfrage nach E-Commerce steigt auch der Bedarf an automatisierten E-Fulfillment-Zentren. Finden Sie heraus, wie Hadley helfen kann","og_url":"https:\/\/hadleycustomrollform.com\/de\/rollformen-nach-mass\/einzelhandel-und-fullfilment\/","og_site_name":"Hadley Custom Roll Form","article_publisher":"https:\/\/www.facebook.com\/HadleyGroupGlobal","article_modified_time":"2025-09-08T11:44:36+00:00","og_image":[{"width":2000,"height":1143,"url":"https:\/\/hadleycustomrollform.com\/app\/uploads\/2023\/08\/Automated-Warehouse-image.jpg","type":"image\/jpeg"}],"twitter_card":"summary_large_image","twitter_site":"@hadley_group","twitter_misc":{"Est. reading time":"2 minutes"},"schema":{"@context":"https:\/\/schema.org","@graph":[{"@type":"WebPage","@id":"https:\/\/hadleycustomrollform.com\/de\/rollformen-nach-mass\/einzelhandel-und-fullfilment\/","url":"https:\/\/hadleycustomrollform.com\/de\/rollformen-nach-mass\/einzelhandel-und-fullfilment\/","name":"Einzelhandel und Fulfillment - Hadley Custom Roll Form","isPartOf":{"@id":"https:\/\/hadleycustomrollform.com\/de\/#website"},"primaryImageOfPage":{"@id":"https:\/\/hadleycustomrollform.com\/de\/rollformen-nach-mass\/einzelhandel-und-fullfilment\/#primaryimage"},"image":{"@id":"https:\/\/hadleycustomrollform.com\/de\/rollformen-nach-mass\/einzelhandel-und-fullfilment\/#primaryimage"},"thumbnailUrl":"https:\/\/hadleycustomrollform.com\/app\/uploads\/2023\/08\/Automated-Warehouse-image.jpg","datePublished":"2022-04-02T13:48:04+00:00","dateModified":"2025-09-08T11:44:36+00:00","description":"Mit der zunehmenden Nachfrage nach E-Commerce steigt auch der Bedarf an automatisierten E-Fulfillment-Zentren. Finden Sie heraus, wie Hadley helfen kann","breadcrumb":{"@id":"https:\/\/hadleycustomrollform.com\/de\/rollformen-nach-mass\/einzelhandel-und-fullfilment\/#breadcrumb"},"inLanguage":"de-DE","potentialAction":[{"@type":"ReadAction","target":["https:\/\/hadleycustomrollform.com\/de\/rollformen-nach-mass\/einzelhandel-und-fullfilment\/"]}]},{"@type":"ImageObject","inLanguage":"de-DE","@id":"https:\/\/hadleycustomrollform.com\/de\/rollformen-nach-mass\/einzelhandel-und-fullfilment\/#primaryimage","url":"https:\/\/hadleycustomrollform.com\/app\/uploads\/2023\/08\/Automated-Warehouse-image.jpg","contentUrl":"https:\/\/hadleycustomrollform.com\/app\/uploads\/2023\/08\/Automated-Warehouse-image.jpg","width":2000,"height":1143,"caption":"Automated-Warehouse-image"},{"@type":"BreadcrumbList","@id":"https:\/\/hadleycustomrollform.com\/de\/rollformen-nach-mass\/einzelhandel-und-fullfilment\/#breadcrumb","itemListElement":[{"@type":"ListItem","position":1,"name":"Home","item":"https:\/\/hadleycustomrollform.com\/de\/"},{"@type":"ListItem","position":2,"name":"Rollformen nach Ma\u00df","item":"https:\/\/hadleycustomrollform.com\/de\/"},{"@type":"ListItem","position":3,"name":"Einzelhandel und Fulfillment"}]},{"@type":"WebSite","@id":"https:\/\/hadleycustomrollform.com\/de\/#website","url":"https:\/\/hadleycustomrollform.com\/de\/","name":"Hadley Group","description":"Shaping the Future in Metal","publisher":{"@id":"https:\/\/hadleycustomrollform.com\/de\/#organization"},"potentialAction":[{"@type":"SearchAction","target":{"@type":"EntryPoint","urlTemplate":"https:\/\/hadleycustomrollform.com\/de\/?s={search_term_string}"},"query-input":{"@type":"PropertyValueSpecification","valueRequired":true,"valueName":"search_term_string"}}],"inLanguage":"de-DE"},{"@type":"Organization","@id":"https:\/\/hadleycustomrollform.com\/de\/#organization","name":"Hadley Group","url":"https:\/\/hadleycustomrollform.com\/de\/","logo":{"@type":"ImageObject","inLanguage":"de-DE","@id":"https:\/\/hadleycustomrollform.com\/de\/#\/schema\/logo\/image\/","url":"http:\/\/hadleycustomrollform.com\/app\/uploads\/2023\/01\/Hadley-Group-logo.jpg","contentUrl":"http:\/\/hadleycustomrollform.com\/app\/uploads\/2023\/01\/Hadley-Group-logo.jpg","width":1280,"height":300,"caption":"Hadley Group"},"image":{"@id":"https:\/\/hadleycustomrollform.com\/de\/#\/schema\/logo\/image\/"},"sameAs":["https:\/\/www.facebook.com\/HadleyGroupGlobal","https:\/\/x.com\/hadley_group","https:\/\/www.youtube.com\/@HadleyGroupSmethwick","https:\/\/www.linkedin.com\/company\/hadley-group-\/"]}]}},"_links":{"self":[{"href":"https:\/\/hadleycustomrollform.com\/de\/wp-json\/wp\/v2\/pages\/1952","targetHints":{"allow":["GET"]}}],"collection":[{"href":"https:\/\/hadleycustomrollform.com\/de\/wp-json\/wp\/v2\/pages"}],"about":[{"href":"https:\/\/hadleycustomrollform.com\/de\/wp-json\/wp\/v2\/types\/page"}],"author":[{"embeddable":true,"href":"https:\/\/hadleycustomrollform.com\/de\/wp-json\/wp\/v2\/users\/3"}],"replies":[{"embeddable":true,"href":"https:\/\/hadleycustomrollform.com\/de\/wp-json\/wp\/v2\/comments?post=1952"}],"version-history":[{"count":10,"href":"https:\/\/hadleycustomrollform.com\/de\/wp-json\/wp\/v2\/pages\/1952\/revisions"}],"predecessor-version":[{"id":16232,"href":"https:\/\/hadleycustomrollform.com\/de\/wp-json\/wp\/v2\/pages\/1952\/revisions\/16232"}],"up":[{"embeddable":true,"href":"https:\/\/hadleycustomrollform.com\/de\/wp-json\/wp\/v2\/pages\/1819"}],"wp:featuredmedia":[{"embeddable":true,"href":"https:\/\/hadleycustomrollform.com\/de\/wp-json\/wp\/v2\/media\/8482"}],"wp:attachment":[{"href":"https:\/\/hadleycustomrollform.com\/de\/wp-json\/wp\/v2\/media?parent=1952"}],"wp:term":[{"taxonomy":"category","embeddable":true,"href":"https:\/\/hadleycustomrollform.com\/de\/wp-json\/wp\/v2\/categories?post=1952"}],"curies":[{"name":"wp","href":"https:\/\/api.w.org\/{rel}","templated":true}]}}