{"id":1964,"date":"2022-04-02T13:33:02","date_gmt":"2022-04-02T13:33:02","guid":{"rendered":"http:\/\/hadleycustomrollform.com\/landwirtschaft\/"},"modified":"2022-12-22T14:01:08","modified_gmt":"2022-12-22T14:01:08","slug":"landwirtschaft","status":"publish","type":"page","link":"https:\/\/hadleycustomrollform.com\/de\/rollformen-nach-mass\/landwirtschaft\/","title":{"rendered":"Landwirtschaft"},"content":{"rendered":"<background-video inline-template :autoplay=\"true\" video=\"\"> \n<section class=\"wp-block-stradigi-gutenberg-hero g-hero container-fluid p-0 g-hero--has-overlay\" style=\"background-image:url(&quot;http:\/\/hadleycustomrollform.com\/app\/uploads\/2022\/04\/MCP_5917.jpg&quot;)\" data-youtube-url=\"\"><div class=\"g-hero--filter\"><\/div><div class=\"g-hero__container container\"><div class=\"g-hero__wrap\"><h1 class=\"g-hero__heading\">Landwirtschaft<\/h1><div class=\"g-hero__body\"><div class=\"g-hero__body__text\"><p><\/p><\/div><div class=\"g-hero__body__buttons\"><\/div><\/div><\/div><div class=\"g-hero__chevron__container d-none d-lg-block\"><i class=\"fas fa-chevron-down fa-3x scrollDown\"><\/i><\/div><\/div><\/section>\n <\/background-video>\n\n<div class=\"JB-1 h-section-background\">\n<section class=\"wp-block-stradigi-gutenberg-fixed-spacer g-spacer g-spacer--size-Mittel g-spacer--size-medium\"><\/section>\n<\/div>\n\n<section class=\"JB-1 h-section-background g-text\"><div class=\"container\"><div class=\"row\"><div class=\"col-lg-8\"><div class=\"g-text__title\">\n<h6 class=\"wp-block-heading\">Hadleys Know-how in der Herstellung von kaltgewalzten Stahlprodukten hat die Entwicklung einer Reihe von landwirtschaftlichen Systemen erm\u00f6glicht, die Ihnen eine einzigartige Kombination aus Haltbarkeit, Stabilit\u00e4t und Wert bieten. <\/h6>\n<\/div><\/div><\/div><\/div><\/section>\n\n<section class=\"JB-1 h-section-background g-text\"><div class=\"container\"><div class=\"row\"><div class=\"col-lg-8\"><div class=\"g-text__bodytext\">\n<p>Die Produkte werden in eine Vielzahl von landwirtschaftlichen Sektoren geliefert, darunter: <\/p>\n<\/div><\/div><\/div><\/div><\/section>\n\n<section class=\"JB-1 h-section-background g-text\"><div class=\"container\"><div class=\"row\"><div class=\"col-lg-8\"><div class=\"g-text__bodytext\">\n<ul class=\"wp-block-list\">\n<li>Anbau- und Weinbergsmanagement<\/li>\n\n\n\n<li>Tierhaltung<\/li>\n\n\n\n<li>Gefl\u00fcgel<\/li>\n\n\n\n<li>Landwirtschaftliche Maschinen<\/li>\n<\/ul>\n<\/div><\/div><\/div><\/div><\/section>\n\n<section class=\"JB-1 h-section-background g-text\"><div class=\"container\"><div class=\"row\"><div class=\"col-lg-8\"><div class=\"g-text__title\">\n<h2 class=\"wp-block-heading\">Weinbergpf\u00e4hle aus Metall<\/h2>\n<\/div><\/div><\/div><\/div><\/section>\n\n<section class=\"JB-1 h-section-background g-text\"><div class=\"container\"><div class=\"row\"><div class=\"col-lg-8\"><div class=\"g-text__bodytext\">\n<p>Die Weinbergpf\u00e4hle aus Metall der Hadley Group sind das Ergebnis umfangreicher Produktentwicklungen, um den spezifischen Anforderungen von Weinbauern auf der ganzen Welt an Drahthalterungen gerecht zu werden. Das Unternehmen kann auch kundenspezifische Weinpf\u00e4hle entwerfen und produzieren, Prototypmuster im eigenen Haus entwickeln und nach der Genehmigung die Weinpf\u00e4hle in gro\u00dfen Mengen f\u00fcr jedes Weinbergprojekt herstellen.<\/p>\n<\/div><\/div><\/div><\/div><\/section>\n\n<div class=\"JB-1 h-section-background\">\n<section class=\"wp-block-stradigi-gutenberg-sidenote g-sidenote\"><div class=\"container\"><div class=\"g-sidenote__row row\"><div class=\"col-lg-5\"><div class=\"g-sidenote__content\">\n<section class=\"JB-1 h-section-background g-text\"><div class=\"container\"><div class=\"row\"><div class=\"col-lg-8\"><div class=\"g-text__bodytext\">\n<p>Durch die Verwendung des <strong>UltraSTEEL\u00ae-<\/strong> Prozesses zur Bereitstellung einer einzigartigen Kombination aus Haltbarkeit und Leistung kann Ihr Weinberg von der au\u00dfergew\u00f6hnlichen Tragf\u00e4higkeit und dem krankheitsresistenten Stahl profitieren, um ges\u00fcndere Ernten zu erm\u00f6glichen. Unsere Weinpf\u00e4hle \u00fcbertreffen traditionelle h\u00f6lzerne Weinpf\u00e4hle oder alternative Weinst\u00fctzen aus Metall als Premium-L\u00f6sung auf dem Markt. <br> <br>Der Stahl wird zwischen zwei Gegenrollen gewalzt, wodurch ein Noppenmuster auf der Oberfl\u00e4che entsteht. Diese \u201eArbeitsverfestigung\u201c f\u00fchrt zu einem viel st\u00e4rkeren Produkt, das einen besseren Halt im Boden f\u00fcr mehr Stabilit\u00e4t bietet. Die Vine-Pf\u00e4hle sind langlebig und wartungsarm und garantieren eine Korrosionsbest\u00e4ndigkeit von bis zu 25 Jahren.<\/p>\n<\/div><\/div><\/div><\/div><\/section>\n<\/div><\/div><article class=\"col-md-7 offset-xl-1 col-xl-6\"><div class=\"g-sidenote__sidenote\" style=\"background-image:url(&quot;http:\/\/hadleycustomrollform.com\/app\/uploads\/2022\/04\/Hadley-Group-Produt1243000376-1024x328.jpg&quot;)\"><h3 class=\"g-sidenote__sidenote-subtitle\">Hadley<br>UltraSTEEL<\/h3><div class=\"g-sidenote__sidenote-content\"><p><\/p><\/div><a href=\"http:\/\/hadleycustomrollform.com\/de\/rollformen-nach-mass\/ultrasteel\/\" class=\"c-button g-sidenote__sidenote-cta\">Finde mehr heraus<i class=\"fas fa-sm fa-chevron-right\"><\/i><\/a><\/div><\/article><\/div><\/div><\/section>\n<\/div>\n\n<div class=\"JB-1 h-section-background\">\n<section class=\"wp-block-stradigi-gutenberg-fixed-spacer g-spacer g-spacer--size-klein g-spacer--size-small\"><\/section>\n<\/div>\n\n<div class=\"JB-1 h-section-background\">\n<section class=\"wp-block-stradigi-gutenberg-text-cta g-text\"><div class=\"container\"><div class=\"row\"><div class=\"col-lg-8\"><div class=\"g-text__bodytext\"><p>Hast du Fragen? Sie sind sich nicht sicher, ob Ihr Teil im Kaltwalzverfahren hergestellt werden kann? Fragen Sie noch heute unsere Experten<\/p><\/div><a href=\"http:\/\/hadleycustomrollform.com\/de\/kontakt\/\" class=\"c-button g-text__button\">Kontaktiere uns<i class=\"fas fa-sm fa-chevron-right\"><\/i><\/a><\/div><\/div><\/div><\/section>\n<\/div>\n\n<div class=\"JB-1 h-section-background\">\n<section class=\"wp-block-stradigi-gutenberg-fixed-spacer g-spacer g-spacer--size-gro\u00df g-spacer--size-large\"><\/section>\n<\/div>","protected":false},"excerpt":{"rendered":"<p>Hadleys Know-how in der Herstellung von kaltgewalzten Stahlprodukten hat die Entwicklung einer Reihe von landwirtschaftlichen Systemen erm\u00f6glicht, die Ihnen eine\u2026 <a href=\"https:\/\/hadleycustomrollform.com\/de\/rollformen-nach-mass\/landwirtschaft\/\">&#8230;<\/a><\/p>\n","protected":false},"author":3,"featured_media":0,"parent":1819,"menu_order":0,"comment_status":"closed","ping_status":"closed","template":"","meta":{"_acf_changed":false,"footnotes":""},"categories":[],"class_list":["post-1964","page","type-page","status-publish","hentry"],"acf":[],"yoast_head":"<!-- This site is optimized with the Yoast SEO Premium plugin v25.1 (Yoast SEO v27.1.1) - https:\/\/yoast.com\/product\/yoast-seo-premium-wordpress\/ -->\n<title>Landwirtschaft - Hadley Custom Roll Form<\/title>\n<meta name=\"description\" content=\"Hadleys Fachwissen hat die Entwicklung verschiedener Anbausysteme in einer Vielzahl von landwirtschaftlichen Sektoren begleitet. Kontaktieren Sie uns!\" \/>\n<meta name=\"robots\" content=\"noindex, follow, max-snippet:-1, max-image-preview:large, max-video-preview:-1\" \/>\n<meta property=\"og:locale\" content=\"de_DE\" \/>\n<meta property=\"og:type\" content=\"article\" \/>\n<meta property=\"og:title\" content=\"Landwirtschaft\" \/>\n<meta property=\"og:description\" content=\"Hadleys Fachwissen hat die Entwicklung verschiedener Anbausysteme in einer Vielzahl von landwirtschaftlichen Sektoren begleitet. Kontaktieren Sie uns!\" \/>\n<meta property=\"og:url\" content=\"https:\/\/hadleycustomrollform.com\/de\/rollformen-nach-mass\/landwirtschaft\/\" \/>\n<meta property=\"og:site_name\" content=\"Hadley Custom Roll Form\" \/>\n<meta property=\"article:publisher\" content=\"https:\/\/www.facebook.com\/HadleyGroupGlobal\" \/>\n<meta property=\"article:modified_time\" content=\"2022-12-22T14:01:08+00:00\" \/>\n<meta property=\"og:image\" content=\"https:\/\/hadleycustomrollform.com\/app\/uploads\/2023\/01\/Hadley-Group-logo.jpg\" \/>\n\t<meta property=\"og:image:width\" content=\"1280\" \/>\n\t<meta property=\"og:image:height\" content=\"300\" \/>\n\t<meta property=\"og:image:type\" content=\"image\/jpeg\" \/>\n<meta name=\"twitter:card\" content=\"summary_large_image\" \/>\n<meta name=\"twitter:site\" content=\"@hadley_group\" \/>\n<meta name=\"twitter:label1\" content=\"Est. reading time\" \/>\n\t<meta name=\"twitter:data1\" content=\"1 minute\" \/>\n<script type=\"application\/ld+json\" class=\"yoast-schema-graph\">{\"@context\":\"https:\/\/schema.org\",\"@graph\":[{\"@type\":\"WebPage\",\"@id\":\"https:\/\/hadleycustomrollform.com\/de\/rollformen-nach-mass\/landwirtschaft\/\",\"url\":\"https:\/\/hadleycustomrollform.com\/de\/rollformen-nach-mass\/landwirtschaft\/\",\"name\":\"Landwirtschaft - Hadley Custom Roll Form\",\"isPartOf\":{\"@id\":\"https:\/\/hadleycustomrollform.com\/de\/#website\"},\"datePublished\":\"2022-04-02T13:33:02+00:00\",\"dateModified\":\"2022-12-22T14:01:08+00:00\",\"description\":\"Hadleys Fachwissen hat die Entwicklung verschiedener Anbausysteme in einer Vielzahl von landwirtschaftlichen Sektoren begleitet. Kontaktieren Sie uns!\",\"breadcrumb\":{\"@id\":\"https:\/\/hadleycustomrollform.com\/de\/rollformen-nach-mass\/landwirtschaft\/#breadcrumb\"},\"inLanguage\":\"de-DE\",\"potentialAction\":[{\"@type\":\"ReadAction\",\"target\":[\"https:\/\/hadleycustomrollform.com\/de\/rollformen-nach-mass\/landwirtschaft\/\"]}]},{\"@type\":\"BreadcrumbList\",\"@id\":\"https:\/\/hadleycustomrollform.com\/de\/rollformen-nach-mass\/landwirtschaft\/#breadcrumb\",\"itemListElement\":[{\"@type\":\"ListItem\",\"position\":1,\"name\":\"Home\",\"item\":\"https:\/\/hadleycustomrollform.com\/de\/\"},{\"@type\":\"ListItem\",\"position\":2,\"name\":\"Rollformen nach Ma\u00df\",\"item\":\"https:\/\/hadleycustomrollform.com\/de\/\"},{\"@type\":\"ListItem\",\"position\":3,\"name\":\"Landwirtschaft\"}]},{\"@type\":\"WebSite\",\"@id\":\"https:\/\/hadleycustomrollform.com\/de\/#website\",\"url\":\"https:\/\/hadleycustomrollform.com\/de\/\",\"name\":\"Hadley Group\",\"description\":\"Shaping the Future in Metal\",\"publisher\":{\"@id\":\"https:\/\/hadleycustomrollform.com\/de\/#organization\"},\"potentialAction\":[{\"@type\":\"SearchAction\",\"target\":{\"@type\":\"EntryPoint\",\"urlTemplate\":\"https:\/\/hadleycustomrollform.com\/de\/?s={search_term_string}\"},\"query-input\":{\"@type\":\"PropertyValueSpecification\",\"valueRequired\":true,\"valueName\":\"search_term_string\"}}],\"inLanguage\":\"de-DE\"},{\"@type\":\"Organization\",\"@id\":\"https:\/\/hadleycustomrollform.com\/de\/#organization\",\"name\":\"Hadley Group\",\"url\":\"https:\/\/hadleycustomrollform.com\/de\/\",\"logo\":{\"@type\":\"ImageObject\",\"inLanguage\":\"de-DE\",\"@id\":\"https:\/\/hadleycustomrollform.com\/de\/#\/schema\/logo\/image\/\",\"url\":\"http:\/\/hadleycustomrollform.com\/app\/uploads\/2023\/01\/Hadley-Group-logo.jpg\",\"contentUrl\":\"http:\/\/hadleycustomrollform.com\/app\/uploads\/2023\/01\/Hadley-Group-logo.jpg\",\"width\":1280,\"height\":300,\"caption\":\"Hadley Group\"},\"image\":{\"@id\":\"https:\/\/hadleycustomrollform.com\/de\/#\/schema\/logo\/image\/\"},\"sameAs\":[\"https:\/\/www.facebook.com\/HadleyGroupGlobal\",\"https:\/\/x.com\/hadley_group\",\"https:\/\/www.youtube.com\/@HadleyGroupSmethwick\",\"https:\/\/www.linkedin.com\/company\/hadley-group-\/\"]}]}<\/script>\n<!-- \/ Yoast SEO Premium plugin. -->","yoast_head_json":{"title":"Landwirtschaft - Hadley Custom Roll Form","description":"Hadleys Fachwissen hat die Entwicklung verschiedener Anbausysteme in einer Vielzahl von landwirtschaftlichen Sektoren begleitet. Kontaktieren Sie uns!","robots":{"index":"noindex","follow":"follow","max-snippet":"max-snippet:-1","max-image-preview":"max-image-preview:large","max-video-preview":"max-video-preview:-1"},"og_locale":"de_DE","og_type":"article","og_title":"Landwirtschaft","og_description":"Hadleys Fachwissen hat die Entwicklung verschiedener Anbausysteme in einer Vielzahl von landwirtschaftlichen Sektoren begleitet. Kontaktieren Sie uns!","og_url":"https:\/\/hadleycustomrollform.com\/de\/rollformen-nach-mass\/landwirtschaft\/","og_site_name":"Hadley Custom Roll Form","article_publisher":"https:\/\/www.facebook.com\/HadleyGroupGlobal","article_modified_time":"2022-12-22T14:01:08+00:00","og_image":[{"width":1280,"height":300,"url":"https:\/\/hadleycustomrollform.com\/app\/uploads\/2023\/01\/Hadley-Group-logo.jpg","type":"image\/jpeg"}],"twitter_card":"summary_large_image","twitter_site":"@hadley_group","twitter_misc":{"Est. reading time":"1 minute"},"schema":{"@context":"https:\/\/schema.org","@graph":[{"@type":"WebPage","@id":"https:\/\/hadleycustomrollform.com\/de\/rollformen-nach-mass\/landwirtschaft\/","url":"https:\/\/hadleycustomrollform.com\/de\/rollformen-nach-mass\/landwirtschaft\/","name":"Landwirtschaft - Hadley Custom Roll Form","isPartOf":{"@id":"https:\/\/hadleycustomrollform.com\/de\/#website"},"datePublished":"2022-04-02T13:33:02+00:00","dateModified":"2022-12-22T14:01:08+00:00","description":"Hadleys Fachwissen hat die Entwicklung verschiedener Anbausysteme in einer Vielzahl von landwirtschaftlichen Sektoren begleitet. Kontaktieren Sie uns!","breadcrumb":{"@id":"https:\/\/hadleycustomrollform.com\/de\/rollformen-nach-mass\/landwirtschaft\/#breadcrumb"},"inLanguage":"de-DE","potentialAction":[{"@type":"ReadAction","target":["https:\/\/hadleycustomrollform.com\/de\/rollformen-nach-mass\/landwirtschaft\/"]}]},{"@type":"BreadcrumbList","@id":"https:\/\/hadleycustomrollform.com\/de\/rollformen-nach-mass\/landwirtschaft\/#breadcrumb","itemListElement":[{"@type":"ListItem","position":1,"name":"Home","item":"https:\/\/hadleycustomrollform.com\/de\/"},{"@type":"ListItem","position":2,"name":"Rollformen nach Ma\u00df","item":"https:\/\/hadleycustomrollform.com\/de\/"},{"@type":"ListItem","position":3,"name":"Landwirtschaft"}]},{"@type":"WebSite","@id":"https:\/\/hadleycustomrollform.com\/de\/#website","url":"https:\/\/hadleycustomrollform.com\/de\/","name":"Hadley Group","description":"Shaping the Future in Metal","publisher":{"@id":"https:\/\/hadleycustomrollform.com\/de\/#organization"},"potentialAction":[{"@type":"SearchAction","target":{"@type":"EntryPoint","urlTemplate":"https:\/\/hadleycustomrollform.com\/de\/?s={search_term_string}"},"query-input":{"@type":"PropertyValueSpecification","valueRequired":true,"valueName":"search_term_string"}}],"inLanguage":"de-DE"},{"@type":"Organization","@id":"https:\/\/hadleycustomrollform.com\/de\/#organization","name":"Hadley Group","url":"https:\/\/hadleycustomrollform.com\/de\/","logo":{"@type":"ImageObject","inLanguage":"de-DE","@id":"https:\/\/hadleycustomrollform.com\/de\/#\/schema\/logo\/image\/","url":"http:\/\/hadleycustomrollform.com\/app\/uploads\/2023\/01\/Hadley-Group-logo.jpg","contentUrl":"http:\/\/hadleycustomrollform.com\/app\/uploads\/2023\/01\/Hadley-Group-logo.jpg","width":1280,"height":300,"caption":"Hadley Group"},"image":{"@id":"https:\/\/hadleycustomrollform.com\/de\/#\/schema\/logo\/image\/"},"sameAs":["https:\/\/www.facebook.com\/HadleyGroupGlobal","https:\/\/x.com\/hadley_group","https:\/\/www.youtube.com\/@HadleyGroupSmethwick","https:\/\/www.linkedin.com\/company\/hadley-group-\/"]}]}},"_links":{"self":[{"href":"https:\/\/hadleycustomrollform.com\/de\/wp-json\/wp\/v2\/pages\/1964","targetHints":{"allow":["GET"]}}],"collection":[{"href":"https:\/\/hadleycustomrollform.com\/de\/wp-json\/wp\/v2\/pages"}],"about":[{"href":"https:\/\/hadleycustomrollform.com\/de\/wp-json\/wp\/v2\/types\/page"}],"author":[{"embeddable":true,"href":"https:\/\/hadleycustomrollform.com\/de\/wp-json\/wp\/v2\/users\/3"}],"replies":[{"embeddable":true,"href":"https:\/\/hadleycustomrollform.com\/de\/wp-json\/wp\/v2\/comments?post=1964"}],"version-history":[{"count":11,"href":"https:\/\/hadleycustomrollform.com\/de\/wp-json\/wp\/v2\/pages\/1964\/revisions"}],"predecessor-version":[{"id":6959,"href":"https:\/\/hadleycustomrollform.com\/de\/wp-json\/wp\/v2\/pages\/1964\/revisions\/6959"}],"up":[{"embeddable":true,"href":"https:\/\/hadleycustomrollform.com\/de\/wp-json\/wp\/v2\/pages\/1819"}],"wp:attachment":[{"href":"https:\/\/hadleycustomrollform.com\/de\/wp-json\/wp\/v2\/media?parent=1964"}],"wp:term":[{"taxonomy":"category","embeddable":true,"href":"https:\/\/hadleycustomrollform.com\/de\/wp-json\/wp\/v2\/categories?post=1964"}],"curies":[{"name":"wp","href":"https:\/\/api.w.org\/{rel}","templated":true}]}}