{"id":3294,"date":"2022-03-08T20:33:58","date_gmt":"2022-03-08T20:33:58","guid":{"rendered":"http:\/\/hadleycustomrollform.com\/hadley-group-technology\/simulationstechnik\/"},"modified":"2022-09-09T09:17:41","modified_gmt":"2022-09-09T09:17:41","slug":"simulationstechnik","status":"publish","type":"page","link":"https:\/\/hadleycustomrollform.com\/de\/rollformen-nach-mass\/hadley-group-technology\/simulationstechnik\/","title":{"rendered":"Simulationstechnik"},"content":{"rendered":"<background-video inline-template :autoplay=\"true\" video=\"\"> \n<section class=\"wp-block-stradigi-gutenberg-hero g-hero container-fluid p-0\" style=\"background-image:url(&quot;http:\/\/hadleycustomrollform.com\/app\/uploads\/2022\/03\/DSC_0113-mono.jpg&quot;)\" data-youtube-url=\"\"><div class=\"g-hero--filter\"><\/div><div class=\"g-hero__container container\"><div class=\"g-hero__wrap\"><h1 class=\"g-hero__heading\">Simulationstechnik<\/h1><div class=\"g-hero__body\"><div class=\"g-hero__body__text\"><p>\u00a0\u00a0<\/p><\/div><div class=\"g-hero__body__buttons\"><\/div><\/div><\/div><div class=\"g-hero__chevron__container d-none d-lg-block\"><i class=\"fas fa-chevron-down fa-3x scrollDown\"><\/i><\/div><\/div><\/section>\n <\/background-video>\n\n<div class=\"JB-1 h-section-background\">\n<section class=\"wp-block-stradigi-gutenberg-fixed-spacer g-spacer g-spacer--size-Mittel g-spacer--size-medium\"><\/section>\n<\/div>\n\n<section class=\"JB-1 h-section-background g-text\"><div class=\"container\"><div class=\"row\"><div class=\"col-lg-8\"><div class=\"g-text__title\">\n<h6 class=\"wp-block-heading\">Als Marktf\u00fchrer in bahnbrechender Engineering-Technologie nutzt Hadley Group Technology (HGT) eine Reihe verschiedener Computersimulationstools, um die Konstruktion von Produkten, Werkzeugen und Maschinen zu unterst\u00fctzen und zu optimieren. <\/h6>\n<\/div><\/div><\/div><\/div><\/section>\n\n<div class=\"JB-1 h-section-background\">\n<section class=\"wp-block-stradigi-gutenberg-fixed-spacer g-spacer g-spacer--size-klein g-spacer--size-small\"><\/section>\n<\/div>\n\n<section class=\"JB-1 h-section-background g-text\"><div class=\"container\"><div class=\"row\"><div class=\"col-lg-8\"><div class=\"g-text__bodytext\">\n<p>Die <strong>Finite Element Analysen<\/strong> (FEA) ist eine computergest\u00fctzte Methode zur Vorhersage, wie ein Produkt oder Prozess auf reale Kr\u00e4fte, Vibrationen, W\u00e4rme oder andere physikalische Effekte reagiert. In der Metallumformung bedeutet dies, dass unsere Werkzeugkonstrukteure die Grenzen der Umformbarkeit vorhersagen und die Werkzeugkonstruktion optimieren k\u00f6nnen, um ungleichm\u00e4\u00dfige Materialbelastungen zu minimieren \u2013 und die effektivsten Umformstrategien zu definieren. <\/p>\n<\/div><\/div><\/div><\/div><\/section>\n\n<section class=\"JB-1 h-section-background g-text\"><div class=\"container\"><div class=\"row\"><div class=\"col-lg-8\"><div class=\"g-text__bodytext\">\n<p>Diese nichtlineare Software kann auch verwendet werden, um den plastischen Versagensmodus und die Kapazit\u00e4tsgrenzen von rollgeformten Produkten vorherzusagen, wenn sie in realen Anwendungen eingesetzt werden. Die Vorhersage dieser Art von Verhalten erfordert unseren hochqualifizierten technischen Input sowie ein betr\u00e4chtliches Wissen dar\u00fcber, wie die Ergebnisse richtig interpretiert werden. <\/p>\n<\/div><\/div><\/div><\/div><\/section>\n\n<section class=\"JB-1 h-section-background g-text\"><div class=\"container\"><div class=\"row\"><div class=\"col-lg-8\"><div class=\"g-text__bodytext\">\n<p>Schlie\u00dflich werden integrierte CAD-Simulationstools bei der Konstruktion und Entwicklung von Maschinen und Anlagen verwendet, um die St\u00e4rke, Integrit\u00e4t und Robustheit unserer speziell angefertigten Anlagen sicherzustellen. <\/p>\n<\/div><\/div><\/div><\/div><\/section>\n\n<div class=\"JB-1 h-section-background\">\n<section class=\"wp-block-stradigi-gutenberg-sidenote g-sidenote\"><div class=\"container\"><div class=\"g-sidenote__row row\"><div class=\"col-lg-5\"><div class=\"g-sidenote__content\"><section class=\"JB-1 h-section-background g-text\"><div class=\"container\"><div class=\"row\"><div class=\"col-lg-8\"><div class=\"g-text__title\">\n<h6 class=\"wp-block-heading\">Zu den Vorteilen der Simulationstechnologie geh\u00f6ren: <\/h6>\n<\/div><\/div><\/div><\/div><\/section>\n\n<section class=\"JB-1 h-section-background g-text\"><div class=\"container\"><div class=\"row\"><div class=\"col-lg-8\"><div class=\"g-text__bodytext\">\n<ul class=\"wp-block-list\"><li>Schnelle Bewertung der Leistungsf\u00e4higkeit neuer Produkte und Systeme<\/li><li>Optimierung des Werkzeugdesigns zur Minimierung von Umformfehlern <\/li><li>Verringerung der Kosten und der Vorlaufzeit f\u00fcr neue Werkzeuge <\/li><li>F\u00e4higkeit, unsere Kunden bei ihrer eigenen Produktentwicklung zu unterst\u00fctzen <\/li><li>Optimierung bei der Konstruktion von Maschinenanlagen <\/li><li>F\u00e4higkeit, Konstruktionsprinzipien kontinuierlich zu aktualisieren <\/li><\/ul>\n<\/div><\/div><\/div><\/div><\/section><\/div><\/div><article class=\"col-md-7 offset-xl-1 col-xl-6\"><div class=\"g-sidenote__sidenote\" style=\"background-image:url(&quot;http:\/\/hadleycustomrollform.com\/app\/uploads\/2022\/05\/Profile_Purlins-2-1024x366.jpg&quot;)\"><h3 class=\"g-sidenote__sidenote-subtitle\"><\/h3><div class=\"g-sidenote__sidenote-content\"><p>Diese Softwareprogramme bieten auch vollst\u00e4ndige Prozessanimationen und die Bewertung des fertigen Produkts, wodurch wir die reichhaltigen Daten erhalten, um das Design und realistische Visualisierungen zu optimieren. <\/p><\/div><\/div><\/article><\/div><\/div><\/section>\n<\/div>\n\n<section class=\"JB-1 h-section-background g-text\"><div class=\"container\"><div class=\"row\"><div class=\"col-lg-8\"><div class=\"g-text__bodytext\">\n<p>Wir wissen, dass die Validierung von Simulationsdaten der Schl\u00fcssel zu dieser Technologie ist. Aus diesem Grund kombiniert HGT regelm\u00e4\u00dfig Simulationstechnologie mit physikalischen Tests, um sicherzustellen, dass die Ergebnisse, die wir simulieren, der Realit\u00e4t so nahe wie m\u00f6glich kommen. <\/p>\n<\/div><\/div><\/div><\/div><\/section>\n\n<section class=\"JB-1 h-section-background g-text\"><div class=\"container\"><div class=\"row\"><div class=\"col-lg-8\"><div class=\"g-text__bodytext\">\n<p>Beispiele f\u00fcr Analysen, die mit dieser Technologie durchgef\u00fchrt werden, umfassen: <\/p>\n<\/div><\/div><\/div><\/div><\/section>\n\n<section class=\"JB-1 h-section-background g-text\"><div class=\"container\"><div class=\"row\"><div class=\"col-lg-8\"><div class=\"g-text__bodytext\">\n<ul class=\"wp-block-list\"><li>Biegen von Produkten mit komplexer Geometrie (3- und 4-Punkt) <\/li><li>Globales und lokalisiertes Knicken (unter Druck) <\/li><li>Akustisches Verhalten von Walzprodukten innerhalb einer Anlage <\/li><li>Schrauben- und Bolzenschlitzdurchzug <\/li><li>Produktschneiden (Scher- und Schopfschneiden) <\/li><li>Vollst\u00e4ndige Systemsimulation nach BSEN-Teststandards<\/li><\/ul>\n<\/div><\/div><\/div><\/div><\/section>\n\n<div class=\"JB-1 h-section-background\">\n<section class=\"wp-block-stradigi-gutenberg-fixed-spacer g-spacer g-spacer--size-klein g-spacer--size-small\"><\/section>\n<\/div>\n\n<div class=\"JB-1 h-section-background\">\n<section class=\"wp-block-stradigi-gutenberg-cta-one g-cta-one\"><div class=\"container\"><div class=\"g-cta-one__row row\"><div class=\"col-sm-12 col-lg-8\"><h2 class=\"g-cta-one__title\">Sprechen Sie noch heute mit unseren Rollformen-Experten<\/h2><div class=\"g-cta-one__content\"><p>Ihre Projektanfrage wird von unserem &#8216;Rollformen nach Ma\u00df&#8217;-Team bearbeitet. Sie werden mit Ihnen zusammenarbeiten, um Ihr ben\u00f6tigtes Kaltwalzprofil sowie Ihre umfassenderen Projektziele wie nachhaltige Produktion und verantwortungsbewusst beschafften Stahl zu verstehen.<\/p><\/div><div class=\"g-cta-one__buttons\"><a href=\"http:\/\/hadleycustomrollform.com\/de\/kontakt\/\" class=\"g-cta-one__button-primary\">Kontaktiere uns<i class=\"fas fa-sm fa-chevron-right\"><\/i><\/a><a href=\"http:\/\/hadleycustomrollform.com\/de\/rollformen-nach-mass\/\" class=\"g-cta-one__button-secondary\">Gehen Sie zu Rollformen nach Ma\u00df<i class=\"fas fa-sm fa-chevron-right\"><\/i><\/a><\/div><\/div><\/div><\/div><\/section>\n<\/div>\n\n<div class=\"JB-1 h-section-background\">\n<section class=\"wp-block-stradigi-gutenberg-fixed-spacer g-spacer g-spacer--size-klein g-spacer--size-small\"><\/section>\n<\/div>\n\n\n<section class=\"wp-block-stradigi-gutenberg-banner g-banner container-fluid p-0 jarallax g-banner--size-gro\u00df g-banner--size-large\" style=\"background-image:url(&quot;http:\/\/hadleycustomrollform.com\/app\/uploads\/2022\/05\/Ultrasteel-profile-close-up.jpg&quot;)\"><div class=\"g-banner__container container\"><div class=\"g-banner__wrap\"><h2 class=\"g-banner__heading\">M\u00f6chten Sie hier arbeiten?<\/h2><div class=\"g-banner__body\"><div class=\"g-banner__body__buttons\"><a href=\"http:\/\/hadleycustomrollform.com\/de\/karriere\/\" class=\"c-button\">Karriere<i class=\"fas fa-sm fa-chevron-right\"><\/i><\/a><\/div><\/div><\/div><\/div><\/section>\n\n\n<div class=\"JB-1 h-section-background\">\n<section class=\"wp-block-stradigi-gutenberg-fixed-spacer g-spacer g-spacer--size-gro\u00df g-spacer--size-large\"><\/section>\n<\/div>","protected":false},"excerpt":{"rendered":"<p>Als Marktf\u00fchrer in bahnbrechender Engineering-Technologie nutzt Hadley Group Technology (HGT) eine Reihe verschiedener Computersimulationstools, um die Konstruktion von Produkten, Werkzeugen\u2026 <a href=\"https:\/\/hadleycustomrollform.com\/de\/rollformen-nach-mass\/hadley-group-technology\/simulationstechnik\/\">&#8230;<\/a><\/p>\n","protected":false},"author":3,"featured_media":0,"parent":3236,"menu_order":0,"comment_status":"closed","ping_status":"closed","template":"","meta":{"_acf_changed":false,"footnotes":""},"categories":[],"class_list":["post-3294","page","type-page","status-publish","hentry"],"acf":[],"yoast_head":"<!-- This site is optimized with the Yoast SEO Premium plugin v25.1 (Yoast SEO v27.1.1) - https:\/\/yoast.com\/product\/yoast-seo-premium-wordpress\/ -->\n<title>Details zu unserer Simulationstechnik- Hadley Group<\/title>\n<meta name=\"description\" content=\"Hadley Group setzt Computersimulationswerkzeuge ein, um die Konstruktion von Produkten, Werkzeugen und Maschinen zu unterst\u00fctzen und zu optimieren\" \/>\n<meta name=\"robots\" content=\"noindex, follow, max-snippet:-1, max-image-preview:large, max-video-preview:-1\" \/>\n<meta property=\"og:locale\" content=\"de_DE\" \/>\n<meta property=\"og:type\" content=\"article\" \/>\n<meta property=\"og:title\" content=\"Simulationstechnik\" \/>\n<meta property=\"og:description\" content=\"Hadley Group setzt Computersimulationswerkzeuge ein, um die Konstruktion von Produkten, Werkzeugen und Maschinen zu unterst\u00fctzen und zu optimieren\" \/>\n<meta property=\"og:url\" content=\"https:\/\/hadleycustomrollform.com\/de\/rollformen-nach-mass\/hadley-group-technology\/simulationstechnik\/\" \/>\n<meta property=\"og:site_name\" content=\"Hadley Custom Roll Form\" \/>\n<meta property=\"article:publisher\" content=\"https:\/\/www.facebook.com\/HadleyGroupGlobal\" \/>\n<meta property=\"article:modified_time\" content=\"2022-09-09T09:17:41+00:00\" \/>\n<meta property=\"og:image\" content=\"https:\/\/hadleycustomrollform.com\/app\/uploads\/2023\/01\/Hadley-Group-logo.jpg\" \/>\n\t<meta property=\"og:image:width\" content=\"1280\" \/>\n\t<meta property=\"og:image:height\" content=\"300\" \/>\n\t<meta property=\"og:image:type\" content=\"image\/jpeg\" \/>\n<meta name=\"twitter:card\" content=\"summary_large_image\" \/>\n<meta name=\"twitter:site\" content=\"@hadley_group\" \/>\n<meta name=\"twitter:label1\" content=\"Est. reading time\" \/>\n\t<meta name=\"twitter:data1\" content=\"2 minutes\" \/>\n<script type=\"application\/ld+json\" class=\"yoast-schema-graph\">{\"@context\":\"https:\/\/schema.org\",\"@graph\":[{\"@type\":\"WebPage\",\"@id\":\"https:\/\/hadleycustomrollform.com\/de\/rollformen-nach-mass\/hadley-group-technology\/simulationstechnik\/\",\"url\":\"https:\/\/hadleycustomrollform.com\/de\/rollformen-nach-mass\/hadley-group-technology\/simulationstechnik\/\",\"name\":\"Details zu unserer Simulationstechnik- Hadley Group\",\"isPartOf\":{\"@id\":\"https:\/\/hadleycustomrollform.com\/de\/#website\"},\"datePublished\":\"2022-03-08T20:33:58+00:00\",\"dateModified\":\"2022-09-09T09:17:41+00:00\",\"description\":\"Hadley Group setzt Computersimulationswerkzeuge ein, um die Konstruktion von Produkten, Werkzeugen und Maschinen zu unterst\u00fctzen und zu optimieren\",\"breadcrumb\":{\"@id\":\"https:\/\/hadleycustomrollform.com\/de\/rollformen-nach-mass\/hadley-group-technology\/simulationstechnik\/#breadcrumb\"},\"inLanguage\":\"de-DE\",\"potentialAction\":[{\"@type\":\"ReadAction\",\"target\":[\"https:\/\/hadleycustomrollform.com\/de\/rollformen-nach-mass\/hadley-group-technology\/simulationstechnik\/\"]}]},{\"@type\":\"BreadcrumbList\",\"@id\":\"https:\/\/hadleycustomrollform.com\/de\/rollformen-nach-mass\/hadley-group-technology\/simulationstechnik\/#breadcrumb\",\"itemListElement\":[{\"@type\":\"ListItem\",\"position\":1,\"name\":\"Home\",\"item\":\"https:\/\/hadleycustomrollform.com\/de\/\"},{\"@type\":\"ListItem\",\"position\":2,\"name\":\"Rollformen nach Ma\u00df\",\"item\":\"https:\/\/hadleycustomrollform.com\/de\/\"},{\"@type\":\"ListItem\",\"position\":3,\"name\":\"Hadley Group Technology\",\"item\":\"https:\/\/hadleycustomrollform.com\/de\/rollformen-nach-mass\/hadley-group-technology\/\"},{\"@type\":\"ListItem\",\"position\":4,\"name\":\"Simulationstechnik\"}]},{\"@type\":\"WebSite\",\"@id\":\"https:\/\/hadleycustomrollform.com\/de\/#website\",\"url\":\"https:\/\/hadleycustomrollform.com\/de\/\",\"name\":\"Hadley Group\",\"description\":\"Shaping the Future in Metal\",\"publisher\":{\"@id\":\"https:\/\/hadleycustomrollform.com\/de\/#organization\"},\"potentialAction\":[{\"@type\":\"SearchAction\",\"target\":{\"@type\":\"EntryPoint\",\"urlTemplate\":\"https:\/\/hadleycustomrollform.com\/de\/?s={search_term_string}\"},\"query-input\":{\"@type\":\"PropertyValueSpecification\",\"valueRequired\":true,\"valueName\":\"search_term_string\"}}],\"inLanguage\":\"de-DE\"},{\"@type\":\"Organization\",\"@id\":\"https:\/\/hadleycustomrollform.com\/de\/#organization\",\"name\":\"Hadley Group\",\"url\":\"https:\/\/hadleycustomrollform.com\/de\/\",\"logo\":{\"@type\":\"ImageObject\",\"inLanguage\":\"de-DE\",\"@id\":\"https:\/\/hadleycustomrollform.com\/de\/#\/schema\/logo\/image\/\",\"url\":\"http:\/\/hadleycustomrollform.com\/app\/uploads\/2023\/01\/Hadley-Group-logo.jpg\",\"contentUrl\":\"http:\/\/hadleycustomrollform.com\/app\/uploads\/2023\/01\/Hadley-Group-logo.jpg\",\"width\":1280,\"height\":300,\"caption\":\"Hadley Group\"},\"image\":{\"@id\":\"https:\/\/hadleycustomrollform.com\/de\/#\/schema\/logo\/image\/\"},\"sameAs\":[\"https:\/\/www.facebook.com\/HadleyGroupGlobal\",\"https:\/\/x.com\/hadley_group\",\"https:\/\/www.youtube.com\/@HadleyGroupSmethwick\",\"https:\/\/www.linkedin.com\/company\/hadley-group-\/\"]}]}<\/script>\n<!-- \/ Yoast SEO Premium plugin. -->","yoast_head_json":{"title":"Details zu unserer Simulationstechnik- Hadley Group","description":"Hadley Group setzt Computersimulationswerkzeuge ein, um die Konstruktion von Produkten, Werkzeugen und Maschinen zu unterst\u00fctzen und zu optimieren","robots":{"index":"noindex","follow":"follow","max-snippet":"max-snippet:-1","max-image-preview":"max-image-preview:large","max-video-preview":"max-video-preview:-1"},"og_locale":"de_DE","og_type":"article","og_title":"Simulationstechnik","og_description":"Hadley Group setzt Computersimulationswerkzeuge ein, um die Konstruktion von Produkten, Werkzeugen und Maschinen zu unterst\u00fctzen und zu optimieren","og_url":"https:\/\/hadleycustomrollform.com\/de\/rollformen-nach-mass\/hadley-group-technology\/simulationstechnik\/","og_site_name":"Hadley Custom Roll Form","article_publisher":"https:\/\/www.facebook.com\/HadleyGroupGlobal","article_modified_time":"2022-09-09T09:17:41+00:00","og_image":[{"width":1280,"height":300,"url":"https:\/\/hadleycustomrollform.com\/app\/uploads\/2023\/01\/Hadley-Group-logo.jpg","type":"image\/jpeg"}],"twitter_card":"summary_large_image","twitter_site":"@hadley_group","twitter_misc":{"Est. reading time":"2 minutes"},"schema":{"@context":"https:\/\/schema.org","@graph":[{"@type":"WebPage","@id":"https:\/\/hadleycustomrollform.com\/de\/rollformen-nach-mass\/hadley-group-technology\/simulationstechnik\/","url":"https:\/\/hadleycustomrollform.com\/de\/rollformen-nach-mass\/hadley-group-technology\/simulationstechnik\/","name":"Details zu unserer Simulationstechnik- Hadley Group","isPartOf":{"@id":"https:\/\/hadleycustomrollform.com\/de\/#website"},"datePublished":"2022-03-08T20:33:58+00:00","dateModified":"2022-09-09T09:17:41+00:00","description":"Hadley Group setzt Computersimulationswerkzeuge ein, um die Konstruktion von Produkten, Werkzeugen und Maschinen zu unterst\u00fctzen und zu optimieren","breadcrumb":{"@id":"https:\/\/hadleycustomrollform.com\/de\/rollformen-nach-mass\/hadley-group-technology\/simulationstechnik\/#breadcrumb"},"inLanguage":"de-DE","potentialAction":[{"@type":"ReadAction","target":["https:\/\/hadleycustomrollform.com\/de\/rollformen-nach-mass\/hadley-group-technology\/simulationstechnik\/"]}]},{"@type":"BreadcrumbList","@id":"https:\/\/hadleycustomrollform.com\/de\/rollformen-nach-mass\/hadley-group-technology\/simulationstechnik\/#breadcrumb","itemListElement":[{"@type":"ListItem","position":1,"name":"Home","item":"https:\/\/hadleycustomrollform.com\/de\/"},{"@type":"ListItem","position":2,"name":"Rollformen nach Ma\u00df","item":"https:\/\/hadleycustomrollform.com\/de\/"},{"@type":"ListItem","position":3,"name":"Hadley Group Technology","item":"https:\/\/hadleycustomrollform.com\/de\/rollformen-nach-mass\/hadley-group-technology\/"},{"@type":"ListItem","position":4,"name":"Simulationstechnik"}]},{"@type":"WebSite","@id":"https:\/\/hadleycustomrollform.com\/de\/#website","url":"https:\/\/hadleycustomrollform.com\/de\/","name":"Hadley Group","description":"Shaping the Future in Metal","publisher":{"@id":"https:\/\/hadleycustomrollform.com\/de\/#organization"},"potentialAction":[{"@type":"SearchAction","target":{"@type":"EntryPoint","urlTemplate":"https:\/\/hadleycustomrollform.com\/de\/?s={search_term_string}"},"query-input":{"@type":"PropertyValueSpecification","valueRequired":true,"valueName":"search_term_string"}}],"inLanguage":"de-DE"},{"@type":"Organization","@id":"https:\/\/hadleycustomrollform.com\/de\/#organization","name":"Hadley Group","url":"https:\/\/hadleycustomrollform.com\/de\/","logo":{"@type":"ImageObject","inLanguage":"de-DE","@id":"https:\/\/hadleycustomrollform.com\/de\/#\/schema\/logo\/image\/","url":"http:\/\/hadleycustomrollform.com\/app\/uploads\/2023\/01\/Hadley-Group-logo.jpg","contentUrl":"http:\/\/hadleycustomrollform.com\/app\/uploads\/2023\/01\/Hadley-Group-logo.jpg","width":1280,"height":300,"caption":"Hadley Group"},"image":{"@id":"https:\/\/hadleycustomrollform.com\/de\/#\/schema\/logo\/image\/"},"sameAs":["https:\/\/www.facebook.com\/HadleyGroupGlobal","https:\/\/x.com\/hadley_group","https:\/\/www.youtube.com\/@HadleyGroupSmethwick","https:\/\/www.linkedin.com\/company\/hadley-group-\/"]}]}},"_links":{"self":[{"href":"https:\/\/hadleycustomrollform.com\/de\/wp-json\/wp\/v2\/pages\/3294","targetHints":{"allow":["GET"]}}],"collection":[{"href":"https:\/\/hadleycustomrollform.com\/de\/wp-json\/wp\/v2\/pages"}],"about":[{"href":"https:\/\/hadleycustomrollform.com\/de\/wp-json\/wp\/v2\/types\/page"}],"author":[{"embeddable":true,"href":"https:\/\/hadleycustomrollform.com\/de\/wp-json\/wp\/v2\/users\/3"}],"replies":[{"embeddable":true,"href":"https:\/\/hadleycustomrollform.com\/de\/wp-json\/wp\/v2\/comments?post=3294"}],"version-history":[{"count":8,"href":"https:\/\/hadleycustomrollform.com\/de\/wp-json\/wp\/v2\/pages\/3294\/revisions"}],"predecessor-version":[{"id":5400,"href":"https:\/\/hadleycustomrollform.com\/de\/wp-json\/wp\/v2\/pages\/3294\/revisions\/5400"}],"up":[{"embeddable":true,"href":"https:\/\/hadleycustomrollform.com\/de\/wp-json\/wp\/v2\/pages\/3236"}],"wp:attachment":[{"href":"https:\/\/hadleycustomrollform.com\/de\/wp-json\/wp\/v2\/media?parent=3294"}],"wp:term":[{"taxonomy":"category","embeddable":true,"href":"https:\/\/hadleycustomrollform.com\/de\/wp-json\/wp\/v2\/categories?post=3294"}],"curies":[{"name":"wp","href":"https:\/\/api.w.org\/{rel}","templated":true}]}}