{"id":5059,"date":"2022-07-19T13:54:52","date_gmt":"2022-07-19T13:54:52","guid":{"rendered":"http:\/\/hadleycustomrollform.com\/posten-im-weinberg\/"},"modified":"2025-09-08T11:44:12","modified_gmt":"2025-09-08T11:44:12","slug":"weinbergpfaehle","status":"publish","type":"page","link":"https:\/\/hadleycustomrollform.com\/de\/rollformen-nach-mass\/weinbergpfaehle\/","title":{"rendered":"Weinbergpfosten aus Metall"},"content":{"rendered":"<background-video inline-template :autoplay=\"true\" video=\"\"> \n<section class=\"wp-block-stradigi-gutenberg-hero g-hero container-fluid p-0 g-hero--has-overlay\" style=\"background-image:url(&quot;http:\/\/hadleycustomrollform.com\/app\/uploads\/2022\/12\/Metal-vineposts.jpg&quot;)\" data-youtube-url=\"\"><div class=\"g-hero--filter\"><\/div><div class=\"g-hero__container container\"><div class=\"g-hero__wrap\"><h1 class=\"g-hero__heading\">Metal vineyard posts<\/h1><div class=\"g-hero__body\"><div class=\"g-hero__body__text\"><p>Our high-quality, professional metal vineyard posts are available in different lengths and strengths to suit all applications and can be powder-coated, pre-galvanised or chromed in a range of colours.<\/p><\/div><div class=\"g-hero__body__buttons\"><\/div><\/div><\/div><div class=\"g-hero__chevron__container d-none d-lg-block\"><i class=\"fas fa-chevron-down fa-3x scrollDown\"><\/i><\/div><\/div><\/section>\n <\/background-video><div class=\"JB-1 h-section-background\">\n<section class=\"wp-block-stradigi-gutenberg-fixed-spacer g-spacer g-spacer--size-small\"><\/section>\n<\/div><section class=\"JB-1 h-section-background g-text\"><div class=\"container\"><div class=\"row\"><div class=\"col-lg-8\"><div class=\"g-text__title\">\n<h2 class=\"wp-block-heading\" id=\"h-vineyard-posts-of-the-highest-quality-thanks-to-ultrasteel\">Weinbergpfosten von h\u00f6chster Qualit\u00e4t dank UltraSTEEL\u00ae<\/h2>\n<\/div><\/div><\/div><\/div><\/section><section class=\"JB-1 h-section-background g-text\"><div class=\"container\"><div class=\"row\"><div class=\"col-lg-8\"><div class=\"g-text__bodytext\">\n<p>Unser international patentiertes <a href=\"http:\/\/hadleycustomrollform.com\/de\/rollformen-nach-mass\/ultrasteel\/\" target=\"_blank\" rel=\"noreferrer noopener\">UltraSTEEL\u00ae-Verfahren<\/a> ist ein Schl\u00fcsselfaktor f\u00fcr die hohe Qualit\u00e4t unserer Weinbergpf\u00e4hle aus Metall. UltraSTEEL\u00ae ist ein <a href=\"http:\/\/hadleycustomrollform.com\/de\/kaltwalzen\/\" target=\"_blank\" rel=\"noreferrer noopener\">Kaltwalzverfahren<\/a>, das durchgef\u00fchrt wird, bevor der Flachstahl in die Form eines Weinbergpfostens gewalzt wird. Der Stahl wird zwischen zusammenpassenden Walzen geformt, die auf der Oberfl\u00e4che des Materials ein Gr\u00fcbchenmuster erzeugen.  <\/p>\n<\/div><\/div><\/div><\/div><\/section><section class=\"JB-1 h-section-background g-text\"><div class=\"container\"><div class=\"row\"><div class=\"col-lg-8\"><div class=\"g-text__bodytext\">\n<p>W\u00e4hrend des Prozesses wird die <strong>effektive Dicke des Materials um bis zum Doppelten der urspr\u00fcnglichen St\u00e4rke erh\u00f6ht<\/strong>. Dies wird durch einen Verformungsprozess verursacht, der als Kaltverfestigung bekannt ist und die Streckgrenze des Materials erh\u00f6ht. Das Ergebnis ist ein<strong> umweltfreundliches Produkt mit h\u00f6herer Belastbarkeit, gr\u00f6\u00dferer Oberfl\u00e4che f\u00fcr bessere Griffigkeit, verbessertem Erinnerungsverm\u00f6gen und h\u00f6herer Federspannung sowie bis zu 30% weniger Verformung<\/strong>.  <\/p>\n<\/div><\/div><\/div><\/div><\/section>\n<section class=\"wp-block-stradigi-gutenberg-banner g-banner container-fluid p-0 jarallax g-banner--size-large\" style=\"background-image:url(&quot;http:\/\/hadleycustomrollform.com\/app\/uploads\/2022\/12\/Ultrasteel-profile.jpg&quot;)\"><div class=\"g-banner__container container\"><div class=\"g-banner__wrap\"><div class=\"g-banner__body\"><div class=\"g-banner__body__buttons\"><\/div><\/div><\/div><\/div><\/section>\n<section class=\"JB-1 h-section-background g-text\"><div class=\"container\"><div class=\"row\"><div class=\"col-lg-8\"><div class=\"g-text__bodytext\">\n<p>Infolgedessen sind unsere Weinbergpfosten den traditionellen h\u00f6lzernen Weinbergpfosten oder alternativen Weinbergpfosten aus Stahl in einer Reihe von Bereichen \u00fcberlegen:<\/p>\n<\/div><\/div><\/div><\/div><\/section><section class=\"JB-1 h-section-background g-text\"><div class=\"container\"><div class=\"row\"><div class=\"col-lg-8\"><div class=\"g-text__bodytext\">\n<ul class=\"wp-block-list\">\n<li>Geringeres Gewicht und geringerer Ressourcenverbrauch bei verbesserter Leistung;<\/li>\n\n\n\n<li>Hohe Steifigkeit f\u00fcr au\u00dfergew\u00f6hnliche Tragf\u00e4higkeit;<\/li>\n\n\n\n<li>Erh\u00f6hte Stabilit\u00e4t: Die genoppte Oberfl\u00e4che vergr\u00f6\u00dfert die Oberfl\u00e4che um beeindruckende 22%, so dass der Weinbergpfahl mit mehr Boden in Kontakt kommt;<\/li>\n\n\n\n<li>Extreme Flexibilit\u00e4t: Der Mast kann um 180\u02da gedreht werden und federt dann ohne Verformung in seine urspr\u00fcngliche Position zur\u00fcck;<\/li>\n\n\n\n<li>7 cm Abstand zwischen den Anh\u00e4ngern und ein Anh\u00e4nger, der stark genug ist, um dem Aufprall von Maschinen standzuhalten;<\/li>\n\n\n\n<li>Krankheitsresistente Stahlprodukte bedeuten ges\u00fcndere Ernten;<\/li>\n\n\n\n<li>Langlebig und pflegeleicht;<\/li>\n\n\n\n<li>Lange Lebensdauer und weniger Material f\u00fcr ein umweltfreundliches Produkt;<\/li>\n\n\n\n<li>Kosteneffizient: verbesserte mechanische Eigenschaften des Weinbergpfahls ohne die Notwendigkeit von zus\u00e4tzlichem Material, was ein au\u00dfergew\u00f6hnliches Preis-Leistungs-Verh\u00e4ltnis bietet.<\/li>\n<\/ul>\n<\/div><\/div><\/div><\/div><\/section><section class=\"JB-1 h-section-background g-image\"><div class=\"container\"><div class=\"row\"><div class=\"col-lg-8\"><div class=\"g-image__image-wrapper\">\n<figure class=\"wp-block-image size-full\"><img loading=\"lazy\" decoding=\"async\" width=\"878\" height=\"407\" src=\"http:\/\/hadleycustomrollform.com\/app\/uploads\/2022\/07\/Wijnpalen-van-Hadley-Group.jpg\" alt=\"Weinbergpfosten aus Metall\" class=\"wp-image-4978\" srcset=\"https:\/\/hadleycustomrollform.com\/app\/uploads\/2022\/07\/Wijnpalen-van-Hadley-Group.jpg 878w, https:\/\/hadleycustomrollform.com\/app\/uploads\/2022\/07\/Wijnpalen-van-Hadley-Group-300x139.jpg 300w, https:\/\/hadleycustomrollform.com\/app\/uploads\/2022\/07\/Wijnpalen-van-Hadley-Group-768x356.jpg 768w\" sizes=\"auto, (max-width: 878px) 100vw, 878px\" \/><\/figure>\n<\/div><\/div><\/div><\/div><\/section><div class=\"JB-1 h-section-background\">\n<section class=\"wp-block-stradigi-gutenberg-fixed-spacer g-spacer g-spacer--size-small\"><\/section>\n<\/div><section class=\"JB-1 h-section-background g-text\"><div class=\"container\"><div class=\"row\"><div class=\"col-lg-8\"><div class=\"g-text__title\">\n<h2 class=\"wp-block-heading\" id=\"h-custom-designed-vineyard-posts\">Individuell gestaltete Weinbergpfosten<\/h2>\n<\/div><\/div><\/div><\/div><\/section><div class=\"JB-1 h-section-background\">\n<section class=\"wp-block-stradigi-gutenberg-sidenote g-sidenote\"><div class=\"container\"><div class=\"g-sidenote__row row\"><div class=\"col-lg-5\"><div class=\"g-sidenote__content\">\n<section class=\"JB-1 h-section-background g-text\"><div class=\"container\"><div class=\"row\"><div class=\"col-lg-8\"><div class=\"g-text__bodytext\">\n<p>Dank unserer erstklassigen Walzprofilierf\u00e4higkeiten und unserer umfangreichen Produktentwicklung erf\u00fcllen unsere Weinbergpf\u00e4hle aus Stahl die speziellen Anforderungen von Weinbergbesitzern auf der ganzen Welt. Wir sind auch in der Lage, ma\u00dfgefertigte Weinbergpf\u00e4hle zu entwerfen und herzustellen. Wir entwickeln Prototypen in unserer eigenen Fabrik und produzieren sie in gro\u00dfen Mengen, sobald sie genehmigt sind. Wir fertigen und liefern auch Endpf\u00e4hle und Baumschulpf\u00e4hle f\u00fcr junge Reben, die alle nach den gleichen hohen Qualit\u00e4tsstandards hergestellt werden, um eine lange Lebensdauer zu gew\u00e4hrleisten.   <\/p>\n<\/div><\/div><\/div><\/div><\/section>\n<section class=\"JB-1 h-section-background g-text\"><div class=\"container\"><div class=\"row\"><div class=\"col-lg-8\"><div class=\"g-text__bodytext\">\n<p>Unsere Weinbergpfosten sind f\u00fcr alle Anwendungen in verschiedenen L\u00e4ngen und St\u00e4rken erh\u00e4ltlich. Sind Sie auf der Suche nach Weinbergpfosten aus verzinktem Stahl? Das ist kein Problem. Unsere Weinbergpfosten k\u00f6nnen verzinkt, verchromt und pulverbeschichtet sein.   <\/p>\n<\/div><\/div><\/div><\/div><\/section>\n<\/div><\/div><article class=\"col-md-7 offset-xl-1 col-xl-6\"><div class=\"g-sidenote__sidenote\" style=\"background-image:url(&quot;http:\/\/hadleycustomrollform.com\/app\/uploads\/2022\/12\/Roll-forming-process-at-Hadley-Group-1024x439.jpg&quot;)\"><h3 class=\"g-sidenote__sidenote-subtitle\">Roll Forming<\/h3><div class=\"g-sidenote__sidenote-content\"><p>We can ensure high-quality vineposts due to our roll forming expertise.<\/p><\/div><a href=\"http:\/\/hadleycustomrollform.com\/de\/rollformen-nach-mass\/\" class=\"c-button g-sidenote__sidenote-cta\">Find our more<i class=\"fas fa-sm fa-chevron-right\"><\/i><\/a><\/div><\/article><\/div><\/div><\/section>\n<\/div><div class=\"JB-1 h-section-background\">\n<section class=\"wp-block-stradigi-gutenberg-fixed-spacer g-spacer g-spacer--size-small\"><\/section>\n<\/div><section class=\"JB-1 h-section-background g-text\"><div class=\"container\"><div class=\"row\"><div class=\"col-lg-8\"><div class=\"g-text__title\">\n<h2 class=\"wp-block-heading\" id=\"h-case-study-vine-care\">Fallstudie: Vine Care<\/h2>\n<\/div><\/div><\/div><\/div><\/section><section class=\"JB-1 h-section-background g-image\"><div class=\"container\"><div class=\"row\"><div class=\"col-lg-8\"><div class=\"g-image__image-wrapper\">\n<figure class=\"wp-block-image size-full is-style-default\"><img loading=\"lazy\" decoding=\"async\" width=\"878\" height=\"586\" src=\"http:\/\/hadleycustomrollform.com\/app\/uploads\/2022\/07\/Hoge-kwaliteit-wijnpalen-van-Hadley-Group.jpg\" alt=\"Weinbergpf&#xE4;hle von Hadley Group\" class=\"wp-image-4955\" srcset=\"https:\/\/hadleycustomrollform.com\/app\/uploads\/2022\/07\/Hoge-kwaliteit-wijnpalen-van-Hadley-Group.jpg 878w, https:\/\/hadleycustomrollform.com\/app\/uploads\/2022\/07\/Hoge-kwaliteit-wijnpalen-van-Hadley-Group-300x200.jpg 300w, https:\/\/hadleycustomrollform.com\/app\/uploads\/2022\/07\/Hoge-kwaliteit-wijnpalen-van-Hadley-Group-768x513.jpg 768w\" sizes=\"auto, (max-width: 878px) 100vw, 878px\" \/><\/figure>\n<\/div><\/div><\/div><\/div><\/section><section class=\"JB-1 h-section-background g-text\"><div class=\"container\"><div class=\"row\"><div class=\"col-lg-8\"><div class=\"g-text__bodytext\">\n<p>Vine Care (im Vereinigten K\u00f6nigreich) ist ein Unternehmen, das Wein- und Obstbauern in Gro\u00dfbritannien einen umfassenden Service bietet. Das von Paul Woodrow-Hill gegr\u00fcndete Unternehmen bietet Winzern ein Komplettpaket an, das von der Beratung und Planung eines Weinbergs bis hin zur Pflanzung, Pflege und Ernte reicht und auch die Lieferung und Installation von Spalieren umfasst. Zu diesem umfassenden Angebot hat Paul Woodrow-Hill die Metall-Weinbergpfosten der Hadley Group hinzugef\u00fcgt. Paul Woodrow Hill \u00fcber die Weinbergpf\u00e4hle:   <\/p>\n<\/div><\/div><\/div><\/div><\/section><section class=\"JB-1 h-section-background g-text\"><div class=\"container\"><div class=\"row\"><div class=\"col-lg-8\"><div class=\"g-text__bodytext\">\n<p>&#8220;Ich habe die Verarbeitung und das Aussehen des Hadley-Pfostens vom ersten Tag an bewundert und war hocherfreut zu h\u00f6ren, dass<strong> er bei in Deutschland durchgef\u00fchrten Festigkeitstests im Vergleich zu anderen etablierten Herstellern, die seit Jahren Weinbergspfosten aus Metall herstellen, die Nase vorn hatte<\/strong>. Das patentierte Ultra Steel-Verfahren erh\u00f6ht die Festigkeit der Pfosten und erm\u00f6glicht eine gr\u00f6\u00dfere Aufnahme des Verzinkungsmaterials, was sie robuster gegen die Elemente macht&#8221;. <\/p>\n<\/div><\/div><\/div><\/div><\/section><section class=\"JB-1 h-section-background g-text\"><div class=\"container\"><div class=\"row\"><div class=\"col-lg-8\"><div class=\"g-text__bodytext\">\n<p>Vine Care installierte Pf\u00e4hle auf einem zehn Hektar gro\u00dfen Gel\u00e4nde f\u00fcr das &#8216;Four Boys Vineyard&#8217; in East Sussex. Alles wurde erfolgreich abgeschlossen und der Kunde ist mit dem Ergebnis sehr zufrieden. <\/p>\n<\/div><\/div><\/div><\/div><\/section>\n<section class=\"wp-block-stradigi-gutenberg-banner g-banner container-fluid p-0 jarallax g-banner--size-large\" style=\"background-image:url(&quot;http:\/\/hadleycustomrollform.com\/app\/uploads\/2022\/07\/Vinepost.jpg&quot;)\"><div class=\"g-banner__container container\"><div class=\"g-banner__wrap\"><div class=\"g-banner__body\"><div class=\"g-banner__body__buttons\"><\/div><\/div><\/div><\/div><\/section>\n<section class=\"JB-1 h-section-background g-text\"><div class=\"container\"><div class=\"row\"><div class=\"col-lg-8\"><div class=\"g-text__title\">\n<h2 class=\"wp-block-heading\" id=\"h-reach-out-to-us\">Sprechen Sie uns an!<\/h2>\n<\/div><\/div><\/div><\/div><\/section><div class=\"JB-1 h-section-background\">\n<section class=\"wp-block-stradigi-gutenberg-text-cta g-text\"><div class=\"container\"><div class=\"row\"><div class=\"col-lg-8\"><div class=\"g-text__bodytext\"><p>Would you like more information or do you have any questions about Hadley Group&#8217;s metal vineyard posts? Don&#8217;t hesitate to contact us.<\/p><\/div><a href=\"http:\/\/hadleycustomrollform.com\/de\/kontakt\/\" class=\"c-button g-text__button\">Contact us!<i class=\"fas fa-sm fa-chevron-right\"><\/i><\/a><\/div><\/div><\/div><\/section>\n<\/div><div class=\"JB-1 h-section-background\">\n<section class=\"wp-block-stradigi-gutenberg-fixed-spacer g-spacer g-spacer--size-medium\"><\/section>\n<\/div>","protected":false},"excerpt":{"rendered":"<p>Weinbergpfosten von h\u00f6chster Qualit\u00e4t dank UltraSTEEL\u00ae Unser international patentiertes UltraSTEEL\u00ae-Verfahren ist ein Schl\u00fcsselfaktor f\u00fcr die hohe Qualit\u00e4t unserer Weinbergpf\u00e4hle aus\u2026 <a href=\"https:\/\/hadleycustomrollform.com\/de\/rollformen-nach-mass\/weinbergpfaehle\/\">&#8230;<\/a><\/p>\n","protected":false},"author":3,"featured_media":0,"parent":1819,"menu_order":0,"comment_status":"closed","ping_status":"closed","template":"","meta":{"_acf_changed":false,"footnotes":""},"categories":[3],"class_list":["post-5059","page","type-page","status-publish","hentry","category-unkategorisiert"],"acf":[],"yoast_head":"<!-- This site is optimized with the Yoast SEO Premium plugin v25.1 (Yoast SEO v27.1.1) - https:\/\/yoast.com\/product\/yoast-seo-premium-wordpress\/ -->\n<title>Weinbergpfosten aus Metall von h\u00f6chster Qualit\u00e4t - Hadley Group<\/title>\n<meta name=\"description\" content=\"Unsere Weinbergpfosten aus Metall haben Vorteile gegen\u00fcber Holzpf\u00e4hlen, wie z.B. eine hohe Steifigkeit, Langlebigkeit und weniger Materialverbrauch. Kontaktieren Sie uns!\" \/>\n<meta name=\"robots\" content=\"noindex, follow, max-snippet:-1, max-image-preview:large, max-video-preview:-1\" \/>\n<meta property=\"og:locale\" content=\"de_DE\" \/>\n<meta property=\"og:type\" content=\"article\" \/>\n<meta property=\"og:title\" content=\"Weinbergpfosten aus Metall\" \/>\n<meta property=\"og:description\" content=\"Unsere Weinbergpfosten aus Metall haben Vorteile gegen\u00fcber Holzpf\u00e4hlen, wie z.B. eine hohe Steifigkeit, Langlebigkeit und weniger Materialverbrauch. Kontaktieren Sie uns!\" \/>\n<meta property=\"og:url\" content=\"https:\/\/hadleycustomrollform.com\/de\/rollformen-nach-mass\/weinbergpfaehle\/\" \/>\n<meta property=\"og:site_name\" content=\"Hadley Custom Roll Form\" \/>\n<meta property=\"article:publisher\" content=\"https:\/\/www.facebook.com\/HadleyGroupGlobal\" \/>\n<meta property=\"article:modified_time\" content=\"2025-09-08T11:44:12+00:00\" \/>\n<meta property=\"og:image\" content=\"http:\/\/hadleycustomrollform.com\/app\/uploads\/2022\/07\/Wijnpalen-van-Hadley-Group.jpg\" \/>\n<meta name=\"twitter:card\" content=\"summary_large_image\" \/>\n<meta name=\"twitter:site\" content=\"@hadley_group\" \/>\n<meta name=\"twitter:label1\" content=\"Est. reading time\" \/>\n\t<meta name=\"twitter:data1\" content=\"3 minutes\" \/>\n<script type=\"application\/ld+json\" class=\"yoast-schema-graph\">{\"@context\":\"https:\/\/schema.org\",\"@graph\":[{\"@type\":\"WebPage\",\"@id\":\"https:\/\/hadleycustomrollform.com\/de\/rollformen-nach-mass\/weinbergpfaehle\/\",\"url\":\"https:\/\/hadleycustomrollform.com\/de\/rollformen-nach-mass\/weinbergpfaehle\/\",\"name\":\"Weinbergpfosten aus Metall von h\u00f6chster Qualit\u00e4t - Hadley Group\",\"isPartOf\":{\"@id\":\"https:\/\/hadleycustomrollform.com\/de\/#website\"},\"primaryImageOfPage\":{\"@id\":\"https:\/\/hadleycustomrollform.com\/de\/rollformen-nach-mass\/weinbergpfaehle\/#primaryimage\"},\"image\":{\"@id\":\"https:\/\/hadleycustomrollform.com\/de\/rollformen-nach-mass\/weinbergpfaehle\/#primaryimage\"},\"thumbnailUrl\":\"http:\/\/hadleycustomrollform.com\/app\/uploads\/2022\/07\/Wijnpalen-van-Hadley-Group.jpg\",\"datePublished\":\"2022-07-19T13:54:52+00:00\",\"dateModified\":\"2025-09-08T11:44:12+00:00\",\"description\":\"Unsere Weinbergpfosten aus Metall haben Vorteile gegen\u00fcber Holzpf\u00e4hlen, wie z.B. eine hohe Steifigkeit, Langlebigkeit und weniger Materialverbrauch. Kontaktieren Sie uns!\",\"breadcrumb\":{\"@id\":\"https:\/\/hadleycustomrollform.com\/de\/rollformen-nach-mass\/weinbergpfaehle\/#breadcrumb\"},\"inLanguage\":\"de-DE\",\"potentialAction\":[{\"@type\":\"ReadAction\",\"target\":[\"https:\/\/hadleycustomrollform.com\/de\/rollformen-nach-mass\/weinbergpfaehle\/\"]}]},{\"@type\":\"ImageObject\",\"inLanguage\":\"de-DE\",\"@id\":\"https:\/\/hadleycustomrollform.com\/de\/rollformen-nach-mass\/weinbergpfaehle\/#primaryimage\",\"url\":\"http:\/\/hadleycustomrollform.com\/app\/uploads\/2022\/07\/Wijnpalen-van-Hadley-Group.jpg\",\"contentUrl\":\"http:\/\/hadleycustomrollform.com\/app\/uploads\/2022\/07\/Wijnpalen-van-Hadley-Group.jpg\"},{\"@type\":\"BreadcrumbList\",\"@id\":\"https:\/\/hadleycustomrollform.com\/de\/rollformen-nach-mass\/weinbergpfaehle\/#breadcrumb\",\"itemListElement\":[{\"@type\":\"ListItem\",\"position\":1,\"name\":\"Home\",\"item\":\"https:\/\/hadleycustomrollform.com\/de\/\"},{\"@type\":\"ListItem\",\"position\":2,\"name\":\"Rollformen nach Ma\u00df\",\"item\":\"https:\/\/hadleycustomrollform.com\/de\/\"},{\"@type\":\"ListItem\",\"position\":3,\"name\":\"Weinbergpfosten aus Metall\"}]},{\"@type\":\"WebSite\",\"@id\":\"https:\/\/hadleycustomrollform.com\/de\/#website\",\"url\":\"https:\/\/hadleycustomrollform.com\/de\/\",\"name\":\"Hadley Group\",\"description\":\"Shaping the Future in Metal\",\"publisher\":{\"@id\":\"https:\/\/hadleycustomrollform.com\/de\/#organization\"},\"potentialAction\":[{\"@type\":\"SearchAction\",\"target\":{\"@type\":\"EntryPoint\",\"urlTemplate\":\"https:\/\/hadleycustomrollform.com\/de\/?s={search_term_string}\"},\"query-input\":{\"@type\":\"PropertyValueSpecification\",\"valueRequired\":true,\"valueName\":\"search_term_string\"}}],\"inLanguage\":\"de-DE\"},{\"@type\":\"Organization\",\"@id\":\"https:\/\/hadleycustomrollform.com\/de\/#organization\",\"name\":\"Hadley Group\",\"url\":\"https:\/\/hadleycustomrollform.com\/de\/\",\"logo\":{\"@type\":\"ImageObject\",\"inLanguage\":\"de-DE\",\"@id\":\"https:\/\/hadleycustomrollform.com\/de\/#\/schema\/logo\/image\/\",\"url\":\"http:\/\/hadleycustomrollform.com\/app\/uploads\/2023\/01\/Hadley-Group-logo.jpg\",\"contentUrl\":\"http:\/\/hadleycustomrollform.com\/app\/uploads\/2023\/01\/Hadley-Group-logo.jpg\",\"width\":1280,\"height\":300,\"caption\":\"Hadley Group\"},\"image\":{\"@id\":\"https:\/\/hadleycustomrollform.com\/de\/#\/schema\/logo\/image\/\"},\"sameAs\":[\"https:\/\/www.facebook.com\/HadleyGroupGlobal\",\"https:\/\/x.com\/hadley_group\",\"https:\/\/www.youtube.com\/@HadleyGroupSmethwick\",\"https:\/\/www.linkedin.com\/company\/hadley-group-\/\"]}]}<\/script>\n<!-- \/ Yoast SEO Premium plugin. -->","yoast_head_json":{"title":"Weinbergpfosten aus Metall von h\u00f6chster Qualit\u00e4t - Hadley Group","description":"Unsere Weinbergpfosten aus Metall haben Vorteile gegen\u00fcber Holzpf\u00e4hlen, wie z.B. eine hohe Steifigkeit, Langlebigkeit und weniger Materialverbrauch. Kontaktieren Sie uns!","robots":{"index":"noindex","follow":"follow","max-snippet":"max-snippet:-1","max-image-preview":"max-image-preview:large","max-video-preview":"max-video-preview:-1"},"og_locale":"de_DE","og_type":"article","og_title":"Weinbergpfosten aus Metall","og_description":"Unsere Weinbergpfosten aus Metall haben Vorteile gegen\u00fcber Holzpf\u00e4hlen, wie z.B. eine hohe Steifigkeit, Langlebigkeit und weniger Materialverbrauch. Kontaktieren Sie uns!","og_url":"https:\/\/hadleycustomrollform.com\/de\/rollformen-nach-mass\/weinbergpfaehle\/","og_site_name":"Hadley Custom Roll Form","article_publisher":"https:\/\/www.facebook.com\/HadleyGroupGlobal","article_modified_time":"2025-09-08T11:44:12+00:00","og_image":[{"url":"http:\/\/hadleycustomrollform.com\/app\/uploads\/2022\/07\/Wijnpalen-van-Hadley-Group.jpg","type":"","width":"","height":""}],"twitter_card":"summary_large_image","twitter_site":"@hadley_group","twitter_misc":{"Est. reading time":"3 minutes"},"schema":{"@context":"https:\/\/schema.org","@graph":[{"@type":"WebPage","@id":"https:\/\/hadleycustomrollform.com\/de\/rollformen-nach-mass\/weinbergpfaehle\/","url":"https:\/\/hadleycustomrollform.com\/de\/rollformen-nach-mass\/weinbergpfaehle\/","name":"Weinbergpfosten aus Metall von h\u00f6chster Qualit\u00e4t - Hadley Group","isPartOf":{"@id":"https:\/\/hadleycustomrollform.com\/de\/#website"},"primaryImageOfPage":{"@id":"https:\/\/hadleycustomrollform.com\/de\/rollformen-nach-mass\/weinbergpfaehle\/#primaryimage"},"image":{"@id":"https:\/\/hadleycustomrollform.com\/de\/rollformen-nach-mass\/weinbergpfaehle\/#primaryimage"},"thumbnailUrl":"http:\/\/hadleycustomrollform.com\/app\/uploads\/2022\/07\/Wijnpalen-van-Hadley-Group.jpg","datePublished":"2022-07-19T13:54:52+00:00","dateModified":"2025-09-08T11:44:12+00:00","description":"Unsere Weinbergpfosten aus Metall haben Vorteile gegen\u00fcber Holzpf\u00e4hlen, wie z.B. eine hohe Steifigkeit, Langlebigkeit und weniger Materialverbrauch. Kontaktieren Sie uns!","breadcrumb":{"@id":"https:\/\/hadleycustomrollform.com\/de\/rollformen-nach-mass\/weinbergpfaehle\/#breadcrumb"},"inLanguage":"de-DE","potentialAction":[{"@type":"ReadAction","target":["https:\/\/hadleycustomrollform.com\/de\/rollformen-nach-mass\/weinbergpfaehle\/"]}]},{"@type":"ImageObject","inLanguage":"de-DE","@id":"https:\/\/hadleycustomrollform.com\/de\/rollformen-nach-mass\/weinbergpfaehle\/#primaryimage","url":"http:\/\/hadleycustomrollform.com\/app\/uploads\/2022\/07\/Wijnpalen-van-Hadley-Group.jpg","contentUrl":"http:\/\/hadleycustomrollform.com\/app\/uploads\/2022\/07\/Wijnpalen-van-Hadley-Group.jpg"},{"@type":"BreadcrumbList","@id":"https:\/\/hadleycustomrollform.com\/de\/rollformen-nach-mass\/weinbergpfaehle\/#breadcrumb","itemListElement":[{"@type":"ListItem","position":1,"name":"Home","item":"https:\/\/hadleycustomrollform.com\/de\/"},{"@type":"ListItem","position":2,"name":"Rollformen nach Ma\u00df","item":"https:\/\/hadleycustomrollform.com\/de\/"},{"@type":"ListItem","position":3,"name":"Weinbergpfosten aus Metall"}]},{"@type":"WebSite","@id":"https:\/\/hadleycustomrollform.com\/de\/#website","url":"https:\/\/hadleycustomrollform.com\/de\/","name":"Hadley Group","description":"Shaping the Future in Metal","publisher":{"@id":"https:\/\/hadleycustomrollform.com\/de\/#organization"},"potentialAction":[{"@type":"SearchAction","target":{"@type":"EntryPoint","urlTemplate":"https:\/\/hadleycustomrollform.com\/de\/?s={search_term_string}"},"query-input":{"@type":"PropertyValueSpecification","valueRequired":true,"valueName":"search_term_string"}}],"inLanguage":"de-DE"},{"@type":"Organization","@id":"https:\/\/hadleycustomrollform.com\/de\/#organization","name":"Hadley Group","url":"https:\/\/hadleycustomrollform.com\/de\/","logo":{"@type":"ImageObject","inLanguage":"de-DE","@id":"https:\/\/hadleycustomrollform.com\/de\/#\/schema\/logo\/image\/","url":"http:\/\/hadleycustomrollform.com\/app\/uploads\/2023\/01\/Hadley-Group-logo.jpg","contentUrl":"http:\/\/hadleycustomrollform.com\/app\/uploads\/2023\/01\/Hadley-Group-logo.jpg","width":1280,"height":300,"caption":"Hadley Group"},"image":{"@id":"https:\/\/hadleycustomrollform.com\/de\/#\/schema\/logo\/image\/"},"sameAs":["https:\/\/www.facebook.com\/HadleyGroupGlobal","https:\/\/x.com\/hadley_group","https:\/\/www.youtube.com\/@HadleyGroupSmethwick","https:\/\/www.linkedin.com\/company\/hadley-group-\/"]}]}},"_links":{"self":[{"href":"https:\/\/hadleycustomrollform.com\/de\/wp-json\/wp\/v2\/pages\/5059","targetHints":{"allow":["GET"]}}],"collection":[{"href":"https:\/\/hadleycustomrollform.com\/de\/wp-json\/wp\/v2\/pages"}],"about":[{"href":"https:\/\/hadleycustomrollform.com\/de\/wp-json\/wp\/v2\/types\/page"}],"author":[{"embeddable":true,"href":"https:\/\/hadleycustomrollform.com\/de\/wp-json\/wp\/v2\/users\/3"}],"replies":[{"embeddable":true,"href":"https:\/\/hadleycustomrollform.com\/de\/wp-json\/wp\/v2\/comments?post=5059"}],"version-history":[{"count":17,"href":"https:\/\/hadleycustomrollform.com\/de\/wp-json\/wp\/v2\/pages\/5059\/revisions"}],"predecessor-version":[{"id":16198,"href":"https:\/\/hadleycustomrollform.com\/de\/wp-json\/wp\/v2\/pages\/5059\/revisions\/16198"}],"up":[{"embeddable":true,"href":"https:\/\/hadleycustomrollform.com\/de\/wp-json\/wp\/v2\/pages\/1819"}],"wp:attachment":[{"href":"https:\/\/hadleycustomrollform.com\/de\/wp-json\/wp\/v2\/media?parent=5059"}],"wp:term":[{"taxonomy":"category","embeddable":true,"href":"https:\/\/hadleycustomrollform.com\/de\/wp-json\/wp\/v2\/categories?post=5059"}],"curies":[{"name":"wp","href":"https:\/\/api.w.org\/{rel}","templated":true}]}}