{"id":5633,"date":"2022-03-01T12:16:05","date_gmt":"2022-03-01T12:16:05","guid":{"rendered":"http:\/\/hadleycustomrollform.com\/cookie-datenschutz\/"},"modified":"2022-08-24T13:02:26","modified_gmt":"2022-08-24T13:02:26","slug":"cookie-richtlinie","status":"publish","type":"page","link":"https:\/\/hadleycustomrollform.com\/de\/rechtliches\/cookie-richtlinie\/","title":{"rendered":"Cookie-Richtlinie"},"content":{"rendered":"\n<div style=\"height:100px\" aria-hidden=\"true\" class=\"wp-block-spacer\"><\/div>\n\n\n\n<div style=\"height:100px\" aria-hidden=\"true\" class=\"wp-block-spacer\"><\/div>\n\n\n<section class=\"JB-1 h-section-background g-text\"><div class=\"container\"><div class=\"row\"><div class=\"col-lg-8\"><div class=\"g-text__title\">\n<h1 class=\"wp-block-heading\">Cookie-Richtlinie<\/h1>\n<\/div><\/div><\/div><\/div><\/section>\n\n<section class=\"JB-1 h-section-background g-text\"><div class=\"container\"><div class=\"row\"><div class=\"col-lg-8\"><div class=\"g-text__title\">\n<h2 class=\"wp-block-heading\">\u00dcBER COOKIES<\/h2>\n<\/div><\/div><\/div><\/div><\/section>\n\n<section class=\"JB-1 h-section-background g-text\"><div class=\"container\"><div class=\"row\"><div class=\"col-lg-8\"><div class=\"g-text__bodytext\">\n<p>Cookies sind kleine Dateien, die eine Website in Ihrem Browser speichern kann, um Informationen \u00fcber Sie zu speichern. Sie sind n\u00fctzlich, um sich z. B. daran zu erinnern, ob Sie eingeloggt sind oder welche Seiten Sie zuvor besucht haben.<\/p>\n<\/div><\/div><\/div><\/div><\/section>\n\n<section class=\"JB-1 h-section-background g-text\"><div class=\"container\"><div class=\"row\"><div class=\"col-lg-8\"><div class=\"g-text__bodytext\">\n<p>Es gibt zwei Arten von Keksen. Erstanbieter-Cookies werden von uns gesetzt, damit die Website wie vorgesehen funktioniert. Diese Cookies werden auf unserer Website-Dom\u00e4ne gesetzt. Wir arbeiten auch mit Drittanbietern zusammen, die m\u00f6glicherweise ihre eigenen Cookies in Ihrem Browser von ihrer eigenen Domain aus speichern.<\/p>\n<\/div><\/div><\/div><\/div><\/section>\n\n<section class=\"JB-1 h-section-background g-text\"><div class=\"container\"><div class=\"row\"><div class=\"col-lg-8\"><div class=\"g-text__bodytext\">\n<p>Wir haben die Cookies in Kategorien eingeteilt, um Ihnen eine genaue Kontrolle \u00fcber die Arten von Cookies zu geben, die unsere Website in Ihrem Browser speichert, und diese sind im Folgenden aufgef\u00fchrt.<\/p>\n<\/div><\/div><\/div><\/div><\/section>\n\n<section class=\"JB-1 h-section-background g-text\"><div class=\"container\"><div class=\"row\"><div class=\"col-lg-8\"><div class=\"g-text__bodytext\">\n<p>Wir \u00fcberpr\u00fcfen regelm\u00e4\u00dfig, welche Cookies wir auf der Website verwenden, um so genau wie m\u00f6glich zu sein, aber Sie sollten sich auch dar\u00fcber im Klaren sein, dass es Cookies gibt, die sich in Internet-Tools anderer Unternehmen befinden, die wir zur Verbesserung der Website verwenden. Diese Websites haben ihre eigenen Cookies, und obwohl wir uns bem\u00fcht haben, diese im Folgenden zu dokumentieren, werden diese letztlich von Dritten kontrolliert.<\/p>\n<\/div><\/div><\/div><\/div><\/section>\n\n<section class=\"JB-1 h-section-background g-text\"><div class=\"container\"><div class=\"row\"><div class=\"col-lg-8\"><div class=\"g-text__bodytext\">\n<p>Wir protokollieren Ihre Zustimmung anonym in einer Datenbank zu Dokumentationszwecken mit dem und einem Zeitstempel, wann Ihre Einstellungen ge\u00e4ndert wurden.<\/p>\n<\/div><\/div><\/div><\/div><\/section>\n\n<section class=\"JB-1 h-section-background g-text\"><div class=\"container\"><div class=\"row\"><div class=\"col-lg-8\"><div class=\"g-text__title\">\n<h2 class=\"wp-block-heading\">ERFORDERLICHE COOKIES<\/h2>\n<\/div><\/div><\/div><\/div><\/section>\n\n<section class=\"JB-1 h-section-background g-text\"><div class=\"container\"><div class=\"row\"><div class=\"col-lg-8\"><div class=\"g-text__bodytext\">\n<p>Cookies, die die Website ben\u00f6tigt, um zu funktionieren. Ohne sie k\u00f6nnten Sie die Website nicht besuchen. Diese Cookies k\u00f6nnen \u00fcber unsere Website nicht ausgeschaltet werden, aber Sie k\u00f6nnen Ihren Browser so konfigurieren, dass er Cookies blockiert, aber wenn Sie das tun, funktioniert die Website m\u00f6glicherweise nicht.<\/p>\n<\/div><\/div><\/div><\/div><\/section>\n\n<section class=\"JB-1 h-section-background g-text\"><div class=\"container\"><div class=\"row\"><div class=\"col-lg-8\"><div class=\"g-text__title\">\n<h2 class=\"wp-block-heading\">LEISTUNG COOKIES<\/h2>\n<\/div><\/div><\/div><\/div><\/section>\n\n<section class=\"JB-1 h-section-background g-text\"><div class=\"container\"><div class=\"row\"><div class=\"col-lg-8\"><div class=\"g-text__bodytext\">\n<p>Mit Hilfe von Cookies k\u00f6nnen wir analysieren, wie die Website funktioniert. Sie verfolgen Dinge wie Seitenaufrufe und die Herkunft unseres Datenverkehrs sowie die Art und Weise, wie die Besucher auf der Website navigieren. Wir verwenden Daten aus diesen Diensten, um die Website zu verbessern.<\/p>\n<\/div><\/div><\/div><\/div><\/section>\n\n<section class=\"JB-1 h-section-background g-text\"><div class=\"container\"><div class=\"row\"><div class=\"col-lg-8\"><div class=\"g-text__bodytext\">\n<p>Sie sollten sich dar\u00fcber im Klaren sein, dass Dritte ihre eigenen Cookies jeglicher Kategorie hinzuf\u00fcgen k\u00f6nnen, worauf wir keinen Einfluss haben. Bitte konsultieren Sie deren Datenschutzrichtlinien f\u00fcr vollst\u00e4ndige und aktuelle Informationen.<\/p>\n<\/div><\/div><\/div><\/div><\/section>\n\n\n<div style=\"height:100px\" aria-hidden=\"true\" class=\"wp-block-spacer\"><\/div>\n","protected":false},"excerpt":{"rendered":"<p>Cookie-Richtlinie \u00dcBER COOKIES Cookies sind kleine Dateien, die eine Website in Ihrem Browser speichern kann, um Informationen \u00fcber Sie zu\u2026 <a href=\"https:\/\/hadleycustomrollform.com\/de\/rechtliches\/cookie-richtlinie\/\">&#8230;<\/a><\/p>\n","protected":false},"author":3,"featured_media":0,"parent":5692,"menu_order":0,"comment_status":"closed","ping_status":"closed","template":"","meta":{"_acf_changed":false,"footnotes":""},"categories":[],"class_list":["post-5633","page","type-page","status-publish","hentry"],"acf":[],"yoast_head":"<!-- This site is optimized with the Yoast SEO Premium plugin v25.1 (Yoast SEO v27.1.1) - https:\/\/yoast.com\/product\/yoast-seo-premium-wordpress\/ -->\n<title>Cookie-Richtlinie - Hadley Group<\/title>\n<meta name=\"description\" content=\"Die Hadley Group verwendet Cookies, um die Nutzung unserer Website f\u00fcr Sie zu verbessern und um sicherzustellen, dass sie f\u00fcr Sie korrekt funktioniert.\" \/>\n<meta name=\"robots\" content=\"noindex, follow, max-snippet:-1, max-image-preview:large, max-video-preview:-1\" \/>\n<meta property=\"og:locale\" content=\"de_DE\" \/>\n<meta property=\"og:type\" content=\"article\" \/>\n<meta property=\"og:title\" content=\"Cookie-Richtlinie\" \/>\n<meta property=\"og:description\" content=\"Die Hadley Group verwendet Cookies, um die Nutzung unserer Website f\u00fcr Sie zu verbessern und um sicherzustellen, dass sie f\u00fcr Sie korrekt funktioniert.\" \/>\n<meta property=\"og:url\" content=\"https:\/\/hadleycustomrollform.com\/de\/rechtliches\/cookie-richtlinie\/\" \/>\n<meta property=\"og:site_name\" content=\"Hadley Custom Roll Form\" \/>\n<meta property=\"article:publisher\" content=\"https:\/\/www.facebook.com\/HadleyGroupGlobal\" \/>\n<meta property=\"article:modified_time\" content=\"2022-08-24T13:02:26+00:00\" \/>\n<meta property=\"og:image\" content=\"https:\/\/hadleycustomrollform.com\/app\/uploads\/2023\/01\/Hadley-Group-logo.jpg\" \/>\n\t<meta property=\"og:image:width\" content=\"1280\" \/>\n\t<meta property=\"og:image:height\" content=\"300\" \/>\n\t<meta property=\"og:image:type\" content=\"image\/jpeg\" \/>\n<meta name=\"twitter:card\" content=\"summary_large_image\" \/>\n<meta name=\"twitter:site\" content=\"@hadley_group\" \/>\n<meta name=\"twitter:label1\" content=\"Est. reading time\" \/>\n\t<meta name=\"twitter:data1\" content=\"2 minutes\" \/>\n<script type=\"application\/ld+json\" class=\"yoast-schema-graph\">{\"@context\":\"https:\/\/schema.org\",\"@graph\":[{\"@type\":\"WebPage\",\"@id\":\"https:\/\/hadleycustomrollform.com\/de\/rechtliches\/cookie-richtlinie\/\",\"url\":\"https:\/\/hadleycustomrollform.com\/de\/rechtliches\/cookie-richtlinie\/\",\"name\":\"Cookie-Richtlinie - Hadley Group\",\"isPartOf\":{\"@id\":\"https:\/\/hadleycustomrollform.com\/de\/#website\"},\"datePublished\":\"2022-03-01T12:16:05+00:00\",\"dateModified\":\"2022-08-24T13:02:26+00:00\",\"description\":\"Die Hadley Group verwendet Cookies, um die Nutzung unserer Website f\u00fcr Sie zu verbessern und um sicherzustellen, dass sie f\u00fcr Sie korrekt funktioniert.\",\"breadcrumb\":{\"@id\":\"https:\/\/hadleycustomrollform.com\/de\/rechtliches\/cookie-richtlinie\/#breadcrumb\"},\"inLanguage\":\"de-DE\",\"potentialAction\":[{\"@type\":\"ReadAction\",\"target\":[\"https:\/\/hadleycustomrollform.com\/de\/rechtliches\/cookie-richtlinie\/\"]}]},{\"@type\":\"BreadcrumbList\",\"@id\":\"https:\/\/hadleycustomrollform.com\/de\/rechtliches\/cookie-richtlinie\/#breadcrumb\",\"itemListElement\":[{\"@type\":\"ListItem\",\"position\":1,\"name\":\"Home\",\"item\":\"https:\/\/hadleycustomrollform.com\/de\/\"},{\"@type\":\"ListItem\",\"position\":2,\"name\":\"Rechtliches\",\"item\":\"https:\/\/hadleycustomrollform.com\/de\/rechtliches\/\"},{\"@type\":\"ListItem\",\"position\":3,\"name\":\"Cookie-Richtlinie\"}]},{\"@type\":\"WebSite\",\"@id\":\"https:\/\/hadleycustomrollform.com\/de\/#website\",\"url\":\"https:\/\/hadleycustomrollform.com\/de\/\",\"name\":\"Hadley Group\",\"description\":\"Shaping the Future in Metal\",\"publisher\":{\"@id\":\"https:\/\/hadleycustomrollform.com\/de\/#organization\"},\"potentialAction\":[{\"@type\":\"SearchAction\",\"target\":{\"@type\":\"EntryPoint\",\"urlTemplate\":\"https:\/\/hadleycustomrollform.com\/de\/?s={search_term_string}\"},\"query-input\":{\"@type\":\"PropertyValueSpecification\",\"valueRequired\":true,\"valueName\":\"search_term_string\"}}],\"inLanguage\":\"de-DE\"},{\"@type\":\"Organization\",\"@id\":\"https:\/\/hadleycustomrollform.com\/de\/#organization\",\"name\":\"Hadley Group\",\"url\":\"https:\/\/hadleycustomrollform.com\/de\/\",\"logo\":{\"@type\":\"ImageObject\",\"inLanguage\":\"de-DE\",\"@id\":\"https:\/\/hadleycustomrollform.com\/de\/#\/schema\/logo\/image\/\",\"url\":\"http:\/\/hadleycustomrollform.com\/app\/uploads\/2023\/01\/Hadley-Group-logo.jpg\",\"contentUrl\":\"http:\/\/hadleycustomrollform.com\/app\/uploads\/2023\/01\/Hadley-Group-logo.jpg\",\"width\":1280,\"height\":300,\"caption\":\"Hadley Group\"},\"image\":{\"@id\":\"https:\/\/hadleycustomrollform.com\/de\/#\/schema\/logo\/image\/\"},\"sameAs\":[\"https:\/\/www.facebook.com\/HadleyGroupGlobal\",\"https:\/\/x.com\/hadley_group\",\"https:\/\/www.youtube.com\/@HadleyGroupSmethwick\",\"https:\/\/www.linkedin.com\/company\/hadley-group-\/\"]}]}<\/script>\n<!-- \/ Yoast SEO Premium plugin. -->","yoast_head_json":{"title":"Cookie-Richtlinie - Hadley Group","description":"Die Hadley Group verwendet Cookies, um die Nutzung unserer Website f\u00fcr Sie zu verbessern und um sicherzustellen, dass sie f\u00fcr Sie korrekt funktioniert.","robots":{"index":"noindex","follow":"follow","max-snippet":"max-snippet:-1","max-image-preview":"max-image-preview:large","max-video-preview":"max-video-preview:-1"},"og_locale":"de_DE","og_type":"article","og_title":"Cookie-Richtlinie","og_description":"Die Hadley Group verwendet Cookies, um die Nutzung unserer Website f\u00fcr Sie zu verbessern und um sicherzustellen, dass sie f\u00fcr Sie korrekt funktioniert.","og_url":"https:\/\/hadleycustomrollform.com\/de\/rechtliches\/cookie-richtlinie\/","og_site_name":"Hadley Custom Roll Form","article_publisher":"https:\/\/www.facebook.com\/HadleyGroupGlobal","article_modified_time":"2022-08-24T13:02:26+00:00","og_image":[{"width":1280,"height":300,"url":"https:\/\/hadleycustomrollform.com\/app\/uploads\/2023\/01\/Hadley-Group-logo.jpg","type":"image\/jpeg"}],"twitter_card":"summary_large_image","twitter_site":"@hadley_group","twitter_misc":{"Est. reading time":"2 minutes"},"schema":{"@context":"https:\/\/schema.org","@graph":[{"@type":"WebPage","@id":"https:\/\/hadleycustomrollform.com\/de\/rechtliches\/cookie-richtlinie\/","url":"https:\/\/hadleycustomrollform.com\/de\/rechtliches\/cookie-richtlinie\/","name":"Cookie-Richtlinie - Hadley Group","isPartOf":{"@id":"https:\/\/hadleycustomrollform.com\/de\/#website"},"datePublished":"2022-03-01T12:16:05+00:00","dateModified":"2022-08-24T13:02:26+00:00","description":"Die Hadley Group verwendet Cookies, um die Nutzung unserer Website f\u00fcr Sie zu verbessern und um sicherzustellen, dass sie f\u00fcr Sie korrekt funktioniert.","breadcrumb":{"@id":"https:\/\/hadleycustomrollform.com\/de\/rechtliches\/cookie-richtlinie\/#breadcrumb"},"inLanguage":"de-DE","potentialAction":[{"@type":"ReadAction","target":["https:\/\/hadleycustomrollform.com\/de\/rechtliches\/cookie-richtlinie\/"]}]},{"@type":"BreadcrumbList","@id":"https:\/\/hadleycustomrollform.com\/de\/rechtliches\/cookie-richtlinie\/#breadcrumb","itemListElement":[{"@type":"ListItem","position":1,"name":"Home","item":"https:\/\/hadleycustomrollform.com\/de\/"},{"@type":"ListItem","position":2,"name":"Rechtliches","item":"https:\/\/hadleycustomrollform.com\/de\/rechtliches\/"},{"@type":"ListItem","position":3,"name":"Cookie-Richtlinie"}]},{"@type":"WebSite","@id":"https:\/\/hadleycustomrollform.com\/de\/#website","url":"https:\/\/hadleycustomrollform.com\/de\/","name":"Hadley Group","description":"Shaping the Future in Metal","publisher":{"@id":"https:\/\/hadleycustomrollform.com\/de\/#organization"},"potentialAction":[{"@type":"SearchAction","target":{"@type":"EntryPoint","urlTemplate":"https:\/\/hadleycustomrollform.com\/de\/?s={search_term_string}"},"query-input":{"@type":"PropertyValueSpecification","valueRequired":true,"valueName":"search_term_string"}}],"inLanguage":"de-DE"},{"@type":"Organization","@id":"https:\/\/hadleycustomrollform.com\/de\/#organization","name":"Hadley Group","url":"https:\/\/hadleycustomrollform.com\/de\/","logo":{"@type":"ImageObject","inLanguage":"de-DE","@id":"https:\/\/hadleycustomrollform.com\/de\/#\/schema\/logo\/image\/","url":"http:\/\/hadleycustomrollform.com\/app\/uploads\/2023\/01\/Hadley-Group-logo.jpg","contentUrl":"http:\/\/hadleycustomrollform.com\/app\/uploads\/2023\/01\/Hadley-Group-logo.jpg","width":1280,"height":300,"caption":"Hadley Group"},"image":{"@id":"https:\/\/hadleycustomrollform.com\/de\/#\/schema\/logo\/image\/"},"sameAs":["https:\/\/www.facebook.com\/HadleyGroupGlobal","https:\/\/x.com\/hadley_group","https:\/\/www.youtube.com\/@HadleyGroupSmethwick","https:\/\/www.linkedin.com\/company\/hadley-group-\/"]}]}},"_links":{"self":[{"href":"https:\/\/hadleycustomrollform.com\/de\/wp-json\/wp\/v2\/pages\/5633","targetHints":{"allow":["GET"]}}],"collection":[{"href":"https:\/\/hadleycustomrollform.com\/de\/wp-json\/wp\/v2\/pages"}],"about":[{"href":"https:\/\/hadleycustomrollform.com\/de\/wp-json\/wp\/v2\/types\/page"}],"author":[{"embeddable":true,"href":"https:\/\/hadleycustomrollform.com\/de\/wp-json\/wp\/v2\/users\/3"}],"replies":[{"embeddable":true,"href":"https:\/\/hadleycustomrollform.com\/de\/wp-json\/wp\/v2\/comments?post=5633"}],"version-history":[{"count":7,"href":"https:\/\/hadleycustomrollform.com\/de\/wp-json\/wp\/v2\/pages\/5633\/revisions"}],"predecessor-version":[{"id":5792,"href":"https:\/\/hadleycustomrollform.com\/de\/wp-json\/wp\/v2\/pages\/5633\/revisions\/5792"}],"up":[{"embeddable":true,"href":"https:\/\/hadleycustomrollform.com\/de\/wp-json\/wp\/v2\/pages\/5692"}],"wp:attachment":[{"href":"https:\/\/hadleycustomrollform.com\/de\/wp-json\/wp\/v2\/media?parent=5633"}],"wp:term":[{"taxonomy":"category","embeddable":true,"href":"https:\/\/hadleycustomrollform.com\/de\/wp-json\/wp\/v2\/categories?post=5633"}],"curies":[{"name":"wp","href":"https:\/\/api.w.org\/{rel}","templated":true}]}}