{"id":1834,"date":"2022-04-02T09:49:54","date_gmt":"2022-04-02T09:49:54","guid":{"rendered":"http:\/\/hadleycustomrollform.com\/profilage-a-froid\/"},"modified":"2025-09-08T11:44:35","modified_gmt":"2025-09-08T11:44:35","slug":"profilage-a-froid","status":"publish","type":"page","link":"https:\/\/hadleycustomrollform.com\/fr\/profilage-a-froid\/","title":{"rendered":"Profilage \u00e0 froid"},"content":{"rendered":"<background-video inline-template :autoplay=\"true\" video=\"\"> \n<section class=\"wp-block-stradigi-gutenberg-hero g-hero container-fluid p-0 g-hero--has-overlay\" style=\"background-image:url(&quot;http:\/\/hadleycustomrollform.com\/app\/uploads\/2022\/04\/DSC_1507.jpg&quot;)\" data-youtube-url=\"\"><div class=\"g-hero--filter\"><\/div><div class=\"g-hero__container container\"><div class=\"g-hero__wrap\"><h1 class=\"g-hero__heading\">Cold Roll Forming<\/h1><div class=\"g-hero__body\"><div class=\"g-hero__body__text\"><p><strong>Cold roll forming <\/strong>is one of the most versatile and productive production methods for forming metal.<\/p><\/div><div class=\"g-hero__body__buttons\"><a href=\"http:\/\/hadleycustomrollform.com\/fr\/contact\/\" class=\"c-button\">Contact Us<i class=\"fas fa-sm fa-chevron-right\"><\/i><\/a><\/div><\/div><\/div><div class=\"g-hero__chevron__container d-none d-lg-block\"><i class=\"fas fa-chevron-down fa-3x scrollDown\"><\/i><\/div><\/div><\/section>\n <\/background-video><div class=\"JB-1 h-section-background\">\n<section class=\"wp-block-stradigi-gutenberg-fixed-spacer g-spacer g-spacer--size-medium\"><\/section>\n<\/div><section class=\"JB-1 h-section-background g-text\"><div class=\"container\"><div class=\"row\"><div class=\"col-lg-8\"><div class=\"g-text__title\">\n<h2 class=\"wp-block-heading\" id=\"h-what-can-you-do-with-cold-roll-forming\">Que peut-on faire avec le profilage \u00e0 froid ?<\/h2>\n<\/div><\/div><\/div><\/div><\/section><div class=\"JB-1 h-section-background\">\n<section class=\"wp-block-stradigi-gutenberg-text-image g-text-image\"><div class=\"container\"><div class=\"g-text-image__row row\"><div data-translate=\"true\" class=\"order-2 offset-xl-1 col-md-3\"><div class=\"g-text-image__content\">\n<section class=\"JB-1 h-section-background g-text\"><div class=\"container\"><div class=\"row\"><div class=\"col-lg-8\"><div class=\"g-text__bodytext\">\n<ul class=\"wp-block-list\">\n\n<li>Profil\u00e9s d&#8217;une \u00e9paisseur de 0,3 \u00e0 8 mm et d&#8217;une largeur allant jusqu&#8217;\u00e0 1,3 m ;<\/li>\n\n\n<li>Large \u00e9ventail de possibilit\u00e9s g\u00e9om\u00e9triques ;<\/li>\n\n\n<li>Tol\u00e9rances tr\u00e8s \u00e9troites, \u00e0 partir de \u00b1 0,05 mm ;<\/li>\n\n\n<li>Convient pour les m\u00e9taux ferreux, non ferreux, l&#8217;acier inoxydable et autres m\u00e9taux d\u00e9formables ;<\/li>\n\n\n<li>Capacit\u00e9 \u00e0 former des mat\u00e9riaux avec des surfaces polies et pr\u00e9peintes ;<\/li>\n\n\n<li>Usinage en ligne tel que le poin\u00e7onnage, la d\u00e9coupe, le pliage et la coupe \u00e0 longueur ;<\/li>\n\n\n<li>Capacit\u00e9 \u00e0 former des formes ferm\u00e9es par soudage en ligne.<\/li>\n\n<\/ul>\n<\/div><\/div><\/div><\/div><\/section>\n<\/div><\/div><article data-translate=\"true\" class=\"order-1 col-md-9 col-xl-8\"><div class=\"g-text-image__sidenote\"><div class=\"g-text-image__frame-wrapper\"><iframe src=\"https:\/\/player.vimeo.com\/video\/726940907?&amp;autoplay=0&amp;loop=1&amp;byline=0&amp;title=0\"><\/iframe><\/div><\/div><\/article><\/div><\/div><\/section>\n<\/div><div class=\"JB-1 h-section-background\">\n<section class=\"wp-block-stradigi-gutenberg-cta-one g-cta-one\"><div class=\"container\"><div class=\"g-cta-one__row row\"><div class=\"col-sm-12 col-lg-8\"><h2 class=\"g-cta-one__title\"><h2 class=\"g-cta-one__title h-heading h-heading--size-undefined\">Contact us<\/h2><\/h2><div class=\"g-cta-one__content\"><p>Want to know what is possible with cold rolling? As a specialist, we would be happy to discuss your specific requirements for cold rolled profiles with you at an early stage. Together with you, we will find the best solution. This often leads to new insights and savings in time and costs.<\/p><\/div><div class=\"g-cta-one__buttons\"><a href=\"mailto:ask.customrollform@hadleygroup.com\" class=\"g-cta-one__button-primary\">email the team<i class=\"fas fa-sm fa-chevron-right\"><\/i><\/a><a href=\"http:\/\/hadleycustomrollform.com\/fr\/contact\/\" class=\"g-cta-one__button-secondary\">Fill in form<i class=\"fas fa-sm fa-chevron-right\"><\/i><\/a><\/div><\/div><\/div><\/div><\/section>\n<\/div><div class=\"JB-1 h-section-background\">\n<section class=\"wp-block-stradigi-gutenberg-fixed-spacer g-spacer g-spacer--size-medium\"><\/section>\n<\/div>\n<section class=\"wp-block-stradigi-gutenberg-banner g-banner container-fluid p-0 jarallax g-banner--has-overlay g-banner--size-small\" style=\"background-image:url(&quot;http:\/\/hadleycustomrollform.com\/app\/uploads\/2022\/05\/Profile_Purlins-2.jpg&quot;)\"><div class=\"g-banner__container container\"><div class=\"g-banner__wrap\"><h2 class=\"g-banner__heading h-heading h-heading--size-64\">Why use cold roll forming?<\/h2><div class=\"g-banner__body\"><div class=\"g-banner__body__buttons\"><\/div><\/div><\/div><\/div><\/section>\n<section class=\"JB-1 h-section-background g-text\"><div class=\"container\"><div class=\"row\"><div class=\"col-lg-8\"><div class=\"g-text__bodytext\">\n<ul class=\"wp-block-list\">\n<li class=\"has-medium-font-size\">Est id\u00e9al pour les pi\u00e8ces \u00e0 profil constant de grande longueur et de grand volume ;<\/li>\n\n\n\n<li class=\"has-medium-font-size\">Assurer un haut degr\u00e9 de coh\u00e9rence et de pr\u00e9cision ;<\/li>\n\n\n\n<li class=\"has-medium-font-size\">Convient \u00e0 une large gamme de m\u00e9taux, tels que l&#8217;acier inoxydable, l&#8217;aluminium et l&#8217;acier pr\u00e9laqu\u00e9 ;<\/li>\n\n\n\n<li class=\"has-medium-font-size\">Permet la conception et la production de produits personnalis\u00e9s ;<\/li>\n\n\n\n<li class=\"has-medium-font-size\">Apporte des solutions efficaces \u00e0 des probl\u00e8mes complexes ;<\/li>\n\n\n\n<li class=\"has-medium-font-size\">Est respectueux de l&#8217;environnement.<\/li>\n<\/ul>\n<\/div><\/div><\/div><\/div><\/section><div class=\"JB-1 h-section-background\">\n<section class=\"wp-block-stradigi-gutenberg-fixed-spacer g-spacer g-spacer--size-small\"><\/section>\n<\/div><section class=\"JB-1 h-section-background g-text\"><div class=\"container\"><div class=\"row\"><div class=\"col-lg-8\"><div class=\"g-text__title\">\n<h2 class=\"wp-block-heading\" id=\"h-the-cold-rolling-process\">Notre processus de laminage \u00e0 froid<\/h2>\n<\/div><\/div><\/div><\/div><\/section><section class=\"JB-1 h-section-background g-text\"><div class=\"container\"><div class=\"row\"><div class=\"col-lg-8\"><div class=\"g-text__bodytext\">\n<p>Le <strong>processus de laminage \u00e0 froid<\/strong> consiste en une op\u00e9ration de pliage constant dans laquelle une longue bande de m\u00e9tal enroul\u00e9e (g\u00e9n\u00e9ralement de l&#8217;acier) passe dans une s\u00e9rie de rouleaux pr\u00e9form\u00e9s qui fa\u00e7onnent progressivement le m\u00e9tal pour obtenir le profil de section transversale souhait\u00e9.<\/p>\n<\/div><\/div><\/div><\/div><\/section><section class=\"JB-1 h-section-background g-text\"><div class=\"container\"><div class=\"row\"><div class=\"col-lg-8\"><div class=\"g-text__bodytext\">\n<p>Le profilage \u00e0 froid offre un certain nombre d&#8217;avantages par rapport \u00e0 l&#8217;extrusion. Le processus de profilage est plus rapide et consomme moins d&#8217;\u00e9nergie que l&#8217;extrusion. Il offre \u00e9galement un gain de poids important et une r\u00e9sistance accrue (car le m\u00e9tal est durci \u00e0 l&#8217;\u00e9tat froid).<\/p>\n<\/div><\/div><\/div><\/div><\/section><section class=\"JB-1 h-section-background g-text\"><div class=\"container\"><div class=\"row\"><div class=\"col-lg-8\"><div class=\"g-text__bodytext\">\n<p>L&#8217;une de nos plus grandes forces est notre capacit\u00e9 \u00e0 traduire en pratique les exigences complexes de nos clients. L&#8217;<strong>acier lamin\u00e9 \u00e0 froid pr\u00e9sente plusieurs avantages<\/strong> qui peuvent \u00eatre tr\u00e8s int\u00e9ressants pour diff\u00e9rents secteurs, tels que l&#8217;<a href=\"http:\/\/hadleycustomrollform.com\/custom-roll-forming\/markets\/cold-roll-forming-automotive\/\" target=\"_blank\" rel=\"noreferrer noopener\">automobile<\/a>, la construction, l&#8217;<a href=\"http:\/\/hadleycustomrollform.com\/custom-roll-forming\/markets\/cold-roll-forming-industrial\/\" target=\"_blank\" rel=\"noreferrer noopener\">industrie <\/a>et l&#8217;<a href=\"http:\/\/hadleycustomrollform.com\/custom-roll-forming\/markets\/cold-roll-forming-agricultural\/\" target=\"_blank\" rel=\"noreferrer noopener\">agriculture<\/a>.  <\/p>\n<\/div><\/div><\/div><\/div><\/section><div class=\"JB-1 h-section-background\">\n<section class=\"wp-block-stradigi-gutenberg-fixed-spacer g-spacer g-spacer--size-medium\"><\/section>\n<\/div><div class=\"JB-1 h-section-background\">\n<section class=\"wp-block-stradigi-gutenberg-sidenote g-sidenote\"><div class=\"container\"><div class=\"g-sidenote__row row\"><div class=\"col-lg-5\"><div class=\"g-sidenote__content\"><section class=\"JB-1 h-section-background g-text\"><div class=\"container\"><div class=\"row\"><div class=\"col-lg-8\"><div class=\"g-text__title\">\n<h2 class=\"wp-block-heading\" id=\"h-collaboration-for-complex-metal-profiles\">Collaboration pour les profil\u00e9s complexes lamin\u00e9s \u00e0 froid<\/h2>\n<\/div><\/div><\/div><\/div><\/section>\n\n<section class=\"JB-1 h-section-background g-text\"><div class=\"container\"><div class=\"row\"><div class=\"col-lg-8\"><div class=\"g-text__bodytext\">\n<p>Les exigences de votre projet sont \u00e9valu\u00e9es par <strong>notre \u00e9quipe de 50 ing\u00e9nieurs et techniciens \u00e0 temps plein<\/strong> au sein de Hadley Group Technology. Ils travailleront comme une extension de vos concepteurs internes pour traduire vos exigences complexes en solutions de qualit\u00e9 hautement efficaces.<\/p>\n<\/div><\/div><\/div><\/div><\/section>\n\n<section class=\"JB-1 h-section-background g-text\"><div class=\"container\"><div class=\"row\"><div class=\"col-lg-8\"><div class=\"g-text__bodytext\">\n<p>En tant que sp\u00e9cialistes de la recherche et du d\u00e9veloppement de produits, de la conception, de la fabrication et de l&#8217;assistance technique pour les outils et les machines, nous utilisons les derniers d\u00e9veloppements en mati\u00e8re de technologie de simulation informatique, de mat\u00e9riel d&#8217;ing\u00e9nierie avanc\u00e9 et l&#8217;expertise de notre \u00e9quipe interne.<\/p>\n<\/div><\/div><\/div><\/div><\/section><\/div><\/div><article class=\"col-md-7 offset-xl-1 col-xl-6\"><div class=\"g-sidenote__sidenote\" style=\"background-image:url(&quot;http:\/\/hadleycustomrollform.com\/app\/uploads\/2022\/04\/DSC_1238.s-985x1024.jpg&quot;)\"><h3 class=\"g-sidenote__sidenote-subtitle h-heading h-heading--size-undefined\">Hadley Group Technology<\/h3><div class=\"g-sidenote__sidenote-content\"><\/div><a href=\"http:\/\/hadleycustomrollform.com\/fr\/profilage-sur-mesure\/hadley-group-technology\/\" class=\"c-button g-sidenote__sidenote-cta\">Think with us<i class=\"fas fa-sm fa-chevron-right\"><\/i><\/a><\/div><\/article><\/div><\/div><\/section>\n<\/div><div class=\"JB-1 h-section-background\">\n<section class=\"wp-block-stradigi-gutenberg-fixed-spacer g-spacer g-spacer--size-medium\"><\/section>\n<\/div><section class=\"JB-1 h-section-background g-image\"><div class=\"container\"><div class=\"row\"><div class=\"col-lg-8\"><div class=\"g-image__image-wrapper\">\n<figure class=\"wp-block-image size-large\"><img loading=\"lazy\" decoding=\"async\" width=\"1024\" height=\"461\" src=\"http:\/\/hadleycustomrollform.com\/app\/uploads\/2022\/05\/Ultrasteel-profile-close-up-1024x461.jpg\" alt=\"Profil&#xE9; en Ultrasteel \" class=\"wp-image-2380\" srcset=\"https:\/\/hadleycustomrollform.com\/app\/uploads\/2022\/05\/Ultrasteel-profile-close-up-1024x461.jpg 1024w, https:\/\/hadleycustomrollform.com\/app\/uploads\/2022\/05\/Ultrasteel-profile-close-up-300x135.jpg 300w, https:\/\/hadleycustomrollform.com\/app\/uploads\/2022\/05\/Ultrasteel-profile-close-up-768x346.jpg 768w, https:\/\/hadleycustomrollform.com\/app\/uploads\/2022\/05\/Ultrasteel-profile-close-up-1536x692.jpg 1536w, https:\/\/hadleycustomrollform.com\/app\/uploads\/2022\/05\/Ultrasteel-profile-close-up.jpg 1920w\" sizes=\"auto, (max-width: 1024px) 100vw, 1024px\" \/><\/figure>\n<\/div><\/div><\/div><\/div><\/section><div class=\"JB-1 h-section-background\">\n<section class=\"wp-block-stradigi-gutenberg-cta-two g-cta-two\"><div class=\"container\"><div class=\"g-cta-two__container\"><div class=\"g-cta-two__left-col\"><h2 class=\"g-cta-two__title h-heading h-heading--size-undefined\">UltraSTEEL\u00ae<\/h2><div class=\"g-cta-two__content\"><p>The <a href=\"http:\/\/hadleycustomrollform.com\/fr\/ultrasteel\/\" target=\"_blank\" rel=\"noreferrer noopener\">UltraSTEEL<sup>\u00ae<\/sup><\/a> process is a pre-machining technology for the base material. UltraSTEEL<sup>\u00ae<\/sup> has helped customers from various industries around the world to improve product efficiency and product strength while reducing weight and use of raw materials.<\/p><\/div><\/div><div class=\"g-cta-two__right-col\"><a href=\"http:\/\/hadleycustomrollform.com\/fr\/ultrasteel\/\" class=\"g-cta-two__button\">Find out more<i class=\"fas fa-sm fa-chevron-right\"><\/i><\/a><\/div><\/div><\/div><\/section>\n<\/div><div class=\"JB-1 h-section-background\">\n<section class=\"wp-block-stradigi-gutenberg-fixed-spacer g-spacer g-spacer--size-large\"><\/section>\n<\/div>","protected":false},"excerpt":{"rendered":"<p>Que peut-on faire avec le profilage \u00e0 froid ? Notre processus de laminage \u00e0 froid Le processus de laminage \u00e0\u2026 <a href=\"https:\/\/hadleycustomrollform.com\/fr\/profilage-a-froid\/\">&#8230;<\/a><\/p>\n","protected":false},"author":3,"featured_media":0,"parent":0,"menu_order":0,"comment_status":"closed","ping_status":"closed","template":"","meta":{"_acf_changed":false,"footnotes":""},"categories":[],"class_list":["post-1834","page","type-page","status-publish","hentry"],"acf":[],"yoast_head":"<!-- This site is optimized with the Yoast SEO Premium plugin v25.1 (Yoast SEO v27.1.1) - https:\/\/yoast.com\/product\/yoast-seo-premium-wordpress\/ -->\n<title>Un sp\u00e9cialiste du profilage \u00e0 froid pour le march\u00e9 B2B - Hadley Group<\/title>\n<meta name=\"description\" content=\"Laminage \u00e0 froid de profil\u00e9s m\u00e9talliques de haute qualit\u00e9 pour divers march\u00e9s. Id\u00e9al pour la conception de produits personnalis\u00e9s. Tol\u00e9rances \u00e9troites, \u00e0 partir de \u00b1 0,05 mm. Prenez contact avec nous !\" \/>\n<meta name=\"robots\" content=\"noindex, follow, max-snippet:-1, max-image-preview:large, max-video-preview:-1\" \/>\n<meta property=\"og:locale\" content=\"fr_FR\" \/>\n<meta property=\"og:type\" content=\"article\" \/>\n<meta property=\"og:title\" content=\"Profilage \u00e0 froid\" \/>\n<meta property=\"og:description\" content=\"Laminage \u00e0 froid de profil\u00e9s m\u00e9talliques de haute qualit\u00e9 pour divers march\u00e9s. Id\u00e9al pour la conception de produits personnalis\u00e9s. Tol\u00e9rances \u00e9troites, \u00e0 partir de \u00b1 0,05 mm. Prenez contact avec nous !\" \/>\n<meta property=\"og:url\" content=\"https:\/\/hadleycustomrollform.com\/fr\/profilage-a-froid\/\" \/>\n<meta property=\"og:site_name\" content=\"Hadley Custom Roll Form\" \/>\n<meta property=\"article:publisher\" content=\"https:\/\/www.facebook.com\/HadleyGroupGlobal\" \/>\n<meta property=\"article:modified_time\" content=\"2025-09-08T11:44:35+00:00\" \/>\n<meta property=\"og:image\" content=\"http:\/\/hadleycustomrollform.com\/app\/uploads\/2022\/05\/Ultrasteel-profile-close-up-1024x461.jpg\" \/>\n<meta name=\"twitter:card\" content=\"summary_large_image\" \/>\n<meta name=\"twitter:site\" content=\"@hadley_group\" \/>\n<meta name=\"twitter:label1\" content=\"Est. reading time\" \/>\n\t<meta name=\"twitter:data1\" content=\"3 minutes\" \/>\n<script type=\"application\/ld+json\" class=\"yoast-schema-graph\">{\"@context\":\"https:\/\/schema.org\",\"@graph\":[{\"@type\":\"WebPage\",\"@id\":\"https:\/\/hadleycustomrollform.com\/fr\/profilage-a-froid\/\",\"url\":\"https:\/\/hadleycustomrollform.com\/fr\/profilage-a-froid\/\",\"name\":\"Un sp\u00e9cialiste du profilage \u00e0 froid pour le march\u00e9 B2B - Hadley Group\",\"isPartOf\":{\"@id\":\"https:\/\/hadleycustomrollform.com\/fr\/#website\"},\"primaryImageOfPage\":{\"@id\":\"https:\/\/hadleycustomrollform.com\/fr\/profilage-a-froid\/#primaryimage\"},\"image\":{\"@id\":\"https:\/\/hadleycustomrollform.com\/fr\/profilage-a-froid\/#primaryimage\"},\"thumbnailUrl\":\"http:\/\/hadleycustomrollform.com\/app\/uploads\/2022\/05\/Ultrasteel-profile-close-up-1024x461.jpg\",\"datePublished\":\"2022-04-02T09:49:54+00:00\",\"dateModified\":\"2025-09-08T11:44:35+00:00\",\"description\":\"Laminage \u00e0 froid de profil\u00e9s m\u00e9talliques de haute qualit\u00e9 pour divers march\u00e9s. Id\u00e9al pour la conception de produits personnalis\u00e9s. Tol\u00e9rances \u00e9troites, \u00e0 partir de \u00b1 0,05 mm. Prenez contact avec nous !\",\"breadcrumb\":{\"@id\":\"https:\/\/hadleycustomrollform.com\/fr\/profilage-a-froid\/#breadcrumb\"},\"inLanguage\":\"fr-FR\",\"potentialAction\":[{\"@type\":\"ReadAction\",\"target\":[\"https:\/\/hadleycustomrollform.com\/fr\/profilage-a-froid\/\"]}]},{\"@type\":\"ImageObject\",\"inLanguage\":\"fr-FR\",\"@id\":\"https:\/\/hadleycustomrollform.com\/fr\/profilage-a-froid\/#primaryimage\",\"url\":\"http:\/\/hadleycustomrollform.com\/app\/uploads\/2022\/05\/Ultrasteel-profile-close-up-1024x461.jpg\",\"contentUrl\":\"http:\/\/hadleycustomrollform.com\/app\/uploads\/2022\/05\/Ultrasteel-profile-close-up-1024x461.jpg\"},{\"@type\":\"BreadcrumbList\",\"@id\":\"https:\/\/hadleycustomrollform.com\/fr\/profilage-a-froid\/#breadcrumb\",\"itemListElement\":[{\"@type\":\"ListItem\",\"position\":1,\"name\":\"Home\",\"item\":\"https:\/\/hadleycustomrollform.com\/fr\/\"},{\"@type\":\"ListItem\",\"position\":2,\"name\":\"Profilage \u00e0 froid\"}]},{\"@type\":\"WebSite\",\"@id\":\"https:\/\/hadleycustomrollform.com\/fr\/#website\",\"url\":\"https:\/\/hadleycustomrollform.com\/fr\/\",\"name\":\"Hadley Group\",\"description\":\"Shaping the Future in Metal\",\"publisher\":{\"@id\":\"https:\/\/hadleycustomrollform.com\/fr\/#organization\"},\"potentialAction\":[{\"@type\":\"SearchAction\",\"target\":{\"@type\":\"EntryPoint\",\"urlTemplate\":\"https:\/\/hadleycustomrollform.com\/fr\/?s={search_term_string}\"},\"query-input\":{\"@type\":\"PropertyValueSpecification\",\"valueRequired\":true,\"valueName\":\"search_term_string\"}}],\"inLanguage\":\"fr-FR\"},{\"@type\":\"Organization\",\"@id\":\"https:\/\/hadleycustomrollform.com\/fr\/#organization\",\"name\":\"Hadley Group\",\"url\":\"https:\/\/hadleycustomrollform.com\/fr\/\",\"logo\":{\"@type\":\"ImageObject\",\"inLanguage\":\"fr-FR\",\"@id\":\"https:\/\/hadleycustomrollform.com\/fr\/#\/schema\/logo\/image\/\",\"url\":\"http:\/\/hadleycustomrollform.com\/app\/uploads\/2023\/01\/Hadley-Group-logo.jpg\",\"contentUrl\":\"http:\/\/hadleycustomrollform.com\/app\/uploads\/2023\/01\/Hadley-Group-logo.jpg\",\"width\":1280,\"height\":300,\"caption\":\"Hadley Group\"},\"image\":{\"@id\":\"https:\/\/hadleycustomrollform.com\/fr\/#\/schema\/logo\/image\/\"},\"sameAs\":[\"https:\/\/www.facebook.com\/HadleyGroupGlobal\",\"https:\/\/x.com\/hadley_group\",\"https:\/\/www.youtube.com\/@HadleyGroupSmethwick\",\"https:\/\/www.linkedin.com\/company\/hadley-group-\/\"]}]}<\/script>\n<!-- \/ Yoast SEO Premium plugin. -->","yoast_head_json":{"title":"Un sp\u00e9cialiste du profilage \u00e0 froid pour le march\u00e9 B2B - Hadley Group","description":"Laminage \u00e0 froid de profil\u00e9s m\u00e9talliques de haute qualit\u00e9 pour divers march\u00e9s. Id\u00e9al pour la conception de produits personnalis\u00e9s. Tol\u00e9rances \u00e9troites, \u00e0 partir de \u00b1 0,05 mm. Prenez contact avec nous !","robots":{"index":"noindex","follow":"follow","max-snippet":"max-snippet:-1","max-image-preview":"max-image-preview:large","max-video-preview":"max-video-preview:-1"},"og_locale":"fr_FR","og_type":"article","og_title":"Profilage \u00e0 froid","og_description":"Laminage \u00e0 froid de profil\u00e9s m\u00e9talliques de haute qualit\u00e9 pour divers march\u00e9s. Id\u00e9al pour la conception de produits personnalis\u00e9s. Tol\u00e9rances \u00e9troites, \u00e0 partir de \u00b1 0,05 mm. Prenez contact avec nous !","og_url":"https:\/\/hadleycustomrollform.com\/fr\/profilage-a-froid\/","og_site_name":"Hadley Custom Roll Form","article_publisher":"https:\/\/www.facebook.com\/HadleyGroupGlobal","article_modified_time":"2025-09-08T11:44:35+00:00","og_image":[{"url":"http:\/\/hadleycustomrollform.com\/app\/uploads\/2022\/05\/Ultrasteel-profile-close-up-1024x461.jpg","type":"","width":"","height":""}],"twitter_card":"summary_large_image","twitter_site":"@hadley_group","twitter_misc":{"Est. reading time":"3 minutes"},"schema":{"@context":"https:\/\/schema.org","@graph":[{"@type":"WebPage","@id":"https:\/\/hadleycustomrollform.com\/fr\/profilage-a-froid\/","url":"https:\/\/hadleycustomrollform.com\/fr\/profilage-a-froid\/","name":"Un sp\u00e9cialiste du profilage \u00e0 froid pour le march\u00e9 B2B - Hadley Group","isPartOf":{"@id":"https:\/\/hadleycustomrollform.com\/fr\/#website"},"primaryImageOfPage":{"@id":"https:\/\/hadleycustomrollform.com\/fr\/profilage-a-froid\/#primaryimage"},"image":{"@id":"https:\/\/hadleycustomrollform.com\/fr\/profilage-a-froid\/#primaryimage"},"thumbnailUrl":"http:\/\/hadleycustomrollform.com\/app\/uploads\/2022\/05\/Ultrasteel-profile-close-up-1024x461.jpg","datePublished":"2022-04-02T09:49:54+00:00","dateModified":"2025-09-08T11:44:35+00:00","description":"Laminage \u00e0 froid de profil\u00e9s m\u00e9talliques de haute qualit\u00e9 pour divers march\u00e9s. Id\u00e9al pour la conception de produits personnalis\u00e9s. Tol\u00e9rances \u00e9troites, \u00e0 partir de \u00b1 0,05 mm. Prenez contact avec nous !","breadcrumb":{"@id":"https:\/\/hadleycustomrollform.com\/fr\/profilage-a-froid\/#breadcrumb"},"inLanguage":"fr-FR","potentialAction":[{"@type":"ReadAction","target":["https:\/\/hadleycustomrollform.com\/fr\/profilage-a-froid\/"]}]},{"@type":"ImageObject","inLanguage":"fr-FR","@id":"https:\/\/hadleycustomrollform.com\/fr\/profilage-a-froid\/#primaryimage","url":"http:\/\/hadleycustomrollform.com\/app\/uploads\/2022\/05\/Ultrasteel-profile-close-up-1024x461.jpg","contentUrl":"http:\/\/hadleycustomrollform.com\/app\/uploads\/2022\/05\/Ultrasteel-profile-close-up-1024x461.jpg"},{"@type":"BreadcrumbList","@id":"https:\/\/hadleycustomrollform.com\/fr\/profilage-a-froid\/#breadcrumb","itemListElement":[{"@type":"ListItem","position":1,"name":"Home","item":"https:\/\/hadleycustomrollform.com\/fr\/"},{"@type":"ListItem","position":2,"name":"Profilage \u00e0 froid"}]},{"@type":"WebSite","@id":"https:\/\/hadleycustomrollform.com\/fr\/#website","url":"https:\/\/hadleycustomrollform.com\/fr\/","name":"Hadley Group","description":"Shaping the Future in Metal","publisher":{"@id":"https:\/\/hadleycustomrollform.com\/fr\/#organization"},"potentialAction":[{"@type":"SearchAction","target":{"@type":"EntryPoint","urlTemplate":"https:\/\/hadleycustomrollform.com\/fr\/?s={search_term_string}"},"query-input":{"@type":"PropertyValueSpecification","valueRequired":true,"valueName":"search_term_string"}}],"inLanguage":"fr-FR"},{"@type":"Organization","@id":"https:\/\/hadleycustomrollform.com\/fr\/#organization","name":"Hadley Group","url":"https:\/\/hadleycustomrollform.com\/fr\/","logo":{"@type":"ImageObject","inLanguage":"fr-FR","@id":"https:\/\/hadleycustomrollform.com\/fr\/#\/schema\/logo\/image\/","url":"http:\/\/hadleycustomrollform.com\/app\/uploads\/2023\/01\/Hadley-Group-logo.jpg","contentUrl":"http:\/\/hadleycustomrollform.com\/app\/uploads\/2023\/01\/Hadley-Group-logo.jpg","width":1280,"height":300,"caption":"Hadley Group"},"image":{"@id":"https:\/\/hadleycustomrollform.com\/fr\/#\/schema\/logo\/image\/"},"sameAs":["https:\/\/www.facebook.com\/HadleyGroupGlobal","https:\/\/x.com\/hadley_group","https:\/\/www.youtube.com\/@HadleyGroupSmethwick","https:\/\/www.linkedin.com\/company\/hadley-group-\/"]}]}},"_links":{"self":[{"href":"https:\/\/hadleycustomrollform.com\/fr\/wp-json\/wp\/v2\/pages\/1834","targetHints":{"allow":["GET"]}}],"collection":[{"href":"https:\/\/hadleycustomrollform.com\/fr\/wp-json\/wp\/v2\/pages"}],"about":[{"href":"https:\/\/hadleycustomrollform.com\/fr\/wp-json\/wp\/v2\/types\/page"}],"author":[{"embeddable":true,"href":"https:\/\/hadleycustomrollform.com\/fr\/wp-json\/wp\/v2\/users\/3"}],"replies":[{"embeddable":true,"href":"https:\/\/hadleycustomrollform.com\/fr\/wp-json\/wp\/v2\/comments?post=1834"}],"version-history":[{"count":27,"href":"https:\/\/hadleycustomrollform.com\/fr\/wp-json\/wp\/v2\/pages\/1834\/revisions"}],"predecessor-version":[{"id":16236,"href":"https:\/\/hadleycustomrollform.com\/fr\/wp-json\/wp\/v2\/pages\/1834\/revisions\/16236"}],"wp:attachment":[{"href":"https:\/\/hadleycustomrollform.com\/fr\/wp-json\/wp\/v2\/media?parent=1834"}],"wp:term":[{"taxonomy":"category","embeddable":true,"href":"https:\/\/hadleycustomrollform.com\/fr\/wp-json\/wp\/v2\/categories?post=1834"}],"curies":[{"name":"wp","href":"https:\/\/api.w.org\/{rel}","templated":true}]}}