{"id":1855,"date":"2022-04-02T09:53:53","date_gmt":"2022-04-02T09:53:53","guid":{"rendered":"http:\/\/hadleycustomrollform.com\/operations-en-ligne\/"},"modified":"2023-07-03T18:09:04","modified_gmt":"2023-07-03T18:09:04","slug":"operations-en-ligne","status":"publish","type":"page","link":"https:\/\/hadleycustomrollform.com\/fr\/operations-en-ligne\/","title":{"rendered":"Op\u00e9rations en ligne"},"content":{"rendered":"<background-video inline-template :autoplay=\"true\" video=\"\"> \n<section class=\"wp-block-stradigi-gutenberg-hero g-hero container-fluid p-0 g-hero--has-overlay\" style=\"background-image:url(&quot;http:\/\/hadleycustomrollform.com\/app\/uploads\/2022\/04\/DSC_1426.b.jpg&quot;)\" data-youtube-url=\"\"><div class=\"g-hero--filter\"><\/div><div class=\"g-hero__container container\"><div class=\"g-hero__wrap\"><h1 class=\"g-hero__heading\">Op\u00e9rations en ligne<\/h1><div class=\"g-hero__body\"><div class=\"g-hero__body__text\"><p>D\u00e9velopper un processus automatis\u00e9 unique adapt\u00e9 \u00e0 votre projet \u00e0 partir de notre gamme d&#8217;op\u00e9rations en ligne  <\/p><\/div><div class=\"g-hero__body__buttons\"><a href=\"http:\/\/hadleycustomrollform.com\/contact\/\" class=\"c-button\">Contactez-nous<i class=\"fas fa-sm fa-chevron-right\"><\/i><\/a><\/div><\/div><\/div><div class=\"g-hero__chevron__container d-none d-lg-block\"><i class=\"fas fa-chevron-down fa-3x scrollDown\"><\/i><\/div><\/div><\/section>\n <\/background-video>\n\n<div class=\"JB-1 h-section-background\">\n<section class=\"wp-block-stradigi-gutenberg-fixed-spacer g-spacer g-spacer--size-medium\"><\/section>\n<\/div>\n\n<section class=\"JB-1 h-section-background g-text\"><div class=\"container\"><div class=\"row\"><div class=\"col-lg-8\"><div class=\"g-text__title\">\n<h6 class=\"wp-block-heading\">Lorsque votre profil n\u00e9cessite des d\u00e9tails suppl\u00e9mentaires, vous pouvez ajouter diverses \u00e9tapes automatis\u00e9es au processus de fabrication de votre pi\u00e8ce pour augmenter la capacit\u00e9 de production.<\/h6>\n<\/div><\/div><\/div><\/div><\/section>\n\n<div class=\"JB-1 h-section-background\">\n<section class=\"wp-block-stradigi-gutenberg-fixed-spacer g-spacer g-spacer--size-small\"><\/section>\n<\/div>\n\n<div class=\"JB-1 h-section-background\">\n<section class=\"g-subnav d-none d-lg-block\"><div class=\"g-subnav__container\"><div class=\"container\"><div class=\"g-subnav__wrap\"><div class=\"g-subnav__content\"><p>Apr\u00e8s le profilage, diverses cellules robotis\u00e9es traitent les profils qui n\u00e9cessitent un peu plus d&#8217;attention. Ces cellules enti\u00e8rement automatis\u00e9es sont plac\u00e9es en ligne avec les profileuses et sont tr\u00e8s flexibles en termes de possibilit\u00e9s techniques. La possibilit\u00e9 existe avec ces cellules de poin\u00e7onner, plier, \u00e9vaser et sertir des profils. Ces cellules sont modulaires et peuvent \u00eatre \u00e9tendues si n\u00e9cessaire pour r\u00e9pondre aux exigences techniques de vos produits. <\/p><\/div><div class=\"g-subnav__list\"><ul><\/ul><\/div><\/div><\/div><\/div><\/section>\n<\/div>\n\n<div class=\"JB-1 h-section-background\">\n<section class=\"g-subnav d-none d-lg-block\"><div class=\"g-subnav__container\"><div class=\"container\"><div class=\"g-subnav__wrap\"><div class=\"g-subnav__content\"><p>Si vous avez un produit qui n\u00e9cessite un processus tr\u00e8s sp\u00e9cialis\u00e9, notre \u00e9quipe d\u00e9di\u00e9e est capable de concevoir et de fabriquer des outils et des machines sp\u00e9cifiques au produit pour vous &#8211; ainsi que d&#8217;avoir la capacit\u00e9 d&#8217;int\u00e9grer de nouvelles proc\u00e9dures dans notre processus de production. Cela vous fera \u00e9conomiser du travail suppl\u00e9mentaire dans votre processus total, ce qui signifie que le prix de revient int\u00e9gral est inf\u00e9rieur. <\/p><\/div><div class=\"g-subnav__list\"><ul><\/ul><\/div><\/div><\/div><\/div><\/section>\n<\/div>\n\n<accordion inline-template> <div class=\"JB-1 h-section-background\">\n<section class=\"wp-block-stradigi-gutenberg-accordion g-accordion\"><div class=\"container g-accordion__wrapper-relative\"><div class=\"row g-accordion__wrapper-relative-fg\"><div class=\"col-md-7\"><div class=\"g-accordion__container\"><h2 class=\"g-accordion__title h-heading h-heading--size-undefined\"><\/h2><ul class=\"g-accordion__list\"><li class=\"g-accordion__list-item\"><header class=\"g-accordion__list-header\"><i v-if=\"itemActive(0)\" class=\"fas fa-minus-circle g-accordion__list-icon g-accordion__list-icon--minus\"><\/i><i v-if=\"!itemActive(0)\" class=\"fas fa-plus-circle g-accordion__list-icon g-accordion__list-icon--plus\" @click=\"setActive(0)\"><\/i><h3 class=\"g-accordion__list-title\">PUNCHING<\/h3><\/header><p v-if=\"itemActive(0)\" class=\"g-accordion__list-text\">If your product requires perforation our machines have the capability to do this either up front in the flat material, in between the rolling operations, or after the profile has been cut to length. As a specialist in punching operations, we have an extensive range of up to 300T, and Hadley manufactured presses, present in our large machine park. <br><br>Depending on your profile\u2019s geometry &#8211; the positioning, size of the perforation and the thickness of the material will dictate the best machine for the job and the most appropriate stage of the roll forming process.<\/p><\/li><li class=\"g-accordion__list-item\"><header class=\"g-accordion__list-header\"><i v-if=\"itemActive(1)\" class=\"fas fa-minus-circle g-accordion__list-icon g-accordion__list-icon--minus\"><\/i><i v-if=\"!itemActive(1)\" class=\"fas fa-plus-circle g-accordion__list-icon g-accordion__list-icon--plus\" @click=\"setActive(1)\"><\/i><h3 class=\"g-accordion__list-title\">BENDING<\/h3><\/header><p v-if=\"itemActive(1)\" class=\"g-accordion__list-text\">Next to roll forming, bending has become second nature for many profiles. Whether your project has swept profiles (continuous radius) or profiles with a lateral fold (in the transversal direction) the processes and technologies needed to achieve the end specification are fully integrated within our production process &#8211; therefore saving you time from an additional process.\u00a0<\/p><\/li><li class=\"g-accordion__list-item\"><header class=\"g-accordion__list-header\"><i v-if=\"itemActive(2)\" class=\"fas fa-minus-circle g-accordion__list-icon g-accordion__list-icon--minus\"><\/i><i v-if=\"!itemActive(2)\" class=\"fas fa-plus-circle g-accordion__list-icon g-accordion__list-icon--plus\" @click=\"setActive(2)\"><\/i><h3 class=\"g-accordion__list-title\">FOILING &amp; TAPING<\/h3><\/header><p v-if=\"itemActive(2)\" class=\"g-accordion__list-text\">With rollforming the tape can be applied to your product in-line, fully eliminating processes therefore helping you turn manual taping operations into a cost-efficient process &#8211; saving direct costs, enabling you to become more competitive.\u00a0\u00a0<br><br>Besides taping it is also possible to apply a protective foil (with your own branding) to the profile. This helps to prevent the surface from scratching and ensures, after installation, it will live up to quality standards and can easily be identified as your product.\u00a0\u00a0<\/p><\/li><li class=\"g-accordion__list-item\"><header class=\"g-accordion__list-header\"><i v-if=\"itemActive(3)\" class=\"fas fa-minus-circle g-accordion__list-icon g-accordion__list-icon--minus\"><\/i><i v-if=\"!itemActive(3)\" class=\"fas fa-plus-circle g-accordion__list-icon g-accordion__list-icon--plus\" @click=\"setActive(3)\"><\/i><h3 class=\"g-accordion__list-title\">DEBURRING<\/h3><\/header><p v-if=\"itemActive(3)\" class=\"g-accordion__list-text\">Our enhanced cutting process rarely generates a burr \u2013 therefore the deburring of profiles is seldom required. However, if your project requires that all profiles be deburred (for example, for safety reasons) it can be done with our fully automated process straight after rollforming. <br><br>Both profile ends are deburred simultaneously without the need of an additional operator, making this process very cost-efficient and fast. Due to the eccentric movement of the brushes the inner and outer edges of straight, swept, symmetrical, non-symmetrical, big, or small profiles can be deburred.\u00a0<\/p><\/li><li class=\"g-accordion__list-item\"><header class=\"g-accordion__list-header\"><i v-if=\"itemActive(4)\" class=\"fas fa-minus-circle g-accordion__list-icon g-accordion__list-icon--minus\"><\/i><i v-if=\"!itemActive(4)\" class=\"fas fa-plus-circle g-accordion__list-icon g-accordion__list-icon--plus\" @click=\"setActive(4)\"><\/i><h3 class=\"g-accordion__list-title\">PACKING<\/h3><\/header><p v-if=\"itemActive(4)\" class=\"g-accordion__list-text\">Various packaging options are already integrated into the production process allowing us to pack efficiently &#8211; and when needed, enable us to directly ship your product to your customer.\u00a0\u00a0<br><br>If you have special needs with regards to packaging, in-line packaging solutions can be developed including personalised labelling and branding dedicated to your product.\u00a0\u00a0<\/p><\/li><li class=\"g-accordion__list-item\"><header class=\"g-accordion__list-header\"><i v-if=\"itemActive(5)\" class=\"fas fa-minus-circle g-accordion__list-icon g-accordion__list-icon--minus\"><\/i><i v-if=\"!itemActive(5)\" class=\"fas fa-plus-circle g-accordion__list-icon g-accordion__list-icon--plus\" @click=\"setActive(5)\"><\/i><h3 class=\"g-accordion__list-title\">WELDING<\/h3><\/header><p v-if=\"itemActive(5)\" class=\"g-accordion__list-text\">To enable the production of a closed cross-section, Hadley boast several rollforming lines fully equipped with laser welding technology.\u00a0\u00a0<br><br>Cold rollforming and welding are two technologies that are often combined as they offer great advantages to your product &#8211; such as torsional stiffness and functionality. The results from fibre laser welders are so pure that after production the profiles can be glued or taped without needing to clean the product &#8211; tape can even be added to the finished item shortly after the welding process. Additionally, it will not leave a burr, meaning you can use the inner side of the profile as a functional area without the need of deburring operations.\u00a0<br><br>Thanks to the nature of fibre laser technology minimal distortion (due to heat) is guaranteed \u2013 making this technology perfect if you are looking to create a high precision product with tight tolerances.\u00a0<\/p><\/li><\/ul><\/div><\/div><\/div><div class=\"row g-accordion__wrapper-absolute\"><div class=\"offset-md-1 col-md-4 offset-lg-2 col-lg-3\"><div class=\"g-accordion__bg\" style=\"background-image:none\"><\/div><\/div><\/div><\/div><\/section>\n<\/div> <\/accordion>\n\n<div class=\"JB-1 h-section-background\">\n<section class=\"wp-block-stradigi-gutenberg-fixed-spacer g-spacer g-spacer--size-medium\"><\/section>\n<\/div>\n\n<div class=\"JB-1 h-section-background\">\n<section class=\"wp-block-stradigi-gutenberg-text-cta g-text\"><div class=\"container\"><div class=\"row\"><div class=\"col-lg-8\"><div class=\"g-text__bodytext\"><p><strong>Vous voulez savoir ce qu&#8217;il est possible de faire avec le laminage \u00e0 froid ? Vous pouvez poser des questions ou r\u00e9server un CPD avec nos sp\u00e9cialistes<\/strong><\/p><\/div><a href=\"http:\/\/hadleycustomrollform.com\/contact\/\" class=\"c-button g-text__button\">Contactez-nous<i class=\"fas fa-sm fa-chevron-right\"><\/i><\/a><\/div><\/div><\/div><\/section>\n<\/div>\n\n<div class=\"JB-1 h-section-background\">\n<section class=\"wp-block-stradigi-gutenberg-fixed-spacer g-spacer g-spacer--size-large\"><\/section>\n<\/div>","protected":false},"excerpt":{"rendered":"<p>Lorsque votre profil n\u00e9cessite des d\u00e9tails suppl\u00e9mentaires, vous pouvez ajouter diverses \u00e9tapes automatis\u00e9es au processus de fabrication de votre pi\u00e8ce\u2026 <a href=\"https:\/\/hadleycustomrollform.com\/fr\/operations-en-ligne\/\">&#8230;<\/a><\/p>\n","protected":false},"author":3,"featured_media":0,"parent":0,"menu_order":0,"comment_status":"closed","ping_status":"closed","template":"","meta":{"_acf_changed":false,"footnotes":""},"categories":[],"class_list":["post-1855","page","type-page","status-publish","hentry"],"acf":[],"yoast_head":"<!-- This site is optimized with the Yoast SEO Premium plugin v25.1 (Yoast SEO v27.1.1) - https:\/\/yoast.com\/product\/yoast-seo-premium-wordpress\/ -->\n<title>Op\u00e9rations en ligne - Hadley Custom Roll Form<\/title>\n<meta name=\"description\" content=\"Si vous avez un produit qui n\u00e9cessite un processus sp\u00e9cialis\u00e9, notre \u00e9quipe sp\u00e9cialis\u00e9e peut concevoir et fabriquer pour vous des outils et des machines sp\u00e9cifiques \u00e0 ce produit.\" \/>\n<meta name=\"robots\" content=\"noindex, follow, max-snippet:-1, max-image-preview:large, max-video-preview:-1\" \/>\n<meta property=\"og:locale\" content=\"fr_FR\" \/>\n<meta property=\"og:type\" content=\"article\" \/>\n<meta property=\"og:title\" content=\"Op\u00e9rations en ligne\" \/>\n<meta property=\"og:description\" content=\"Si vous avez un produit qui n\u00e9cessite un processus sp\u00e9cialis\u00e9, notre \u00e9quipe sp\u00e9cialis\u00e9e peut concevoir et fabriquer pour vous des outils et des machines sp\u00e9cifiques \u00e0 ce produit.\" \/>\n<meta property=\"og:url\" content=\"https:\/\/hadleycustomrollform.com\/fr\/operations-en-ligne\/\" \/>\n<meta property=\"og:site_name\" content=\"Hadley Custom Roll Form\" \/>\n<meta property=\"article:publisher\" content=\"https:\/\/www.facebook.com\/HadleyGroupGlobal\" \/>\n<meta property=\"article:modified_time\" content=\"2023-07-03T18:09:04+00:00\" \/>\n<meta property=\"og:image\" content=\"https:\/\/hadleycustomrollform.com\/app\/uploads\/2023\/01\/Hadley-Group-logo.jpg\" \/>\n\t<meta property=\"og:image:width\" content=\"1280\" \/>\n\t<meta property=\"og:image:height\" content=\"300\" \/>\n\t<meta property=\"og:image:type\" content=\"image\/jpeg\" \/>\n<meta name=\"twitter:card\" content=\"summary_large_image\" \/>\n<meta name=\"twitter:site\" content=\"@hadley_group\" \/>\n<meta name=\"twitter:label1\" content=\"Est. reading time\" \/>\n\t<meta name=\"twitter:data1\" content=\"4 minutes\" \/>\n<script type=\"application\/ld+json\" class=\"yoast-schema-graph\">{\"@context\":\"https:\/\/schema.org\",\"@graph\":[{\"@type\":\"WebPage\",\"@id\":\"https:\/\/hadleycustomrollform.com\/fr\/operations-en-ligne\/\",\"url\":\"https:\/\/hadleycustomrollform.com\/fr\/operations-en-ligne\/\",\"name\":\"Op\u00e9rations en ligne - Hadley Custom Roll Form\",\"isPartOf\":{\"@id\":\"https:\/\/hadleycustomrollform.com\/fr\/#website\"},\"datePublished\":\"2022-04-02T09:53:53+00:00\",\"dateModified\":\"2023-07-03T18:09:04+00:00\",\"description\":\"Si vous avez un produit qui n\u00e9cessite un processus sp\u00e9cialis\u00e9, notre \u00e9quipe sp\u00e9cialis\u00e9e peut concevoir et fabriquer pour vous des outils et des machines sp\u00e9cifiques \u00e0 ce produit.\",\"breadcrumb\":{\"@id\":\"https:\/\/hadleycustomrollform.com\/fr\/operations-en-ligne\/#breadcrumb\"},\"inLanguage\":\"fr-FR\",\"potentialAction\":[{\"@type\":\"ReadAction\",\"target\":[\"https:\/\/hadleycustomrollform.com\/fr\/operations-en-ligne\/\"]}]},{\"@type\":\"BreadcrumbList\",\"@id\":\"https:\/\/hadleycustomrollform.com\/fr\/operations-en-ligne\/#breadcrumb\",\"itemListElement\":[{\"@type\":\"ListItem\",\"position\":1,\"name\":\"Home\",\"item\":\"https:\/\/hadleycustomrollform.com\/fr\/\"},{\"@type\":\"ListItem\",\"position\":2,\"name\":\"Op\u00e9rations en ligne\"}]},{\"@type\":\"WebSite\",\"@id\":\"https:\/\/hadleycustomrollform.com\/fr\/#website\",\"url\":\"https:\/\/hadleycustomrollform.com\/fr\/\",\"name\":\"Hadley Group\",\"description\":\"Shaping the Future in Metal\",\"publisher\":{\"@id\":\"https:\/\/hadleycustomrollform.com\/fr\/#organization\"},\"potentialAction\":[{\"@type\":\"SearchAction\",\"target\":{\"@type\":\"EntryPoint\",\"urlTemplate\":\"https:\/\/hadleycustomrollform.com\/fr\/?s={search_term_string}\"},\"query-input\":{\"@type\":\"PropertyValueSpecification\",\"valueRequired\":true,\"valueName\":\"search_term_string\"}}],\"inLanguage\":\"fr-FR\"},{\"@type\":\"Organization\",\"@id\":\"https:\/\/hadleycustomrollform.com\/fr\/#organization\",\"name\":\"Hadley Group\",\"url\":\"https:\/\/hadleycustomrollform.com\/fr\/\",\"logo\":{\"@type\":\"ImageObject\",\"inLanguage\":\"fr-FR\",\"@id\":\"https:\/\/hadleycustomrollform.com\/fr\/#\/schema\/logo\/image\/\",\"url\":\"http:\/\/hadleycustomrollform.com\/app\/uploads\/2023\/01\/Hadley-Group-logo.jpg\",\"contentUrl\":\"http:\/\/hadleycustomrollform.com\/app\/uploads\/2023\/01\/Hadley-Group-logo.jpg\",\"width\":1280,\"height\":300,\"caption\":\"Hadley Group\"},\"image\":{\"@id\":\"https:\/\/hadleycustomrollform.com\/fr\/#\/schema\/logo\/image\/\"},\"sameAs\":[\"https:\/\/www.facebook.com\/HadleyGroupGlobal\",\"https:\/\/x.com\/hadley_group\",\"https:\/\/www.youtube.com\/@HadleyGroupSmethwick\",\"https:\/\/www.linkedin.com\/company\/hadley-group-\/\"]}]}<\/script>\n<!-- \/ Yoast SEO Premium plugin. -->","yoast_head_json":{"title":"Op\u00e9rations en ligne - Hadley Custom Roll Form","description":"Si vous avez un produit qui n\u00e9cessite un processus sp\u00e9cialis\u00e9, notre \u00e9quipe sp\u00e9cialis\u00e9e peut concevoir et fabriquer pour vous des outils et des machines sp\u00e9cifiques \u00e0 ce produit.","robots":{"index":"noindex","follow":"follow","max-snippet":"max-snippet:-1","max-image-preview":"max-image-preview:large","max-video-preview":"max-video-preview:-1"},"og_locale":"fr_FR","og_type":"article","og_title":"Op\u00e9rations en ligne","og_description":"Si vous avez un produit qui n\u00e9cessite un processus sp\u00e9cialis\u00e9, notre \u00e9quipe sp\u00e9cialis\u00e9e peut concevoir et fabriquer pour vous des outils et des machines sp\u00e9cifiques \u00e0 ce produit.","og_url":"https:\/\/hadleycustomrollform.com\/fr\/operations-en-ligne\/","og_site_name":"Hadley Custom Roll Form","article_publisher":"https:\/\/www.facebook.com\/HadleyGroupGlobal","article_modified_time":"2023-07-03T18:09:04+00:00","og_image":[{"width":1280,"height":300,"url":"https:\/\/hadleycustomrollform.com\/app\/uploads\/2023\/01\/Hadley-Group-logo.jpg","type":"image\/jpeg"}],"twitter_card":"summary_large_image","twitter_site":"@hadley_group","twitter_misc":{"Est. reading time":"4 minutes"},"schema":{"@context":"https:\/\/schema.org","@graph":[{"@type":"WebPage","@id":"https:\/\/hadleycustomrollform.com\/fr\/operations-en-ligne\/","url":"https:\/\/hadleycustomrollform.com\/fr\/operations-en-ligne\/","name":"Op\u00e9rations en ligne - Hadley Custom Roll Form","isPartOf":{"@id":"https:\/\/hadleycustomrollform.com\/fr\/#website"},"datePublished":"2022-04-02T09:53:53+00:00","dateModified":"2023-07-03T18:09:04+00:00","description":"Si vous avez un produit qui n\u00e9cessite un processus sp\u00e9cialis\u00e9, notre \u00e9quipe sp\u00e9cialis\u00e9e peut concevoir et fabriquer pour vous des outils et des machines sp\u00e9cifiques \u00e0 ce produit.","breadcrumb":{"@id":"https:\/\/hadleycustomrollform.com\/fr\/operations-en-ligne\/#breadcrumb"},"inLanguage":"fr-FR","potentialAction":[{"@type":"ReadAction","target":["https:\/\/hadleycustomrollform.com\/fr\/operations-en-ligne\/"]}]},{"@type":"BreadcrumbList","@id":"https:\/\/hadleycustomrollform.com\/fr\/operations-en-ligne\/#breadcrumb","itemListElement":[{"@type":"ListItem","position":1,"name":"Home","item":"https:\/\/hadleycustomrollform.com\/fr\/"},{"@type":"ListItem","position":2,"name":"Op\u00e9rations en ligne"}]},{"@type":"WebSite","@id":"https:\/\/hadleycustomrollform.com\/fr\/#website","url":"https:\/\/hadleycustomrollform.com\/fr\/","name":"Hadley Group","description":"Shaping the Future in Metal","publisher":{"@id":"https:\/\/hadleycustomrollform.com\/fr\/#organization"},"potentialAction":[{"@type":"SearchAction","target":{"@type":"EntryPoint","urlTemplate":"https:\/\/hadleycustomrollform.com\/fr\/?s={search_term_string}"},"query-input":{"@type":"PropertyValueSpecification","valueRequired":true,"valueName":"search_term_string"}}],"inLanguage":"fr-FR"},{"@type":"Organization","@id":"https:\/\/hadleycustomrollform.com\/fr\/#organization","name":"Hadley Group","url":"https:\/\/hadleycustomrollform.com\/fr\/","logo":{"@type":"ImageObject","inLanguage":"fr-FR","@id":"https:\/\/hadleycustomrollform.com\/fr\/#\/schema\/logo\/image\/","url":"http:\/\/hadleycustomrollform.com\/app\/uploads\/2023\/01\/Hadley-Group-logo.jpg","contentUrl":"http:\/\/hadleycustomrollform.com\/app\/uploads\/2023\/01\/Hadley-Group-logo.jpg","width":1280,"height":300,"caption":"Hadley Group"},"image":{"@id":"https:\/\/hadleycustomrollform.com\/fr\/#\/schema\/logo\/image\/"},"sameAs":["https:\/\/www.facebook.com\/HadleyGroupGlobal","https:\/\/x.com\/hadley_group","https:\/\/www.youtube.com\/@HadleyGroupSmethwick","https:\/\/www.linkedin.com\/company\/hadley-group-\/"]}]}},"_links":{"self":[{"href":"https:\/\/hadleycustomrollform.com\/fr\/wp-json\/wp\/v2\/pages\/1855","targetHints":{"allow":["GET"]}}],"collection":[{"href":"https:\/\/hadleycustomrollform.com\/fr\/wp-json\/wp\/v2\/pages"}],"about":[{"href":"https:\/\/hadleycustomrollform.com\/fr\/wp-json\/wp\/v2\/types\/page"}],"author":[{"embeddable":true,"href":"https:\/\/hadleycustomrollform.com\/fr\/wp-json\/wp\/v2\/users\/3"}],"replies":[{"embeddable":true,"href":"https:\/\/hadleycustomrollform.com\/fr\/wp-json\/wp\/v2\/comments?post=1855"}],"version-history":[{"count":7,"href":"https:\/\/hadleycustomrollform.com\/fr\/wp-json\/wp\/v2\/pages\/1855\/revisions"}],"predecessor-version":[{"id":8251,"href":"https:\/\/hadleycustomrollform.com\/fr\/wp-json\/wp\/v2\/pages\/1855\/revisions\/8251"}],"wp:attachment":[{"href":"https:\/\/hadleycustomrollform.com\/fr\/wp-json\/wp\/v2\/media?parent=1855"}],"wp:term":[{"taxonomy":"category","embeddable":true,"href":"https:\/\/hadleycustomrollform.com\/fr\/wp-json\/wp\/v2\/categories?post=1855"}],"curies":[{"name":"wp","href":"https:\/\/api.w.org\/{rel}","templated":true}]}}