{"id":1942,"date":"2022-04-02T13:46:51","date_gmt":"2022-04-02T13:46:51","guid":{"rendered":"http:\/\/hadleycustomrollform.com\/automobile\/"},"modified":"2025-09-08T12:09:42","modified_gmt":"2025-09-08T12:09:42","slug":"automobile","status":"publish","type":"page","link":"https:\/\/hadleycustomrollform.com\/fr\/profilage-sur-mesure\/automobile\/","title":{"rendered":"Automobile"},"content":{"rendered":"<background-video inline-template :autoplay=\"true\" video=\"\"> \n<section class=\"wp-block-stradigi-gutenberg-hero g-hero container-fluid p-0 g-hero--has-overlay\" style=\"background-image:url(&quot;http:\/\/hadleycustomrollform.com\/app\/uploads\/2024\/08\/AdobeStock_527068975_Editorial_Use_Only-e1725030765535.jpg&quot;)\" data-youtube-url=\"\"><div class=\"g-hero--filter\"><\/div><div class=\"g-hero__container container\"><div class=\"g-hero__wrap\"><h1 class=\"g-hero__heading\">Automotive <\/h1><div class=\"g-hero__body\"><div class=\"g-hero__body__text\"><p>Save on weight and material costs with precision-engineered metal parts for the automotive industry.\u00a0<\/p><\/div><div class=\"g-hero__body__buttons\"><a href=\"http:\/\/hadleycustomrollform.com\/fr\/contact\/\" class=\"c-button\">Contact us<i class=\"fas fa-sm fa-chevron-right\"><\/i><\/a><\/div><\/div><\/div><\/div><\/section>\n <\/background-video><div class=\"JB h-section-background h-section-background--is-light\">\n<section class=\"wp-block-stradigi-gutenberg-fixed-spacer g-spacer g-spacer--size-medium\"><\/section>\n<\/div><section class=\"JB h-section-background h-section-background--is-light g-text\"><div class=\"container\"><div class=\"row\"><div class=\"col-lg-8\"><div class=\"g-text__title\">\n<h6 class=\"wp-block-heading\">Que vous recherchiez des composants form\u00e9s par laminage pour des voitures ou des v\u00e9hicules commerciaux (int\u00e9rieurs, ext\u00e9rieurs ou syst\u00e8mes de toiture), Hadley travaillera avec vous pour trouver la bonne solution.<\/h6>\n<\/div><\/div><\/div><\/div><\/section><accordion inline-template> <div class=\"JB h-section-background h-section-background--is-light\">\n<section class=\"wp-block-stradigi-gutenberg-accordion g-accordion\"><div class=\"container g-accordion__wrapper-relative\"><div class=\"row g-accordion__wrapper-relative-fg\"><div class=\"col-md-7\"><div class=\"g-accordion__container\"><h2 class=\"g-accordion__title h-heading h-heading--size-undefined\"><strong>Complex Components for Commercial Vehicles and Cars<\/strong>\u00a0<\/h2><ul class=\"g-accordion__list\"><li class=\"g-accordion__list-item\"><header class=\"g-accordion__list-header\"><i v-if=\"itemActive(0)\" class=\"fas fa-minus-circle g-accordion__list-icon g-accordion__list-icon--minus\"><\/i><i v-if=\"!itemActive(0)\" class=\"fas fa-plus-circle g-accordion__list-icon g-accordion__list-icon--plus\" @click=\"setActive(0)\"><\/i><h3 class=\"g-accordion__list-title\"><strong>Work with automotive industry experts<\/strong>\u00a0<\/h3><\/header><p v-if=\"itemActive(0)\" class=\"g-accordion__list-text\">Get the guidance and expertise of a cold-rolling technical team that manufactures for Tier 1 and Tier 2 suppliers.\u00a0<\/p><\/li><li class=\"g-accordion__list-item\"><header class=\"g-accordion__list-header\"><i v-if=\"itemActive(1)\" class=\"fas fa-minus-circle g-accordion__list-icon g-accordion__list-icon--minus\"><\/i><i v-if=\"!itemActive(1)\" class=\"fas fa-plus-circle g-accordion__list-icon g-accordion__list-icon--plus\" @click=\"setActive(1)\"><\/i><h3 class=\"g-accordion__list-title\"><strong>Create complex parts with tight quality controls<\/strong><\/h3><\/header><p v-if=\"itemActive(1)\" class=\"g-accordion__list-text\">Our specialist engineers practise a culture of continuous review and process controls \u2014 to minimise variation and reduce material waste.\u00a0<\/p><\/li><li class=\"g-accordion__list-item\"><header class=\"g-accordion__list-header\"><i v-if=\"itemActive(2)\" class=\"fas fa-minus-circle g-accordion__list-icon g-accordion__list-icon--minus\"><\/i><i v-if=\"!itemActive(2)\" class=\"fas fa-plus-circle g-accordion__list-icon g-accordion__list-icon--plus\" @click=\"setActive(2)\"><\/i><h3 class=\"g-accordion__list-title\"><strong>Design for cars or commercial vehicles<\/strong>\u00a0<\/h3><\/header><p v-if=\"itemActive(2)\" class=\"g-accordion__list-text\">Produce structural and cosmetic cold-rolled components for cars, trucks, coaches, and trailers.\u00a0<\/p><\/li><\/ul><\/div><\/div><\/div><div class=\"row g-accordion__wrapper-absolute\"><div class=\"offset-md-1 col-md-4 offset-lg-2 col-lg-3\"><div class=\"g-accordion__bg\" style=\"background-image:none\"><\/div><\/div><\/div><\/div><\/section>\n<\/div> <\/accordion><div class=\"JB h-section-background h-section-background--is-light\">\n<section class=\"wp-block-stradigi-gutenberg-fixed-spacer g-spacer g-spacer--size-small\"><\/section>\n<\/div><section class=\"JB h-section-background h-section-background--is-light g-text\"><div class=\"container\"><div class=\"row\"><div class=\"col-lg-8\"><div class=\"g-text__bodytext\">\n<p class=\"has-medium-font-size\">La capacit\u00e9 \u00e0 produire des pi\u00e8ces l\u00e9g\u00e8res et respectueuses de l&#8217;environnement pour des applications exigeantes permet de r\u00e9duire le poids total du v\u00e9hicule &#8211; un objectif cl\u00e9 pour l&#8217;industrie automobile d&#8217;aujourd&#8217;hui. Notre expertise dans la conception et la production de composants complexes form\u00e9s par laminage pour l&#8217;industrie automobile nous permet de travailler avec des constructeurs automobiles du monde entier.   <\/p>\n<\/div><\/div><\/div><\/div><\/section><section class=\"JB h-section-background h-section-background--is-light g-text\"><div class=\"container\"><div class=\"row\"><div class=\"col-lg-8\"><div class=\"g-text__bodytext\">\n<p>Les principales exigences des composants int\u00e9rieurs combinent une structure l\u00e9g\u00e8re, une pr\u00e9cision aux tol\u00e9rances les plus \u00e9troites et une finition esth\u00e9tiquement parfaite &#8211; autant d&#8217;\u00e9l\u00e9ments que vous pouvez obtenir gr\u00e2ce \u00e0 des pi\u00e8ces form\u00e9es par laminage sur mesure, y compris une gamme de traitements de surface.<\/p>\n<\/div><\/div><\/div><\/div><\/section><div class=\"JB h-section-background h-section-background--is-light\">\n<section class=\"wp-block-stradigi-gutenberg-text-image g-text-image\"><div class=\"container\"><div class=\"g-text-image__row row\"><div data-translate=\"true\" class=\"order-2 offset-xl-1 col-md-3\"><div class=\"g-text-image__content\"><\/div><\/div><article data-translate=\"true\" class=\"order-1 col-md-9 col-xl-8\"><div class=\"g-text-image__sidenote g-backend-outline\"><span class=\"a-lines__white-line\"><\/span><span class=\"a-lines__red-line\"><\/span><div class=\"g-text-image__frame-wrapper\"><iframe src=\"https:\/\/player.vimeo.com\/video\/726940907?&amp;autoplay=0&amp;loop=1&amp;byline=0&amp;title=0\"><\/iframe><\/div><\/div><\/article><\/div><\/div><\/section>\n<\/div><div class=\"JB h-section-background h-section-background--is-light\">\n<section class=\"wp-block-stradigi-gutenberg-fixed-spacer g-spacer g-spacer--size-medium\"><\/section>\n<\/div><div class=\"JB-1 h-section-background\">\n<section class=\"wp-block-stradigi-gutenberg-fixed-spacer g-spacer g-spacer--size-small\"><\/section>\n<\/div><div class=\"JB-1 h-section-background\">\n<section class=\"wp-block-stradigi-gutenberg-text-image g-text-image\"><div class=\"container\"><div class=\"g-text-image__row row\"><div data-translate=\"true\" class=\"order-1 col-md-5\"><div class=\"g-text-image__content\"><section class=\"JB-1 h-section-background g-text\"><div class=\"container\"><div class=\"row\"><div class=\"col-lg-8\"><div class=\"g-text__title\">\n<h4 class=\"wp-block-heading\"><strong>Les applications du profilage \u00e0 froid pour les voitures sont les suivantes<\/strong><\/h4>\n<\/div><\/div><\/div><\/div><\/section>\n\n<section class=\"JB-1 h-section-background g-text\"><div class=\"container\"><div class=\"row\"><div class=\"col-lg-8\"><div class=\"g-text__bodytext\">\n<p><\/p>\n<\/div><\/div><\/div><\/div><\/section>\n\n<section class=\"JB-1 h-section-background g-text\"><div class=\"container\"><div class=\"row\"><div class=\"col-lg-8\"><div class=\"g-text__bodytext\">\n<ul class=\"wp-block-list\">\n<li>Syst\u00e8mes de cache-bagages  <\/li>\n\n\n\n<li>Syst\u00e8mes de stores  <\/li>\n\n\n\n<li>Syst\u00e8mes de si\u00e8ges  <\/li>\n\n\n\n<li>Modules du tableau de bord  <\/li>\n\n\n\n<li>Syst\u00e8mes de gestion du fret  <\/li>\n\n\n\n<li>Membres lat\u00e9raux  <\/li>\n\n\n\n<li>Syst\u00e8mes de fen\u00eatres et de portes  <\/li>\n\n\n\n<li>Garnitures lat\u00e9rales  <\/li>\n\n\n\n<li>Membres crois\u00e9s  <\/li>\n\n\n\n<li>Syst\u00e8mes de batteries  <\/li>\n\n\n\n<li>Verre et profil\u00e9s de renforcement lat\u00e9ral  <\/li>\n\n\n\n<li>Guide des tissus  <\/li>\n\n\n\n<li>Arcs et tubes courbes pour stores solaires  <\/li>\n\n\n\n<li>Canaux de drainage  <\/li>\n\n\n\n<li>Profil\u00e9s de cadre  <\/li>\n\n\n\n<li>D\u00e9flecteurs de vent<\/li>\n<\/ul>\n<\/div><\/div><\/div><\/div><\/section><\/div><\/div><article data-translate=\"true\" class=\"order-2 col-md-7 offset-xl-1 col-xl-6\"><div class=\"g-text-image__sidenote g-backend-outline a-lines\"><span class=\"a-lines__white-line\"><\/span><span class=\"a-lines__red-line\"><\/span><img decoding=\"async\" class=\"g-text-image__image\" src=\"http:\/\/hadleycustomrollform.com\/app\/uploads\/2022\/05\/SHE-coordinator-Hadley-Group-1024x683.jpg\" alt=\"she-coordinator-hadley-group-2\"\/><\/div><\/article><\/div><\/div><\/section>\n<\/div><div class=\"JB-1 h-section-background\">\n<section class=\"wp-block-stradigi-gutenberg-subtitle g-text g-text--text-aligns-left\"><div class=\"container\"><div class=\"row\"><div class=\"col-md-10 col-lg-8\"><div class=\"g-text__subtitle\"><strong>Commercial vehicles &amp; trailors<\/strong>\u00a0<\/div><\/div><\/div><\/div><\/section>\n<\/div><section class=\"JB-1 h-section-background g-text\"><div class=\"container\"><div class=\"row\"><div class=\"col-lg-8\"><div class=\"g-text__bodytext\">\n<p>Les produits Hadley sont utilis\u00e9s dans un grand nombre de programmes OEM de v\u00e9hicules commerciaux, fournissant des composants int\u00e9rieurs et ext\u00e9rieurs exigeants aux fournisseurs de niveau 1 et 2 dans le monde entier &#8211; y compris les principaux fabricants de camions, d&#8217;autocars et de remorques, concevant et produisant des composants complexes.  <\/p>\n<\/div><\/div><\/div><\/div><\/section><section class=\"JB-1 h-section-background g-text\"><div class=\"container\"><div class=\"row\"><div class=\"col-lg-8\"><div class=\"g-text__bodytext\">\n<p>Les profil\u00e9s de grande longueur sont produits dans divers m\u00e9taux, dont l&#8217;acier et l&#8217;aluminium, avec une excellente qualit\u00e9 de surface et une pr\u00e9cision aux tol\u00e9rances les plus \u00e9troites.  <\/p>\n<\/div><\/div><\/div><\/div><\/section><div class=\"JB-1 h-section-background\">\n<section class=\"wp-block-stradigi-gutenberg-text-image g-text-image\"><div class=\"container\"><div class=\"g-text-image__row row\"><div data-translate=\"true\" class=\"order-2 offset-xl-1 col-md-5\"><div class=\"g-text-image__content\"><section class=\"JB-1 h-section-background g-text\"><div class=\"container\"><div class=\"row\"><div class=\"col-lg-8\"><div class=\"g-text__bodytext\">\n<p><strong>Les applications du profilage \u00e0 froid pour les v\u00e9hicules utilitaires sont les suivantes :<\/strong> <\/p>\n<\/div><\/div><\/div><\/div><\/section>\n\n<section class=\"JB-1 h-section-background g-text\"><div class=\"container\"><div class=\"row\"><div class=\"col-lg-8\"><div class=\"g-text__bodytext\">\n<ul class=\"wp-block-list\">\n<li>Syst\u00e8mes de lit  <\/li>\n\n\n\n<li>Stockage des bagages  <\/li>\n\n\n\n<li>Syst\u00e8mes de si\u00e8ges  <\/li>\n\n\n\n<li>Membres crois\u00e9s du tableau de bord  <\/li>\n\n\n\n<li>Sections de la toiture  <\/li>\n\n\n\n<li>Membres lat\u00e9raux  <\/li>\n\n\n\n<li>Cadres de fen\u00eatres  <\/li>\n\n\n\n<li>Composants d&#8217;arrimage de la charge  <\/li>\n\n\n\n<li>Composants du ch\u00e2ssis  <\/li>\n\n\n\n<li>Composants structurels  <\/li>\n\n\n\n<li>Profil\u00e9s de protection lat\u00e9rale<\/li>\n\n\n\n<li>Profil\u00e9s de rev\u00eatement de sol Omega top hat  <\/li>\n<\/ul>\n<\/div><\/div><\/div><\/div><\/section><\/div><\/div><article data-translate=\"true\" class=\"order-1 col-md-7 col-xl-6\"><div class=\"g-text-image__sidenote g-backend-outline a-lines a-lines--box\"><span class=\"a-lines__white-line\"><\/span><span class=\"a-lines__red-line\"><\/span><img decoding=\"async\" class=\"g-text-image__image\" src=\"http:\/\/hadleycustomrollform.com\/app\/uploads\/2022\/07\/Automotive-Hadley-Group.jpg\" alt=\"automotive-hadley-group-2\"\/><\/div><\/article><\/div><\/div><\/section>\n<\/div><div class=\"JB-1 h-section-background\">\n<section class=\"wp-block-stradigi-gutenberg-fixed-spacer g-spacer g-spacer--size-large\"><\/section>\n<\/div><div class=\"JB-1 h-section-background\">\n<section class=\"wp-block-stradigi-gutenberg-cta-one g-cta-one\"><div class=\"container\"><div class=\"g-cta-one__row row\"><div class=\"col-sm-12 col-lg-8\"><h2 class=\"g-cta-one__title h-heading h-heading--size-undefined\"><strong>Looking for high standards?<\/strong>\u00a0<\/h2><div class=\"g-cta-one__content\"><p>We\u2019ve got what you need.\u00a0<br>\u00a0<br>Our specialist engineering teams are ready and waiting to get involved with your project \u2014 drawing on their deep experience manufacturing for Tier 1 and Tier 2 automotive suppliers.\u00a0<\/p><\/div><div class=\"g-cta-one__buttons\"><a href=\"http:\/\/hadleycustomrollform.com\/fr\/contact\/\" class=\"g-cta-one__button-primary\">Get in touch<i class=\"fas fa-sm fa-chevron-right\"><\/i><\/a><\/div><\/div><\/div><\/div><\/section>\n<\/div><div class=\"JB-1 h-section-background\">\n<section class=\"wp-block-stradigi-gutenberg-fixed-spacer g-spacer g-spacer--size-large\"><\/section>\n<\/div>","protected":false},"excerpt":{"rendered":"<p>Que vous recherchiez des composants form\u00e9s par laminage pour des voitures ou des v\u00e9hicules commerciaux (int\u00e9rieurs, ext\u00e9rieurs ou syst\u00e8mes de\u2026 <a href=\"https:\/\/hadleycustomrollform.com\/fr\/profilage-sur-mesure\/automobile\/\">&#8230;<\/a><\/p>\n","protected":false},"author":3,"featured_media":0,"parent":1813,"menu_order":0,"comment_status":"closed","ping_status":"closed","template":"","meta":{"_acf_changed":false,"footnotes":""},"categories":[],"class_list":["post-1942","page","type-page","status-publish","hentry"],"acf":[],"yoast_head":"<!-- This site is optimized with the Yoast SEO Premium plugin v25.1 (Yoast SEO v27.1.1) - https:\/\/yoast.com\/product\/yoast-seo-premium-wordpress\/ -->\n<title>Precision-engineered automotive metal parts - Hadley Custom Roll Form<\/title>\n<meta name=\"description\" content=\"Que vous recherchiez des composants form\u00e9s par laminage pour des voitures ou des v\u00e9hicules commerciaux, Hadley trouvera la meilleure solution pour vous.\" \/>\n<meta name=\"robots\" content=\"noindex, follow, max-snippet:-1, max-image-preview:large, max-video-preview:-1\" \/>\n<meta property=\"og:locale\" content=\"fr_FR\" \/>\n<meta property=\"og:type\" content=\"article\" \/>\n<meta property=\"og:title\" content=\"Automobile\" \/>\n<meta property=\"og:description\" content=\"Que vous recherchiez des composants form\u00e9s par laminage pour des voitures ou des v\u00e9hicules commerciaux, Hadley trouvera la meilleure solution pour vous.\" \/>\n<meta property=\"og:url\" content=\"https:\/\/hadleycustomrollform.com\/fr\/profilage-sur-mesure\/automobile\/\" \/>\n<meta property=\"og:site_name\" content=\"Hadley Custom Roll Form\" \/>\n<meta property=\"article:publisher\" content=\"https:\/\/www.facebook.com\/HadleyGroupGlobal\" \/>\n<meta property=\"article:modified_time\" content=\"2025-09-08T12:09:42+00:00\" \/>\n<meta property=\"og:image\" content=\"http:\/\/hadleycustomrollform.com\/app\/uploads\/2022\/05\/SHE-coordinator-Hadley-Group-1024x683.jpg\" \/>\n<meta name=\"twitter:card\" content=\"summary_large_image\" \/>\n<meta name=\"twitter:site\" content=\"@hadley_group\" \/>\n<meta name=\"twitter:label1\" content=\"Est. reading time\" \/>\n\t<meta name=\"twitter:data1\" content=\"2 minutes\" \/>\n<script type=\"application\/ld+json\" class=\"yoast-schema-graph\">{\"@context\":\"https:\/\/schema.org\",\"@graph\":[{\"@type\":\"WebPage\",\"@id\":\"https:\/\/hadleycustomrollform.com\/fr\/profilage-sur-mesure\/automobile\/\",\"url\":\"https:\/\/hadleycustomrollform.com\/fr\/profilage-sur-mesure\/automobile\/\",\"name\":\"Precision-engineered automotive metal parts - Hadley Custom Roll Form\",\"isPartOf\":{\"@id\":\"https:\/\/hadleycustomrollform.com\/fr\/#website\"},\"primaryImageOfPage\":{\"@id\":\"https:\/\/hadleycustomrollform.com\/fr\/profilage-sur-mesure\/automobile\/#primaryimage\"},\"image\":{\"@id\":\"https:\/\/hadleycustomrollform.com\/fr\/profilage-sur-mesure\/automobile\/#primaryimage\"},\"thumbnailUrl\":\"http:\/\/hadleycustomrollform.com\/app\/uploads\/2022\/05\/SHE-coordinator-Hadley-Group-1024x683.jpg\",\"datePublished\":\"2022-04-02T13:46:51+00:00\",\"dateModified\":\"2025-09-08T12:09:42+00:00\",\"description\":\"Que vous recherchiez des composants form\u00e9s par laminage pour des voitures ou des v\u00e9hicules commerciaux, Hadley trouvera la meilleure solution pour vous.\",\"breadcrumb\":{\"@id\":\"https:\/\/hadleycustomrollform.com\/fr\/profilage-sur-mesure\/automobile\/#breadcrumb\"},\"inLanguage\":\"fr-FR\",\"potentialAction\":[{\"@type\":\"ReadAction\",\"target\":[\"https:\/\/hadleycustomrollform.com\/fr\/profilage-sur-mesure\/automobile\/\"]}]},{\"@type\":\"ImageObject\",\"inLanguage\":\"fr-FR\",\"@id\":\"https:\/\/hadleycustomrollform.com\/fr\/profilage-sur-mesure\/automobile\/#primaryimage\",\"url\":\"http:\/\/hadleycustomrollform.com\/app\/uploads\/2022\/05\/SHE-coordinator-Hadley-Group-1024x683.jpg\",\"contentUrl\":\"http:\/\/hadleycustomrollform.com\/app\/uploads\/2022\/05\/SHE-coordinator-Hadley-Group-1024x683.jpg\"},{\"@type\":\"BreadcrumbList\",\"@id\":\"https:\/\/hadleycustomrollform.com\/fr\/profilage-sur-mesure\/automobile\/#breadcrumb\",\"itemListElement\":[{\"@type\":\"ListItem\",\"position\":1,\"name\":\"Home\",\"item\":\"https:\/\/hadleycustomrollform.com\/fr\/\"},{\"@type\":\"ListItem\",\"position\":2,\"name\":\"Profilage sur mesure\",\"item\":\"https:\/\/hadleycustomrollform.com\/fr\/\"},{\"@type\":\"ListItem\",\"position\":3,\"name\":\"Automobile\"}]},{\"@type\":\"WebSite\",\"@id\":\"https:\/\/hadleycustomrollform.com\/fr\/#website\",\"url\":\"https:\/\/hadleycustomrollform.com\/fr\/\",\"name\":\"Hadley Group\",\"description\":\"Shaping the Future in Metal\",\"publisher\":{\"@id\":\"https:\/\/hadleycustomrollform.com\/fr\/#organization\"},\"potentialAction\":[{\"@type\":\"SearchAction\",\"target\":{\"@type\":\"EntryPoint\",\"urlTemplate\":\"https:\/\/hadleycustomrollform.com\/fr\/?s={search_term_string}\"},\"query-input\":{\"@type\":\"PropertyValueSpecification\",\"valueRequired\":true,\"valueName\":\"search_term_string\"}}],\"inLanguage\":\"fr-FR\"},{\"@type\":\"Organization\",\"@id\":\"https:\/\/hadleycustomrollform.com\/fr\/#organization\",\"name\":\"Hadley Group\",\"url\":\"https:\/\/hadleycustomrollform.com\/fr\/\",\"logo\":{\"@type\":\"ImageObject\",\"inLanguage\":\"fr-FR\",\"@id\":\"https:\/\/hadleycustomrollform.com\/fr\/#\/schema\/logo\/image\/\",\"url\":\"http:\/\/hadleycustomrollform.com\/app\/uploads\/2023\/01\/Hadley-Group-logo.jpg\",\"contentUrl\":\"http:\/\/hadleycustomrollform.com\/app\/uploads\/2023\/01\/Hadley-Group-logo.jpg\",\"width\":1280,\"height\":300,\"caption\":\"Hadley Group\"},\"image\":{\"@id\":\"https:\/\/hadleycustomrollform.com\/fr\/#\/schema\/logo\/image\/\"},\"sameAs\":[\"https:\/\/www.facebook.com\/HadleyGroupGlobal\",\"https:\/\/x.com\/hadley_group\",\"https:\/\/www.youtube.com\/@HadleyGroupSmethwick\",\"https:\/\/www.linkedin.com\/company\/hadley-group-\/\"]}]}<\/script>\n<!-- \/ Yoast SEO Premium plugin. -->","yoast_head_json":{"title":"Precision-engineered automotive metal parts - Hadley Custom Roll Form","description":"Que vous recherchiez des composants form\u00e9s par laminage pour des voitures ou des v\u00e9hicules commerciaux, Hadley trouvera la meilleure solution pour vous.","robots":{"index":"noindex","follow":"follow","max-snippet":"max-snippet:-1","max-image-preview":"max-image-preview:large","max-video-preview":"max-video-preview:-1"},"og_locale":"fr_FR","og_type":"article","og_title":"Automobile","og_description":"Que vous recherchiez des composants form\u00e9s par laminage pour des voitures ou des v\u00e9hicules commerciaux, Hadley trouvera la meilleure solution pour vous.","og_url":"https:\/\/hadleycustomrollform.com\/fr\/profilage-sur-mesure\/automobile\/","og_site_name":"Hadley Custom Roll Form","article_publisher":"https:\/\/www.facebook.com\/HadleyGroupGlobal","article_modified_time":"2025-09-08T12:09:42+00:00","og_image":[{"url":"http:\/\/hadleycustomrollform.com\/app\/uploads\/2022\/05\/SHE-coordinator-Hadley-Group-1024x683.jpg","type":"","width":"","height":""}],"twitter_card":"summary_large_image","twitter_site":"@hadley_group","twitter_misc":{"Est. reading time":"2 minutes"},"schema":{"@context":"https:\/\/schema.org","@graph":[{"@type":"WebPage","@id":"https:\/\/hadleycustomrollform.com\/fr\/profilage-sur-mesure\/automobile\/","url":"https:\/\/hadleycustomrollform.com\/fr\/profilage-sur-mesure\/automobile\/","name":"Precision-engineered automotive metal parts - Hadley Custom Roll Form","isPartOf":{"@id":"https:\/\/hadleycustomrollform.com\/fr\/#website"},"primaryImageOfPage":{"@id":"https:\/\/hadleycustomrollform.com\/fr\/profilage-sur-mesure\/automobile\/#primaryimage"},"image":{"@id":"https:\/\/hadleycustomrollform.com\/fr\/profilage-sur-mesure\/automobile\/#primaryimage"},"thumbnailUrl":"http:\/\/hadleycustomrollform.com\/app\/uploads\/2022\/05\/SHE-coordinator-Hadley-Group-1024x683.jpg","datePublished":"2022-04-02T13:46:51+00:00","dateModified":"2025-09-08T12:09:42+00:00","description":"Que vous recherchiez des composants form\u00e9s par laminage pour des voitures ou des v\u00e9hicules commerciaux, Hadley trouvera la meilleure solution pour vous.","breadcrumb":{"@id":"https:\/\/hadleycustomrollform.com\/fr\/profilage-sur-mesure\/automobile\/#breadcrumb"},"inLanguage":"fr-FR","potentialAction":[{"@type":"ReadAction","target":["https:\/\/hadleycustomrollform.com\/fr\/profilage-sur-mesure\/automobile\/"]}]},{"@type":"ImageObject","inLanguage":"fr-FR","@id":"https:\/\/hadleycustomrollform.com\/fr\/profilage-sur-mesure\/automobile\/#primaryimage","url":"http:\/\/hadleycustomrollform.com\/app\/uploads\/2022\/05\/SHE-coordinator-Hadley-Group-1024x683.jpg","contentUrl":"http:\/\/hadleycustomrollform.com\/app\/uploads\/2022\/05\/SHE-coordinator-Hadley-Group-1024x683.jpg"},{"@type":"BreadcrumbList","@id":"https:\/\/hadleycustomrollform.com\/fr\/profilage-sur-mesure\/automobile\/#breadcrumb","itemListElement":[{"@type":"ListItem","position":1,"name":"Home","item":"https:\/\/hadleycustomrollform.com\/fr\/"},{"@type":"ListItem","position":2,"name":"Profilage sur mesure","item":"https:\/\/hadleycustomrollform.com\/fr\/"},{"@type":"ListItem","position":3,"name":"Automobile"}]},{"@type":"WebSite","@id":"https:\/\/hadleycustomrollform.com\/fr\/#website","url":"https:\/\/hadleycustomrollform.com\/fr\/","name":"Hadley Group","description":"Shaping the Future in Metal","publisher":{"@id":"https:\/\/hadleycustomrollform.com\/fr\/#organization"},"potentialAction":[{"@type":"SearchAction","target":{"@type":"EntryPoint","urlTemplate":"https:\/\/hadleycustomrollform.com\/fr\/?s={search_term_string}"},"query-input":{"@type":"PropertyValueSpecification","valueRequired":true,"valueName":"search_term_string"}}],"inLanguage":"fr-FR"},{"@type":"Organization","@id":"https:\/\/hadleycustomrollform.com\/fr\/#organization","name":"Hadley Group","url":"https:\/\/hadleycustomrollform.com\/fr\/","logo":{"@type":"ImageObject","inLanguage":"fr-FR","@id":"https:\/\/hadleycustomrollform.com\/fr\/#\/schema\/logo\/image\/","url":"http:\/\/hadleycustomrollform.com\/app\/uploads\/2023\/01\/Hadley-Group-logo.jpg","contentUrl":"http:\/\/hadleycustomrollform.com\/app\/uploads\/2023\/01\/Hadley-Group-logo.jpg","width":1280,"height":300,"caption":"Hadley Group"},"image":{"@id":"https:\/\/hadleycustomrollform.com\/fr\/#\/schema\/logo\/image\/"},"sameAs":["https:\/\/www.facebook.com\/HadleyGroupGlobal","https:\/\/x.com\/hadley_group","https:\/\/www.youtube.com\/@HadleyGroupSmethwick","https:\/\/www.linkedin.com\/company\/hadley-group-\/"]}]}},"_links":{"self":[{"href":"https:\/\/hadleycustomrollform.com\/fr\/wp-json\/wp\/v2\/pages\/1942","targetHints":{"allow":["GET"]}}],"collection":[{"href":"https:\/\/hadleycustomrollform.com\/fr\/wp-json\/wp\/v2\/pages"}],"about":[{"href":"https:\/\/hadleycustomrollform.com\/fr\/wp-json\/wp\/v2\/types\/page"}],"author":[{"embeddable":true,"href":"https:\/\/hadleycustomrollform.com\/fr\/wp-json\/wp\/v2\/users\/3"}],"replies":[{"embeddable":true,"href":"https:\/\/hadleycustomrollform.com\/fr\/wp-json\/wp\/v2\/comments?post=1942"}],"version-history":[{"count":26,"href":"https:\/\/hadleycustomrollform.com\/fr\/wp-json\/wp\/v2\/pages\/1942\/revisions"}],"predecessor-version":[{"id":16305,"href":"https:\/\/hadleycustomrollform.com\/fr\/wp-json\/wp\/v2\/pages\/1942\/revisions\/16305"}],"up":[{"embeddable":true,"href":"https:\/\/hadleycustomrollform.com\/fr\/wp-json\/wp\/v2\/pages\/1813"}],"wp:attachment":[{"href":"https:\/\/hadleycustomrollform.com\/fr\/wp-json\/wp\/v2\/media?parent=1942"}],"wp:term":[{"taxonomy":"category","embeddable":true,"href":"https:\/\/hadleycustomrollform.com\/fr\/wp-json\/wp\/v2\/categories?post=1942"}],"curies":[{"name":"wp","href":"https:\/\/api.w.org\/{rel}","templated":true}]}}