{"id":1967,"date":"2022-04-02T13:33:02","date_gmt":"2022-04-02T13:33:02","guid":{"rendered":"http:\/\/hadleycustomrollform.com\/agriculture\/"},"modified":"2022-12-22T14:09:50","modified_gmt":"2022-12-22T14:09:50","slug":"agriculture","status":"publish","type":"page","link":"https:\/\/hadleycustomrollform.com\/fr\/profilage-sur-mesure\/agriculture\/","title":{"rendered":"Agriculture"},"content":{"rendered":"<background-video inline-template :autoplay=\"true\" video=\"\"> \n<section class=\"wp-block-stradigi-gutenberg-hero g-hero container-fluid p-0 g-hero--has-overlay\" style=\"background-image:url(&quot;http:\/\/hadleycustomrollform.com\/app\/uploads\/2022\/04\/MCP_5917.jpg&quot;)\" data-youtube-url=\"\"><div class=\"g-hero--filter\"><\/div><div class=\"g-hero__container container\"><div class=\"g-hero__wrap\"><h1 class=\"g-hero__heading\">Agriculture<\/h1><div class=\"g-hero__body\"><div class=\"g-hero__body__text\"><p><\/p><\/div><div class=\"g-hero__body__buttons\"><\/div><\/div><\/div><div class=\"g-hero__chevron__container d-none d-lg-block\"><i class=\"fas fa-chevron-down fa-3x scrollDown\"><\/i><\/div><\/div><\/section>\n <\/background-video>\n\n<div class=\"JB-1 h-section-background\">\n<section class=\"wp-block-stradigi-gutenberg-fixed-spacer g-spacer g-spacer--size-moyen g-spacer--size-medium\"><\/section>\n<\/div>\n\n<section class=\"JB-1 h-section-background g-text\"><div class=\"container\"><div class=\"row\"><div class=\"col-lg-8\"><div class=\"g-text__bodytext\">\n<p>L&#8217;expertise de Hadley dans la production de produits en acier lamin\u00e9 \u00e0 froid a permis le d\u00e9veloppement d&#8217;une gamme de syst\u00e8mes agricoles vous offrant une combinaison unique de durabilit\u00e9, de stabilit\u00e9 et de valeur. Les produits sont livr\u00e9s dans un large \u00e9ventail de secteurs agricoles, notamment&nbsp;: <\/p>\n<\/div><\/div><\/div><\/div><\/section>\n\n<section class=\"JB-1 h-section-background g-text\"><div class=\"container\"><div class=\"row\"><div class=\"col-lg-8\"><div class=\"g-text__bodytext\">\n<ul class=\"wp-block-list\">\n<li>Gestion des cultures et du vignoble <\/li>\n\n\n\n<li>\u00c9levage <\/li>\n\n\n\n<li>la volaille <\/li>\n\n\n\n<li>Machines agricoles <\/li>\n<\/ul>\n<\/div><\/div><\/div><\/div><\/section>\n\n<section class=\"JB-1 h-section-background g-text\"><div class=\"container\"><div class=\"row\"><div class=\"col-lg-8\"><div class=\"g-text__title\">\n<h2 class=\"wp-block-heading\">Piquets de vigne en fer<\/h2>\n<\/div><\/div><\/div><\/div><\/section>\n\n<section class=\"JB-1 h-section-background g-text\"><div class=\"container\"><div class=\"row\"><div class=\"col-lg-8\"><div class=\"g-text__bodytext\">\n<p>Les <a href=\"http:\/\/hadleycustomrollform.com\/fr\/piquet-de-vigne-en-fer\/\" target=\"_blank\" rel=\"noreferrer noopener\">piquets de vigne en fer<\/a> du Hadley Group sont le r\u00e9sultat d&#8217;un d\u00e9veloppement de produits approfondi pour r\u00e9pondre aux besoins sp\u00e9cifiques de support de fil des viticulteurs du monde entier. L&#8217;entreprise peut \u00e9galement concevoir et produire des piquets de vigne sur mesure, d\u00e9velopper des prototypes d&#8217;\u00e9chantillons en interne et, une fois approuv\u00e9s, fabriquer les piquets de vigne en gros volumes pour chaque projet viticole.<\/p>\n<\/div><\/div><\/div><\/div><\/section>\n\n<div class=\"JB-1 h-section-background\">\n<section class=\"wp-block-stradigi-gutenberg-sidenote g-sidenote\"><div class=\"container\"><div class=\"g-sidenote__row row\"><div class=\"col-lg-5\"><div class=\"g-sidenote__content\">\n<section class=\"JB-1 h-section-background g-text\"><div class=\"container\"><div class=\"row\"><div class=\"col-lg-8\"><div class=\"g-text__bodytext\">\n<p>En utilisant le proc\u00e9d\u00e9 <strong>UltraSTEEL\u00ae<\/strong> pour offrir une combinaison unique de durabilit\u00e9 et de performance, votre vignoble peut b\u00e9n\u00e9ficier d&#8217;une capacit\u00e9 de charge exceptionnelle et d&#8217;un acier r\u00e9sistant aux maladies pour permettre des cultures plus saines. Nos piquets de vigne surpassent les piquets de vigne traditionnels en bois ou les supports de vigne m\u00e9talliques alternatifs en tant que solution haut de gamme sur le march\u00e9. <br> <br>L&#8217;acier est lamin\u00e9 entre deux rouleaux d&#8217;accouplement, produisant un motif alv\u00e9ol\u00e9 sur la surface. Cet \u00ab \u00e9crouissage \u00bb se traduit par un produit beaucoup plus solide, qui offre une meilleure adh\u00e9rence au sol pour une plus grande stabilit\u00e9. Durables et n\u00e9cessitant peu d&#8217;entretien, les poteaux Vine sont \u00e9galement garantis r\u00e9sistants \u00e0 la corrosion jusqu&#8217;\u00e0 25 ans.<\/p>\n<\/div><\/div><\/div><\/div><\/section>\n<\/div><\/div><article class=\"col-md-7 offset-xl-1 col-xl-6\"><div class=\"g-sidenote__sidenote\" style=\"background-image:url(&quot;http:\/\/hadleycustomrollform.com\/app\/uploads\/2022\/04\/Hadley-Group-Produt1243000376-1024x328.jpg&quot;)\"><h3 class=\"g-sidenote__sidenote-subtitle\">Hadley<br>UltraSTEEL<\/h3><div class=\"g-sidenote__sidenote-content\"><p><\/p><\/div><a href=\"http:\/\/hadleycustomrollform.com\/fr\/ultrasteel\/\" class=\"c-button g-sidenote__sidenote-cta\">En savoir plus<i class=\"fas fa-sm fa-chevron-right\"><\/i><\/a><\/div><\/article><\/div><\/div><\/section>\n<\/div>\n\n<div class=\"JB-1 h-section-background\">\n<section class=\"wp-block-stradigi-gutenberg-fixed-spacer g-spacer g-spacer--size-petit g-spacer--size-small\"><\/section>\n<\/div>\n\n<div class=\"JB-1 h-section-background\">\n<section class=\"wp-block-stradigi-gutenberg-text-cta g-text\"><div class=\"container\"><div class=\"row\"><div class=\"col-lg-8\"><div class=\"g-text__bodytext\"><p>Avez-vous des questions? Vous ne savez pas si votre pi\u00e8ce peut \u00eatre fabriqu\u00e9e par laminage \u00e0 froid ? Demandez \u00e0 nos experts aujourd&#8217;hui<\/p><\/div><a href=\"http:\/\/hadleycustomrollform.com\/fr\/contact\/\" class=\"c-button g-text__button\">Contactez-nous<i class=\"fas fa-sm fa-chevron-right\"><\/i><\/a><\/div><\/div><\/div><\/section>\n<\/div>\n\n<div class=\"JB-1 h-section-background\">\n<section class=\"wp-block-stradigi-gutenberg-fixed-spacer g-spacer g-spacer--size-grande g-spacer--size-large\"><\/section>\n<\/div>","protected":false},"excerpt":{"rendered":"<p>L&#8217;expertise de Hadley dans la production de produits en acier lamin\u00e9 \u00e0 froid a permis le d\u00e9veloppement d&#8217;une gamme de\u2026 <a href=\"https:\/\/hadleycustomrollform.com\/fr\/profilage-sur-mesure\/agriculture\/\">&#8230;<\/a><\/p>\n","protected":false},"author":3,"featured_media":0,"parent":1813,"menu_order":0,"comment_status":"closed","ping_status":"closed","template":"","meta":{"_acf_changed":false,"footnotes":""},"categories":[],"class_list":["post-1967","page","type-page","status-publish","hentry"],"acf":[],"yoast_head":"<!-- This site is optimized with the Yoast SEO Premium plugin v25.1 (Yoast SEO v27.1.1) - https:\/\/yoast.com\/product\/yoast-seo-premium-wordpress\/ -->\n<title>Agriculture - Hadley Custom Roll Form<\/title>\n<meta name=\"description\" content=\"L&#039;expertise de Hadley dans la fabrication de produits en acier lamin\u00e9 \u00e0 froid a permis le d\u00e9veloppement de divers syst\u00e8mes agricoles. Contactez nous !\" \/>\n<meta name=\"robots\" content=\"noindex, follow, max-snippet:-1, max-image-preview:large, max-video-preview:-1\" \/>\n<meta property=\"og:locale\" content=\"fr_FR\" \/>\n<meta property=\"og:type\" content=\"article\" \/>\n<meta property=\"og:title\" content=\"Agriculture\" \/>\n<meta property=\"og:description\" content=\"L&#039;expertise de Hadley dans la fabrication de produits en acier lamin\u00e9 \u00e0 froid a permis le d\u00e9veloppement de divers syst\u00e8mes agricoles. Contactez nous !\" \/>\n<meta property=\"og:url\" content=\"https:\/\/hadleycustomrollform.com\/fr\/profilage-sur-mesure\/agriculture\/\" \/>\n<meta property=\"og:site_name\" content=\"Hadley Custom Roll Form\" \/>\n<meta property=\"article:publisher\" content=\"https:\/\/www.facebook.com\/HadleyGroupGlobal\" \/>\n<meta property=\"article:modified_time\" content=\"2022-12-22T14:09:50+00:00\" \/>\n<meta property=\"og:image\" content=\"https:\/\/hadleycustomrollform.com\/app\/uploads\/2023\/01\/Hadley-Group-logo.jpg\" \/>\n\t<meta property=\"og:image:width\" content=\"1280\" \/>\n\t<meta property=\"og:image:height\" content=\"300\" \/>\n\t<meta property=\"og:image:type\" content=\"image\/jpeg\" \/>\n<meta name=\"twitter:card\" content=\"summary_large_image\" \/>\n<meta name=\"twitter:site\" content=\"@hadley_group\" \/>\n<meta name=\"twitter:label1\" content=\"Est. reading time\" \/>\n\t<meta name=\"twitter:data1\" content=\"2 minutes\" \/>\n<script type=\"application\/ld+json\" class=\"yoast-schema-graph\">{\"@context\":\"https:\/\/schema.org\",\"@graph\":[{\"@type\":\"WebPage\",\"@id\":\"https:\/\/hadleycustomrollform.com\/fr\/profilage-sur-mesure\/agriculture\/\",\"url\":\"https:\/\/hadleycustomrollform.com\/fr\/profilage-sur-mesure\/agriculture\/\",\"name\":\"Agriculture - Hadley Custom Roll Form\",\"isPartOf\":{\"@id\":\"https:\/\/hadleycustomrollform.com\/fr\/#website\"},\"datePublished\":\"2022-04-02T13:33:02+00:00\",\"dateModified\":\"2022-12-22T14:09:50+00:00\",\"description\":\"L'expertise de Hadley dans la fabrication de produits en acier lamin\u00e9 \u00e0 froid a permis le d\u00e9veloppement de divers syst\u00e8mes agricoles. Contactez nous !\",\"breadcrumb\":{\"@id\":\"https:\/\/hadleycustomrollform.com\/fr\/profilage-sur-mesure\/agriculture\/#breadcrumb\"},\"inLanguage\":\"fr-FR\",\"potentialAction\":[{\"@type\":\"ReadAction\",\"target\":[\"https:\/\/hadleycustomrollform.com\/fr\/profilage-sur-mesure\/agriculture\/\"]}]},{\"@type\":\"BreadcrumbList\",\"@id\":\"https:\/\/hadleycustomrollform.com\/fr\/profilage-sur-mesure\/agriculture\/#breadcrumb\",\"itemListElement\":[{\"@type\":\"ListItem\",\"position\":1,\"name\":\"Home\",\"item\":\"https:\/\/hadleycustomrollform.com\/fr\/\"},{\"@type\":\"ListItem\",\"position\":2,\"name\":\"Profilage sur mesure\",\"item\":\"https:\/\/hadleycustomrollform.com\/fr\/\"},{\"@type\":\"ListItem\",\"position\":3,\"name\":\"Agriculture\"}]},{\"@type\":\"WebSite\",\"@id\":\"https:\/\/hadleycustomrollform.com\/fr\/#website\",\"url\":\"https:\/\/hadleycustomrollform.com\/fr\/\",\"name\":\"Hadley Group\",\"description\":\"Shaping the Future in Metal\",\"publisher\":{\"@id\":\"https:\/\/hadleycustomrollform.com\/fr\/#organization\"},\"potentialAction\":[{\"@type\":\"SearchAction\",\"target\":{\"@type\":\"EntryPoint\",\"urlTemplate\":\"https:\/\/hadleycustomrollform.com\/fr\/?s={search_term_string}\"},\"query-input\":{\"@type\":\"PropertyValueSpecification\",\"valueRequired\":true,\"valueName\":\"search_term_string\"}}],\"inLanguage\":\"fr-FR\"},{\"@type\":\"Organization\",\"@id\":\"https:\/\/hadleycustomrollform.com\/fr\/#organization\",\"name\":\"Hadley Group\",\"url\":\"https:\/\/hadleycustomrollform.com\/fr\/\",\"logo\":{\"@type\":\"ImageObject\",\"inLanguage\":\"fr-FR\",\"@id\":\"https:\/\/hadleycustomrollform.com\/fr\/#\/schema\/logo\/image\/\",\"url\":\"http:\/\/hadleycustomrollform.com\/app\/uploads\/2023\/01\/Hadley-Group-logo.jpg\",\"contentUrl\":\"http:\/\/hadleycustomrollform.com\/app\/uploads\/2023\/01\/Hadley-Group-logo.jpg\",\"width\":1280,\"height\":300,\"caption\":\"Hadley Group\"},\"image\":{\"@id\":\"https:\/\/hadleycustomrollform.com\/fr\/#\/schema\/logo\/image\/\"},\"sameAs\":[\"https:\/\/www.facebook.com\/HadleyGroupGlobal\",\"https:\/\/x.com\/hadley_group\",\"https:\/\/www.youtube.com\/@HadleyGroupSmethwick\",\"https:\/\/www.linkedin.com\/company\/hadley-group-\/\"]}]}<\/script>\n<!-- \/ Yoast SEO Premium plugin. -->","yoast_head_json":{"title":"Agriculture - Hadley Custom Roll Form","description":"L'expertise de Hadley dans la fabrication de produits en acier lamin\u00e9 \u00e0 froid a permis le d\u00e9veloppement de divers syst\u00e8mes agricoles. Contactez nous !","robots":{"index":"noindex","follow":"follow","max-snippet":"max-snippet:-1","max-image-preview":"max-image-preview:large","max-video-preview":"max-video-preview:-1"},"og_locale":"fr_FR","og_type":"article","og_title":"Agriculture","og_description":"L'expertise de Hadley dans la fabrication de produits en acier lamin\u00e9 \u00e0 froid a permis le d\u00e9veloppement de divers syst\u00e8mes agricoles. Contactez nous !","og_url":"https:\/\/hadleycustomrollform.com\/fr\/profilage-sur-mesure\/agriculture\/","og_site_name":"Hadley Custom Roll Form","article_publisher":"https:\/\/www.facebook.com\/HadleyGroupGlobal","article_modified_time":"2022-12-22T14:09:50+00:00","og_image":[{"width":1280,"height":300,"url":"https:\/\/hadleycustomrollform.com\/app\/uploads\/2023\/01\/Hadley-Group-logo.jpg","type":"image\/jpeg"}],"twitter_card":"summary_large_image","twitter_site":"@hadley_group","twitter_misc":{"Est. reading time":"2 minutes"},"schema":{"@context":"https:\/\/schema.org","@graph":[{"@type":"WebPage","@id":"https:\/\/hadleycustomrollform.com\/fr\/profilage-sur-mesure\/agriculture\/","url":"https:\/\/hadleycustomrollform.com\/fr\/profilage-sur-mesure\/agriculture\/","name":"Agriculture - Hadley Custom Roll Form","isPartOf":{"@id":"https:\/\/hadleycustomrollform.com\/fr\/#website"},"datePublished":"2022-04-02T13:33:02+00:00","dateModified":"2022-12-22T14:09:50+00:00","description":"L'expertise de Hadley dans la fabrication de produits en acier lamin\u00e9 \u00e0 froid a permis le d\u00e9veloppement de divers syst\u00e8mes agricoles. Contactez nous !","breadcrumb":{"@id":"https:\/\/hadleycustomrollform.com\/fr\/profilage-sur-mesure\/agriculture\/#breadcrumb"},"inLanguage":"fr-FR","potentialAction":[{"@type":"ReadAction","target":["https:\/\/hadleycustomrollform.com\/fr\/profilage-sur-mesure\/agriculture\/"]}]},{"@type":"BreadcrumbList","@id":"https:\/\/hadleycustomrollform.com\/fr\/profilage-sur-mesure\/agriculture\/#breadcrumb","itemListElement":[{"@type":"ListItem","position":1,"name":"Home","item":"https:\/\/hadleycustomrollform.com\/fr\/"},{"@type":"ListItem","position":2,"name":"Profilage sur mesure","item":"https:\/\/hadleycustomrollform.com\/fr\/"},{"@type":"ListItem","position":3,"name":"Agriculture"}]},{"@type":"WebSite","@id":"https:\/\/hadleycustomrollform.com\/fr\/#website","url":"https:\/\/hadleycustomrollform.com\/fr\/","name":"Hadley Group","description":"Shaping the Future in Metal","publisher":{"@id":"https:\/\/hadleycustomrollform.com\/fr\/#organization"},"potentialAction":[{"@type":"SearchAction","target":{"@type":"EntryPoint","urlTemplate":"https:\/\/hadleycustomrollform.com\/fr\/?s={search_term_string}"},"query-input":{"@type":"PropertyValueSpecification","valueRequired":true,"valueName":"search_term_string"}}],"inLanguage":"fr-FR"},{"@type":"Organization","@id":"https:\/\/hadleycustomrollform.com\/fr\/#organization","name":"Hadley Group","url":"https:\/\/hadleycustomrollform.com\/fr\/","logo":{"@type":"ImageObject","inLanguage":"fr-FR","@id":"https:\/\/hadleycustomrollform.com\/fr\/#\/schema\/logo\/image\/","url":"http:\/\/hadleycustomrollform.com\/app\/uploads\/2023\/01\/Hadley-Group-logo.jpg","contentUrl":"http:\/\/hadleycustomrollform.com\/app\/uploads\/2023\/01\/Hadley-Group-logo.jpg","width":1280,"height":300,"caption":"Hadley Group"},"image":{"@id":"https:\/\/hadleycustomrollform.com\/fr\/#\/schema\/logo\/image\/"},"sameAs":["https:\/\/www.facebook.com\/HadleyGroupGlobal","https:\/\/x.com\/hadley_group","https:\/\/www.youtube.com\/@HadleyGroupSmethwick","https:\/\/www.linkedin.com\/company\/hadley-group-\/"]}]}},"_links":{"self":[{"href":"https:\/\/hadleycustomrollform.com\/fr\/wp-json\/wp\/v2\/pages\/1967","targetHints":{"allow":["GET"]}}],"collection":[{"href":"https:\/\/hadleycustomrollform.com\/fr\/wp-json\/wp\/v2\/pages"}],"about":[{"href":"https:\/\/hadleycustomrollform.com\/fr\/wp-json\/wp\/v2\/types\/page"}],"author":[{"embeddable":true,"href":"https:\/\/hadleycustomrollform.com\/fr\/wp-json\/wp\/v2\/users\/3"}],"replies":[{"embeddable":true,"href":"https:\/\/hadleycustomrollform.com\/fr\/wp-json\/wp\/v2\/comments?post=1967"}],"version-history":[{"count":10,"href":"https:\/\/hadleycustomrollform.com\/fr\/wp-json\/wp\/v2\/pages\/1967\/revisions"}],"predecessor-version":[{"id":6965,"href":"https:\/\/hadleycustomrollform.com\/fr\/wp-json\/wp\/v2\/pages\/1967\/revisions\/6965"}],"up":[{"embeddable":true,"href":"https:\/\/hadleycustomrollform.com\/fr\/wp-json\/wp\/v2\/pages\/1813"}],"wp:attachment":[{"href":"https:\/\/hadleycustomrollform.com\/fr\/wp-json\/wp\/v2\/media?parent=1967"}],"wp:term":[{"taxonomy":"category","embeddable":true,"href":"https:\/\/hadleycustomrollform.com\/fr\/wp-json\/wp\/v2\/categories?post=1967"}],"curies":[{"name":"wp","href":"https:\/\/api.w.org\/{rel}","templated":true}]}}