{"id":1987,"date":"2023-09-20T10:14:21","date_gmt":"2023-09-20T10:14:21","guid":{"rendered":"http:\/\/hadleycustomrollform.com\/solaire\/"},"modified":"2025-09-08T09:16:51","modified_gmt":"2025-09-08T09:16:51","slug":"solaire","status":"publish","type":"page","link":"https:\/\/hadleycustomrollform.com\/fr\/profilage-sur-mesure\/solaire\/","title":{"rendered":"Syst\u00e8mes de soutien solaire"},"content":{"rendered":"<background-video inline-template :autoplay=\"true\" video=\"\"> \n<section class=\"wp-block-stradigi-gutenberg-hero g-hero container-fluid p-0 g-hero--has-overlay\" style=\"background-image:url(&quot;http:\/\/hadleycustomrollform.com\/app\/uploads\/2023\/09\/AdobeStock_128869478.jpg&quot;)\" data-youtube-url=\"\"><div class=\"g-hero--filter\"><\/div><div class=\"g-hero__container container\"><div class=\"g-hero__wrap\"><h1 class=\"g-hero__heading\">Solar at Scale<\/h1><div class=\"g-hero__body\"><div class=\"g-hero__body__text\"><p>\u00a0\u00a0<\/p><\/div><div class=\"g-hero__body__buttons\"><a href=\"http:\/\/hadleycustomrollform.com\/fr\/contact\/\" class=\"c-button\">Contact us<i class=\"fas fa-sm fa-chevron-right\"><\/i><\/a><\/div><\/div><\/div><\/div><\/section>\n <\/background-video><div class=\"JB-1 h-section-background\">\n<section class=\"wp-block-stradigi-gutenberg-fixed-spacer g-spacer g-spacer--size-large\"><\/section>\n<\/div><section class=\"JB-1 h-section-background g-text\"><div class=\"container\"><div class=\"row\"><div class=\"col-lg-8\"><div class=\"g-text__title\">\n<h6 class=\"wp-block-heading\">Obtenez la capacit\u00e9 de production \u00e9lev\u00e9e et l&#8217;approvisionnement fiable dont vous avez besoin pour r\u00e9pondre \u00e0 la demande croissante d&#8217;\u00e9nergie solaire &#8211; avec des syst\u00e8mes de montage solaire durables et rentables provenant de nos installations mondiales de profilage \u00e0 froid.  <\/h6>\n<\/div><\/div><\/div><\/div><\/section><div class=\"JB-1 h-section-background\">\n<section class=\"wp-block-stradigi-gutenberg-fixed-spacer g-spacer g-spacer--size-medium\" id=\"co2-footprint\"><\/section>\n<\/div><div class=\"JB-1 h-section-background\">\n<section class=\"wp-block-stradigi-gutenberg-sidenote g-sidenote\"><div class=\"container\"><div class=\"g-sidenote__row row\"><div class=\"col-lg-5\"><div class=\"g-sidenote__content\"><section class=\"JB-1 h-section-background g-text\"><div class=\"container\"><div class=\"row\"><div class=\"col-lg-8\"><div class=\"g-text__title\">\n<h2 class=\"wp-block-heading\"><strong><strong>Pourquoi laminer \u00e0 froid<\/strong><\/strong> les supports solaires ?<\/h2>\n<\/div><\/div><\/div><\/div><\/section>\n\n<section class=\"JB-1 h-section-background g-text\"><div class=\"container\"><div class=\"row\"><div class=\"col-lg-8\"><div class=\"g-text__bodytext\">\n<p>Les syst\u00e8mes de montage solaire sont traditionnellement fabriqu\u00e9s par extrusion d&#8217;aluminium, ce qui limite le nombre d&#8217;op\u00e9rations que vous pouvez ajouter \u00e0 une seule ligne de production.  <br\/><br\/>En optant pour le profilage \u00e0 froid, vous pouvez \u00e9largir vos options en proposant une plus large gamme de caract\u00e9ristiques complexes avec un co\u00fbt suppl\u00e9mentaire minime, tout en r\u00e9duisant votre empreinte carbone et l&#8217;\u00e9nergie utilis\u00e9e pour votre production.<\/p>\n<\/div><\/div><\/div><\/div><\/section><\/div><\/div><article class=\"col-md-7 offset-xl-1 col-xl-6\"><div class=\"g-sidenote__sidenote\" style=\"background-image:url(&quot;http:\/\/hadleycustomrollform.com\/app\/uploads\/2023\/09\/AdobeStock_596819297-650x1024.jpg&quot;)\"><div class=\"g-sidenote__sidenote-content\"><p>\u00a0<br>&#8211; Consistent tolerances and high-volume production<br><br>&#8211; Reduce carbon with a cold manufacturing process<br><br>&#8211; Add complex operations to a single production line <\/p><\/div><\/div><\/article><\/div><\/div><\/section>\n<\/div><div class=\"JB-1 h-section-background\">\n<section class=\"wp-block-stradigi-gutenberg-fixed-spacer g-spacer g-spacer--size-medium\" id=\"durable-steel\"><\/section>\n<\/div><section class=\"JB-1 h-section-background g-text\"><div class=\"container\"><div class=\"row\"><div class=\"col-lg-8\"><div class=\"g-text__title\">\n<h2 class=\"wp-block-heading\"><strong>Durables, durables et con\u00e7us pour l&#8217;ext\u00e9rieur<\/strong><\/h2>\n<\/div><\/div><\/div><\/div><\/section><section class=\"JB-1 h-section-background g-text\"><div class=\"container\"><div class=\"row\"><div class=\"col-lg-8\"><div class=\"g-text__bodytext\">\n<ul class=\"wp-block-list\">\n<li>Acier galvanis\u00e9 au zinc-magn\u00e9sium con\u00e7u pour durer jusqu&#8217;\u00e0 30 ans<\/li>\n\n\n\n<li><a href=\"https:\/\/www.corigy.com\/blog\/advantage-of-zinc-aluminum-megnesium-coated-steel_b7\">R\u00e9sistance \u00e0 la corrosion 10 fois sup\u00e9rieure<\/a> \u00e0 celle de l&#8217;acier galvanis\u00e9 \u00e0 chaud<\/li>\n\n\n\n<li>Plus solide et plus r\u00e9sistant que les syst\u00e8mes de support en aluminium<\/li>\n<\/ul>\n<\/div><\/div><\/div><\/div><\/section><section class=\"JB-1 h-section-background g-text\"><div class=\"container\"><div class=\"row\"><div class=\"col-lg-8\"><div class=\"g-text__bodytext\">\n<p>Nos syst\u00e8mes de montage solaire lamin\u00e9s \u00e0 froid sont fabriqu\u00e9s en acier galvanis\u00e9 sp\u00e9cialement rev\u00eatu pour une construction durable et r\u00e9sistante aux intemp\u00e9ries. Le rev\u00eatement sp\u00e9cial en zinc-magn\u00e9sium est \u00e0 la fois tr\u00e8s r\u00e9sistant \u00e0 la corrosion et offre une finition tremp\u00e9e \u00e0 froid plus solide que celle de l&#8217;aluminium.  <\/p>\n<\/div><\/div><\/div><\/div><\/section><section class=\"JB-1 h-section-background g-text\"><div class=\"container\"><div class=\"row\"><div class=\"col-lg-8\"><div class=\"g-text__bodytext\">\n<p>Gr\u00e2ce \u00e0 un processus de fabrication \u00e0 basse temp\u00e9rature utilisant de l&#8217;acier recyclable et \u00e0 un approvisionnement bas\u00e9 au Royaume-Uni qui r\u00e9duit votre empreinte carbone, vous obtiendrez une production durable, fiable et plus rentable pour vos pi\u00e8ces de montage solaire.<\/p>\n<\/div><\/div><\/div><\/div><\/section><div class=\"JB-1 h-section-background\">\n<section class=\"wp-block-stradigi-gutenberg-fixed-spacer g-spacer g-spacer--size-medium\"><\/section>\n<\/div>\n<section class=\"wp-block-stradigi-gutenberg-banner g-banner container-fluid p-0 jarallax g-banner--has-overlay g-banner--size-large\" style=\"background-image:url(&quot;http:\/\/hadleycustomrollform.com\/app\/uploads\/2023\/08\/Solar-farm.jpg&quot;)\"><div class=\"g-banner__container container\"><div class=\"g-banner__wrap\"><h2 class=\"g-banner__heading h-heading h-heading--size-64\">Large scale, high value<\/h2><div class=\"g-banner__body\"><div class=\"g-banner__body__buttons\"><\/div><\/div><\/div><\/div><\/section>\n<div class=\"JB-1 h-section-background\">\n<section class=\"wp-block-stradigi-gutenberg-fixed-spacer g-spacer g-spacer--size-medium\" id=\"global-supply\"><\/section>\n<\/div><section class=\"JB-1 h-section-background g-text\"><div class=\"container\"><div class=\"row\"><div class=\"col-lg-8\"><div class=\"g-text__title\">\n<h2 class=\"wp-block-heading has-large-font-size\">Nos installations de fabrication bas\u00e9es au Royaume-Uni sont soutenues par un r\u00e9seau mondial d&#8217;\u00e9quipes et d&#8217;installations de profilage r\u00e9parties sur quatre continents.<\/h2>\n<\/div><\/div><\/div><\/div><\/section><section class=\"JB-1 h-section-background g-text\"><div class=\"container\"><div class=\"row\"><div class=\"col-lg-8\"><div class=\"g-text__bodytext\">\n<p>Cela nous donne un avantage certain sur les petits fournisseurs qui d\u00e9pendent d&#8217;une seule installation ou d&#8217;une seule ligne de production. Avec plusieurs usines de fabrication et un r\u00e9seau logistique sp\u00e9cialis\u00e9, fruit de notre longue exp\u00e9rience dans l&#8217;industrie du formage par laminage \u00e0 froid, nous avons la capacit\u00e9 et la flexibilit\u00e9 n\u00e9cessaires pour assurer la production continue de vos pi\u00e8ces et composants solaires.<\/p>\n<\/div><\/div><\/div><\/div><\/section><div class=\"JB-1 h-section-background\">\n<section class=\"wp-block-stradigi-gutenberg-double-sidenote g-sidenote\"><div class=\"container\"><div class=\"g-sidenote__row row\"><div class=\"col-lg-8\"><div class=\"g-sidenote__bodytext\"><\/div><\/div><\/div><div class=\"g-sidenote__row row\"><article class=\"col-lg-6\"><div class=\"g-sidenote__sidenote\" style=\"background-image:url(&quot;http:\/\/hadleycustomrollform.com\/app\/uploads\/2023\/09\/AdobeStock_606565067-2-910x1024.jpg&quot;)\"><div class=\"g-sidenote__sidenote-content\"><p>Multi-national manufacturing and global logistics footprint<br\/><br\/>Low-risk production with large-scale capacity and contingency facilities<br\/><br\/>PPAP Automotive quality assurance standards ensure capability value<\/p><\/div><\/div><\/article><article class=\"col-lg-6\"><div class=\"g-sidenote__sidenote\" style=\"background-image:url(&quot;http:\/\/hadleycustomrollform.com\/app\/uploads\/2022\/07\/Profile_Purlins-2-1024x724.jpg&quot;)\"><div class=\"g-sidenote__sidenote-content\"><p>Profile lengths up to 18 metres and<br\/>tolerances as low as \u00b10.05mm<br\/><br\/>Work with in-house engineers who specialise in tooling design<br\/><br\/>Produce complex metal profiles to your exact specifications<\/p><\/div><\/div><\/article><\/div><\/div><\/section>\n<\/div><div class=\"JB-1 h-section-background\">\n<section class=\"wp-block-stradigi-gutenberg-fixed-spacer g-spacer g-spacer--size-small\" id=\"engineering\"><\/section>\n<\/div><section class=\"JB-1 h-section-background g-text\"><div class=\"container\"><div class=\"row\"><div class=\"col-lg-8\"><div class=\"g-text__title\">\n<h2 class=\"wp-block-heading\"><strong>Des solutions sur mesure pour votre projet solaire<\/strong><\/h2>\n<\/div><\/div><\/div><\/div><\/section><section class=\"JB-1 h-section-background g-text\"><div class=\"container\"><div class=\"row\"><div class=\"col-lg-8\"><div class=\"g-text__bodytext\">\n<p>Nous sommes plus qu&#8217;un simple site de production &#8211; nous sommes votre partenaire de fabrication.<\/p>\n<\/div><\/div><\/div><\/div><\/section><section class=\"JB-1 h-section-background g-text\"><div class=\"container\"><div class=\"row\"><div class=\"col-lg-8\"><div class=\"g-text__bodytext\">\n<p>Nos \u00e9quipes internes de sp\u00e9cialistes du laminage \u00e0 froid s&#8217;attachent \u00e0 r\u00e9soudre les probl\u00e8mes et travaillent en collaboration avec vos \u00e9quipes pour am\u00e9liorer vos conceptions et rationaliser votre production. Qu&#8217;il s&#8217;agisse de profils extra-longs pour des fermes solaires \u00e0 grande \u00e9chelle ou de tol\u00e9rances \u00e9troites pour des conceptions complexes, nous prenons en compte vos exigences pr\u00e9cises et cr\u00e9ons des solutions sur mesure con\u00e7ues pour votre projet exact.<\/p>\n<\/div><\/div><\/div><\/div><\/section><div class=\"JB-1 h-section-background\">\n<section class=\"wp-block-stradigi-gutenberg-fixed-spacer g-spacer g-spacer--size-medium\"><\/section>\n<\/div><section class=\"JB-1 h-section-background g-text\"><div class=\"container\"><div class=\"row\"><div class=\"col-lg-8\"><div class=\"g-text__title\">\n<h2 class=\"wp-block-heading\"><strong>Vous avez besoin d&#8217;un partenaire qui peut vous aider \u00e0 d\u00e9velopper votre entreprise ?<\/strong><\/h2>\n<\/div><\/div><\/div><\/div><\/section><section class=\"JB-1 h-section-background g-text\"><div class=\"container\"><div class=\"row\"><div class=\"col-lg-8\"><div class=\"g-text__bodytext\">\n<p>Si vous souhaitez vous d\u00e9velopper pour r\u00e9pondre \u00e0 la hausse de la demande, vous avez besoin d&#8217;un partenaire ayant la capacit\u00e9 de s&#8217;adapter.<\/p>\n<\/div><\/div><\/div><\/div><\/section><section class=\"JB-1 h-section-background g-text\"><div class=\"container\"><div class=\"row\"><div class=\"col-lg-8\"><div class=\"g-text__bodytext\">\n<p>Nos installations de production britanniques b\u00e9n\u00e9ficient de d\u00e9cennies d&#8217;exp\u00e9rience en mati\u00e8re de laminage \u00e0 froid dans l&#8217;industrie de la construction en acier &#8211; avec le soutien d&#8217;une entreprise de fabrication mondiale et l&#8217;expertise collective d&#8217;une \u00e9quipe de plus de 50 ing\u00e9nieurs sp\u00e9cialis\u00e9s dans le laminage \u00e0 froid.<\/p>\n<\/div><\/div><\/div><\/div><\/section><section class=\"JB-1 h-section-background g-text\"><div class=\"container\"><div class=\"row\"><div class=\"col-lg-8\"><div class=\"g-text__bodytext\">\n<p>Ainsi, plus t\u00f4t vous nous associez \u00e0 votre projet, plus nous pouvons vous faire gagner du temps et de l&#8217;argent.<\/p>\n<\/div><\/div><\/div><\/div><\/section><div class=\"JB-1 h-section-background\">\n<section class=\"wp-block-stradigi-gutenberg-text-cta g-text\"><div class=\"container\"><div class=\"row\"><div class=\"col-lg-8\"><div class=\"g-text__bodytext\"><p><\/p><\/div><a href=\"http:\/\/hadleycustomrollform.com\/fr\/contact\/\" class=\"c-button g-text__button\">Contact us<i class=\"fas fa-sm fa-chevron-right\"><\/i><\/a><\/div><\/div><\/div><\/section>\n<\/div><div class=\"JB-1 h-section-background\">\n<section class=\"wp-block-stradigi-gutenberg-fixed-spacer g-spacer g-spacer--size-medium\"><\/section>\n<\/div>\n<section class=\"wp-block-stradigi-gutenberg-banner g-banner container-fluid p-0 jarallax g-banner--has-overlay g-banner--size-large\" style=\"background-image:url(&quot;http:\/\/hadleycustomrollform.com\/app\/uploads\/2023\/09\/AdobeStock_315659751-1.jpg&quot;)\"><div class=\"g-banner__container container\"><div class=\"g-banner__wrap\"><div class=\"g-banner__body\"><div class=\"g-banner__body__buttons\"><\/div><\/div><\/div><\/div><\/section>\n","protected":false},"excerpt":{"rendered":"<p>Obtenez la capacit\u00e9 de production \u00e9lev\u00e9e et l&#8217;approvisionnement fiable dont vous avez besoin pour r\u00e9pondre \u00e0 la demande croissante d&#8217;\u00e9nergie\u2026 <a href=\"https:\/\/hadleycustomrollform.com\/fr\/profilage-sur-mesure\/solaire\/\">&#8230;<\/a><\/p>\n","protected":false},"author":3,"featured_media":8737,"parent":1813,"menu_order":0,"comment_status":"closed","ping_status":"closed","template":"","meta":{"_acf_changed":false,"footnotes":""},"categories":[],"class_list":["post-1987","page","type-page","status-publish","has-post-thumbnail","hentry"],"acf":[],"yoast_head":"<!-- This site is optimized with the Yoast SEO Premium plugin v25.1 (Yoast SEO v27.1.1) - https:\/\/yoast.com\/product\/yoast-seo-premium-wordpress\/ -->\n<title>Syst\u00e8mes de soutien solaire - Hadley Custom Roll Form<\/title>\n<meta name=\"description\" content=\"Vous recherchez des profils pour des syst\u00e8mes de soutien solaire ? Hadley dispose du savoir-faire et de l&#039;\u00e9quipement n\u00e9cessaires pour produire de gros volumes avec une logistique mondiale.\" \/>\n<meta name=\"robots\" content=\"noindex, follow, max-snippet:-1, max-image-preview:large, max-video-preview:-1\" \/>\n<meta property=\"og:locale\" content=\"fr_FR\" \/>\n<meta property=\"og:type\" content=\"article\" \/>\n<meta property=\"og:title\" content=\"Syst\u00e8mes de soutien solaire\" \/>\n<meta property=\"og:description\" content=\"Vous recherchez des profils pour des syst\u00e8mes de soutien solaire ? Hadley dispose du savoir-faire et de l&#039;\u00e9quipement n\u00e9cessaires pour produire de gros volumes avec une logistique mondiale.\" \/>\n<meta property=\"og:url\" content=\"https:\/\/hadleycustomrollform.com\/fr\/profilage-sur-mesure\/solaire\/\" \/>\n<meta property=\"og:site_name\" content=\"Hadley Custom Roll Form\" \/>\n<meta property=\"article:publisher\" content=\"https:\/\/www.facebook.com\/HadleyGroupGlobal\" \/>\n<meta property=\"article:modified_time\" content=\"2025-09-08T09:16:51+00:00\" \/>\n<meta property=\"og:image\" content=\"https:\/\/hadleycustomrollform.com\/app\/uploads\/2023\/09\/AdobeStock_629442908.jpg\" \/>\n\t<meta property=\"og:image:width\" content=\"2000\" \/>\n\t<meta property=\"og:image:height\" content=\"950\" \/>\n\t<meta property=\"og:image:type\" content=\"image\/jpeg\" \/>\n<meta name=\"twitter:card\" content=\"summary_large_image\" \/>\n<meta name=\"twitter:site\" content=\"@hadley_group\" \/>\n<meta name=\"twitter:label1\" content=\"Est. reading time\" \/>\n\t<meta name=\"twitter:data1\" content=\"1 minute\" \/>\n<script type=\"application\/ld+json\" class=\"yoast-schema-graph\">{\"@context\":\"https:\/\/schema.org\",\"@graph\":[{\"@type\":\"WebPage\",\"@id\":\"https:\/\/hadleycustomrollform.com\/fr\/profilage-sur-mesure\/solaire\/\",\"url\":\"https:\/\/hadleycustomrollform.com\/fr\/profilage-sur-mesure\/solaire\/\",\"name\":\"Syst\u00e8mes de soutien solaire - Hadley Custom Roll Form\",\"isPartOf\":{\"@id\":\"https:\/\/hadleycustomrollform.com\/fr\/#website\"},\"primaryImageOfPage\":{\"@id\":\"https:\/\/hadleycustomrollform.com\/fr\/profilage-sur-mesure\/solaire\/#primaryimage\"},\"image\":{\"@id\":\"https:\/\/hadleycustomrollform.com\/fr\/profilage-sur-mesure\/solaire\/#primaryimage\"},\"thumbnailUrl\":\"https:\/\/hadleycustomrollform.com\/app\/uploads\/2023\/09\/AdobeStock_629442908.jpg\",\"datePublished\":\"2023-09-20T10:14:21+00:00\",\"dateModified\":\"2025-09-08T09:16:51+00:00\",\"description\":\"Vous recherchez des profils pour des syst\u00e8mes de soutien solaire ? Hadley dispose du savoir-faire et de l'\u00e9quipement n\u00e9cessaires pour produire de gros volumes avec une logistique mondiale.\",\"breadcrumb\":{\"@id\":\"https:\/\/hadleycustomrollform.com\/fr\/profilage-sur-mesure\/solaire\/#breadcrumb\"},\"inLanguage\":\"fr-FR\",\"potentialAction\":[{\"@type\":\"ReadAction\",\"target\":[\"https:\/\/hadleycustomrollform.com\/fr\/profilage-sur-mesure\/solaire\/\"]}]},{\"@type\":\"ImageObject\",\"inLanguage\":\"fr-FR\",\"@id\":\"https:\/\/hadleycustomrollform.com\/fr\/profilage-sur-mesure\/solaire\/#primaryimage\",\"url\":\"https:\/\/hadleycustomrollform.com\/app\/uploads\/2023\/09\/AdobeStock_629442908.jpg\",\"contentUrl\":\"https:\/\/hadleycustomrollform.com\/app\/uploads\/2023\/09\/AdobeStock_629442908.jpg\",\"width\":2000,\"height\":950,\"caption\":\"Solar PV installation mounting systems steel profiles\"},{\"@type\":\"BreadcrumbList\",\"@id\":\"https:\/\/hadleycustomrollform.com\/fr\/profilage-sur-mesure\/solaire\/#breadcrumb\",\"itemListElement\":[{\"@type\":\"ListItem\",\"position\":1,\"name\":\"Home\",\"item\":\"https:\/\/hadleycustomrollform.com\/fr\/\"},{\"@type\":\"ListItem\",\"position\":2,\"name\":\"Profilage sur mesure\",\"item\":\"https:\/\/hadleycustomrollform.com\/fr\/\"},{\"@type\":\"ListItem\",\"position\":3,\"name\":\"Syst\u00e8mes de soutien solaire\"}]},{\"@type\":\"WebSite\",\"@id\":\"https:\/\/hadleycustomrollform.com\/fr\/#website\",\"url\":\"https:\/\/hadleycustomrollform.com\/fr\/\",\"name\":\"Hadley Group\",\"description\":\"Shaping the Future in Metal\",\"publisher\":{\"@id\":\"https:\/\/hadleycustomrollform.com\/fr\/#organization\"},\"potentialAction\":[{\"@type\":\"SearchAction\",\"target\":{\"@type\":\"EntryPoint\",\"urlTemplate\":\"https:\/\/hadleycustomrollform.com\/fr\/?s={search_term_string}\"},\"query-input\":{\"@type\":\"PropertyValueSpecification\",\"valueRequired\":true,\"valueName\":\"search_term_string\"}}],\"inLanguage\":\"fr-FR\"},{\"@type\":\"Organization\",\"@id\":\"https:\/\/hadleycustomrollform.com\/fr\/#organization\",\"name\":\"Hadley Group\",\"url\":\"https:\/\/hadleycustomrollform.com\/fr\/\",\"logo\":{\"@type\":\"ImageObject\",\"inLanguage\":\"fr-FR\",\"@id\":\"https:\/\/hadleycustomrollform.com\/fr\/#\/schema\/logo\/image\/\",\"url\":\"http:\/\/hadleycustomrollform.com\/app\/uploads\/2023\/01\/Hadley-Group-logo.jpg\",\"contentUrl\":\"http:\/\/hadleycustomrollform.com\/app\/uploads\/2023\/01\/Hadley-Group-logo.jpg\",\"width\":1280,\"height\":300,\"caption\":\"Hadley Group\"},\"image\":{\"@id\":\"https:\/\/hadleycustomrollform.com\/fr\/#\/schema\/logo\/image\/\"},\"sameAs\":[\"https:\/\/www.facebook.com\/HadleyGroupGlobal\",\"https:\/\/x.com\/hadley_group\",\"https:\/\/www.youtube.com\/@HadleyGroupSmethwick\",\"https:\/\/www.linkedin.com\/company\/hadley-group-\/\"]}]}<\/script>\n<!-- \/ Yoast SEO Premium plugin. -->","yoast_head_json":{"title":"Syst\u00e8mes de soutien solaire - Hadley Custom Roll Form","description":"Vous recherchez des profils pour des syst\u00e8mes de soutien solaire ? Hadley dispose du savoir-faire et de l'\u00e9quipement n\u00e9cessaires pour produire de gros volumes avec une logistique mondiale.","robots":{"index":"noindex","follow":"follow","max-snippet":"max-snippet:-1","max-image-preview":"max-image-preview:large","max-video-preview":"max-video-preview:-1"},"og_locale":"fr_FR","og_type":"article","og_title":"Syst\u00e8mes de soutien solaire","og_description":"Vous recherchez des profils pour des syst\u00e8mes de soutien solaire ? Hadley dispose du savoir-faire et de l'\u00e9quipement n\u00e9cessaires pour produire de gros volumes avec une logistique mondiale.","og_url":"https:\/\/hadleycustomrollform.com\/fr\/profilage-sur-mesure\/solaire\/","og_site_name":"Hadley Custom Roll Form","article_publisher":"https:\/\/www.facebook.com\/HadleyGroupGlobal","article_modified_time":"2025-09-08T09:16:51+00:00","og_image":[{"width":2000,"height":950,"url":"https:\/\/hadleycustomrollform.com\/app\/uploads\/2023\/09\/AdobeStock_629442908.jpg","type":"image\/jpeg"}],"twitter_card":"summary_large_image","twitter_site":"@hadley_group","twitter_misc":{"Est. reading time":"1 minute"},"schema":{"@context":"https:\/\/schema.org","@graph":[{"@type":"WebPage","@id":"https:\/\/hadleycustomrollform.com\/fr\/profilage-sur-mesure\/solaire\/","url":"https:\/\/hadleycustomrollform.com\/fr\/profilage-sur-mesure\/solaire\/","name":"Syst\u00e8mes de soutien solaire - Hadley Custom Roll Form","isPartOf":{"@id":"https:\/\/hadleycustomrollform.com\/fr\/#website"},"primaryImageOfPage":{"@id":"https:\/\/hadleycustomrollform.com\/fr\/profilage-sur-mesure\/solaire\/#primaryimage"},"image":{"@id":"https:\/\/hadleycustomrollform.com\/fr\/profilage-sur-mesure\/solaire\/#primaryimage"},"thumbnailUrl":"https:\/\/hadleycustomrollform.com\/app\/uploads\/2023\/09\/AdobeStock_629442908.jpg","datePublished":"2023-09-20T10:14:21+00:00","dateModified":"2025-09-08T09:16:51+00:00","description":"Vous recherchez des profils pour des syst\u00e8mes de soutien solaire ? Hadley dispose du savoir-faire et de l'\u00e9quipement n\u00e9cessaires pour produire de gros volumes avec une logistique mondiale.","breadcrumb":{"@id":"https:\/\/hadleycustomrollform.com\/fr\/profilage-sur-mesure\/solaire\/#breadcrumb"},"inLanguage":"fr-FR","potentialAction":[{"@type":"ReadAction","target":["https:\/\/hadleycustomrollform.com\/fr\/profilage-sur-mesure\/solaire\/"]}]},{"@type":"ImageObject","inLanguage":"fr-FR","@id":"https:\/\/hadleycustomrollform.com\/fr\/profilage-sur-mesure\/solaire\/#primaryimage","url":"https:\/\/hadleycustomrollform.com\/app\/uploads\/2023\/09\/AdobeStock_629442908.jpg","contentUrl":"https:\/\/hadleycustomrollform.com\/app\/uploads\/2023\/09\/AdobeStock_629442908.jpg","width":2000,"height":950,"caption":"Solar PV installation mounting systems steel profiles"},{"@type":"BreadcrumbList","@id":"https:\/\/hadleycustomrollform.com\/fr\/profilage-sur-mesure\/solaire\/#breadcrumb","itemListElement":[{"@type":"ListItem","position":1,"name":"Home","item":"https:\/\/hadleycustomrollform.com\/fr\/"},{"@type":"ListItem","position":2,"name":"Profilage sur mesure","item":"https:\/\/hadleycustomrollform.com\/fr\/"},{"@type":"ListItem","position":3,"name":"Syst\u00e8mes de soutien solaire"}]},{"@type":"WebSite","@id":"https:\/\/hadleycustomrollform.com\/fr\/#website","url":"https:\/\/hadleycustomrollform.com\/fr\/","name":"Hadley Group","description":"Shaping the Future in Metal","publisher":{"@id":"https:\/\/hadleycustomrollform.com\/fr\/#organization"},"potentialAction":[{"@type":"SearchAction","target":{"@type":"EntryPoint","urlTemplate":"https:\/\/hadleycustomrollform.com\/fr\/?s={search_term_string}"},"query-input":{"@type":"PropertyValueSpecification","valueRequired":true,"valueName":"search_term_string"}}],"inLanguage":"fr-FR"},{"@type":"Organization","@id":"https:\/\/hadleycustomrollform.com\/fr\/#organization","name":"Hadley Group","url":"https:\/\/hadleycustomrollform.com\/fr\/","logo":{"@type":"ImageObject","inLanguage":"fr-FR","@id":"https:\/\/hadleycustomrollform.com\/fr\/#\/schema\/logo\/image\/","url":"http:\/\/hadleycustomrollform.com\/app\/uploads\/2023\/01\/Hadley-Group-logo.jpg","contentUrl":"http:\/\/hadleycustomrollform.com\/app\/uploads\/2023\/01\/Hadley-Group-logo.jpg","width":1280,"height":300,"caption":"Hadley Group"},"image":{"@id":"https:\/\/hadleycustomrollform.com\/fr\/#\/schema\/logo\/image\/"},"sameAs":["https:\/\/www.facebook.com\/HadleyGroupGlobal","https:\/\/x.com\/hadley_group","https:\/\/www.youtube.com\/@HadleyGroupSmethwick","https:\/\/www.linkedin.com\/company\/hadley-group-\/"]}]}},"_links":{"self":[{"href":"https:\/\/hadleycustomrollform.com\/fr\/wp-json\/wp\/v2\/pages\/1987","targetHints":{"allow":["GET"]}}],"collection":[{"href":"https:\/\/hadleycustomrollform.com\/fr\/wp-json\/wp\/v2\/pages"}],"about":[{"href":"https:\/\/hadleycustomrollform.com\/fr\/wp-json\/wp\/v2\/types\/page"}],"author":[{"embeddable":true,"href":"https:\/\/hadleycustomrollform.com\/fr\/wp-json\/wp\/v2\/users\/3"}],"replies":[{"embeddable":true,"href":"https:\/\/hadleycustomrollform.com\/fr\/wp-json\/wp\/v2\/comments?post=1987"}],"version-history":[{"count":9,"href":"https:\/\/hadleycustomrollform.com\/fr\/wp-json\/wp\/v2\/pages\/1987\/revisions"}],"predecessor-version":[{"id":16147,"href":"https:\/\/hadleycustomrollform.com\/fr\/wp-json\/wp\/v2\/pages\/1987\/revisions\/16147"}],"up":[{"embeddable":true,"href":"https:\/\/hadleycustomrollform.com\/fr\/wp-json\/wp\/v2\/pages\/1813"}],"wp:featuredmedia":[{"embeddable":true,"href":"https:\/\/hadleycustomrollform.com\/fr\/wp-json\/wp\/v2\/media\/8737"}],"wp:attachment":[{"href":"https:\/\/hadleycustomrollform.com\/fr\/wp-json\/wp\/v2\/media?parent=1987"}],"wp:term":[{"taxonomy":"category","embeddable":true,"href":"https:\/\/hadleycustomrollform.com\/fr\/wp-json\/wp\/v2\/categories?post=1987"}],"curies":[{"name":"wp","href":"https:\/\/api.w.org\/{rel}","templated":true}]}}