{"id":4152,"date":"2022-03-04T19:21:52","date_gmt":"2022-03-04T19:21:52","guid":{"rendered":"http:\/\/hadleycustomrollform.com\/hadley-group-technology\/"},"modified":"2025-09-08T08:55:30","modified_gmt":"2025-09-08T08:55:30","slug":"hadley-group-technology","status":"publish","type":"page","link":"https:\/\/hadleycustomrollform.com\/fr\/profilage-sur-mesure\/hadley-group-technology\/","title":{"rendered":"Hadley Group Technology"},"content":{"rendered":"<background-video inline-template :autoplay=\"true\" video=\"\"> \n<section class=\"wp-block-stradigi-gutenberg-hero g-hero container-fluid p-0\" style=\"background-image:url(&quot;http:\/\/hadleycustomrollform.com\/app\/uploads\/2022\/03\/DSC_0113-mono.jpg&quot;)\" data-youtube-url=\"\"><div class=\"g-hero--filter\"><\/div><div class=\"g-hero__container container\"><div class=\"g-hero__wrap\"><h1 class=\"g-hero__heading\"><br\/>Hadley Group Technology<\/h1><div class=\"g-hero__body\"><div class=\"g-hero__body__text\"><p><\/p><\/div><div class=\"g-hero__body__buttons\"><a href=\"http:\/\/hadleycustomrollform.com\/fr\/profilage-sur-mesure\/hadley-group-technology\/recherche-et-developpement\/\" class=\"c-button\">R&amp;D at Hadley<i class=\"fas fa-sm fa-chevron-right\"><\/i><\/a><a href=\"http:\/\/hadleycustomrollform.com\/fr\/carrieres\/\" class=\"c-button\">Careers<i class=\"fas fa-sm fa-chevron-right\"><\/i><\/a><\/div><\/div><\/div><\/div><\/section>\n <\/background-video>\n<div style=\"height:100px\" aria-hidden=\"true\" class=\"wp-block-spacer\"><\/div>\n<section class=\"JB-1 h-section-background g-text\"><div class=\"container\"><div class=\"row\"><div class=\"col-lg-8\"><div class=\"g-text__title\">\n<h6 class=\"wp-block-heading\" id=\"h-hadley-group-technology-hgt-is-a-world-class-facility-focused-on-delivering-continuous-improvement-in-cold-roll-forming-technology\">Hadley Group Technology (HGT) est une installation de classe mondiale ax\u00e9e sur l&#8217;am\u00e9lioration continue de la technologie du profilage \u00e0 froid.<\/h6>\n<\/div><\/div><\/div><\/div><\/section><div class=\"JB-1 h-section-background\">\n<section class=\"wp-block-stradigi-gutenberg-fixed-spacer g-spacer g-spacer--size-small\"><\/section>\n<\/div><section class=\"JB-1 h-section-background g-text\"><div class=\"container\"><div class=\"row\"><div class=\"col-lg-8\"><div class=\"g-text__bodytext\">\n<p>HGT est le catalyseur du succ\u00e8s de la capacit\u00e9 d&#8217;ing\u00e9nierie du groupe Hadley, en concevant et en construisant nos propres lignes de production et notre propre outillage, et en menant l&#8217;innovation des techniques de profilage \u00e0 froid. <\/p>\n<\/div><\/div><\/div><\/div><\/section><section class=\"JB-1 h-section-background g-text\"><div class=\"container\"><div class=\"row\"><div class=\"col-lg-8\"><div class=\"g-text__bodytext\">\n<p>Nous sommes une ressource essentielle &#8211; nous soutenons nos clients de profilage sur mesure en leur proposant des solutions uniques pour r\u00e9pondre aux besoins de leurs projets individuels, et nous d\u00e9veloppons les installations du Hadley Group Building Systems, qui conna\u00eet une croissance continue du march\u00e9 dans le secteur de la construction.<\/p>\n<\/div><\/div><\/div><\/div><\/section><div class=\"JB-1 h-section-background\">\n<section class=\"wp-block-stradigi-gutenberg-fixed-spacer g-spacer g-spacer--size-small\"><\/section>\n<\/div><div class=\"JB-1 h-section-background\">\n<section class=\"wp-block-stradigi-gutenberg-text-image g-text-image\"><div class=\"container\"><div class=\"g-text-image__row row\"><div data-translate=\"true\" class=\"order-1 col-md-5\"><div class=\"g-text-image__content\">\n<section class=\"JB-1 h-section-background g-text\"><div class=\"container\"><div class=\"row\"><div class=\"col-lg-8\"><div class=\"g-text__title\">\n<h4 class=\"wp-block-heading\">HGT travaille avec ses clients pour fournir des profil\u00e9s r\u00e9pondant \u00e0 un large \u00e9ventail de sp\u00e9cifications :<\/h4>\n<\/div><\/div><\/div><\/div><\/section>\n<section class=\"JB-1 h-section-background g-text\"><div class=\"container\"><div class=\"row\"><div class=\"col-lg-8\"><div class=\"g-text__bodytext\">\n<p><\/p>\n<\/div><\/div><\/div><\/div><\/section>\n<section class=\"JB-1 h-section-background g-text\"><div class=\"container\"><div class=\"row\"><div class=\"col-lg-8\"><div class=\"g-text__bodytext\">\n<ul class=\"wp-block-list\"><li>Large \u00e9ventail de possibilit\u00e9s g\u00e9om\u00e9triques <\/li><li>Tol\u00e9rances aussi faibles que \u00b1 0,05 mm <\/li><li>SPC et analyse de la capacit\u00e9 du processus <\/li><li>Convient pour les m\u00e9taux ferreux, non ferreux, l&#8217;acier inoxydable et autres m\u00e9taux mall\u00e9ables <\/li><li>Capacit\u00e9 \u00e0 former des mat\u00e9riaux avec des surfaces polies et des mat\u00e9riaux pr\u00e9-rev\u00eatus <\/li><li>Caract\u00e9ristiques en ligne, y compris la perforation, l&#8217;encochage, le gaufrage et la coupe \u00e0 longueur <\/li><li>Le soudage en ligne permet des formes ferm\u00e9es <\/li><\/ul>\n<\/div><\/div><\/div><\/div><\/section>\n<\/div><\/div><article data-translate=\"true\" class=\"order-2 col-md-7 offset-xl-1 col-xl-6\"><div class=\"g-text-image__sidenote\"><img decoding=\"async\" class=\"g-text-image__image\" src=\"http:\/\/hadleycustomrollform.com\/app\/uploads\/2022\/03\/DSC_0097-web-1024x615.jpg\" alt=\"dsc_0097-web\"\/><\/div><\/article><\/div><\/div><\/section>\n<\/div><div class=\"JB-1 h-section-background\">\n<section class=\"wp-block-stradigi-gutenberg-fixed-spacer g-spacer g-spacer--size-medium\"><\/section>\n<\/div>\n<section class=\"wp-block-stradigi-gutenberg-banner g-banner container-fluid p-0 jarallax g-banner--has-overlay g-banner--size-large\" style=\"background-image:url(&quot;http:\/\/hadleycustomrollform.com\/app\/uploads\/2022\/03\/DSC_0129-mono-web.jpg&quot;)\"><div class=\"g-banner__container container\"><div class=\"g-banner__wrap\"><h2 class=\"g-banner__heading\">Want to work here?<\/h2><div class=\"g-banner__body\"><div class=\"g-banner__body__buttons\"><a href=\"http:\/\/hadleycustomrollform.com\/fr\/carrieres\/\" class=\"c-button\">Careers<i class=\"fas fa-sm fa-chevron-right\"><\/i><\/a><\/div><\/div><\/div><\/div><\/section>\n<div class=\"JB-1 h-section-background\">\n<section class=\"wp-block-stradigi-gutenberg-fixed-spacer g-spacer g-spacer--size-small\"><\/section>\n<\/div><div class=\"JB-1 h-section-background\">\n<section class=\"wp-block-stradigi-gutenberg-text-image g-text-image\"><div class=\"container\"><div class=\"g-text-image__row row\"><div data-translate=\"true\" class=\"order-1 col-md-3\"><div class=\"g-text-image__content\">\n<section class=\"JB-1 h-section-background g-text\"><div class=\"container\"><div class=\"row\"><div class=\"col-lg-8\"><div class=\"g-text__title\">\n<h2 class=\"wp-block-heading\">Vous cherchez votre prochain d\u00e9fi ?<\/h2>\n<\/div><\/div><\/div><\/div><\/section>\n<section class=\"JB-1 h-section-background g-text\"><div class=\"container\"><div class=\"row\"><div class=\"col-lg-8\"><div class=\"g-text__bodytext\">\n<p><\/p>\n<\/div><\/div><\/div><\/div><\/section>\n<section class=\"JB-1 h-section-background g-text\"><div class=\"container\"><div class=\"row\"><div class=\"col-lg-8\"><div class=\"g-text__bodytext\">\n<p>Nos ing\u00e9nieurs couvrent l&#8217;ensemble de nos capacit\u00e9s de fabrication, de la conception, la construction et la maintenance de nos propres lignes de production \u00e0 la cr\u00e9ation de <a href=\"http:\/\/hadleycustomrollform.com\/building-systems\/modern-methods-construction\/hadleyframe-design-service\/\">plans structurels et de d\u00e9tails<\/a> avec nos <a href=\"http:\/\/hadleycustomrollform.com\/building-systems\/sfs-construction\/sfs-load-bearing\/\">profils porteurs<\/a>.<\/p>\n<\/div><\/div><\/div><\/div><\/section>\n<section class=\"JB-1 h-section-background g-text\"><div class=\"container\"><div class=\"row\"><div class=\"col-lg-8\"><div class=\"g-text__bodytext\">\n<p>D\u00e9couvrez ce que c&#8217;est que de travailler \u00e0 Hadley Group Technology. <\/p>\n<\/div><\/div><\/div><\/div><\/section>\n<\/div><\/div><article data-translate=\"true\" class=\"order-2 col-md-9 offset-xl-1 col-xl-8\"><div class=\"g-text-image__sidenote\"><div class=\"g-text-image__frame-wrapper\"><iframe src=\"https:\/\/player.vimeo.com\/video\/710333586?&amp;autoplay=0&amp;loop=1&amp;byline=0&amp;title=0\"><\/iframe><\/div><\/div><\/article><\/div><\/div><\/section>\n<\/div><div class=\"JB-1 h-section-background\">\n<section class=\"wp-block-stradigi-gutenberg-fixed-spacer g-spacer g-spacer--size-small\"><\/section>\n<\/div><div class=\"JB-1 h-section-background\">\n<section class=\"wp-block-stradigi-gutenberg-fixed-spacer g-spacer g-spacer--size-large\"><\/section>\n<\/div>","protected":false},"excerpt":{"rendered":"<p>Hadley Group Technology (HGT) est une installation de classe mondiale ax\u00e9e sur l&#8217;am\u00e9lioration continue de la technologie du profilage \u00e0\u2026 <a href=\"https:\/\/hadleycustomrollform.com\/fr\/profilage-sur-mesure\/hadley-group-technology\/\">&#8230;<\/a><\/p>\n","protected":false},"author":3,"featured_media":0,"parent":1813,"menu_order":0,"comment_status":"closed","ping_status":"closed","template":"","meta":{"_acf_changed":false,"footnotes":""},"categories":[],"class_list":["post-4152","page","type-page","status-publish","hentry"],"acf":[],"yoast_head":"<!-- This site is optimized with the Yoast SEO Premium plugin v25.1 (Yoast SEO v27.1.1) - https:\/\/yoast.com\/product\/yoast-seo-premium-wordpress\/ -->\n<title>Hadley Group Technology : des installations de classe mondiale - Hadley Custom Roll Form.<\/title>\n<meta name=\"description\" content=\"Hadley Group Technology (HGT) est une installation de classe mondiale ax\u00e9e sur l&#039;am\u00e9lioration continue de la technologie du profilage \u00e0 froid.\" \/>\n<meta name=\"robots\" content=\"noindex, follow, max-snippet:-1, max-image-preview:large, max-video-preview:-1\" \/>\n<meta property=\"og:locale\" content=\"fr_FR\" \/>\n<meta property=\"og:type\" content=\"article\" \/>\n<meta property=\"og:title\" content=\"Hadley Group Technology\" \/>\n<meta property=\"og:description\" content=\"Hadley Group Technology (HGT) est une installation de classe mondiale ax\u00e9e sur l&#039;am\u00e9lioration continue de la technologie du profilage \u00e0 froid.\" \/>\n<meta property=\"og:url\" content=\"https:\/\/hadleycustomrollform.com\/fr\/profilage-sur-mesure\/hadley-group-technology\/\" \/>\n<meta property=\"og:site_name\" content=\"Hadley Custom Roll Form\" \/>\n<meta property=\"article:publisher\" content=\"https:\/\/www.facebook.com\/HadleyGroupGlobal\" \/>\n<meta property=\"article:modified_time\" content=\"2025-09-08T08:55:30+00:00\" \/>\n<meta property=\"og:image\" content=\"http:\/\/hadleycustomrollform.com\/app\/uploads\/2022\/03\/DSC_0097-web-1024x615.jpg\" \/>\n<meta name=\"twitter:card\" content=\"summary_large_image\" \/>\n<meta name=\"twitter:site\" content=\"@hadley_group\" \/>\n<meta name=\"twitter:label1\" content=\"Est. reading time\" \/>\n\t<meta name=\"twitter:data1\" content=\"2 minutes\" \/>\n<script type=\"application\/ld+json\" class=\"yoast-schema-graph\">{\"@context\":\"https:\/\/schema.org\",\"@graph\":[{\"@type\":\"WebPage\",\"@id\":\"https:\/\/hadleycustomrollform.com\/fr\/profilage-sur-mesure\/hadley-group-technology\/\",\"url\":\"https:\/\/hadleycustomrollform.com\/fr\/profilage-sur-mesure\/hadley-group-technology\/\",\"name\":\"Hadley Group Technology : des installations de classe mondiale - Hadley Custom Roll Form.\",\"isPartOf\":{\"@id\":\"https:\/\/hadleycustomrollform.com\/fr\/#website\"},\"primaryImageOfPage\":{\"@id\":\"https:\/\/hadleycustomrollform.com\/fr\/profilage-sur-mesure\/hadley-group-technology\/#primaryimage\"},\"image\":{\"@id\":\"https:\/\/hadleycustomrollform.com\/fr\/profilage-sur-mesure\/hadley-group-technology\/#primaryimage\"},\"thumbnailUrl\":\"http:\/\/hadleycustomrollform.com\/app\/uploads\/2022\/03\/DSC_0097-web-1024x615.jpg\",\"datePublished\":\"2022-03-04T19:21:52+00:00\",\"dateModified\":\"2025-09-08T08:55:30+00:00\",\"description\":\"Hadley Group Technology (HGT) est une installation de classe mondiale ax\u00e9e sur l'am\u00e9lioration continue de la technologie du profilage \u00e0 froid.\",\"breadcrumb\":{\"@id\":\"https:\/\/hadleycustomrollform.com\/fr\/profilage-sur-mesure\/hadley-group-technology\/#breadcrumb\"},\"inLanguage\":\"fr-FR\",\"potentialAction\":[{\"@type\":\"ReadAction\",\"target\":[\"https:\/\/hadleycustomrollform.com\/fr\/profilage-sur-mesure\/hadley-group-technology\/\"]}]},{\"@type\":\"ImageObject\",\"inLanguage\":\"fr-FR\",\"@id\":\"https:\/\/hadleycustomrollform.com\/fr\/profilage-sur-mesure\/hadley-group-technology\/#primaryimage\",\"url\":\"http:\/\/hadleycustomrollform.com\/app\/uploads\/2022\/03\/DSC_0097-web-1024x615.jpg\",\"contentUrl\":\"http:\/\/hadleycustomrollform.com\/app\/uploads\/2022\/03\/DSC_0097-web-1024x615.jpg\"},{\"@type\":\"BreadcrumbList\",\"@id\":\"https:\/\/hadleycustomrollform.com\/fr\/profilage-sur-mesure\/hadley-group-technology\/#breadcrumb\",\"itemListElement\":[{\"@type\":\"ListItem\",\"position\":1,\"name\":\"Home\",\"item\":\"https:\/\/hadleycustomrollform.com\/fr\/\"},{\"@type\":\"ListItem\",\"position\":2,\"name\":\"Profilage sur mesure\",\"item\":\"https:\/\/hadleycustomrollform.com\/fr\/\"},{\"@type\":\"ListItem\",\"position\":3,\"name\":\"Hadley Group Technology\"}]},{\"@type\":\"WebSite\",\"@id\":\"https:\/\/hadleycustomrollform.com\/fr\/#website\",\"url\":\"https:\/\/hadleycustomrollform.com\/fr\/\",\"name\":\"Hadley Group\",\"description\":\"Shaping the Future in Metal\",\"publisher\":{\"@id\":\"https:\/\/hadleycustomrollform.com\/fr\/#organization\"},\"potentialAction\":[{\"@type\":\"SearchAction\",\"target\":{\"@type\":\"EntryPoint\",\"urlTemplate\":\"https:\/\/hadleycustomrollform.com\/fr\/?s={search_term_string}\"},\"query-input\":{\"@type\":\"PropertyValueSpecification\",\"valueRequired\":true,\"valueName\":\"search_term_string\"}}],\"inLanguage\":\"fr-FR\"},{\"@type\":\"Organization\",\"@id\":\"https:\/\/hadleycustomrollform.com\/fr\/#organization\",\"name\":\"Hadley Group\",\"url\":\"https:\/\/hadleycustomrollform.com\/fr\/\",\"logo\":{\"@type\":\"ImageObject\",\"inLanguage\":\"fr-FR\",\"@id\":\"https:\/\/hadleycustomrollform.com\/fr\/#\/schema\/logo\/image\/\",\"url\":\"http:\/\/hadleycustomrollform.com\/app\/uploads\/2023\/01\/Hadley-Group-logo.jpg\",\"contentUrl\":\"http:\/\/hadleycustomrollform.com\/app\/uploads\/2023\/01\/Hadley-Group-logo.jpg\",\"width\":1280,\"height\":300,\"caption\":\"Hadley Group\"},\"image\":{\"@id\":\"https:\/\/hadleycustomrollform.com\/fr\/#\/schema\/logo\/image\/\"},\"sameAs\":[\"https:\/\/www.facebook.com\/HadleyGroupGlobal\",\"https:\/\/x.com\/hadley_group\",\"https:\/\/www.youtube.com\/@HadleyGroupSmethwick\",\"https:\/\/www.linkedin.com\/company\/hadley-group-\/\"]}]}<\/script>\n<!-- \/ Yoast SEO Premium plugin. -->","yoast_head_json":{"title":"Hadley Group Technology : des installations de classe mondiale - Hadley Custom Roll Form.","description":"Hadley Group Technology (HGT) est une installation de classe mondiale ax\u00e9e sur l'am\u00e9lioration continue de la technologie du profilage \u00e0 froid.","robots":{"index":"noindex","follow":"follow","max-snippet":"max-snippet:-1","max-image-preview":"max-image-preview:large","max-video-preview":"max-video-preview:-1"},"og_locale":"fr_FR","og_type":"article","og_title":"Hadley Group Technology","og_description":"Hadley Group Technology (HGT) est une installation de classe mondiale ax\u00e9e sur l'am\u00e9lioration continue de la technologie du profilage \u00e0 froid.","og_url":"https:\/\/hadleycustomrollform.com\/fr\/profilage-sur-mesure\/hadley-group-technology\/","og_site_name":"Hadley Custom Roll Form","article_publisher":"https:\/\/www.facebook.com\/HadleyGroupGlobal","article_modified_time":"2025-09-08T08:55:30+00:00","og_image":[{"url":"http:\/\/hadleycustomrollform.com\/app\/uploads\/2022\/03\/DSC_0097-web-1024x615.jpg","type":"","width":"","height":""}],"twitter_card":"summary_large_image","twitter_site":"@hadley_group","twitter_misc":{"Est. reading time":"2 minutes"},"schema":{"@context":"https:\/\/schema.org","@graph":[{"@type":"WebPage","@id":"https:\/\/hadleycustomrollform.com\/fr\/profilage-sur-mesure\/hadley-group-technology\/","url":"https:\/\/hadleycustomrollform.com\/fr\/profilage-sur-mesure\/hadley-group-technology\/","name":"Hadley Group Technology : des installations de classe mondiale - Hadley Custom Roll Form.","isPartOf":{"@id":"https:\/\/hadleycustomrollform.com\/fr\/#website"},"primaryImageOfPage":{"@id":"https:\/\/hadleycustomrollform.com\/fr\/profilage-sur-mesure\/hadley-group-technology\/#primaryimage"},"image":{"@id":"https:\/\/hadleycustomrollform.com\/fr\/profilage-sur-mesure\/hadley-group-technology\/#primaryimage"},"thumbnailUrl":"http:\/\/hadleycustomrollform.com\/app\/uploads\/2022\/03\/DSC_0097-web-1024x615.jpg","datePublished":"2022-03-04T19:21:52+00:00","dateModified":"2025-09-08T08:55:30+00:00","description":"Hadley Group Technology (HGT) est une installation de classe mondiale ax\u00e9e sur l'am\u00e9lioration continue de la technologie du profilage \u00e0 froid.","breadcrumb":{"@id":"https:\/\/hadleycustomrollform.com\/fr\/profilage-sur-mesure\/hadley-group-technology\/#breadcrumb"},"inLanguage":"fr-FR","potentialAction":[{"@type":"ReadAction","target":["https:\/\/hadleycustomrollform.com\/fr\/profilage-sur-mesure\/hadley-group-technology\/"]}]},{"@type":"ImageObject","inLanguage":"fr-FR","@id":"https:\/\/hadleycustomrollform.com\/fr\/profilage-sur-mesure\/hadley-group-technology\/#primaryimage","url":"http:\/\/hadleycustomrollform.com\/app\/uploads\/2022\/03\/DSC_0097-web-1024x615.jpg","contentUrl":"http:\/\/hadleycustomrollform.com\/app\/uploads\/2022\/03\/DSC_0097-web-1024x615.jpg"},{"@type":"BreadcrumbList","@id":"https:\/\/hadleycustomrollform.com\/fr\/profilage-sur-mesure\/hadley-group-technology\/#breadcrumb","itemListElement":[{"@type":"ListItem","position":1,"name":"Home","item":"https:\/\/hadleycustomrollform.com\/fr\/"},{"@type":"ListItem","position":2,"name":"Profilage sur mesure","item":"https:\/\/hadleycustomrollform.com\/fr\/"},{"@type":"ListItem","position":3,"name":"Hadley Group Technology"}]},{"@type":"WebSite","@id":"https:\/\/hadleycustomrollform.com\/fr\/#website","url":"https:\/\/hadleycustomrollform.com\/fr\/","name":"Hadley Group","description":"Shaping the Future in Metal","publisher":{"@id":"https:\/\/hadleycustomrollform.com\/fr\/#organization"},"potentialAction":[{"@type":"SearchAction","target":{"@type":"EntryPoint","urlTemplate":"https:\/\/hadleycustomrollform.com\/fr\/?s={search_term_string}"},"query-input":{"@type":"PropertyValueSpecification","valueRequired":true,"valueName":"search_term_string"}}],"inLanguage":"fr-FR"},{"@type":"Organization","@id":"https:\/\/hadleycustomrollform.com\/fr\/#organization","name":"Hadley Group","url":"https:\/\/hadleycustomrollform.com\/fr\/","logo":{"@type":"ImageObject","inLanguage":"fr-FR","@id":"https:\/\/hadleycustomrollform.com\/fr\/#\/schema\/logo\/image\/","url":"http:\/\/hadleycustomrollform.com\/app\/uploads\/2023\/01\/Hadley-Group-logo.jpg","contentUrl":"http:\/\/hadleycustomrollform.com\/app\/uploads\/2023\/01\/Hadley-Group-logo.jpg","width":1280,"height":300,"caption":"Hadley Group"},"image":{"@id":"https:\/\/hadleycustomrollform.com\/fr\/#\/schema\/logo\/image\/"},"sameAs":["https:\/\/www.facebook.com\/HadleyGroupGlobal","https:\/\/x.com\/hadley_group","https:\/\/www.youtube.com\/@HadleyGroupSmethwick","https:\/\/www.linkedin.com\/company\/hadley-group-\/"]}]}},"_links":{"self":[{"href":"https:\/\/hadleycustomrollform.com\/fr\/wp-json\/wp\/v2\/pages\/4152","targetHints":{"allow":["GET"]}}],"collection":[{"href":"https:\/\/hadleycustomrollform.com\/fr\/wp-json\/wp\/v2\/pages"}],"about":[{"href":"https:\/\/hadleycustomrollform.com\/fr\/wp-json\/wp\/v2\/types\/page"}],"author":[{"embeddable":true,"href":"https:\/\/hadleycustomrollform.com\/fr\/wp-json\/wp\/v2\/users\/3"}],"replies":[{"embeddable":true,"href":"https:\/\/hadleycustomrollform.com\/fr\/wp-json\/wp\/v2\/comments?post=4152"}],"version-history":[{"count":15,"href":"https:\/\/hadleycustomrollform.com\/fr\/wp-json\/wp\/v2\/pages\/4152\/revisions"}],"predecessor-version":[{"id":16118,"href":"https:\/\/hadleycustomrollform.com\/fr\/wp-json\/wp\/v2\/pages\/4152\/revisions\/16118"}],"up":[{"embeddable":true,"href":"https:\/\/hadleycustomrollform.com\/fr\/wp-json\/wp\/v2\/pages\/1813"}],"wp:attachment":[{"href":"https:\/\/hadleycustomrollform.com\/fr\/wp-json\/wp\/v2\/media?parent=4152"}],"wp:term":[{"taxonomy":"category","embeddable":true,"href":"https:\/\/hadleycustomrollform.com\/fr\/wp-json\/wp\/v2\/categories?post=4152"}],"curies":[{"name":"wp","href":"https:\/\/api.w.org\/{rel}","templated":true}]}}