{"id":4162,"date":"2022-03-08T20:08:01","date_gmt":"2022-03-08T20:08:01","guid":{"rendered":"http:\/\/hadleycustomrollform.com\/hadley-group-technology\/construction-de-machines\/"},"modified":"2022-08-05T09:32:03","modified_gmt":"2022-08-05T09:32:03","slug":"construction-de-machines","status":"publish","type":"page","link":"https:\/\/hadleycustomrollform.com\/fr\/profilage-sur-mesure\/hadley-group-technology\/construction-de-machines\/","title":{"rendered":"Construction de machines"},"content":{"rendered":"<background-video inline-template :autoplay=\"true\" video=\"\"> \n<section class=\"wp-block-stradigi-gutenberg-hero g-hero container-fluid p-0 g-hero--has-overlay\" style=\"background-image:url(&quot;http:\/\/hadleycustomrollform.com\/app\/uploads\/2022\/05\/hadley-vacancies-man-at-work.jpg&quot;)\" data-youtube-url=\"\"><div class=\"g-hero--filter\"><\/div><div class=\"g-hero__container container\"><div class=\"g-hero__wrap\"><h1 class=\"g-hero__heading\"><br>Construction de machines<\/h1><div class=\"g-hero__body\"><div class=\"g-hero__body__text\"><p><\/p><\/div><div class=\"g-hero__body__buttons\"><a href=\"http:\/\/hadleycustomrollform.com\/fr\/carrieres\/\" class=\"c-button\">D\u00e9couvrez ce que c&#8217;est que de travailler ici<i class=\"fas fa-sm fa-chevron-right\"><\/i><\/a><\/div><\/div><\/div><div class=\"g-hero__chevron__container d-none d-lg-block\"><i class=\"fas fa-chevron-down fa-3x scrollDown\"><\/i><\/div><\/div><\/section>\n <\/background-video>\n\n<div class=\"JB-1 h-section-background\">\n<section class=\"wp-block-stradigi-gutenberg-fixed-spacer g-spacer g-spacer--size-moyen g-spacer--size-medium\"><\/section>\n<\/div>\n\n<section class=\"JB-1 h-section-background g-text\"><div class=\"container\"><div class=\"row\"><div class=\"col-lg-8\"><div class=\"g-text__title\">\n<h6 class=\"wp-block-heading\">Nos \u00e9quipes de conception enti\u00e8rement qualifi\u00e9es combinent leurs connaissances et leur compr\u00e9hension du secteur avec les derni\u00e8res technologies pour d\u00e9velopper des solutions d&#8217;ing\u00e9nierie \u00e0 la pointe du march\u00e9. <\/h6>\n<\/div><\/div><\/div><\/div><\/section>\n\n<div class=\"JB-1 h-section-background\">\n<section class=\"wp-block-stradigi-gutenberg-fixed-spacer g-spacer g-spacer--size-petit g-spacer--size-small\"><\/section>\n<\/div>\n\n<section class=\"JB-1 h-section-background g-text\"><div class=\"container\"><div class=\"row\"><div class=\"col-lg-8\"><div class=\"g-text__bodytext\">\n<p>Pour nos concepteurs de machines m\u00e9caniques personnalis\u00e9es, cela signifie qu&#8217;ils utilisent pleinement les logiciels de CAO, de FAO et d&#8217;analyse par \u00e9l\u00e9ments finis, tandis que nos concepteurs de commandes \u00e9lectriques et de machines sont des experts en CAO, en IHM et en logiciels et capteurs de machines. <\/p>\n<\/div><\/div><\/div><\/div><\/section>\n\n<div class=\"JB-1 h-section-background\">\n<section class=\"wp-block-stradigi-gutenberg-sidenote g-sidenote\"><div class=\"container\"><div class=\"g-sidenote__row row\"><div class=\"col-lg-5\"><div class=\"g-sidenote__content\"><section class=\"JB-1 h-section-background g-text\"><div class=\"container\"><div class=\"row\"><div class=\"col-lg-8\"><div class=\"g-text__title\">\n<h2 class=\"wp-block-heading\">Construction de machines<\/h2>\n<\/div><\/div><\/div><\/div><\/section>\n\n<section class=\"JB-1 h-section-background g-text\"><div class=\"container\"><div class=\"row\"><div class=\"col-lg-8\"><div class=\"g-text__bodytext\">\n<p>Notre \u00e9quipe d&#8217;ing\u00e9nieurs en m\u00e9canique et en \u00e9lectricit\u00e9 est responsable de la fabrication et de la mise en service de toutes les nouvelles machines et de tous les nouveaux \u00e9quipements de profilage utilis\u00e9s dans nos propres installations de production. <\/p>\n<\/div><\/div><\/div><\/div><\/section>\n\n<section class=\"JB-1 h-section-background g-text\"><div class=\"container\"><div class=\"row\"><div class=\"col-lg-8\"><div class=\"g-text__bodytext\">\n<p><\/p>\n<\/div><\/div><\/div><\/div><\/section>\n\n<section class=\"JB-1 h-section-background g-text\"><div class=\"container\"><div class=\"row\"><div class=\"col-lg-8\"><div class=\"g-text__bodytext\">\n<p>Nous pouvons produire une seule machine pour r\u00e9pondre \u00e0 un besoin de production particulier, ou une ligne de production compl\u00e8te pour r\u00e9pondre \u00e0 une application ou \u00e0 une exigence sp\u00e9cifique du client. Cette expertise offre aux clients la flexibilit\u00e9 n\u00e9cessaire pour ajouter des capacit\u00e9s uniques en ligne ou pour r\u00e9pondre \u00e0 des exigences de production en grande quantit\u00e9.<\/p>\n<\/div><\/div><\/div><\/div><\/section><\/div><\/div><article class=\"col-md-7 offset-xl-1 col-xl-6\"><div class=\"g-sidenote__sidenote\" style=\"background-image:url(&quot;http:\/\/hadleycustomrollform.com\/app\/uploads\/2022\/04\/DSC_1238.s-985x1024.jpg&quot;)\"><h3 class=\"g-sidenote__sidenote-subtitle\">CARRI\u00c8RES<\/h3><div class=\"g-sidenote__sidenote-content\"><p>D\u00e9couvrez ce que c&#8217;est que de travailler dans cette \u00e9quipe&#8230;<\/p><\/div><a href=\"http:\/\/hadleycustomrollform.com\/fr\/carrieres\/\" class=\"c-button g-sidenote__sidenote-cta\">Aller aux Carri\u00e8res <i class=\"fas fa-sm fa-chevron-right\"><\/i><\/a><\/div><\/article><\/div><\/div><\/section>\n<\/div>\n\n<section class=\"JB-1 h-section-background g-text\"><div class=\"container\"><div class=\"row\"><div class=\"col-lg-8\"><div class=\"g-text__bodytext\">\n<p>Nous avons des ing\u00e9nieurs de maintenance m\u00e9canique et \u00e9lectrique sur place 24 heures sur 24 ; gr\u00e2ce \u00e0 une maintenance planifi\u00e9e et pr\u00e9ventive, nous nous assurons que nos machines fonctionnent toujours au maximum de leur efficacit\u00e9. <br> <br>Cela signifie que, dans le cas rare o\u00f9 une machine subirait une d\u00e9faillance m\u00e9canique ou \u00e9lectrique, le probl\u00e8me peut \u00eatre diagnostiqu\u00e9 et rectifi\u00e9 sans d\u00e9lai. Et comme la plupart de ces machines sont con\u00e7ues par Hadley, nous avons un acc\u00e8s direct \u00e0 l&#8217;expertise des \u00e9quipes de conception des machines, ainsi qu&#8217;aux plans et manuels associ\u00e9s, ce qui nous permet de vous offrir le service le plus fiable tout au long du projet. <\/p>\n<\/div><\/div><\/div><\/div><\/section>\n\n<div class=\"JB-1 h-section-background\">\n<section class=\"wp-block-stradigi-gutenberg-fixed-spacer g-spacer g-spacer--size-petit g-spacer--size-small\"><\/section>\n<\/div>\n\n<div class=\"JB-1 h-section-background\">\n<section class=\"wp-block-stradigi-gutenberg-cta-one g-cta-one\" id=\"LineBuild\"><div class=\"container\"><div class=\"g-cta-one__row row\"><div class=\"col-sm-12 col-lg-8\"><h2 class=\"g-cta-one__title\">Parlez \u00e0 nos experts en profilage sur mesure d\u00e8s aujourd&#8217;hui.<\/h2><div class=\"g-cta-one__content\"><p>Votre demande de projet sera trait\u00e9e par notre \u00e9quipe de profilage sur mesure. Elle travaillera avec vous pour comprendre le type de profil\u00e9 \u00e0 froid dont vous avez besoin, ainsi que les objectifs plus larges de votre projet, tels que la production durable et l&#8217;approvisionnement en acier responsable.<\/p><\/div><div class=\"g-cta-one__buttons\"><a href=\"http:\/\/hadleycustomrollform.com\/fr\/contact\/\" class=\"g-cta-one__button-primary\">Contactez-nous<i class=\"fas fa-sm fa-chevron-right\"><\/i><\/a><a href=\"http:\/\/hadleycustomrollform.com\/fr\/profilage-sur-mesure\/\" class=\"g-cta-one__button-secondary\">Aller \u00e0 Profilage sur mesure<i class=\"fas fa-sm fa-chevron-right\"><\/i><\/a><\/div><\/div><\/div><\/div><\/section>\n<\/div>\n\n<div class=\"JB-1 h-section-background\">\n<section class=\"wp-block-stradigi-gutenberg-fixed-spacer g-spacer g-spacer--size-petit g-spacer--size-small\"><\/section>\n<\/div>\n\n<div class=\"JB-1 h-section-background\">\n<section class=\"wp-block-stradigi-gutenberg-text-image g-text-image\"><div class=\"container\"><div class=\"g-text-image__row row\"><div data-translate=\"true\" class=\"order-2 offset-xl-1 col-md-5\"><div class=\"g-text-image__content\"><section class=\"JB-1 h-section-background g-text\"><div class=\"container\"><div class=\"row\"><div class=\"col-lg-8\"><div class=\"g-text__title\">\n<h2 class=\"wp-block-heading\">Vous \u00eates int\u00e9ress\u00e9 par la construction de nos lignes de production ?<\/h2>\n<\/div><\/div><\/div><\/div><\/section>\n\n<section class=\"JB-1 h-section-background g-text\"><div class=\"container\"><div class=\"row\"><div class=\"col-lg-8\"><div class=\"g-text__bodytext\">\n<p><\/p>\n<\/div><\/div><\/div><\/div><\/section>\n\n<section class=\"JB-1 h-section-background g-text\"><div class=\"container\"><div class=\"row\"><div class=\"col-lg-8\"><div class=\"g-text__bodytext\">\n<p>Nos ing\u00e9nieurs couvrent l&#8217;ensemble de nos capacit\u00e9s de fabrication, de la conception, la construction et la maintenance de nos propres lignes de production \u00e0 la cr\u00e9ation de <a href=\"http:\/\/hadleycustomrollform.com\/building-systems\/modern-methods-construction\/hadleyframe-design-service\/\">plans structurels et de d\u00e9tails<\/a> avec nos <a href=\"http:\/\/hadleycustomrollform.com\/building-systems\/sfs-construction\/sfs-load-bearing\/\">profils porteurs<\/a>.<\/p>\n<\/div><\/div><\/div><\/div><\/section>\n\n<section class=\"JB-1 h-section-background g-text\"><div class=\"container\"><div class=\"row\"><div class=\"col-lg-8\"><div class=\"g-text__bodytext\">\n<p>\u00c9coutez notre \u00e9quipe de construction de machines d\u00e9crire son dernier projet.<\/p>\n<\/div><\/div><\/div><\/div><\/section><\/div><\/div><article data-translate=\"true\" class=\"order-1 col-md-7 col-xl-6\"><div class=\"g-text-image__sidenote\"><div class=\"g-text-image__frame-wrapper\"><iframe src=\"https:\/\/player.vimeo.com\/video\/710371390?&amp;autoplay=0&amp;loop=1&amp;byline=0&amp;title=0\"><\/iframe><\/div><\/div><\/article><\/div><\/div><\/section>\n<\/div>\n\n<div class=\"JB-1 h-section-background\">\n<section class=\"wp-block-stradigi-gutenberg-fixed-spacer g-spacer g-spacer--size-grande g-spacer--size-large\"><\/section>\n<\/div>","protected":false},"excerpt":{"rendered":"<p>Nos \u00e9quipes de conception enti\u00e8rement qualifi\u00e9es combinent leurs connaissances et leur compr\u00e9hension du secteur avec les derni\u00e8res technologies pour d\u00e9velopper\u2026 <a href=\"https:\/\/hadleycustomrollform.com\/fr\/profilage-sur-mesure\/hadley-group-technology\/construction-de-machines\/\">&#8230;<\/a><\/p>\n","protected":false},"author":3,"featured_media":0,"parent":4152,"menu_order":0,"comment_status":"closed","ping_status":"closed","template":"views\/template-homepage.blade.php","meta":{"_acf_changed":false,"footnotes":""},"categories":[],"class_list":["post-4162","page","type-page","status-publish","hentry"],"acf":[],"yoast_head":"<!-- This site is optimized with the Yoast SEO Premium plugin v25.1 (Yoast SEO v27.1.1) - https:\/\/yoast.com\/product\/yoast-seo-premium-wordpress\/ -->\n<title>Construction de machines - Hadley Custom Roll Form<\/title>\n<meta name=\"description\" content=\"Notre \u00e9quipe d&#039;ing\u00e9nieurs en m\u00e9canique et en \u00e9lectricit\u00e9 est responsable de la fabrication et de la mise en service de toutes les nouvelles machines de profilage.\" \/>\n<meta name=\"robots\" content=\"noindex, follow, max-snippet:-1, max-image-preview:large, max-video-preview:-1\" \/>\n<meta property=\"og:locale\" content=\"fr_FR\" \/>\n<meta property=\"og:type\" content=\"article\" \/>\n<meta property=\"og:title\" content=\"Construction de machines\" \/>\n<meta property=\"og:description\" content=\"Notre \u00e9quipe d&#039;ing\u00e9nieurs en m\u00e9canique et en \u00e9lectricit\u00e9 est responsable de la fabrication et de la mise en service de toutes les nouvelles machines de profilage.\" \/>\n<meta property=\"og:url\" content=\"https:\/\/hadleycustomrollform.com\/fr\/profilage-sur-mesure\/hadley-group-technology\/construction-de-machines\/\" \/>\n<meta property=\"og:site_name\" content=\"Hadley Custom Roll Form\" \/>\n<meta property=\"article:publisher\" content=\"https:\/\/www.facebook.com\/HadleyGroupGlobal\" \/>\n<meta property=\"article:modified_time\" content=\"2022-08-05T09:32:03+00:00\" \/>\n<meta property=\"og:image\" content=\"https:\/\/hadleycustomrollform.com\/app\/uploads\/2023\/01\/Hadley-Group-logo.jpg\" \/>\n\t<meta property=\"og:image:width\" content=\"1280\" \/>\n\t<meta property=\"og:image:height\" content=\"300\" \/>\n\t<meta property=\"og:image:type\" content=\"image\/jpeg\" \/>\n<meta name=\"twitter:card\" content=\"summary_large_image\" \/>\n<meta name=\"twitter:site\" content=\"@hadley_group\" \/>\n<meta name=\"twitter:label1\" content=\"Est. reading time\" \/>\n\t<meta name=\"twitter:data1\" content=\"2 minutes\" \/>\n<script type=\"application\/ld+json\" class=\"yoast-schema-graph\">{\"@context\":\"https:\/\/schema.org\",\"@graph\":[{\"@type\":\"WebPage\",\"@id\":\"https:\/\/hadleycustomrollform.com\/fr\/profilage-sur-mesure\/hadley-group-technology\/construction-de-machines\/\",\"url\":\"https:\/\/hadleycustomrollform.com\/fr\/profilage-sur-mesure\/hadley-group-technology\/construction-de-machines\/\",\"name\":\"Construction de machines - Hadley Custom Roll Form\",\"isPartOf\":{\"@id\":\"https:\/\/hadleycustomrollform.com\/fr\/#website\"},\"datePublished\":\"2022-03-08T20:08:01+00:00\",\"dateModified\":\"2022-08-05T09:32:03+00:00\",\"description\":\"Notre \u00e9quipe d'ing\u00e9nieurs en m\u00e9canique et en \u00e9lectricit\u00e9 est responsable de la fabrication et de la mise en service de toutes les nouvelles machines de profilage.\",\"breadcrumb\":{\"@id\":\"https:\/\/hadleycustomrollform.com\/fr\/profilage-sur-mesure\/hadley-group-technology\/construction-de-machines\/#breadcrumb\"},\"inLanguage\":\"fr-FR\",\"potentialAction\":[{\"@type\":\"ReadAction\",\"target\":[\"https:\/\/hadleycustomrollform.com\/fr\/profilage-sur-mesure\/hadley-group-technology\/construction-de-machines\/\"]}]},{\"@type\":\"BreadcrumbList\",\"@id\":\"https:\/\/hadleycustomrollform.com\/fr\/profilage-sur-mesure\/hadley-group-technology\/construction-de-machines\/#breadcrumb\",\"itemListElement\":[{\"@type\":\"ListItem\",\"position\":1,\"name\":\"Home\",\"item\":\"https:\/\/hadleycustomrollform.com\/fr\/\"},{\"@type\":\"ListItem\",\"position\":2,\"name\":\"Profilage sur mesure\",\"item\":\"https:\/\/hadleycustomrollform.com\/fr\/\"},{\"@type\":\"ListItem\",\"position\":3,\"name\":\"Hadley Group Technology\",\"item\":\"https:\/\/hadleycustomrollform.com\/fr\/profilage-sur-mesure\/hadley-group-technology\/\"},{\"@type\":\"ListItem\",\"position\":4,\"name\":\"Construction de machines\"}]},{\"@type\":\"WebSite\",\"@id\":\"https:\/\/hadleycustomrollform.com\/fr\/#website\",\"url\":\"https:\/\/hadleycustomrollform.com\/fr\/\",\"name\":\"Hadley Group\",\"description\":\"Shaping the Future in Metal\",\"publisher\":{\"@id\":\"https:\/\/hadleycustomrollform.com\/fr\/#organization\"},\"potentialAction\":[{\"@type\":\"SearchAction\",\"target\":{\"@type\":\"EntryPoint\",\"urlTemplate\":\"https:\/\/hadleycustomrollform.com\/fr\/?s={search_term_string}\"},\"query-input\":{\"@type\":\"PropertyValueSpecification\",\"valueRequired\":true,\"valueName\":\"search_term_string\"}}],\"inLanguage\":\"fr-FR\"},{\"@type\":\"Organization\",\"@id\":\"https:\/\/hadleycustomrollform.com\/fr\/#organization\",\"name\":\"Hadley Group\",\"url\":\"https:\/\/hadleycustomrollform.com\/fr\/\",\"logo\":{\"@type\":\"ImageObject\",\"inLanguage\":\"fr-FR\",\"@id\":\"https:\/\/hadleycustomrollform.com\/fr\/#\/schema\/logo\/image\/\",\"url\":\"http:\/\/hadleycustomrollform.com\/app\/uploads\/2023\/01\/Hadley-Group-logo.jpg\",\"contentUrl\":\"http:\/\/hadleycustomrollform.com\/app\/uploads\/2023\/01\/Hadley-Group-logo.jpg\",\"width\":1280,\"height\":300,\"caption\":\"Hadley Group\"},\"image\":{\"@id\":\"https:\/\/hadleycustomrollform.com\/fr\/#\/schema\/logo\/image\/\"},\"sameAs\":[\"https:\/\/www.facebook.com\/HadleyGroupGlobal\",\"https:\/\/x.com\/hadley_group\",\"https:\/\/www.youtube.com\/@HadleyGroupSmethwick\",\"https:\/\/www.linkedin.com\/company\/hadley-group-\/\"]}]}<\/script>\n<!-- \/ Yoast SEO Premium plugin. -->","yoast_head_json":{"title":"Construction de machines - Hadley Custom Roll Form","description":"Notre \u00e9quipe d'ing\u00e9nieurs en m\u00e9canique et en \u00e9lectricit\u00e9 est responsable de la fabrication et de la mise en service de toutes les nouvelles machines de profilage.","robots":{"index":"noindex","follow":"follow","max-snippet":"max-snippet:-1","max-image-preview":"max-image-preview:large","max-video-preview":"max-video-preview:-1"},"og_locale":"fr_FR","og_type":"article","og_title":"Construction de machines","og_description":"Notre \u00e9quipe d'ing\u00e9nieurs en m\u00e9canique et en \u00e9lectricit\u00e9 est responsable de la fabrication et de la mise en service de toutes les nouvelles machines de profilage.","og_url":"https:\/\/hadleycustomrollform.com\/fr\/profilage-sur-mesure\/hadley-group-technology\/construction-de-machines\/","og_site_name":"Hadley Custom Roll Form","article_publisher":"https:\/\/www.facebook.com\/HadleyGroupGlobal","article_modified_time":"2022-08-05T09:32:03+00:00","og_image":[{"width":1280,"height":300,"url":"https:\/\/hadleycustomrollform.com\/app\/uploads\/2023\/01\/Hadley-Group-logo.jpg","type":"image\/jpeg"}],"twitter_card":"summary_large_image","twitter_site":"@hadley_group","twitter_misc":{"Est. reading time":"2 minutes"},"schema":{"@context":"https:\/\/schema.org","@graph":[{"@type":"WebPage","@id":"https:\/\/hadleycustomrollform.com\/fr\/profilage-sur-mesure\/hadley-group-technology\/construction-de-machines\/","url":"https:\/\/hadleycustomrollform.com\/fr\/profilage-sur-mesure\/hadley-group-technology\/construction-de-machines\/","name":"Construction de machines - Hadley Custom Roll Form","isPartOf":{"@id":"https:\/\/hadleycustomrollform.com\/fr\/#website"},"datePublished":"2022-03-08T20:08:01+00:00","dateModified":"2022-08-05T09:32:03+00:00","description":"Notre \u00e9quipe d'ing\u00e9nieurs en m\u00e9canique et en \u00e9lectricit\u00e9 est responsable de la fabrication et de la mise en service de toutes les nouvelles machines de profilage.","breadcrumb":{"@id":"https:\/\/hadleycustomrollform.com\/fr\/profilage-sur-mesure\/hadley-group-technology\/construction-de-machines\/#breadcrumb"},"inLanguage":"fr-FR","potentialAction":[{"@type":"ReadAction","target":["https:\/\/hadleycustomrollform.com\/fr\/profilage-sur-mesure\/hadley-group-technology\/construction-de-machines\/"]}]},{"@type":"BreadcrumbList","@id":"https:\/\/hadleycustomrollform.com\/fr\/profilage-sur-mesure\/hadley-group-technology\/construction-de-machines\/#breadcrumb","itemListElement":[{"@type":"ListItem","position":1,"name":"Home","item":"https:\/\/hadleycustomrollform.com\/fr\/"},{"@type":"ListItem","position":2,"name":"Profilage sur mesure","item":"https:\/\/hadleycustomrollform.com\/fr\/"},{"@type":"ListItem","position":3,"name":"Hadley Group Technology","item":"https:\/\/hadleycustomrollform.com\/fr\/profilage-sur-mesure\/hadley-group-technology\/"},{"@type":"ListItem","position":4,"name":"Construction de machines"}]},{"@type":"WebSite","@id":"https:\/\/hadleycustomrollform.com\/fr\/#website","url":"https:\/\/hadleycustomrollform.com\/fr\/","name":"Hadley Group","description":"Shaping the Future in Metal","publisher":{"@id":"https:\/\/hadleycustomrollform.com\/fr\/#organization"},"potentialAction":[{"@type":"SearchAction","target":{"@type":"EntryPoint","urlTemplate":"https:\/\/hadleycustomrollform.com\/fr\/?s={search_term_string}"},"query-input":{"@type":"PropertyValueSpecification","valueRequired":true,"valueName":"search_term_string"}}],"inLanguage":"fr-FR"},{"@type":"Organization","@id":"https:\/\/hadleycustomrollform.com\/fr\/#organization","name":"Hadley Group","url":"https:\/\/hadleycustomrollform.com\/fr\/","logo":{"@type":"ImageObject","inLanguage":"fr-FR","@id":"https:\/\/hadleycustomrollform.com\/fr\/#\/schema\/logo\/image\/","url":"http:\/\/hadleycustomrollform.com\/app\/uploads\/2023\/01\/Hadley-Group-logo.jpg","contentUrl":"http:\/\/hadleycustomrollform.com\/app\/uploads\/2023\/01\/Hadley-Group-logo.jpg","width":1280,"height":300,"caption":"Hadley Group"},"image":{"@id":"https:\/\/hadleycustomrollform.com\/fr\/#\/schema\/logo\/image\/"},"sameAs":["https:\/\/www.facebook.com\/HadleyGroupGlobal","https:\/\/x.com\/hadley_group","https:\/\/www.youtube.com\/@HadleyGroupSmethwick","https:\/\/www.linkedin.com\/company\/hadley-group-\/"]}]}},"_links":{"self":[{"href":"https:\/\/hadleycustomrollform.com\/fr\/wp-json\/wp\/v2\/pages\/4162","targetHints":{"allow":["GET"]}}],"collection":[{"href":"https:\/\/hadleycustomrollform.com\/fr\/wp-json\/wp\/v2\/pages"}],"about":[{"href":"https:\/\/hadleycustomrollform.com\/fr\/wp-json\/wp\/v2\/types\/page"}],"author":[{"embeddable":true,"href":"https:\/\/hadleycustomrollform.com\/fr\/wp-json\/wp\/v2\/users\/3"}],"replies":[{"embeddable":true,"href":"https:\/\/hadleycustomrollform.com\/fr\/wp-json\/wp\/v2\/comments?post=4162"}],"version-history":[{"count":4,"href":"https:\/\/hadleycustomrollform.com\/fr\/wp-json\/wp\/v2\/pages\/4162\/revisions"}],"predecessor-version":[{"id":5417,"href":"https:\/\/hadleycustomrollform.com\/fr\/wp-json\/wp\/v2\/pages\/4162\/revisions\/5417"}],"up":[{"embeddable":true,"href":"https:\/\/hadleycustomrollform.com\/fr\/wp-json\/wp\/v2\/pages\/4152"}],"wp:attachment":[{"href":"https:\/\/hadleycustomrollform.com\/fr\/wp-json\/wp\/v2\/media?parent=4162"}],"wp:term":[{"taxonomy":"category","embeddable":true,"href":"https:\/\/hadleycustomrollform.com\/fr\/wp-json\/wp\/v2\/categories?post=4162"}],"curies":[{"name":"wp","href":"https:\/\/api.w.org\/{rel}","templated":true}]}}