{"id":4166,"date":"2022-03-08T20:33:58","date_gmt":"2022-03-08T20:33:58","guid":{"rendered":"http:\/\/hadleycustomrollform.com\/hadley-group-technology\/technologie-de-simulation\/"},"modified":"2023-04-13T15:42:21","modified_gmt":"2023-04-13T15:42:21","slug":"technologie-de-simulation","status":"publish","type":"page","link":"https:\/\/hadleycustomrollform.com\/fr\/profilage-sur-mesure\/hadley-group-technology\/technologie-de-simulation\/","title":{"rendered":"Technologie de simulation"},"content":{"rendered":"<background-video inline-template :autoplay=\"true\" video=\"\"> \n<section class=\"wp-block-stradigi-gutenberg-hero g-hero container-fluid p-0 g-hero--has-overlay\" style=\"background-image:url(&quot;http:\/\/hadleycustomrollform.com\/app\/uploads\/2022\/04\/DSC_1766.b.jpg&quot;)\" data-youtube-url=\"\"><div class=\"g-hero--filter\"><\/div><div class=\"g-hero__container container\"><div class=\"g-hero__wrap\"><h1 class=\"g-hero__heading\">Simulation Technology<\/h1><div class=\"g-hero__body\"><div class=\"g-hero__body__text\"><p>\u00a0\u00a0<\/p><\/div><div class=\"g-hero__body__buttons\"><\/div><\/div><\/div><div class=\"g-hero__chevron__container d-none d-lg-block\"><i class=\"fas fa-chevron-down fa-3x scrollDown\"><\/i><\/div><\/div><\/section>\n <\/background-video><div class=\"JB-1 h-section-background\">\n<section class=\"wp-block-stradigi-gutenberg-fixed-spacer g-spacer g-spacer--size-medium\"><\/section>\n<\/div><section class=\"JB-1 h-section-background g-text\"><div class=\"container\"><div class=\"row\"><div class=\"col-lg-8\"><div class=\"g-text__title\">\n<h6 class=\"wp-block-heading\">En tant que leader du march\u00e9 dans les technologies d&#8217;ing\u00e9nierie de pointe, Hadley Group Technology (HGT) utilise une s\u00e9rie de diff\u00e9rents outils de simulation informatique pour soutenir et optimiser la conception de produits, d&#8217;outils et de machines. <\/h6>\n<\/div><\/div><\/div><\/div><\/section><div class=\"JB-1 h-section-background\">\n<section class=\"wp-block-stradigi-gutenberg-fixed-spacer g-spacer g-spacer--size-small\"><\/section>\n<\/div><section class=\"JB-1 h-section-background g-text\"><div class=\"container\"><div class=\"row\"><div class=\"col-lg-8\"><div class=\"g-text__bodytext\">\n<p>La m\u00e9thode des \u00e9l\u00e9ments finis (MEF) est une m\u00e9thode informatis\u00e9e permettant de pr\u00e9dire comment un produit ou un processus r\u00e9agit aux forces, vibrations, chaleur et autres effets physiques r\u00e9els. Dans le cas du formage des m\u00e9taux, cela signifie que nos concepteurs d&#8217;outils peuvent pr\u00e9dire les limites de la formabilit\u00e9 et optimiser la conception de l&#8217;outil afin de minimiser les d\u00e9formations in\u00e9gales du mat\u00e9riau et d\u00e9finir les strat\u00e9gies de formage les plus efficaces. <\/p>\n<\/div><\/div><\/div><\/div><\/section><section class=\"JB-1 h-section-background g-text\"><div class=\"container\"><div class=\"row\"><div class=\"col-lg-8\"><div class=\"g-text__bodytext\">\n<p>Ce logiciel non lin\u00e9aire peut \u00e9galement \u00eatre utilis\u00e9 pour pr\u00e9voir le mode de d\u00e9faillance plastique et les limites de capacit\u00e9 des produits form\u00e9s par laminage lorsqu&#8217;ils sont utilis\u00e9s dans des applications r\u00e9elles. La pr\u00e9diction de ces types de comportements n\u00e9cessite l&#8217;apport de nos ing\u00e9nieurs hautement qualifi\u00e9s ainsi qu&#8217;une connaissance consid\u00e9rable de la mani\u00e8re d&#8217;interpr\u00e9ter correctement les r\u00e9sultats. <\/p>\n<\/div><\/div><\/div><\/div><\/section><section class=\"JB-1 h-section-background g-text\"><div class=\"container\"><div class=\"row\"><div class=\"col-lg-8\"><div class=\"g-text__bodytext\">\n<p>Enfin, des outils de simulation CAO int\u00e9gr\u00e9s sont utilis\u00e9s dans la conception et le d\u00e9veloppement de machines et d&#8217;\u00e9quipements pour garantir la force, l&#8217;int\u00e9grit\u00e9 et la robustesse de nos actifs construits \u00e0 cet effet. <\/p>\n<\/div><\/div><\/div><\/div><\/section><div class=\"JB-1 h-section-background\">\n<section class=\"wp-block-stradigi-gutenberg-sidenote g-sidenote\"><div class=\"container\"><div class=\"g-sidenote__row row\"><div class=\"col-lg-5\"><div class=\"g-sidenote__content\"><section class=\"JB-1 h-section-background g-text\"><div class=\"container\"><div class=\"row\"><div class=\"col-lg-8\"><div class=\"g-text__title\">\n<h6 class=\"wp-block-heading\">Les avantages de la technologie de simulation sont les suivants <\/h6>\n<\/div><\/div><\/div><\/div><\/section>\n\n<section class=\"JB-1 h-section-background g-text\"><div class=\"container\"><div class=\"row\"><div class=\"col-lg-8\"><div class=\"g-text__bodytext\">\n<ul class=\"wp-block-list\"><li>une \u00e9valuation rapide des performances des nouveaux produits et syst\u00e8mes<\/li><li>l&#8217;optimisation de la conception de l&#8217;outillage pour minimiser les d\u00e9fauts de formage <\/li><li>r\u00e9duction du co\u00fbt et du d\u00e9lai de r\u00e9alisation d&#8217;un nouvel outillage. <\/li><li>la possibilit\u00e9 de soutenir nos clients dans le d\u00e9veloppement de leurs propres produits. <\/li><li>optimisation de la conception des machines <\/li><li>capacit\u00e9 \u00e0 mettre \u00e0 jour en permanence les principes de conception <\/li><\/ul>\n<\/div><\/div><\/div><\/div><\/section><\/div><\/div><article class=\"col-md-7 offset-xl-1 col-xl-6\"><div class=\"g-sidenote__sidenote\" style=\"background-image:url(&quot;http:\/\/hadleycustomrollform.com\/app\/uploads\/2022\/05\/Profile_Purlins-2-1024x366.jpg&quot;)\"><h3 class=\"g-sidenote__sidenote-subtitle\"><\/h3><div class=\"g-sidenote__sidenote-content\"><p>These software programs also provide full process animations and evaluation of the finished product, giving us the rich data to optimise design and realistic visualisations.\u00a0\u00a0<\/p><\/div><\/div><\/article><\/div><\/div><\/section>\n<\/div><section class=\"JB-1 h-section-background g-text\"><div class=\"container\"><div class=\"row\"><div class=\"col-lg-8\"><div class=\"g-text__bodytext\">\n<p>Nous reconnaissons que la validation des donn\u00e9es de simulation est la cl\u00e9 de cette technologie. C&#8217;est pourquoi HGT combine r\u00e9guli\u00e8rement la technologie de simulation avec des tests physiques pour s&#8217;assurer que les r\u00e9sultats que nous simulons correspondent le plus possible \u00e0 la r\u00e9alit\u00e9. <\/p>\n<\/div><\/div><\/div><\/div><\/section><section class=\"JB-1 h-section-background g-text\"><div class=\"container\"><div class=\"row\"><div class=\"col-lg-8\"><div class=\"g-text__bodytext\">\n<p>Voici quelques exemples d&#8217;analyses r\u00e9alis\u00e9es \u00e0 l&#8217;aide de cette technologie : <\/p>\n<\/div><\/div><\/div><\/div><\/section><section class=\"JB-1 h-section-background g-text\"><div class=\"container\"><div class=\"row\"><div class=\"col-lg-8\"><div class=\"g-text__bodytext\">\n<ul class=\"wp-block-list\"><li>Flexion de produits \u00e0 g\u00e9om\u00e9trie complexe (3 et 4 points) <\/li><li>Flambage global et localis\u00e9 (sous compression) <\/li><li>Comportement acoustique de produits lamin\u00e9s au sein d&#8217;un syst\u00e8me <\/li><li>Travers\u00e9e de fentes de vis et de boulons <\/li><li>D\u00e9coupage du produit (cisaillement et d\u00e9coupage) <\/li><li>Simulation compl\u00e8te du syst\u00e8me selon les normes d&#8217;essai BSEN<\/li><\/ul>\n<\/div><\/div><\/div><\/div><\/section><div class=\"JB-1 h-section-background\">\n<section class=\"wp-block-stradigi-gutenberg-fixed-spacer g-spacer g-spacer--size-small\"><\/section>\n<\/div><div class=\"JB-1 h-section-background\">\n<section class=\"wp-block-stradigi-gutenberg-cta-one g-cta-one\"><div class=\"container\"><div class=\"g-cta-one__row row\"><div class=\"col-sm-12 col-lg-8\"><h2 class=\"g-cta-one__title\">Speak to our Custom Roll Forming experts today<\/h2><div class=\"g-cta-one__content\"><p>Your project enquiry will be handled by our Custom Roll Forming team. They will work with you to understand what kind of cold rolled profile you need, as well as your wider project goals such as sustainable production and responsibly sourced steel.<\/p><\/div><div class=\"g-cta-one__buttons\"><a href=\"http:\/\/hadleycustomrollform.com\/fr\/contact\/\" class=\"g-cta-one__button-primary\">Contact Us<i class=\"fas fa-sm fa-chevron-right\"><\/i><\/a><a href=\"http:\/\/hadleycustomrollform.com\/fr\/profilage-sur-mesure\/\" class=\"g-cta-one__button-secondary\">Go to Custom Roll Forming<i class=\"fas fa-sm fa-chevron-right\"><\/i><\/a><\/div><\/div><\/div><\/div><\/section>\n<\/div><div class=\"JB-1 h-section-background\">\n<section class=\"wp-block-stradigi-gutenberg-fixed-spacer g-spacer g-spacer--size-small\"><\/section>\n<\/div>\n<section class=\"wp-block-stradigi-gutenberg-banner g-banner container-fluid p-0 jarallax g-banner--size-large\" style=\"background-image:url(&quot;http:\/\/hadleycustomrollform.com\/app\/uploads\/2022\/05\/Ultrasteel-profile-close-up.jpg&quot;)\"><div class=\"g-banner__container container\"><div class=\"g-banner__wrap\"><h2 class=\"g-banner__heading\">Want to work here?<\/h2><div class=\"g-banner__body\"><div class=\"g-banner__body__buttons\"><a href=\"http:\/\/hadleycustomrollform.com\/fr\/carrieres\/\" class=\"c-button\">Careers<i class=\"fas fa-sm fa-chevron-right\"><\/i><\/a><\/div><\/div><\/div><\/div><\/section>\n<div class=\"JB-1 h-section-background\">\n<section class=\"wp-block-stradigi-gutenberg-fixed-spacer g-spacer g-spacer--size-large\"><\/section>\n<\/div>","protected":false},"excerpt":{"rendered":"<p>En tant que leader du march\u00e9 dans les technologies d&#8217;ing\u00e9nierie de pointe, Hadley Group Technology (HGT) utilise une s\u00e9rie de\u2026 <a href=\"https:\/\/hadleycustomrollform.com\/fr\/profilage-sur-mesure\/hadley-group-technology\/technologie-de-simulation\/\">&#8230;<\/a><\/p>\n","protected":false},"author":3,"featured_media":0,"parent":4152,"menu_order":0,"comment_status":"closed","ping_status":"closed","template":"","meta":{"_acf_changed":false,"footnotes":""},"categories":[],"class_list":["post-4166","page","type-page","status-publish","hentry"],"acf":[],"yoast_head":"<!-- This site is optimized with the Yoast SEO Premium plugin v25.1 (Yoast SEO v27.1.1) - https:\/\/yoast.com\/product\/yoast-seo-premium-wordpress\/ -->\n<title>Learn about our Simulation Technology - Hadley Group<\/title>\n<meta name=\"description\" content=\"Hadley Group Technology uses computer simulation tools to support and optimise the design of products, tools and machines. Des questions ? Prenez contact avec nous !\" \/>\n<meta name=\"robots\" content=\"noindex, follow, max-snippet:-1, max-image-preview:large, max-video-preview:-1\" \/>\n<meta property=\"og:locale\" content=\"fr_FR\" \/>\n<meta property=\"og:type\" content=\"article\" \/>\n<meta property=\"og:title\" content=\"Technologie de simulation\" \/>\n<meta property=\"og:description\" content=\"Hadley Group Technology uses computer simulation tools to support and optimise the design of products, tools and machines. Des questions ? Prenez contact avec nous !\" \/>\n<meta property=\"og:url\" content=\"https:\/\/hadleycustomrollform.com\/fr\/profilage-sur-mesure\/hadley-group-technology\/technologie-de-simulation\/\" \/>\n<meta property=\"og:site_name\" content=\"Hadley Custom Roll Form\" \/>\n<meta property=\"article:publisher\" content=\"https:\/\/www.facebook.com\/HadleyGroupGlobal\" \/>\n<meta property=\"article:modified_time\" content=\"2023-04-13T15:42:21+00:00\" \/>\n<meta property=\"og:image\" content=\"https:\/\/hadleycustomrollform.com\/app\/uploads\/2023\/01\/Hadley-Group-logo.jpg\" \/>\n\t<meta property=\"og:image:width\" content=\"1280\" \/>\n\t<meta property=\"og:image:height\" content=\"300\" \/>\n\t<meta property=\"og:image:type\" content=\"image\/jpeg\" \/>\n<meta name=\"twitter:card\" content=\"summary_large_image\" \/>\n<meta name=\"twitter:site\" content=\"@hadley_group\" \/>\n<meta name=\"twitter:label1\" content=\"Est. reading time\" \/>\n\t<meta name=\"twitter:data1\" content=\"3 minutes\" \/>\n<script type=\"application\/ld+json\" class=\"yoast-schema-graph\">{\"@context\":\"https:\/\/schema.org\",\"@graph\":[{\"@type\":\"WebPage\",\"@id\":\"https:\/\/hadleycustomrollform.com\/fr\/profilage-sur-mesure\/hadley-group-technology\/technologie-de-simulation\/\",\"url\":\"https:\/\/hadleycustomrollform.com\/fr\/profilage-sur-mesure\/hadley-group-technology\/technologie-de-simulation\/\",\"name\":\"Learn about our Simulation Technology - Hadley Group\",\"isPartOf\":{\"@id\":\"https:\/\/hadleycustomrollform.com\/fr\/#website\"},\"datePublished\":\"2022-03-08T20:33:58+00:00\",\"dateModified\":\"2023-04-13T15:42:21+00:00\",\"description\":\"Hadley Group Technology uses computer simulation tools to support and optimise the design of products, tools and machines. Des questions ? Prenez contact avec nous !\",\"breadcrumb\":{\"@id\":\"https:\/\/hadleycustomrollform.com\/fr\/profilage-sur-mesure\/hadley-group-technology\/technologie-de-simulation\/#breadcrumb\"},\"inLanguage\":\"fr-FR\",\"potentialAction\":[{\"@type\":\"ReadAction\",\"target\":[\"https:\/\/hadleycustomrollform.com\/fr\/profilage-sur-mesure\/hadley-group-technology\/technologie-de-simulation\/\"]}]},{\"@type\":\"BreadcrumbList\",\"@id\":\"https:\/\/hadleycustomrollform.com\/fr\/profilage-sur-mesure\/hadley-group-technology\/technologie-de-simulation\/#breadcrumb\",\"itemListElement\":[{\"@type\":\"ListItem\",\"position\":1,\"name\":\"Home\",\"item\":\"https:\/\/hadleycustomrollform.com\/fr\/\"},{\"@type\":\"ListItem\",\"position\":2,\"name\":\"Profilage sur mesure\",\"item\":\"https:\/\/hadleycustomrollform.com\/fr\/\"},{\"@type\":\"ListItem\",\"position\":3,\"name\":\"Hadley Group Technology\",\"item\":\"https:\/\/hadleycustomrollform.com\/fr\/profilage-sur-mesure\/hadley-group-technology\/\"},{\"@type\":\"ListItem\",\"position\":4,\"name\":\"Technologie de simulation\"}]},{\"@type\":\"WebSite\",\"@id\":\"https:\/\/hadleycustomrollform.com\/fr\/#website\",\"url\":\"https:\/\/hadleycustomrollform.com\/fr\/\",\"name\":\"Hadley Group\",\"description\":\"Shaping the Future in Metal\",\"publisher\":{\"@id\":\"https:\/\/hadleycustomrollform.com\/fr\/#organization\"},\"potentialAction\":[{\"@type\":\"SearchAction\",\"target\":{\"@type\":\"EntryPoint\",\"urlTemplate\":\"https:\/\/hadleycustomrollform.com\/fr\/?s={search_term_string}\"},\"query-input\":{\"@type\":\"PropertyValueSpecification\",\"valueRequired\":true,\"valueName\":\"search_term_string\"}}],\"inLanguage\":\"fr-FR\"},{\"@type\":\"Organization\",\"@id\":\"https:\/\/hadleycustomrollform.com\/fr\/#organization\",\"name\":\"Hadley Group\",\"url\":\"https:\/\/hadleycustomrollform.com\/fr\/\",\"logo\":{\"@type\":\"ImageObject\",\"inLanguage\":\"fr-FR\",\"@id\":\"https:\/\/hadleycustomrollform.com\/fr\/#\/schema\/logo\/image\/\",\"url\":\"http:\/\/hadleycustomrollform.com\/app\/uploads\/2023\/01\/Hadley-Group-logo.jpg\",\"contentUrl\":\"http:\/\/hadleycustomrollform.com\/app\/uploads\/2023\/01\/Hadley-Group-logo.jpg\",\"width\":1280,\"height\":300,\"caption\":\"Hadley Group\"},\"image\":{\"@id\":\"https:\/\/hadleycustomrollform.com\/fr\/#\/schema\/logo\/image\/\"},\"sameAs\":[\"https:\/\/www.facebook.com\/HadleyGroupGlobal\",\"https:\/\/x.com\/hadley_group\",\"https:\/\/www.youtube.com\/@HadleyGroupSmethwick\",\"https:\/\/www.linkedin.com\/company\/hadley-group-\/\"]}]}<\/script>\n<!-- \/ Yoast SEO Premium plugin. -->","yoast_head_json":{"title":"Learn about our Simulation Technology - Hadley Group","description":"Hadley Group Technology uses computer simulation tools to support and optimise the design of products, tools and machines. Des questions ? Prenez contact avec nous !","robots":{"index":"noindex","follow":"follow","max-snippet":"max-snippet:-1","max-image-preview":"max-image-preview:large","max-video-preview":"max-video-preview:-1"},"og_locale":"fr_FR","og_type":"article","og_title":"Technologie de simulation","og_description":"Hadley Group Technology uses computer simulation tools to support and optimise the design of products, tools and machines. Des questions ? Prenez contact avec nous !","og_url":"https:\/\/hadleycustomrollform.com\/fr\/profilage-sur-mesure\/hadley-group-technology\/technologie-de-simulation\/","og_site_name":"Hadley Custom Roll Form","article_publisher":"https:\/\/www.facebook.com\/HadleyGroupGlobal","article_modified_time":"2023-04-13T15:42:21+00:00","og_image":[{"width":1280,"height":300,"url":"https:\/\/hadleycustomrollform.com\/app\/uploads\/2023\/01\/Hadley-Group-logo.jpg","type":"image\/jpeg"}],"twitter_card":"summary_large_image","twitter_site":"@hadley_group","twitter_misc":{"Est. reading time":"3 minutes"},"schema":{"@context":"https:\/\/schema.org","@graph":[{"@type":"WebPage","@id":"https:\/\/hadleycustomrollform.com\/fr\/profilage-sur-mesure\/hadley-group-technology\/technologie-de-simulation\/","url":"https:\/\/hadleycustomrollform.com\/fr\/profilage-sur-mesure\/hadley-group-technology\/technologie-de-simulation\/","name":"Learn about our Simulation Technology - Hadley Group","isPartOf":{"@id":"https:\/\/hadleycustomrollform.com\/fr\/#website"},"datePublished":"2022-03-08T20:33:58+00:00","dateModified":"2023-04-13T15:42:21+00:00","description":"Hadley Group Technology uses computer simulation tools to support and optimise the design of products, tools and machines. Des questions ? Prenez contact avec nous !","breadcrumb":{"@id":"https:\/\/hadleycustomrollform.com\/fr\/profilage-sur-mesure\/hadley-group-technology\/technologie-de-simulation\/#breadcrumb"},"inLanguage":"fr-FR","potentialAction":[{"@type":"ReadAction","target":["https:\/\/hadleycustomrollform.com\/fr\/profilage-sur-mesure\/hadley-group-technology\/technologie-de-simulation\/"]}]},{"@type":"BreadcrumbList","@id":"https:\/\/hadleycustomrollform.com\/fr\/profilage-sur-mesure\/hadley-group-technology\/technologie-de-simulation\/#breadcrumb","itemListElement":[{"@type":"ListItem","position":1,"name":"Home","item":"https:\/\/hadleycustomrollform.com\/fr\/"},{"@type":"ListItem","position":2,"name":"Profilage sur mesure","item":"https:\/\/hadleycustomrollform.com\/fr\/"},{"@type":"ListItem","position":3,"name":"Hadley Group Technology","item":"https:\/\/hadleycustomrollform.com\/fr\/profilage-sur-mesure\/hadley-group-technology\/"},{"@type":"ListItem","position":4,"name":"Technologie de simulation"}]},{"@type":"WebSite","@id":"https:\/\/hadleycustomrollform.com\/fr\/#website","url":"https:\/\/hadleycustomrollform.com\/fr\/","name":"Hadley Group","description":"Shaping the Future in Metal","publisher":{"@id":"https:\/\/hadleycustomrollform.com\/fr\/#organization"},"potentialAction":[{"@type":"SearchAction","target":{"@type":"EntryPoint","urlTemplate":"https:\/\/hadleycustomrollform.com\/fr\/?s={search_term_string}"},"query-input":{"@type":"PropertyValueSpecification","valueRequired":true,"valueName":"search_term_string"}}],"inLanguage":"fr-FR"},{"@type":"Organization","@id":"https:\/\/hadleycustomrollform.com\/fr\/#organization","name":"Hadley Group","url":"https:\/\/hadleycustomrollform.com\/fr\/","logo":{"@type":"ImageObject","inLanguage":"fr-FR","@id":"https:\/\/hadleycustomrollform.com\/fr\/#\/schema\/logo\/image\/","url":"http:\/\/hadleycustomrollform.com\/app\/uploads\/2023\/01\/Hadley-Group-logo.jpg","contentUrl":"http:\/\/hadleycustomrollform.com\/app\/uploads\/2023\/01\/Hadley-Group-logo.jpg","width":1280,"height":300,"caption":"Hadley Group"},"image":{"@id":"https:\/\/hadleycustomrollform.com\/fr\/#\/schema\/logo\/image\/"},"sameAs":["https:\/\/www.facebook.com\/HadleyGroupGlobal","https:\/\/x.com\/hadley_group","https:\/\/www.youtube.com\/@HadleyGroupSmethwick","https:\/\/www.linkedin.com\/company\/hadley-group-\/"]}]}},"_links":{"self":[{"href":"https:\/\/hadleycustomrollform.com\/fr\/wp-json\/wp\/v2\/pages\/4166","targetHints":{"allow":["GET"]}}],"collection":[{"href":"https:\/\/hadleycustomrollform.com\/fr\/wp-json\/wp\/v2\/pages"}],"about":[{"href":"https:\/\/hadleycustomrollform.com\/fr\/wp-json\/wp\/v2\/types\/page"}],"author":[{"embeddable":true,"href":"https:\/\/hadleycustomrollform.com\/fr\/wp-json\/wp\/v2\/users\/3"}],"replies":[{"embeddable":true,"href":"https:\/\/hadleycustomrollform.com\/fr\/wp-json\/wp\/v2\/comments?post=4166"}],"version-history":[{"count":5,"href":"https:\/\/hadleycustomrollform.com\/fr\/wp-json\/wp\/v2\/pages\/4166\/revisions"}],"predecessor-version":[{"id":7644,"href":"https:\/\/hadleycustomrollform.com\/fr\/wp-json\/wp\/v2\/pages\/4166\/revisions\/7644"}],"up":[{"embeddable":true,"href":"https:\/\/hadleycustomrollform.com\/fr\/wp-json\/wp\/v2\/pages\/4152"}],"wp:attachment":[{"href":"https:\/\/hadleycustomrollform.com\/fr\/wp-json\/wp\/v2\/media?parent=4166"}],"wp:term":[{"taxonomy":"category","embeddable":true,"href":"https:\/\/hadleycustomrollform.com\/fr\/wp-json\/wp\/v2\/categories?post=4166"}],"curies":[{"name":"wp","href":"https:\/\/api.w.org\/{rel}","templated":true}]}}