{"id":5609,"date":"2022-03-01T12:18:35","date_gmt":"2022-03-01T12:18:35","guid":{"rendered":"http:\/\/hadleycustomrollform.com\/pension-hadley\/"},"modified":"2025-09-08T09:14:13","modified_gmt":"2025-09-08T09:14:13","slug":"pension","status":"publish","type":"page","link":"https:\/\/hadleycustomrollform.com\/fr\/juridique\/pension\/","title":{"rendered":"Pension"},"content":{"rendered":"<div class=\"JB-1 h-section-background\">\n<section class=\"wp-block-stradigi-gutenberg-fixed-spacer g-spacer g-spacer--size-large\"><\/section>\n<\/div><section class=\"JB-1 h-section-background g-text\"><div class=\"container\"><div class=\"row\"><div class=\"col-lg-8\"><div class=\"g-text__title\">\n<h1 class=\"wp-block-heading\">Pension<\/h1>\n<\/div><\/div><\/div><\/div><\/section><div class=\"JB-1 h-section-background\">\n<section class=\"wp-block-stradigi-gutenberg-fixed-spacer g-spacer g-spacer--size-small\"><\/section>\n<\/div><div class=\"JB-1 h-section-background\">\n<section class=\"wp-block-stradigi-gutenberg-cta-two g-cta-two\"><div class=\"container\"><div class=\"g-cta-two__container\"><div class=\"g-cta-two__left-col\"><h2 class=\"g-cta-two__title h-heading h-heading--size-undefined\">Hadley Pension and Life Assurance Scheme SIP<\/h2><div class=\"g-cta-two__content\"><\/div><\/div><div class=\"g-cta-two__right-col\"><a href=\"http:\/\/hadleycustomrollform.com\/app\/uploads\/2025\/01\/SIP.pdf\" class=\"g-cta-two__button\">DOWNLOAD<i class=\"fas fa-sm fa-chevron-right\"><\/i><\/a><\/div><\/div><\/div><\/section>\n<\/div><div class=\"JB-1 h-section-background\">\n<section class=\"wp-block-stradigi-gutenberg-cta-two g-cta-two\"><div class=\"container\"><div class=\"g-cta-two__container\"><div class=\"g-cta-two__left-col\"><h2 class=\"g-cta-two__title h-heading h-heading--size-undefined\">Hadley Pension Implementation Statement<\/h2><div class=\"g-cta-two__content\"><\/div><\/div><div class=\"g-cta-two__right-col\"><a href=\"http:\/\/hadleycustomrollform.com\/app\/uploads\/2025\/01\/Implementation-Statement.pdf\" class=\"g-cta-two__button\">DOWNLOAD<i class=\"fas fa-sm fa-chevron-right\"><\/i><\/a><\/div><\/div><\/div><\/section>\n<\/div><div class=\"JB-1 h-section-background\">\n<section class=\"wp-block-stradigi-gutenberg-fixed-spacer g-spacer g-spacer--size-large\"><\/section>\n<\/div><div class=\"JB-1 h-section-background\">\n<section class=\"wp-block-stradigi-gutenberg-fixed-spacer g-spacer g-spacer--size-large\"><\/section>\n<\/div>","protected":false},"excerpt":{"rendered":"<p>Pension<\/p>\n","protected":false},"author":3,"featured_media":0,"parent":5699,"menu_order":0,"comment_status":"closed","ping_status":"closed","template":"","meta":{"_acf_changed":false,"footnotes":""},"categories":[],"class_list":["post-5609","page","type-page","status-publish","hentry"],"acf":[],"yoast_head":"<!-- This site is optimized with the Yoast SEO Premium plugin v25.1 (Yoast SEO v27.1.1) - https:\/\/yoast.com\/product\/yoast-seo-premium-wordpress\/ -->\n<title>Informations sur les pensions - Hadley Custom Roll Form<\/title>\n<meta name=\"description\" content=\"Consultez et t\u00e9l\u00e9chargez les informations relatives aux pensions du groupe Hadley, y compris notre r\u00e9gime d&#039;assurance-vie et notre d\u00e9claration de mise en \u0153uvre des pensions.\" \/>\n<meta name=\"robots\" content=\"noindex, follow\" \/>\n<meta property=\"og:locale\" content=\"fr_FR\" \/>\n<meta property=\"og:type\" content=\"article\" \/>\n<meta property=\"og:title\" content=\"Pension\" \/>\n<meta property=\"og:description\" content=\"Consultez et t\u00e9l\u00e9chargez les informations relatives aux pensions du groupe Hadley, y compris notre r\u00e9gime d&#039;assurance-vie et notre d\u00e9claration de mise en \u0153uvre des pensions.\" \/>\n<meta property=\"og:url\" content=\"https:\/\/hadleycustomrollform.com\/fr\/juridique\/pension\/\" \/>\n<meta property=\"og:site_name\" content=\"Hadley Custom Roll Form\" \/>\n<meta property=\"article:publisher\" content=\"https:\/\/www.facebook.com\/HadleyGroupGlobal\" \/>\n<meta property=\"article:modified_time\" content=\"2025-09-08T09:14:13+00:00\" \/>\n<meta property=\"og:image\" content=\"https:\/\/hadleycustomrollform.com\/app\/uploads\/2023\/01\/Hadley-Group-logo.jpg\" \/>\n\t<meta property=\"og:image:width\" content=\"1280\" \/>\n\t<meta property=\"og:image:height\" content=\"300\" \/>\n\t<meta property=\"og:image:type\" content=\"image\/jpeg\" \/>\n<meta name=\"twitter:card\" content=\"summary_large_image\" \/>\n<meta name=\"twitter:site\" content=\"@hadley_group\" \/>\n<meta name=\"twitter:label1\" content=\"Est. reading time\" \/>\n\t<meta name=\"twitter:data1\" content=\"1 minute\" \/>\n<script type=\"application\/ld+json\" class=\"yoast-schema-graph\">{\"@context\":\"https:\/\/schema.org\",\"@graph\":[{\"@type\":\"WebPage\",\"@id\":\"https:\/\/hadleycustomrollform.com\/fr\/juridique\/pension\/\",\"url\":\"https:\/\/hadleycustomrollform.com\/fr\/juridique\/pension\/\",\"name\":\"Informations sur les pensions - Hadley Custom Roll Form\",\"isPartOf\":{\"@id\":\"https:\/\/hadleycustomrollform.com\/fr\/#website\"},\"datePublished\":\"2022-03-01T12:18:35+00:00\",\"dateModified\":\"2025-09-08T09:14:13+00:00\",\"description\":\"Consultez et t\u00e9l\u00e9chargez les informations relatives aux pensions du groupe Hadley, y compris notre r\u00e9gime d'assurance-vie et notre d\u00e9claration de mise en \u0153uvre des pensions.\",\"breadcrumb\":{\"@id\":\"https:\/\/hadleycustomrollform.com\/fr\/juridique\/pension\/#breadcrumb\"},\"inLanguage\":\"fr-FR\",\"potentialAction\":[{\"@type\":\"ReadAction\",\"target\":[\"https:\/\/hadleycustomrollform.com\/fr\/juridique\/pension\/\"]}]},{\"@type\":\"BreadcrumbList\",\"@id\":\"https:\/\/hadleycustomrollform.com\/fr\/juridique\/pension\/#breadcrumb\",\"itemListElement\":[{\"@type\":\"ListItem\",\"position\":1,\"name\":\"Home\",\"item\":\"https:\/\/hadleycustomrollform.com\/fr\/\"},{\"@type\":\"ListItem\",\"position\":2,\"name\":\"Juridique\",\"item\":\"https:\/\/hadleycustomrollform.com\/fr\/juridique\/\"},{\"@type\":\"ListItem\",\"position\":3,\"name\":\"Pension\"}]},{\"@type\":\"WebSite\",\"@id\":\"https:\/\/hadleycustomrollform.com\/fr\/#website\",\"url\":\"https:\/\/hadleycustomrollform.com\/fr\/\",\"name\":\"Hadley Group\",\"description\":\"Shaping the Future in Metal\",\"publisher\":{\"@id\":\"https:\/\/hadleycustomrollform.com\/fr\/#organization\"},\"potentialAction\":[{\"@type\":\"SearchAction\",\"target\":{\"@type\":\"EntryPoint\",\"urlTemplate\":\"https:\/\/hadleycustomrollform.com\/fr\/?s={search_term_string}\"},\"query-input\":{\"@type\":\"PropertyValueSpecification\",\"valueRequired\":true,\"valueName\":\"search_term_string\"}}],\"inLanguage\":\"fr-FR\"},{\"@type\":\"Organization\",\"@id\":\"https:\/\/hadleycustomrollform.com\/fr\/#organization\",\"name\":\"Hadley Group\",\"url\":\"https:\/\/hadleycustomrollform.com\/fr\/\",\"logo\":{\"@type\":\"ImageObject\",\"inLanguage\":\"fr-FR\",\"@id\":\"https:\/\/hadleycustomrollform.com\/fr\/#\/schema\/logo\/image\/\",\"url\":\"http:\/\/hadleycustomrollform.com\/app\/uploads\/2023\/01\/Hadley-Group-logo.jpg\",\"contentUrl\":\"http:\/\/hadleycustomrollform.com\/app\/uploads\/2023\/01\/Hadley-Group-logo.jpg\",\"width\":1280,\"height\":300,\"caption\":\"Hadley Group\"},\"image\":{\"@id\":\"https:\/\/hadleycustomrollform.com\/fr\/#\/schema\/logo\/image\/\"},\"sameAs\":[\"https:\/\/www.facebook.com\/HadleyGroupGlobal\",\"https:\/\/x.com\/hadley_group\",\"https:\/\/www.youtube.com\/@HadleyGroupSmethwick\",\"https:\/\/www.linkedin.com\/company\/hadley-group-\/\"]}]}<\/script>\n<!-- \/ Yoast SEO Premium plugin. -->","yoast_head_json":{"title":"Informations sur les pensions - Hadley Custom Roll Form","description":"Consultez et t\u00e9l\u00e9chargez les informations relatives aux pensions du groupe Hadley, y compris notre r\u00e9gime d'assurance-vie et notre d\u00e9claration de mise en \u0153uvre des pensions.","robots":{"index":"noindex","follow":"follow"},"og_locale":"fr_FR","og_type":"article","og_title":"Pension","og_description":"Consultez et t\u00e9l\u00e9chargez les informations relatives aux pensions du groupe Hadley, y compris notre r\u00e9gime d'assurance-vie et notre d\u00e9claration de mise en \u0153uvre des pensions.","og_url":"https:\/\/hadleycustomrollform.com\/fr\/juridique\/pension\/","og_site_name":"Hadley Custom Roll Form","article_publisher":"https:\/\/www.facebook.com\/HadleyGroupGlobal","article_modified_time":"2025-09-08T09:14:13+00:00","og_image":[{"width":1280,"height":300,"url":"https:\/\/hadleycustomrollform.com\/app\/uploads\/2023\/01\/Hadley-Group-logo.jpg","type":"image\/jpeg"}],"twitter_card":"summary_large_image","twitter_site":"@hadley_group","twitter_misc":{"Est. reading time":"1 minute"},"schema":{"@context":"https:\/\/schema.org","@graph":[{"@type":"WebPage","@id":"https:\/\/hadleycustomrollform.com\/fr\/juridique\/pension\/","url":"https:\/\/hadleycustomrollform.com\/fr\/juridique\/pension\/","name":"Informations sur les pensions - Hadley Custom Roll Form","isPartOf":{"@id":"https:\/\/hadleycustomrollform.com\/fr\/#website"},"datePublished":"2022-03-01T12:18:35+00:00","dateModified":"2025-09-08T09:14:13+00:00","description":"Consultez et t\u00e9l\u00e9chargez les informations relatives aux pensions du groupe Hadley, y compris notre r\u00e9gime d'assurance-vie et notre d\u00e9claration de mise en \u0153uvre des pensions.","breadcrumb":{"@id":"https:\/\/hadleycustomrollform.com\/fr\/juridique\/pension\/#breadcrumb"},"inLanguage":"fr-FR","potentialAction":[{"@type":"ReadAction","target":["https:\/\/hadleycustomrollform.com\/fr\/juridique\/pension\/"]}]},{"@type":"BreadcrumbList","@id":"https:\/\/hadleycustomrollform.com\/fr\/juridique\/pension\/#breadcrumb","itemListElement":[{"@type":"ListItem","position":1,"name":"Home","item":"https:\/\/hadleycustomrollform.com\/fr\/"},{"@type":"ListItem","position":2,"name":"Juridique","item":"https:\/\/hadleycustomrollform.com\/fr\/juridique\/"},{"@type":"ListItem","position":3,"name":"Pension"}]},{"@type":"WebSite","@id":"https:\/\/hadleycustomrollform.com\/fr\/#website","url":"https:\/\/hadleycustomrollform.com\/fr\/","name":"Hadley Group","description":"Shaping the Future in Metal","publisher":{"@id":"https:\/\/hadleycustomrollform.com\/fr\/#organization"},"potentialAction":[{"@type":"SearchAction","target":{"@type":"EntryPoint","urlTemplate":"https:\/\/hadleycustomrollform.com\/fr\/?s={search_term_string}"},"query-input":{"@type":"PropertyValueSpecification","valueRequired":true,"valueName":"search_term_string"}}],"inLanguage":"fr-FR"},{"@type":"Organization","@id":"https:\/\/hadleycustomrollform.com\/fr\/#organization","name":"Hadley Group","url":"https:\/\/hadleycustomrollform.com\/fr\/","logo":{"@type":"ImageObject","inLanguage":"fr-FR","@id":"https:\/\/hadleycustomrollform.com\/fr\/#\/schema\/logo\/image\/","url":"http:\/\/hadleycustomrollform.com\/app\/uploads\/2023\/01\/Hadley-Group-logo.jpg","contentUrl":"http:\/\/hadleycustomrollform.com\/app\/uploads\/2023\/01\/Hadley-Group-logo.jpg","width":1280,"height":300,"caption":"Hadley Group"},"image":{"@id":"https:\/\/hadleycustomrollform.com\/fr\/#\/schema\/logo\/image\/"},"sameAs":["https:\/\/www.facebook.com\/HadleyGroupGlobal","https:\/\/x.com\/hadley_group","https:\/\/www.youtube.com\/@HadleyGroupSmethwick","https:\/\/www.linkedin.com\/company\/hadley-group-\/"]}]}},"_links":{"self":[{"href":"https:\/\/hadleycustomrollform.com\/fr\/wp-json\/wp\/v2\/pages\/5609","targetHints":{"allow":["GET"]}}],"collection":[{"href":"https:\/\/hadleycustomrollform.com\/fr\/wp-json\/wp\/v2\/pages"}],"about":[{"href":"https:\/\/hadleycustomrollform.com\/fr\/wp-json\/wp\/v2\/types\/page"}],"author":[{"embeddable":true,"href":"https:\/\/hadleycustomrollform.com\/fr\/wp-json\/wp\/v2\/users\/3"}],"replies":[{"embeddable":true,"href":"https:\/\/hadleycustomrollform.com\/fr\/wp-json\/wp\/v2\/comments?post=5609"}],"version-history":[{"count":8,"href":"https:\/\/hadleycustomrollform.com\/fr\/wp-json\/wp\/v2\/pages\/5609\/revisions"}],"predecessor-version":[{"id":16120,"href":"https:\/\/hadleycustomrollform.com\/fr\/wp-json\/wp\/v2\/pages\/5609\/revisions\/16120"}],"up":[{"embeddable":true,"href":"https:\/\/hadleycustomrollform.com\/fr\/wp-json\/wp\/v2\/pages\/5699"}],"wp:attachment":[{"href":"https:\/\/hadleycustomrollform.com\/fr\/wp-json\/wp\/v2\/media?parent=5609"}],"wp:term":[{"taxonomy":"category","embeddable":true,"href":"https:\/\/hadleycustomrollform.com\/fr\/wp-json\/wp\/v2\/categories?post=5609"}],"curies":[{"name":"wp","href":"https:\/\/api.w.org\/{rel}","templated":true}]}}