{"id":5639,"date":"2022-03-01T12:16:05","date_gmt":"2022-03-01T12:16:05","guid":{"rendered":"http:\/\/hadleycustomrollform.com\/confidentialite-des-cookies\/"},"modified":"2022-08-25T09:06:55","modified_gmt":"2022-08-25T09:06:55","slug":"politique-en-matiere-de-cookies","status":"publish","type":"page","link":"https:\/\/hadleycustomrollform.com\/fr\/juridique\/politique-en-matiere-de-cookies\/","title":{"rendered":"Politique en mati\u00e8re de cookies"},"content":{"rendered":"\n<div style=\"height:100px\" aria-hidden=\"true\" class=\"wp-block-spacer\"><\/div>\n\n\n\n<div style=\"height:100px\" aria-hidden=\"true\" class=\"wp-block-spacer\"><\/div>\n\n\n<section class=\"JB-1 h-section-background g-text\"><div class=\"container\"><div class=\"row\"><div class=\"col-lg-8\"><div class=\"g-text__title\">\n<h1 class=\"wp-block-heading\">Politique en mati\u00e8re de cookies<\/h1>\n<\/div><\/div><\/div><\/div><\/section>\n\n<section class=\"JB-1 h-section-background g-text\"><div class=\"container\"><div class=\"row\"><div class=\"col-lg-8\"><div class=\"g-text__title\">\n<h2 class=\"wp-block-heading\">\u00c0 propos des cookies<\/h2>\n<\/div><\/div><\/div><\/div><\/section>\n\n<section class=\"JB-1 h-section-background g-text\"><div class=\"container\"><div class=\"row\"><div class=\"col-lg-8\"><div class=\"g-text__bodytext\">\n<p>Les cookies sont de minuscules fichiers qu&#8217;un site Web peut stocker sur votre navigateur pour m\u00e9moriser des informations vous concernant. Ils sont utiles pour se rappeler, par exemple, si vous \u00eates connect\u00e9 ou quelles pages vous avez visit\u00e9es pr\u00e9c\u00e9demment.<\/p>\n<\/div><\/div><\/div><\/div><\/section>\n\n<section class=\"JB-1 h-section-background g-text\"><div class=\"container\"><div class=\"row\"><div class=\"col-lg-8\"><div class=\"g-text__bodytext\">\n<p>Il existe deux types de cookies. Les cookies de premi\u00e8re partie sont install\u00e9s par nous pour que le site Web fonctionne comme pr\u00e9vu. Ces cookies sont plac\u00e9s sur le domaine de notre site web. Nous travaillons \u00e9galement en partenariat avec des tiers qui peuvent stocker leurs propres cookies dans votre navigateur \u00e0 partir de leur propre domaine.<\/p>\n<\/div><\/div><\/div><\/div><\/section>\n\n<section class=\"JB-1 h-section-background g-text\"><div class=\"container\"><div class=\"row\"><div class=\"col-lg-8\"><div class=\"g-text__bodytext\">\n<p>Nous avons class\u00e9 les cookies par cat\u00e9gorie afin de vous donner un contr\u00f4le granulaire sur les types de cookies que notre site web stocke sur votre navigateur et ceux-ci sont d\u00e9taill\u00e9s ci-dessous.<\/p>\n<\/div><\/div><\/div><\/div><\/section>\n\n<section class=\"JB-1 h-section-background g-text\"><div class=\"container\"><div class=\"row\"><div class=\"col-lg-8\"><div class=\"g-text__bodytext\">\n<p>Nous analysons r\u00e9guli\u00e8rement les cookies que nous utilisons sur le site web afin d&#8217;\u00eatre aussi pr\u00e9cis que possible, mais vous devez \u00e9galement savoir que certains cookies se trouvent dans les outils Internet d&#8217;autres soci\u00e9t\u00e9s que nous utilisons pour am\u00e9liorer le site web. Ces sites web ont leurs propres cookies et, bien que nous ayons fait des efforts pour les documenter ci-dessous, ils sont en fin de compte contr\u00f4l\u00e9s par des tiers.<\/p>\n<\/div><\/div><\/div><\/div><\/section>\n\n<section class=\"JB-1 h-section-background g-text\"><div class=\"container\"><div class=\"row\"><div class=\"col-lg-8\"><div class=\"g-text__bodytext\">\n<p>Nous enregistrons de mani\u00e8re anonyme votre consentement dans une base de donn\u00e9es \u00e0 des fins de documentation, avec l&#8217;horodatage de la modification de vos param\u00e8tres.<\/p>\n<\/div><\/div><\/div><\/div><\/section>\n\n<section class=\"JB-1 h-section-background g-text\"><div class=\"container\"><div class=\"row\"><div class=\"col-lg-8\"><div class=\"g-text__title\">\n<h2 class=\"wp-block-heading\">Cookies n\u00e9cessaires<\/h2>\n<\/div><\/div><\/div><\/div><\/section>\n\n<section class=\"JB-1 h-section-background g-text\"><div class=\"container\"><div class=\"row\"><div class=\"col-lg-8\"><div class=\"g-text__bodytext\">\n<p>Cookies dont le site web a besoin pour fonctionner. Sans eux, vous ne seriez pas en mesure de visiter le site. Ces cookies ne peuvent pas \u00eatre d\u00e9sactiv\u00e9s par le biais de notre site web, mais vous pouvez configurer votre navigateur pour bloquer les cookies, mais si vous le faites, le site web peut ne pas fonctionner.<\/p>\n<\/div><\/div><\/div><\/div><\/section>\n\n<section class=\"JB-1 h-section-background g-text\"><div class=\"container\"><div class=\"row\"><div class=\"col-lg-8\"><div class=\"g-text__title\">\n<h2 class=\"wp-block-heading\">Cookies de performance<\/h2>\n<\/div><\/div><\/div><\/div><\/section>\n\n<section class=\"JB-1 h-section-background g-text\"><div class=\"container\"><div class=\"row\"><div class=\"col-lg-8\"><div class=\"g-text__bodytext\">\n<p>Ces cookies nous permettent d&#8217;analyser les performances du site web. Ils suivent des \u00e9l\u00e9ments tels que les pages consult\u00e9es et la provenance de notre trafic, ainsi que la fa\u00e7on dont les gens naviguent sur le site web. Nous utilisons les donn\u00e9es de ces services pour am\u00e9liorer le site web.<\/p>\n<\/div><\/div><\/div><\/div><\/section>\n\n<section class=\"JB-1 h-section-background g-text\"><div class=\"container\"><div class=\"row\"><div class=\"col-lg-8\"><div class=\"g-text__bodytext\">\n<p>Vous devez savoir que des tiers peuvent ajouter leurs propres cookies de toute cat\u00e9gorie, sur lesquels nous n&#8217;avons aucun contr\u00f4le. Veuillez consulter leurs propres politiques de confidentialit\u00e9 pour des d\u00e9tails complets et \u00e0 jour.<\/p>\n<\/div><\/div><\/div><\/div><\/section>\n\n\n<div style=\"height:100px\" aria-hidden=\"true\" class=\"wp-block-spacer\"><\/div>\n","protected":false},"excerpt":{"rendered":"<p>Politique en mati\u00e8re de cookies \u00c0 propos des cookies Les cookies sont de minuscules fichiers qu&#8217;un site Web peut stocker\u2026 <a href=\"https:\/\/hadleycustomrollform.com\/fr\/juridique\/politique-en-matiere-de-cookies\/\">&#8230;<\/a><\/p>\n","protected":false},"author":3,"featured_media":0,"parent":5699,"menu_order":0,"comment_status":"closed","ping_status":"closed","template":"","meta":{"_acf_changed":false,"footnotes":""},"categories":[],"class_list":["post-5639","page","type-page","status-publish","hentry"],"acf":[],"yoast_head":"<!-- This site is optimized with the Yoast SEO Premium plugin v25.1 (Yoast SEO v27.1.1) - https:\/\/yoast.com\/product\/yoast-seo-premium-wordpress\/ -->\n<title>Politique en mati\u00e8re de cookies - Hadley Custom Roll Form<\/title>\n<meta name=\"description\" content=\"Le Hadley Group utilise des cookies pour am\u00e9liorer votre exp\u00e9rience de notre site web et pour s&#039;assurer qu&#039;il fonctionne correctement pour vous.\" \/>\n<meta name=\"robots\" content=\"noindex, follow, max-snippet:-1, max-image-preview:large, max-video-preview:-1\" \/>\n<meta property=\"og:locale\" content=\"fr_FR\" \/>\n<meta property=\"og:type\" content=\"article\" \/>\n<meta property=\"og:title\" content=\"Politique en mati\u00e8re de cookies\" \/>\n<meta property=\"og:description\" content=\"Le Hadley Group utilise des cookies pour am\u00e9liorer votre exp\u00e9rience de notre site web et pour s&#039;assurer qu&#039;il fonctionne correctement pour vous.\" \/>\n<meta property=\"og:url\" content=\"https:\/\/hadleycustomrollform.com\/fr\/juridique\/politique-en-matiere-de-cookies\/\" \/>\n<meta property=\"og:site_name\" content=\"Hadley Custom Roll Form\" \/>\n<meta property=\"article:publisher\" content=\"https:\/\/www.facebook.com\/HadleyGroupGlobal\" \/>\n<meta property=\"article:modified_time\" content=\"2022-08-25T09:06:55+00:00\" \/>\n<meta property=\"og:image\" content=\"https:\/\/hadleycustomrollform.com\/app\/uploads\/2023\/01\/Hadley-Group-logo.jpg\" \/>\n\t<meta property=\"og:image:width\" content=\"1280\" \/>\n\t<meta property=\"og:image:height\" content=\"300\" \/>\n\t<meta property=\"og:image:type\" content=\"image\/jpeg\" \/>\n<meta name=\"twitter:card\" content=\"summary_large_image\" \/>\n<meta name=\"twitter:site\" content=\"@hadley_group\" \/>\n<meta name=\"twitter:label1\" content=\"Est. reading time\" \/>\n\t<meta name=\"twitter:data1\" content=\"2 minutes\" \/>\n<script type=\"application\/ld+json\" class=\"yoast-schema-graph\">{\"@context\":\"https:\/\/schema.org\",\"@graph\":[{\"@type\":\"WebPage\",\"@id\":\"https:\/\/hadleycustomrollform.com\/fr\/juridique\/politique-en-matiere-de-cookies\/\",\"url\":\"https:\/\/hadleycustomrollform.com\/fr\/juridique\/politique-en-matiere-de-cookies\/\",\"name\":\"Politique en mati\u00e8re de cookies - Hadley Custom Roll Form\",\"isPartOf\":{\"@id\":\"https:\/\/hadleycustomrollform.com\/fr\/#website\"},\"datePublished\":\"2022-03-01T12:16:05+00:00\",\"dateModified\":\"2022-08-25T09:06:55+00:00\",\"description\":\"Le Hadley Group utilise des cookies pour am\u00e9liorer votre exp\u00e9rience de notre site web et pour s'assurer qu'il fonctionne correctement pour vous.\",\"breadcrumb\":{\"@id\":\"https:\/\/hadleycustomrollform.com\/fr\/juridique\/politique-en-matiere-de-cookies\/#breadcrumb\"},\"inLanguage\":\"fr-FR\",\"potentialAction\":[{\"@type\":\"ReadAction\",\"target\":[\"https:\/\/hadleycustomrollform.com\/fr\/juridique\/politique-en-matiere-de-cookies\/\"]}]},{\"@type\":\"BreadcrumbList\",\"@id\":\"https:\/\/hadleycustomrollform.com\/fr\/juridique\/politique-en-matiere-de-cookies\/#breadcrumb\",\"itemListElement\":[{\"@type\":\"ListItem\",\"position\":1,\"name\":\"Home\",\"item\":\"https:\/\/hadleycustomrollform.com\/fr\/\"},{\"@type\":\"ListItem\",\"position\":2,\"name\":\"Juridique\",\"item\":\"https:\/\/hadleycustomrollform.com\/fr\/juridique\/\"},{\"@type\":\"ListItem\",\"position\":3,\"name\":\"Politique en mati\u00e8re de cookies\"}]},{\"@type\":\"WebSite\",\"@id\":\"https:\/\/hadleycustomrollform.com\/fr\/#website\",\"url\":\"https:\/\/hadleycustomrollform.com\/fr\/\",\"name\":\"Hadley Group\",\"description\":\"Shaping the Future in Metal\",\"publisher\":{\"@id\":\"https:\/\/hadleycustomrollform.com\/fr\/#organization\"},\"potentialAction\":[{\"@type\":\"SearchAction\",\"target\":{\"@type\":\"EntryPoint\",\"urlTemplate\":\"https:\/\/hadleycustomrollform.com\/fr\/?s={search_term_string}\"},\"query-input\":{\"@type\":\"PropertyValueSpecification\",\"valueRequired\":true,\"valueName\":\"search_term_string\"}}],\"inLanguage\":\"fr-FR\"},{\"@type\":\"Organization\",\"@id\":\"https:\/\/hadleycustomrollform.com\/fr\/#organization\",\"name\":\"Hadley Group\",\"url\":\"https:\/\/hadleycustomrollform.com\/fr\/\",\"logo\":{\"@type\":\"ImageObject\",\"inLanguage\":\"fr-FR\",\"@id\":\"https:\/\/hadleycustomrollform.com\/fr\/#\/schema\/logo\/image\/\",\"url\":\"http:\/\/hadleycustomrollform.com\/app\/uploads\/2023\/01\/Hadley-Group-logo.jpg\",\"contentUrl\":\"http:\/\/hadleycustomrollform.com\/app\/uploads\/2023\/01\/Hadley-Group-logo.jpg\",\"width\":1280,\"height\":300,\"caption\":\"Hadley Group\"},\"image\":{\"@id\":\"https:\/\/hadleycustomrollform.com\/fr\/#\/schema\/logo\/image\/\"},\"sameAs\":[\"https:\/\/www.facebook.com\/HadleyGroupGlobal\",\"https:\/\/x.com\/hadley_group\",\"https:\/\/www.youtube.com\/@HadleyGroupSmethwick\",\"https:\/\/www.linkedin.com\/company\/hadley-group-\/\"]}]}<\/script>\n<!-- \/ Yoast SEO Premium plugin. -->","yoast_head_json":{"title":"Politique en mati\u00e8re de cookies - Hadley Custom Roll Form","description":"Le Hadley Group utilise des cookies pour am\u00e9liorer votre exp\u00e9rience de notre site web et pour s'assurer qu'il fonctionne correctement pour vous.","robots":{"index":"noindex","follow":"follow","max-snippet":"max-snippet:-1","max-image-preview":"max-image-preview:large","max-video-preview":"max-video-preview:-1"},"og_locale":"fr_FR","og_type":"article","og_title":"Politique en mati\u00e8re de cookies","og_description":"Le Hadley Group utilise des cookies pour am\u00e9liorer votre exp\u00e9rience de notre site web et pour s'assurer qu'il fonctionne correctement pour vous.","og_url":"https:\/\/hadleycustomrollform.com\/fr\/juridique\/politique-en-matiere-de-cookies\/","og_site_name":"Hadley Custom Roll Form","article_publisher":"https:\/\/www.facebook.com\/HadleyGroupGlobal","article_modified_time":"2022-08-25T09:06:55+00:00","og_image":[{"width":1280,"height":300,"url":"https:\/\/hadleycustomrollform.com\/app\/uploads\/2023\/01\/Hadley-Group-logo.jpg","type":"image\/jpeg"}],"twitter_card":"summary_large_image","twitter_site":"@hadley_group","twitter_misc":{"Est. reading time":"2 minutes"},"schema":{"@context":"https:\/\/schema.org","@graph":[{"@type":"WebPage","@id":"https:\/\/hadleycustomrollform.com\/fr\/juridique\/politique-en-matiere-de-cookies\/","url":"https:\/\/hadleycustomrollform.com\/fr\/juridique\/politique-en-matiere-de-cookies\/","name":"Politique en mati\u00e8re de cookies - Hadley Custom Roll Form","isPartOf":{"@id":"https:\/\/hadleycustomrollform.com\/fr\/#website"},"datePublished":"2022-03-01T12:16:05+00:00","dateModified":"2022-08-25T09:06:55+00:00","description":"Le Hadley Group utilise des cookies pour am\u00e9liorer votre exp\u00e9rience de notre site web et pour s'assurer qu'il fonctionne correctement pour vous.","breadcrumb":{"@id":"https:\/\/hadleycustomrollform.com\/fr\/juridique\/politique-en-matiere-de-cookies\/#breadcrumb"},"inLanguage":"fr-FR","potentialAction":[{"@type":"ReadAction","target":["https:\/\/hadleycustomrollform.com\/fr\/juridique\/politique-en-matiere-de-cookies\/"]}]},{"@type":"BreadcrumbList","@id":"https:\/\/hadleycustomrollform.com\/fr\/juridique\/politique-en-matiere-de-cookies\/#breadcrumb","itemListElement":[{"@type":"ListItem","position":1,"name":"Home","item":"https:\/\/hadleycustomrollform.com\/fr\/"},{"@type":"ListItem","position":2,"name":"Juridique","item":"https:\/\/hadleycustomrollform.com\/fr\/juridique\/"},{"@type":"ListItem","position":3,"name":"Politique en mati\u00e8re de cookies"}]},{"@type":"WebSite","@id":"https:\/\/hadleycustomrollform.com\/fr\/#website","url":"https:\/\/hadleycustomrollform.com\/fr\/","name":"Hadley Group","description":"Shaping the Future in Metal","publisher":{"@id":"https:\/\/hadleycustomrollform.com\/fr\/#organization"},"potentialAction":[{"@type":"SearchAction","target":{"@type":"EntryPoint","urlTemplate":"https:\/\/hadleycustomrollform.com\/fr\/?s={search_term_string}"},"query-input":{"@type":"PropertyValueSpecification","valueRequired":true,"valueName":"search_term_string"}}],"inLanguage":"fr-FR"},{"@type":"Organization","@id":"https:\/\/hadleycustomrollform.com\/fr\/#organization","name":"Hadley Group","url":"https:\/\/hadleycustomrollform.com\/fr\/","logo":{"@type":"ImageObject","inLanguage":"fr-FR","@id":"https:\/\/hadleycustomrollform.com\/fr\/#\/schema\/logo\/image\/","url":"http:\/\/hadleycustomrollform.com\/app\/uploads\/2023\/01\/Hadley-Group-logo.jpg","contentUrl":"http:\/\/hadleycustomrollform.com\/app\/uploads\/2023\/01\/Hadley-Group-logo.jpg","width":1280,"height":300,"caption":"Hadley Group"},"image":{"@id":"https:\/\/hadleycustomrollform.com\/fr\/#\/schema\/logo\/image\/"},"sameAs":["https:\/\/www.facebook.com\/HadleyGroupGlobal","https:\/\/x.com\/hadley_group","https:\/\/www.youtube.com\/@HadleyGroupSmethwick","https:\/\/www.linkedin.com\/company\/hadley-group-\/"]}]}},"_links":{"self":[{"href":"https:\/\/hadleycustomrollform.com\/fr\/wp-json\/wp\/v2\/pages\/5639","targetHints":{"allow":["GET"]}}],"collection":[{"href":"https:\/\/hadleycustomrollform.com\/fr\/wp-json\/wp\/v2\/pages"}],"about":[{"href":"https:\/\/hadleycustomrollform.com\/fr\/wp-json\/wp\/v2\/types\/page"}],"author":[{"embeddable":true,"href":"https:\/\/hadleycustomrollform.com\/fr\/wp-json\/wp\/v2\/users\/3"}],"replies":[{"embeddable":true,"href":"https:\/\/hadleycustomrollform.com\/fr\/wp-json\/wp\/v2\/comments?post=5639"}],"version-history":[{"count":6,"href":"https:\/\/hadleycustomrollform.com\/fr\/wp-json\/wp\/v2\/pages\/5639\/revisions"}],"predecessor-version":[{"id":5825,"href":"https:\/\/hadleycustomrollform.com\/fr\/wp-json\/wp\/v2\/pages\/5639\/revisions\/5825"}],"up":[{"embeddable":true,"href":"https:\/\/hadleycustomrollform.com\/fr\/wp-json\/wp\/v2\/pages\/5699"}],"wp:attachment":[{"href":"https:\/\/hadleycustomrollform.com\/fr\/wp-json\/wp\/v2\/media?parent=5639"}],"wp:term":[{"taxonomy":"category","embeddable":true,"href":"https:\/\/hadleycustomrollform.com\/fr\/wp-json\/wp\/v2\/categories?post=5639"}],"curies":[{"name":"wp","href":"https:\/\/api.w.org\/{rel}","templated":true}]}}