{"id":8245,"date":"2022-07-19T13:54:52","date_gmt":"2022-07-19T13:54:52","guid":{"rendered":"http:\/\/hadleycustomrollform.com\/piquets-de-vigne-en-metal\/"},"modified":"2025-09-08T11:44:12","modified_gmt":"2025-09-08T11:44:12","slug":"piquets-de-vigne-en-metal","status":"publish","type":"page","link":"https:\/\/hadleycustomrollform.com\/fr\/profilage-sur-mesure\/piquets-de-vigne-en-metal\/","title":{"rendered":"Poteaux de vigne en m\u00e9tal"},"content":{"rendered":"<background-video inline-template :autoplay=\"true\" video=\"\"> \n<section class=\"wp-block-stradigi-gutenberg-hero g-hero container-fluid p-0 g-hero--has-overlay\" style=\"background-image:url(&quot;http:\/\/hadleycustomrollform.com\/app\/uploads\/2022\/12\/Metal-vineposts.jpg&quot;)\" data-youtube-url=\"\"><div class=\"g-hero--filter\"><\/div><div class=\"g-hero__container container\"><div class=\"g-hero__wrap\"><h1 class=\"g-hero__heading\">Metal vineyard posts<\/h1><div class=\"g-hero__body\"><div class=\"g-hero__body__text\"><p>Our high-quality, professional metal vineyard posts are available in different lengths and strengths to suit all applications and can be powder-coated, pre-galvanised or chromed in a range of colours.<\/p><\/div><div class=\"g-hero__body__buttons\"><\/div><\/div><\/div><div class=\"g-hero__chevron__container d-none d-lg-block\"><i class=\"fas fa-chevron-down fa-3x scrollDown\"><\/i><\/div><\/div><\/section>\n <\/background-video><div class=\"JB-1 h-section-background\">\n<section class=\"wp-block-stradigi-gutenberg-fixed-spacer g-spacer g-spacer--size-small\"><\/section>\n<\/div><section class=\"JB-1 h-section-background g-text\"><div class=\"container\"><div class=\"row\"><div class=\"col-lg-8\"><div class=\"g-text__title\">\n<h2 class=\"wp-block-heading\" id=\"h-vineyard-posts-of-the-highest-quality-thanks-to-ultrasteel\">Piquets de vigne de la plus haute qualit\u00e9 gr\u00e2ce \u00e0 UltraSTEEL\u00ae.<\/h2>\n<\/div><\/div><\/div><\/div><\/section><section class=\"JB-1 h-section-background g-text\"><div class=\"container\"><div class=\"row\"><div class=\"col-lg-8\"><div class=\"g-text__bodytext\">\n<p>Notre <a href=\"http:\/\/hadleycustomrollform.com\/fr\/ultrasteel\/\" target=\"_blank\" rel=\"noreferrer noopener\">proc\u00e9d\u00e9 UltraSTEEL\u00ae<\/a>, brevet\u00e9 au niveau international, est un facteur cl\u00e9 de la haute qualit\u00e9 de nos piquets de vigne en m\u00e9tal. UltraSTEEL\u00ae est un proc\u00e9d\u00e9 de <a href=\"http:\/\/hadleycustomrollform.com\/fr\/profilage-a-froid\/\" target=\"_blank\" rel=\"noreferrer noopener\">laminage \u00e0 froid<\/a> qui intervient avant que l&#8217;acier plat ne soit lamin\u00e9 pour lui donner la forme d&#8217;un piquet de vigne. L&#8217;acier est form\u00e9 entre des rouleaux appari\u00e9s, ce qui produit un motif en creux sur la surface du mat\u00e9riau.  <\/p>\n<\/div><\/div><\/div><\/div><\/section><section class=\"JB-1 h-section-background g-text\"><div class=\"container\"><div class=\"row\"><div class=\"col-lg-8\"><div class=\"g-text__bodytext\">\n<p>Au cours du processus, l&#8217;<strong>\u00e9paisseur effective du mat\u00e9riau est augment\u00e9e jusqu&#8217;\u00e0 deux fois son calibre initial<\/strong>. Cette augmentation est due \u00e0 un processus de d\u00e9formation connu sous le nom d&#8217;\u00e9crouissage, qui accro\u00eet la limite d&#8217;\u00e9lasticit\u00e9 du mat\u00e9riau. Il en r\u00e9sulte un<strong> produit respectueux de l&#8217;environnement, dot\u00e9 d&#8217;une plus grande capacit\u00e9 de charge, d&#8217;une surface accrue pour une meilleure adh\u00e9rence, d&#8217;une m\u00e9moire et d&#8217;une tension de ressort am\u00e9lior\u00e9es, ainsi que d&#8217;une d\u00e9formation r\u00e9duite de 30 %<\/strong>.  <\/p>\n<\/div><\/div><\/div><\/div><\/section>\n<section class=\"wp-block-stradigi-gutenberg-banner g-banner container-fluid p-0 jarallax g-banner--size-large\" style=\"background-image:url(&quot;http:\/\/hadleycustomrollform.com\/app\/uploads\/2022\/12\/Ultrasteel-profile.jpg&quot;)\"><div class=\"g-banner__container container\"><div class=\"g-banner__wrap\"><div class=\"g-banner__body\"><div class=\"g-banner__body__buttons\"><\/div><\/div><\/div><\/div><\/section>\n<section class=\"JB-1 h-section-background g-text\"><div class=\"container\"><div class=\"row\"><div class=\"col-lg-8\"><div class=\"g-text__bodytext\">\n<p>Par cons\u00e9quent, nos piquets de vigne sont plus performants que les piquets de vigne traditionnels en bois ou les piquets de vigne alternatifs en acier dans un certain nombre de domaines :<\/p>\n<\/div><\/div><\/div><\/div><\/section><section class=\"JB-1 h-section-background g-text\"><div class=\"container\"><div class=\"row\"><div class=\"col-lg-8\"><div class=\"g-text__bodytext\">\n<ul class=\"wp-block-list\">\n<li>R\u00e9duction du poids et de la consommation de ressources tout en am\u00e9liorant les performances ;<\/li>\n\n\n\n<li>Grande rigidit\u00e9 pour une capacit\u00e9 de charge exceptionnelle ;<\/li>\n\n\n\n<li>Stabilit\u00e9 accrue : la surface alv\u00e9ol\u00e9e augmente la surface de 22%, ce qui permet au piquet de vigne d&#8217;entrer en contact avec plus de terre ;<\/li>\n\n\n\n<li>Flexibilit\u00e9 extr\u00eame : la perche peut \u00eatre tourn\u00e9e de 180\u02da et revenir \u00e0 sa position initiale sans d\u00e9formation ;<\/li>\n\n\n\n<li>L&#8217;espacement des \u00e9tiquettes est de 7 cm et l&#8217;\u00e9tiquette est suffisamment solide pour r\u00e9sister \u00e0 l&#8217;impact des machines ;<\/li>\n\n\n\n<li>Un produit en acier r\u00e9sistant aux maladies signifie des cultures plus saines ;<\/li>\n\n\n\n<li>Durable et n\u00e9cessitant peu d&#8217;entretien ;<\/li>\n\n\n\n<li>Une longue dur\u00e9e de vie et moins de mat\u00e9riaux pour un produit plus respectueux de l&#8217;environnement ;<\/li>\n\n\n\n<li>Rentabilit\u00e9 : am\u00e9lioration des propri\u00e9t\u00e9s m\u00e9caniques du piquet de vigne sans ajout de mat\u00e9riau, d&#8217;o\u00f9 un excellent rapport qualit\u00e9-prix.<\/li>\n<\/ul>\n<\/div><\/div><\/div><\/div><\/section><section class=\"JB-1 h-section-background g-image\"><div class=\"container\"><div class=\"row\"><div class=\"col-lg-8\"><div class=\"g-image__image-wrapper\">\n<figure class=\"wp-block-image size-full\"><img loading=\"lazy\" decoding=\"async\" width=\"878\" height=\"407\" src=\"http:\/\/hadleycustomrollform.com\/app\/uploads\/2022\/07\/Wijnpalen-van-Hadley-Group.jpg\" alt=\"Poteaux de vigne en m&#xE9;tal\" class=\"wp-image-4978\" srcset=\"https:\/\/hadleycustomrollform.com\/app\/uploads\/2022\/07\/Wijnpalen-van-Hadley-Group.jpg 878w, https:\/\/hadleycustomrollform.com\/app\/uploads\/2022\/07\/Wijnpalen-van-Hadley-Group-300x139.jpg 300w, https:\/\/hadleycustomrollform.com\/app\/uploads\/2022\/07\/Wijnpalen-van-Hadley-Group-768x356.jpg 768w\" sizes=\"auto, (max-width: 878px) 100vw, 878px\" \/><\/figure>\n<\/div><\/div><\/div><\/div><\/section><div class=\"JB-1 h-section-background\">\n<section class=\"wp-block-stradigi-gutenberg-fixed-spacer g-spacer g-spacer--size-small\"><\/section>\n<\/div><section class=\"JB-1 h-section-background g-text\"><div class=\"container\"><div class=\"row\"><div class=\"col-lg-8\"><div class=\"g-text__title\">\n<h2 class=\"wp-block-heading\" id=\"h-custom-designed-vineyard-posts\">Poteaux de vigne con\u00e7us sur mesure<\/h2>\n<\/div><\/div><\/div><\/div><\/section><div class=\"JB-1 h-section-background\">\n<section class=\"wp-block-stradigi-gutenberg-sidenote g-sidenote\"><div class=\"container\"><div class=\"g-sidenote__row row\"><div class=\"col-lg-5\"><div class=\"g-sidenote__content\">\n<section class=\"JB-1 h-section-background g-text\"><div class=\"container\"><div class=\"row\"><div class=\"col-lg-8\"><div class=\"g-text__bodytext\">\n<p>Gr\u00e2ce \u00e0 nos capacit\u00e9s de profilage de classe mondiale et \u00e0 un d\u00e9veloppement pouss\u00e9 de nos produits, nos piquets de vigne en acier r\u00e9pondent aux besoins sp\u00e9cifiques des propri\u00e9taires de vignobles dans le monde entier. Nous sommes \u00e9galement en mesure de concevoir et de fabriquer des piquets de vigne sur mesure. Nous d\u00e9veloppons des prototypes dans notre propre usine et les produisons en grandes quantit\u00e9s une fois qu&#8217;ils ont \u00e9t\u00e9 approuv\u00e9s. Nous fabriquons et fournissons \u00e9galement des piquets d&#8217;extr\u00e9mit\u00e9 et des piquets de p\u00e9pini\u00e8re pour les jeunes vignes, tous fabriqu\u00e9s selon les m\u00eames normes de qualit\u00e9 \u00e9lev\u00e9es afin de garantir leur long\u00e9vit\u00e9.   <\/p>\n<\/div><\/div><\/div><\/div><\/section>\n<section class=\"JB-1 h-section-background g-text\"><div class=\"container\"><div class=\"row\"><div class=\"col-lg-8\"><div class=\"g-text__bodytext\">\n<p>Nos piquets de vigne sont disponibles pour toutes les applications en diff\u00e9rentes longueurs et r\u00e9sistances. Vous cherchez des piquets de vigne en acier galvanis\u00e9 ? Pas de probl\u00e8me. Nos piquets de vigne peuvent \u00eatre galvanis\u00e9s, chrom\u00e9s et recouverts d&#8217;un rev\u00eatement en poudre.   <\/p>\n<\/div><\/div><\/div><\/div><\/section>\n<\/div><\/div><article class=\"col-md-7 offset-xl-1 col-xl-6\"><div class=\"g-sidenote__sidenote\" style=\"background-image:url(&quot;http:\/\/hadleycustomrollform.com\/app\/uploads\/2022\/12\/Roll-forming-process-at-Hadley-Group-1024x439.jpg&quot;)\"><h3 class=\"g-sidenote__sidenote-subtitle\">Roll Forming<\/h3><div class=\"g-sidenote__sidenote-content\"><p>We can ensure high-quality vineposts due to our roll forming expertise.<\/p><\/div><a href=\"http:\/\/hadleycustomrollform.com\/fr\/profilage-sur-mesure\/\" class=\"c-button g-sidenote__sidenote-cta\">Find our more<i class=\"fas fa-sm fa-chevron-right\"><\/i><\/a><\/div><\/article><\/div><\/div><\/section>\n<\/div><div class=\"JB-1 h-section-background\">\n<section class=\"wp-block-stradigi-gutenberg-fixed-spacer g-spacer g-spacer--size-small\"><\/section>\n<\/div><section class=\"JB-1 h-section-background g-text\"><div class=\"container\"><div class=\"row\"><div class=\"col-lg-8\"><div class=\"g-text__title\">\n<h2 class=\"wp-block-heading\" id=\"h-case-study-vine-care\">\u00c9tude de cas : Soins de la vigne<\/h2>\n<\/div><\/div><\/div><\/div><\/section><section class=\"JB-1 h-section-background g-image\"><div class=\"container\"><div class=\"row\"><div class=\"col-lg-8\"><div class=\"g-image__image-wrapper\">\n<figure class=\"wp-block-image size-full is-style-default\"><img loading=\"lazy\" decoding=\"async\" width=\"878\" height=\"586\" src=\"http:\/\/hadleycustomrollform.com\/app\/uploads\/2022\/07\/Hoge-kwaliteit-wijnpalen-van-Hadley-Group.jpg\" alt=\"Poteaux de vigne par Hadley Group\" class=\"wp-image-4955\" srcset=\"https:\/\/hadleycustomrollform.com\/app\/uploads\/2022\/07\/Hoge-kwaliteit-wijnpalen-van-Hadley-Group.jpg 878w, https:\/\/hadleycustomrollform.com\/app\/uploads\/2022\/07\/Hoge-kwaliteit-wijnpalen-van-Hadley-Group-300x200.jpg 300w, https:\/\/hadleycustomrollform.com\/app\/uploads\/2022\/07\/Hoge-kwaliteit-wijnpalen-van-Hadley-Group-768x513.jpg 768w\" sizes=\"auto, (max-width: 878px) 100vw, 878px\" \/><\/figure>\n<\/div><\/div><\/div><\/div><\/section><section class=\"JB-1 h-section-background g-text\"><div class=\"container\"><div class=\"row\"><div class=\"col-lg-8\"><div class=\"g-text__bodytext\">\n<p>Vine Care (au Royaume-Uni) est une entreprise qui fournit un service complet aux viticulteurs et arboriculteurs du Royaume-Uni. L&#8217;entreprise, fond\u00e9e par Paul Woodrow-Hill, propose aux viticulteurs une offre compl\u00e8te, depuis les conseils et la planification d&#8217;un vignoble jusqu&#8217;\u00e0 la plantation, l&#8217;entretien et la cueillette, en passant par la fourniture et l&#8217;installation de treillis. \u00c0 cette offre compl\u00e8te, Paul a ajout\u00e9 les piquets de vigne m\u00e9talliques du groupe Hadley. Paul Woodrow Hill sur les piquets de vigne :   <\/p>\n<\/div><\/div><\/div><\/div><\/section><section class=\"JB-1 h-section-background g-text\"><div class=\"container\"><div class=\"row\"><div class=\"col-lg-8\"><div class=\"g-text__bodytext\">\n<p>&#8220;J&#8217;ai toujours admir\u00e9 la finition et l&#8217;aspect du piquet Hadley depuis le premier jour et j&#8217;ai \u00e9t\u00e9 ravi d&#8217;apprendre que<strong>, lors de tests de r\u00e9sistance effectu\u00e9s en Allemagne, il s&#8217;est impos\u00e9 face \u00e0 d&#8217;autres fabricants \u00e9tablis qui produisent des piquets de vigne en m\u00e9tal depuis des ann\u00e9es<\/strong>. Le proc\u00e9d\u00e9 brevet\u00e9 ultra steel augmente la r\u00e9sistance des piquets et permet une plus grande absorption du mat\u00e9riau de galvanisation, ce qui les rend plus robustes contre les \u00e9l\u00e9ments&#8221;. <\/p>\n<\/div><\/div><\/div><\/div><\/section><section class=\"JB-1 h-section-background g-text\"><div class=\"container\"><div class=\"row\"><div class=\"col-lg-8\"><div class=\"g-text__bodytext\">\n<p>Vine Care a install\u00e9 des piquets sur un site de dix acres pour le &#8220;Four Boys Vineyard&#8221; dans l&#8217;East Sussex. Tout s&#8217;est d\u00e9roul\u00e9 avec succ\u00e8s et le client est tr\u00e8s satisfait du r\u00e9sultat. <\/p>\n<\/div><\/div><\/div><\/div><\/section>\n<section class=\"wp-block-stradigi-gutenberg-banner g-banner container-fluid p-0 jarallax g-banner--size-large\" style=\"background-image:url(&quot;http:\/\/hadleycustomrollform.com\/app\/uploads\/2022\/07\/Vinepost.jpg&quot;)\"><div class=\"g-banner__container container\"><div class=\"g-banner__wrap\"><div class=\"g-banner__body\"><div class=\"g-banner__body__buttons\"><\/div><\/div><\/div><\/div><\/section>\n<section class=\"JB-1 h-section-background g-text\"><div class=\"container\"><div class=\"row\"><div class=\"col-lg-8\"><div class=\"g-text__title\">\n<h2 class=\"wp-block-heading\" id=\"h-reach-out-to-us\">Prenez contact avec nous !<\/h2>\n<\/div><\/div><\/div><\/div><\/section><div class=\"JB-1 h-section-background\">\n<section class=\"wp-block-stradigi-gutenberg-text-cta g-text\"><div class=\"container\"><div class=\"row\"><div class=\"col-lg-8\"><div class=\"g-text__bodytext\"><p>Would you like more information or do you have any questions about Hadley Group&#8217;s metal vineyard posts? Don&#8217;t hesitate to contact us.<\/p><\/div><a href=\"http:\/\/hadleycustomrollform.com\/fr\/contact\/\" class=\"c-button g-text__button\">Contact us!<i class=\"fas fa-sm fa-chevron-right\"><\/i><\/a><\/div><\/div><\/div><\/section>\n<\/div><div class=\"JB-1 h-section-background\">\n<section class=\"wp-block-stradigi-gutenberg-fixed-spacer g-spacer g-spacer--size-medium\"><\/section>\n<\/div>","protected":false},"excerpt":{"rendered":"<p>Piquets de vigne de la plus haute qualit\u00e9 gr\u00e2ce \u00e0 UltraSTEEL\u00ae. Notre proc\u00e9d\u00e9 UltraSTEEL\u00ae, brevet\u00e9 au niveau international, est un\u2026 <a href=\"https:\/\/hadleycustomrollform.com\/fr\/profilage-sur-mesure\/piquets-de-vigne-en-metal\/\">&#8230;<\/a><\/p>\n","protected":false},"author":3,"featured_media":0,"parent":1813,"menu_order":0,"comment_status":"closed","ping_status":"closed","template":"","meta":{"_acf_changed":false,"footnotes":""},"categories":[4],"class_list":["post-8245","page","type-page","status-publish","hentry","category-non-classifiee"],"acf":[],"yoast_head":"<!-- This site is optimized with the Yoast SEO Premium plugin v25.1 (Yoast SEO v27.1.1) - https:\/\/yoast.com\/product\/yoast-seo-premium-wordpress\/ -->\n<title>Poteaux m\u00e9talliques pour vignobles de la plus haute qualit\u00e9 - Groupe Hadley<\/title>\n<meta name=\"description\" content=\"Nos piquets de vigne en m\u00e9tal pr\u00e9sentent des avantages par rapport aux piquets en bois, tels qu&#039;une grande rigidit\u00e9, une grande durabilit\u00e9 et une moindre consommation de mat\u00e9riaux. Contactez nous !\" \/>\n<meta name=\"robots\" content=\"noindex, follow, max-snippet:-1, max-image-preview:large, max-video-preview:-1\" \/>\n<meta property=\"og:locale\" content=\"fr_FR\" \/>\n<meta property=\"og:type\" content=\"article\" \/>\n<meta property=\"og:title\" content=\"Poteaux de vigne en m\u00e9tal\" \/>\n<meta property=\"og:description\" content=\"Nos piquets de vigne en m\u00e9tal pr\u00e9sentent des avantages par rapport aux piquets en bois, tels qu&#039;une grande rigidit\u00e9, une grande durabilit\u00e9 et une moindre consommation de mat\u00e9riaux. Contactez nous !\" \/>\n<meta property=\"og:url\" content=\"https:\/\/hadleycustomrollform.com\/fr\/profilage-sur-mesure\/piquets-de-vigne-en-metal\/\" \/>\n<meta property=\"og:site_name\" content=\"Hadley Custom Roll Form\" \/>\n<meta property=\"article:publisher\" content=\"https:\/\/www.facebook.com\/HadleyGroupGlobal\" \/>\n<meta property=\"article:modified_time\" content=\"2025-09-08T11:44:12+00:00\" \/>\n<meta property=\"og:image\" content=\"http:\/\/hadleycustomrollform.com\/app\/uploads\/2022\/07\/Wijnpalen-van-Hadley-Group.jpg\" \/>\n<meta name=\"twitter:card\" content=\"summary_large_image\" \/>\n<meta name=\"twitter:site\" content=\"@hadley_group\" \/>\n<meta name=\"twitter:label1\" content=\"Est. reading time\" \/>\n\t<meta name=\"twitter:data1\" content=\"4 minutes\" \/>\n<script type=\"application\/ld+json\" class=\"yoast-schema-graph\">{\"@context\":\"https:\/\/schema.org\",\"@graph\":[{\"@type\":\"WebPage\",\"@id\":\"https:\/\/hadleycustomrollform.com\/fr\/profilage-sur-mesure\/piquets-de-vigne-en-metal\/\",\"url\":\"https:\/\/hadleycustomrollform.com\/fr\/profilage-sur-mesure\/piquets-de-vigne-en-metal\/\",\"name\":\"Poteaux m\u00e9talliques pour vignobles de la plus haute qualit\u00e9 - Groupe Hadley\",\"isPartOf\":{\"@id\":\"https:\/\/hadleycustomrollform.com\/fr\/#website\"},\"primaryImageOfPage\":{\"@id\":\"https:\/\/hadleycustomrollform.com\/fr\/profilage-sur-mesure\/piquets-de-vigne-en-metal\/#primaryimage\"},\"image\":{\"@id\":\"https:\/\/hadleycustomrollform.com\/fr\/profilage-sur-mesure\/piquets-de-vigne-en-metal\/#primaryimage\"},\"thumbnailUrl\":\"http:\/\/hadleycustomrollform.com\/app\/uploads\/2022\/07\/Wijnpalen-van-Hadley-Group.jpg\",\"datePublished\":\"2022-07-19T13:54:52+00:00\",\"dateModified\":\"2025-09-08T11:44:12+00:00\",\"description\":\"Nos piquets de vigne en m\u00e9tal pr\u00e9sentent des avantages par rapport aux piquets en bois, tels qu'une grande rigidit\u00e9, une grande durabilit\u00e9 et une moindre consommation de mat\u00e9riaux. Contactez nous !\",\"breadcrumb\":{\"@id\":\"https:\/\/hadleycustomrollform.com\/fr\/profilage-sur-mesure\/piquets-de-vigne-en-metal\/#breadcrumb\"},\"inLanguage\":\"fr-FR\",\"potentialAction\":[{\"@type\":\"ReadAction\",\"target\":[\"https:\/\/hadleycustomrollform.com\/fr\/profilage-sur-mesure\/piquets-de-vigne-en-metal\/\"]}]},{\"@type\":\"ImageObject\",\"inLanguage\":\"fr-FR\",\"@id\":\"https:\/\/hadleycustomrollform.com\/fr\/profilage-sur-mesure\/piquets-de-vigne-en-metal\/#primaryimage\",\"url\":\"http:\/\/hadleycustomrollform.com\/app\/uploads\/2022\/07\/Wijnpalen-van-Hadley-Group.jpg\",\"contentUrl\":\"http:\/\/hadleycustomrollform.com\/app\/uploads\/2022\/07\/Wijnpalen-van-Hadley-Group.jpg\"},{\"@type\":\"BreadcrumbList\",\"@id\":\"https:\/\/hadleycustomrollform.com\/fr\/profilage-sur-mesure\/piquets-de-vigne-en-metal\/#breadcrumb\",\"itemListElement\":[{\"@type\":\"ListItem\",\"position\":1,\"name\":\"Home\",\"item\":\"https:\/\/hadleycustomrollform.com\/fr\/\"},{\"@type\":\"ListItem\",\"position\":2,\"name\":\"Profilage sur mesure\",\"item\":\"https:\/\/hadleycustomrollform.com\/fr\/\"},{\"@type\":\"ListItem\",\"position\":3,\"name\":\"Poteaux de vigne en m\u00e9tal\"}]},{\"@type\":\"WebSite\",\"@id\":\"https:\/\/hadleycustomrollform.com\/fr\/#website\",\"url\":\"https:\/\/hadleycustomrollform.com\/fr\/\",\"name\":\"Hadley Group\",\"description\":\"Shaping the Future in Metal\",\"publisher\":{\"@id\":\"https:\/\/hadleycustomrollform.com\/fr\/#organization\"},\"potentialAction\":[{\"@type\":\"SearchAction\",\"target\":{\"@type\":\"EntryPoint\",\"urlTemplate\":\"https:\/\/hadleycustomrollform.com\/fr\/?s={search_term_string}\"},\"query-input\":{\"@type\":\"PropertyValueSpecification\",\"valueRequired\":true,\"valueName\":\"search_term_string\"}}],\"inLanguage\":\"fr-FR\"},{\"@type\":\"Organization\",\"@id\":\"https:\/\/hadleycustomrollform.com\/fr\/#organization\",\"name\":\"Hadley Group\",\"url\":\"https:\/\/hadleycustomrollform.com\/fr\/\",\"logo\":{\"@type\":\"ImageObject\",\"inLanguage\":\"fr-FR\",\"@id\":\"https:\/\/hadleycustomrollform.com\/fr\/#\/schema\/logo\/image\/\",\"url\":\"http:\/\/hadleycustomrollform.com\/app\/uploads\/2023\/01\/Hadley-Group-logo.jpg\",\"contentUrl\":\"http:\/\/hadleycustomrollform.com\/app\/uploads\/2023\/01\/Hadley-Group-logo.jpg\",\"width\":1280,\"height\":300,\"caption\":\"Hadley Group\"},\"image\":{\"@id\":\"https:\/\/hadleycustomrollform.com\/fr\/#\/schema\/logo\/image\/\"},\"sameAs\":[\"https:\/\/www.facebook.com\/HadleyGroupGlobal\",\"https:\/\/x.com\/hadley_group\",\"https:\/\/www.youtube.com\/@HadleyGroupSmethwick\",\"https:\/\/www.linkedin.com\/company\/hadley-group-\/\"]}]}<\/script>\n<!-- \/ Yoast SEO Premium plugin. -->","yoast_head_json":{"title":"Poteaux m\u00e9talliques pour vignobles de la plus haute qualit\u00e9 - Groupe Hadley","description":"Nos piquets de vigne en m\u00e9tal pr\u00e9sentent des avantages par rapport aux piquets en bois, tels qu'une grande rigidit\u00e9, une grande durabilit\u00e9 et une moindre consommation de mat\u00e9riaux. Contactez nous !","robots":{"index":"noindex","follow":"follow","max-snippet":"max-snippet:-1","max-image-preview":"max-image-preview:large","max-video-preview":"max-video-preview:-1"},"og_locale":"fr_FR","og_type":"article","og_title":"Poteaux de vigne en m\u00e9tal","og_description":"Nos piquets de vigne en m\u00e9tal pr\u00e9sentent des avantages par rapport aux piquets en bois, tels qu'une grande rigidit\u00e9, une grande durabilit\u00e9 et une moindre consommation de mat\u00e9riaux. Contactez nous !","og_url":"https:\/\/hadleycustomrollform.com\/fr\/profilage-sur-mesure\/piquets-de-vigne-en-metal\/","og_site_name":"Hadley Custom Roll Form","article_publisher":"https:\/\/www.facebook.com\/HadleyGroupGlobal","article_modified_time":"2025-09-08T11:44:12+00:00","og_image":[{"url":"http:\/\/hadleycustomrollform.com\/app\/uploads\/2022\/07\/Wijnpalen-van-Hadley-Group.jpg","type":"","width":"","height":""}],"twitter_card":"summary_large_image","twitter_site":"@hadley_group","twitter_misc":{"Est. reading time":"4 minutes"},"schema":{"@context":"https:\/\/schema.org","@graph":[{"@type":"WebPage","@id":"https:\/\/hadleycustomrollform.com\/fr\/profilage-sur-mesure\/piquets-de-vigne-en-metal\/","url":"https:\/\/hadleycustomrollform.com\/fr\/profilage-sur-mesure\/piquets-de-vigne-en-metal\/","name":"Poteaux m\u00e9talliques pour vignobles de la plus haute qualit\u00e9 - Groupe Hadley","isPartOf":{"@id":"https:\/\/hadleycustomrollform.com\/fr\/#website"},"primaryImageOfPage":{"@id":"https:\/\/hadleycustomrollform.com\/fr\/profilage-sur-mesure\/piquets-de-vigne-en-metal\/#primaryimage"},"image":{"@id":"https:\/\/hadleycustomrollform.com\/fr\/profilage-sur-mesure\/piquets-de-vigne-en-metal\/#primaryimage"},"thumbnailUrl":"http:\/\/hadleycustomrollform.com\/app\/uploads\/2022\/07\/Wijnpalen-van-Hadley-Group.jpg","datePublished":"2022-07-19T13:54:52+00:00","dateModified":"2025-09-08T11:44:12+00:00","description":"Nos piquets de vigne en m\u00e9tal pr\u00e9sentent des avantages par rapport aux piquets en bois, tels qu'une grande rigidit\u00e9, une grande durabilit\u00e9 et une moindre consommation de mat\u00e9riaux. Contactez nous !","breadcrumb":{"@id":"https:\/\/hadleycustomrollform.com\/fr\/profilage-sur-mesure\/piquets-de-vigne-en-metal\/#breadcrumb"},"inLanguage":"fr-FR","potentialAction":[{"@type":"ReadAction","target":["https:\/\/hadleycustomrollform.com\/fr\/profilage-sur-mesure\/piquets-de-vigne-en-metal\/"]}]},{"@type":"ImageObject","inLanguage":"fr-FR","@id":"https:\/\/hadleycustomrollform.com\/fr\/profilage-sur-mesure\/piquets-de-vigne-en-metal\/#primaryimage","url":"http:\/\/hadleycustomrollform.com\/app\/uploads\/2022\/07\/Wijnpalen-van-Hadley-Group.jpg","contentUrl":"http:\/\/hadleycustomrollform.com\/app\/uploads\/2022\/07\/Wijnpalen-van-Hadley-Group.jpg"},{"@type":"BreadcrumbList","@id":"https:\/\/hadleycustomrollform.com\/fr\/profilage-sur-mesure\/piquets-de-vigne-en-metal\/#breadcrumb","itemListElement":[{"@type":"ListItem","position":1,"name":"Home","item":"https:\/\/hadleycustomrollform.com\/fr\/"},{"@type":"ListItem","position":2,"name":"Profilage sur mesure","item":"https:\/\/hadleycustomrollform.com\/fr\/"},{"@type":"ListItem","position":3,"name":"Poteaux de vigne en m\u00e9tal"}]},{"@type":"WebSite","@id":"https:\/\/hadleycustomrollform.com\/fr\/#website","url":"https:\/\/hadleycustomrollform.com\/fr\/","name":"Hadley Group","description":"Shaping the Future in Metal","publisher":{"@id":"https:\/\/hadleycustomrollform.com\/fr\/#organization"},"potentialAction":[{"@type":"SearchAction","target":{"@type":"EntryPoint","urlTemplate":"https:\/\/hadleycustomrollform.com\/fr\/?s={search_term_string}"},"query-input":{"@type":"PropertyValueSpecification","valueRequired":true,"valueName":"search_term_string"}}],"inLanguage":"fr-FR"},{"@type":"Organization","@id":"https:\/\/hadleycustomrollform.com\/fr\/#organization","name":"Hadley Group","url":"https:\/\/hadleycustomrollform.com\/fr\/","logo":{"@type":"ImageObject","inLanguage":"fr-FR","@id":"https:\/\/hadleycustomrollform.com\/fr\/#\/schema\/logo\/image\/","url":"http:\/\/hadleycustomrollform.com\/app\/uploads\/2023\/01\/Hadley-Group-logo.jpg","contentUrl":"http:\/\/hadleycustomrollform.com\/app\/uploads\/2023\/01\/Hadley-Group-logo.jpg","width":1280,"height":300,"caption":"Hadley Group"},"image":{"@id":"https:\/\/hadleycustomrollform.com\/fr\/#\/schema\/logo\/image\/"},"sameAs":["https:\/\/www.facebook.com\/HadleyGroupGlobal","https:\/\/x.com\/hadley_group","https:\/\/www.youtube.com\/@HadleyGroupSmethwick","https:\/\/www.linkedin.com\/company\/hadley-group-\/"]}]}},"_links":{"self":[{"href":"https:\/\/hadleycustomrollform.com\/fr\/wp-json\/wp\/v2\/pages\/8245","targetHints":{"allow":["GET"]}}],"collection":[{"href":"https:\/\/hadleycustomrollform.com\/fr\/wp-json\/wp\/v2\/pages"}],"about":[{"href":"https:\/\/hadleycustomrollform.com\/fr\/wp-json\/wp\/v2\/types\/page"}],"author":[{"embeddable":true,"href":"https:\/\/hadleycustomrollform.com\/fr\/wp-json\/wp\/v2\/users\/3"}],"replies":[{"embeddable":true,"href":"https:\/\/hadleycustomrollform.com\/fr\/wp-json\/wp\/v2\/comments?post=8245"}],"version-history":[{"count":9,"href":"https:\/\/hadleycustomrollform.com\/fr\/wp-json\/wp\/v2\/pages\/8245\/revisions"}],"predecessor-version":[{"id":16202,"href":"https:\/\/hadleycustomrollform.com\/fr\/wp-json\/wp\/v2\/pages\/8245\/revisions\/16202"}],"up":[{"embeddable":true,"href":"https:\/\/hadleycustomrollform.com\/fr\/wp-json\/wp\/v2\/pages\/1813"}],"wp:attachment":[{"href":"https:\/\/hadleycustomrollform.com\/fr\/wp-json\/wp\/v2\/media?parent=8245"}],"wp:term":[{"taxonomy":"category","embeddable":true,"href":"https:\/\/hadleycustomrollform.com\/fr\/wp-json\/wp\/v2\/categories?post=8245"}],"curies":[{"name":"wp","href":"https:\/\/api.w.org\/{rel}","templated":true}]}}