{"id":1985,"date":"2023-09-20T10:14:21","date_gmt":"2023-09-20T10:14:21","guid":{"rendered":"http:\/\/hadleycustomrollform.com\/zonne-energie\/"},"modified":"2025-09-08T09:16:51","modified_gmt":"2025-09-08T09:16:51","slug":"zonne-energie","status":"publish","type":"page","link":"https:\/\/hadleycustomrollform.com\/nl\/rolvormen-op-maat\/zonne-energie\/","title":{"rendered":"Ondersteuningssystemen voor zonne-energie"},"content":{"rendered":"<background-video inline-template :autoplay=\"true\" video=\"\"> \n<section class=\"wp-block-stradigi-gutenberg-hero g-hero container-fluid p-0 g-hero--has-overlay\" style=\"background-image:url(&quot;http:\/\/hadleycustomrollform.com\/app\/uploads\/2023\/09\/AdobeStock_128869478.jpg&quot;)\" data-youtube-url=\"\"><div class=\"g-hero--filter\"><\/div><div class=\"g-hero__container container\"><div class=\"g-hero__wrap\"><h1 class=\"g-hero__heading\">Solar at Scale<\/h1><div class=\"g-hero__body\"><div class=\"g-hero__body__text\"><p>\u00a0\u00a0<\/p><\/div><div class=\"g-hero__body__buttons\"><a href=\"http:\/\/hadleycustomrollform.com\/nl\/contact\/\" class=\"c-button\">Contact us<i class=\"fas fa-sm fa-chevron-right\"><\/i><\/a><\/div><\/div><\/div><\/div><\/section>\n <\/background-video><div class=\"JB-1 h-section-background\">\n<section class=\"wp-block-stradigi-gutenberg-fixed-spacer g-spacer g-spacer--size-large\"><\/section>\n<\/div><section class=\"JB-1 h-section-background g-text\"><div class=\"container\"><div class=\"row\"><div class=\"col-lg-8\"><div class=\"g-text__title\">\n<h6 class=\"wp-block-heading\">Krijg de hoge productiecapaciteit en betrouwbare levering die u nodig hebt om aan de groeiende vraag naar zonne-energie te voldoen &#8211; met duurzame en rendabele montagesystemen voor zonne-energie van onze wereldwijde koudwalsinstallaties.  <\/h6>\n<\/div><\/div><\/div><\/div><\/section><div class=\"JB-1 h-section-background\">\n<section class=\"wp-block-stradigi-gutenberg-fixed-spacer g-spacer g-spacer--size-medium\" id=\"co2-footprint\"><\/section>\n<\/div><div class=\"JB-1 h-section-background\">\n<section class=\"wp-block-stradigi-gutenberg-sidenote g-sidenote\"><div class=\"container\"><div class=\"g-sidenote__row row\"><div class=\"col-lg-5\"><div class=\"g-sidenote__content\"><section class=\"JB-1 h-section-background g-text\"><div class=\"container\"><div class=\"row\"><div class=\"col-lg-8\"><div class=\"g-text__title\">\n<h2 class=\"wp-block-heading\"><strong><strong>Waarom koudwalsen<\/strong><\/strong> zonnedragers?<\/h2>\n<\/div><\/div><\/div><\/div><\/section>\n\n<section class=\"JB-1 h-section-background g-text\"><div class=\"container\"><div class=\"row\"><div class=\"col-lg-8\"><div class=\"g-text__bodytext\">\n<p>Montagesystemen voor zonne-energie worden van oudsher gemaakt met behulp van aluminiumextrusie, wat een limiet stelt aan het aantal bewerkingen dat je aan \u00e9\u00e9n productielijn kunt toevoegen.  <br\/><br\/>Door over te schakelen op koudwalsen kunt u uw opties uitbreiden met een breder scala aan complexe functies met minimale extra kosten &#8211; en dat alles terwijl u uw ecologische voetafdruk en het energieverbruik bij uw productie vermindert.<\/p>\n<\/div><\/div><\/div><\/div><\/section><\/div><\/div><article class=\"col-md-7 offset-xl-1 col-xl-6\"><div class=\"g-sidenote__sidenote\" style=\"background-image:url(&quot;http:\/\/hadleycustomrollform.com\/app\/uploads\/2023\/09\/AdobeStock_596819297-650x1024.jpg&quot;)\"><div class=\"g-sidenote__sidenote-content\"><p>\u00a0<br>&#8211; Consistent tolerances and high-volume production<br><br>&#8211; Reduce carbon with a cold manufacturing process<br><br>&#8211; Add complex operations to a single production line <\/p><\/div><\/div><\/article><\/div><\/div><\/section>\n<\/div><div class=\"JB-1 h-section-background\">\n<section class=\"wp-block-stradigi-gutenberg-fixed-spacer g-spacer g-spacer--size-medium\" id=\"durable-steel\"><\/section>\n<\/div><section class=\"JB-1 h-section-background g-text\"><div class=\"container\"><div class=\"row\"><div class=\"col-lg-8\"><div class=\"g-text__title\">\n<h2 class=\"wp-block-heading\"><strong>Duurzaam en gemaakt voor buiten<\/strong><\/h2>\n<\/div><\/div><\/div><\/div><\/section><section class=\"JB-1 h-section-background g-text\"><div class=\"container\"><div class=\"row\"><div class=\"col-lg-8\"><div class=\"g-text__bodytext\">\n<ul class=\"wp-block-list\">\n<li>Verzinkt staal ontworpen om tot 30 jaar mee te gaan<\/li>\n\n\n\n<li><a href=\"https:\/\/www.corigy.com\/blog\/advantage-of-zinc-aluminum-megnesium-coated-steel_b7\">10 keer hogere corrosiebestendigheid<\/a> dan thermisch verzinkt staal<\/li>\n\n\n\n<li>Sterker en steviger dan aluminium draagsystemen<\/li>\n<\/ul>\n<\/div><\/div><\/div><\/div><\/section><section class=\"JB-1 h-section-background g-text\"><div class=\"container\"><div class=\"row\"><div class=\"col-lg-8\"><div class=\"g-text__bodytext\">\n<p>Onze koudgewalste zonnepaneel montagesystemen zijn gemaakt van speciaal gecoat gegalvaniseerd staal voor een duurzame constructie voor alle weersomstandigheden. De speciale zink-magnesiumcoating is zeer corrosiebestendig en zorgt voor een sterkere, koudgeharde afwerking in vergelijking met aluminium.   <\/p>\n<\/div><\/div><\/div><\/div><\/section><section class=\"JB-1 h-section-background g-text\"><div class=\"container\"><div class=\"row\"><div class=\"col-lg-8\"><div class=\"g-text__bodytext\">\n<p>Met een productieproces op lage temperatuur waarbij recyclebaar staal wordt gebruikt, en een in het VK gevestigde toeleverancier die je ecologische voetafdruk laag houdt, krijg je een duurzame, betrouwbare en meer kosteneffectieve productie voor je montagedelen voor zonne-energie.<\/p>\n<\/div><\/div><\/div><\/div><\/section><div class=\"JB-1 h-section-background\">\n<section class=\"wp-block-stradigi-gutenberg-fixed-spacer g-spacer g-spacer--size-medium\"><\/section>\n<\/div>\n<section class=\"wp-block-stradigi-gutenberg-banner g-banner container-fluid p-0 jarallax g-banner--has-overlay g-banner--size-large\" style=\"background-image:url(&quot;http:\/\/hadleycustomrollform.com\/app\/uploads\/2023\/08\/Solar-farm.jpg&quot;)\"><div class=\"g-banner__container container\"><div class=\"g-banner__wrap\"><h2 class=\"g-banner__heading h-heading h-heading--size-64\">Large scale, high value<\/h2><div class=\"g-banner__body\"><div class=\"g-banner__body__buttons\"><\/div><\/div><\/div><\/div><\/section>\n<div class=\"JB-1 h-section-background\">\n<section class=\"wp-block-stradigi-gutenberg-fixed-spacer g-spacer g-spacer--size-medium\" id=\"global-supply\"><\/section>\n<\/div><section class=\"JB-1 h-section-background g-text\"><div class=\"container\"><div class=\"row\"><div class=\"col-lg-8\"><div class=\"g-text__title\">\n<h2 class=\"wp-block-heading has-large-font-size\">Onze productiefaciliteiten in het Verenigd Koninkrijk worden ondersteund door een wereldwijd netwerk van rolvormteams en faciliteiten verspreid over vier continenten.<\/h2>\n<\/div><\/div><\/div><\/div><\/section><section class=\"JB-1 h-section-background g-text\"><div class=\"container\"><div class=\"row\"><div class=\"col-lg-8\"><div class=\"g-text__bodytext\">\n<p>Dat geeft ons een duidelijk voordeel ten opzichte van kleinere leveranciers die vertrouwen op \u00e9\u00e9n faciliteit of \u00e9\u00e9n productielijn. Met meerdere productiefaciliteiten en een toegewijd logistiek netwerk, gebaseerd op onze lange geschiedenis in de koudwalsindustrie, hebben we de capaciteit en flexibiliteit om de continue productie van uw zonne-energieonderdelen en componenten te garanderen. <\/p>\n<\/div><\/div><\/div><\/div><\/section><div class=\"JB-1 h-section-background\">\n<section class=\"wp-block-stradigi-gutenberg-double-sidenote g-sidenote\"><div class=\"container\"><div class=\"g-sidenote__row row\"><div class=\"col-lg-8\"><div class=\"g-sidenote__bodytext\"><\/div><\/div><\/div><div class=\"g-sidenote__row row\"><article class=\"col-lg-6\"><div class=\"g-sidenote__sidenote\" style=\"background-image:url(&quot;http:\/\/hadleycustomrollform.com\/app\/uploads\/2023\/09\/AdobeStock_606565067-2-910x1024.jpg&quot;)\"><div class=\"g-sidenote__sidenote-content\"><p>Multi-national manufacturing and global logistics footprint<br\/><br\/>Low-risk production with large-scale capacity and contingency facilities<br\/><br\/>PPAP Automotive quality assurance standards ensure capability value<\/p><\/div><\/div><\/article><article class=\"col-lg-6\"><div class=\"g-sidenote__sidenote\" style=\"background-image:url(&quot;http:\/\/hadleycustomrollform.com\/app\/uploads\/2022\/07\/Profile_Purlins-2-1024x724.jpg&quot;)\"><div class=\"g-sidenote__sidenote-content\"><p>Profile lengths up to 18 metres and<br\/>tolerances as low as \u00b10.05mm<br\/><br\/>Work with in-house engineers who specialise in tooling design<br\/><br\/>Produce complex metal profiles to your exact specifications<\/p><\/div><\/div><\/article><\/div><\/div><\/section>\n<\/div><div class=\"JB-1 h-section-background\">\n<section class=\"wp-block-stradigi-gutenberg-fixed-spacer g-spacer g-spacer--size-small\" id=\"engineering\"><\/section>\n<\/div><section class=\"JB-1 h-section-background g-text\"><div class=\"container\"><div class=\"row\"><div class=\"col-lg-8\"><div class=\"g-text__title\">\n<h2 class=\"wp-block-heading\"><strong>Oplossingen op maat voor uw zonneproject<\/strong><\/h2>\n<\/div><\/div><\/div><\/div><\/section><section class=\"JB-1 h-section-background g-text\"><div class=\"container\"><div class=\"row\"><div class=\"col-lg-8\"><div class=\"g-text__bodytext\">\n<p>We zijn meer dan alleen een productiefaciliteit &#8211; we zijn uw productiepartner.<\/p>\n<\/div><\/div><\/div><\/div><\/section><section class=\"JB-1 h-section-background g-text\"><div class=\"container\"><div class=\"row\"><div class=\"col-lg-8\"><div class=\"g-text__bodytext\">\n<p>Onze interne teams van specialisten op het gebied van koudwalsen zijn toegewijde probleemoplossers en werken samen met uw teams om uw ontwerpen te verbeteren en uw productie te stroomlijnen. Van extra lange profielen voor grootschalige zonneparken tot nauwe toleranties voor ingewikkelde ontwerpen &#8211; wij nemen uw precieze vereisten en cre\u00ebren oplossingen op maat die precies zijn afgestemd op uw project. <\/p>\n<\/div><\/div><\/div><\/div><\/section><div class=\"JB-1 h-section-background\">\n<section class=\"wp-block-stradigi-gutenberg-fixed-spacer g-spacer g-spacer--size-medium\"><\/section>\n<\/div><section class=\"JB-1 h-section-background g-text\"><div class=\"container\"><div class=\"row\"><div class=\"col-lg-8\"><div class=\"g-text__title\">\n<h2 class=\"wp-block-heading\"><strong>Heb je een partner nodig die je kan helpen je bedrijf uit te breiden?<\/strong><\/h2>\n<\/div><\/div><\/div><\/div><\/section><section class=\"JB-1 h-section-background g-text\"><div class=\"container\"><div class=\"row\"><div class=\"col-lg-8\"><div class=\"g-text__bodytext\">\n<p>Als je wilt uitbreiden om aan de stijgende vraag te voldoen, heb je een partner nodig met de capaciteit die daarbij past.<\/p>\n<\/div><\/div><\/div><\/div><\/section><section class=\"JB-1 h-section-background g-text\"><div class=\"container\"><div class=\"row\"><div class=\"col-lg-8\"><div class=\"g-text__bodytext\">\n<p>Onze productiefaciliteiten in het Verenigd Koninkrijk beschikken over tientallen jaren ervaring met koudwalsen in de staalconstructie-industrie &#8211; ondersteund door een wereldwijd productiebedrijf en de collectieve expertise van een team van meer dan 50 koudwalstechnici.<\/p>\n<\/div><\/div><\/div><\/div><\/section><section class=\"JB-1 h-section-background g-text\"><div class=\"container\"><div class=\"row\"><div class=\"col-lg-8\"><div class=\"g-text__bodytext\">\n<p>Dus hoe eerder je ons bij je project betrekt, hoe meer tijd en geld we je kunnen besparen.<\/p>\n<\/div><\/div><\/div><\/div><\/section><div class=\"JB-1 h-section-background\">\n<section class=\"wp-block-stradigi-gutenberg-text-cta g-text\"><div class=\"container\"><div class=\"row\"><div class=\"col-lg-8\"><div class=\"g-text__bodytext\"><p><\/p><\/div><a href=\"http:\/\/hadleycustomrollform.com\/nl\/contact\/\" class=\"c-button g-text__button\">Contact us<i class=\"fas fa-sm fa-chevron-right\"><\/i><\/a><\/div><\/div><\/div><\/section>\n<\/div><div class=\"JB-1 h-section-background\">\n<section class=\"wp-block-stradigi-gutenberg-fixed-spacer g-spacer g-spacer--size-medium\"><\/section>\n<\/div>\n<section class=\"wp-block-stradigi-gutenberg-banner g-banner container-fluid p-0 jarallax g-banner--has-overlay g-banner--size-large\" style=\"background-image:url(&quot;http:\/\/hadleycustomrollform.com\/app\/uploads\/2023\/09\/AdobeStock_315659751-1.jpg&quot;)\"><div class=\"g-banner__container container\"><div class=\"g-banner__wrap\"><div class=\"g-banner__body\"><div class=\"g-banner__body__buttons\"><\/div><\/div><\/div><\/div><\/section>\n","protected":false},"excerpt":{"rendered":"<p>Krijg de hoge productiecapaciteit en betrouwbare levering die u nodig hebt om aan de groeiende vraag naar zonne-energie te voldoen\u2026 <a href=\"https:\/\/hadleycustomrollform.com\/nl\/rolvormen-op-maat\/zonne-energie\/\">&#8230;<\/a><\/p>\n","protected":false},"author":3,"featured_media":8736,"parent":1793,"menu_order":0,"comment_status":"closed","ping_status":"closed","template":"","meta":{"_acf_changed":false,"footnotes":""},"categories":[],"class_list":["post-1985","page","type-page","status-publish","has-post-thumbnail","hentry"],"acf":[],"yoast_head":"<!-- This site is optimized with the Yoast SEO Premium plugin v25.1 (Yoast SEO v27.1.1) - https:\/\/yoast.com\/product\/yoast-seo-premium-wordpress\/ -->\n<title>Ondersteuningssystemen voor zonne-energie - Hadley Custom Roll Form<\/title>\n<meta name=\"description\" content=\"Op zoek naar profielen voor zonnesteunsystemen? Hadley heeft de kennis en apparatuur om grote volumes te produceren met wereldwijde logistiek\" \/>\n<meta name=\"robots\" content=\"noindex, follow, max-snippet:-1, max-image-preview:large, max-video-preview:-1\" \/>\n<meta property=\"og:locale\" content=\"nl_NL\" \/>\n<meta property=\"og:type\" content=\"article\" \/>\n<meta property=\"og:title\" content=\"Ondersteuningssystemen voor zonne-energie\" \/>\n<meta property=\"og:description\" content=\"Op zoek naar profielen voor zonnesteunsystemen? Hadley heeft de kennis en apparatuur om grote volumes te produceren met wereldwijde logistiek\" \/>\n<meta property=\"og:url\" content=\"https:\/\/hadleycustomrollform.com\/nl\/rolvormen-op-maat\/zonne-energie\/\" \/>\n<meta property=\"og:site_name\" content=\"Hadley Custom Roll Form\" \/>\n<meta property=\"article:publisher\" content=\"https:\/\/www.facebook.com\/HadleyGroupGlobal\" \/>\n<meta property=\"article:modified_time\" content=\"2025-09-08T09:16:51+00:00\" \/>\n<meta property=\"og:image\" content=\"https:\/\/hadleycustomrollform.com\/app\/uploads\/2023\/09\/AdobeStock_629442908.jpg\" \/>\n\t<meta property=\"og:image:width\" content=\"2000\" \/>\n\t<meta property=\"og:image:height\" content=\"950\" \/>\n\t<meta property=\"og:image:type\" content=\"image\/jpeg\" \/>\n<meta name=\"twitter:card\" content=\"summary_large_image\" \/>\n<meta name=\"twitter:site\" content=\"@hadley_group\" \/>\n<meta name=\"twitter:label1\" content=\"Est. reading time\" \/>\n\t<meta name=\"twitter:data1\" content=\"1 minute\" \/>\n<script type=\"application\/ld+json\" class=\"yoast-schema-graph\">{\"@context\":\"https:\/\/schema.org\",\"@graph\":[{\"@type\":\"WebPage\",\"@id\":\"https:\/\/hadleycustomrollform.com\/nl\/rolvormen-op-maat\/zonne-energie\/\",\"url\":\"https:\/\/hadleycustomrollform.com\/nl\/rolvormen-op-maat\/zonne-energie\/\",\"name\":\"Ondersteuningssystemen voor zonne-energie - Hadley Custom Roll Form\",\"isPartOf\":{\"@id\":\"https:\/\/hadleycustomrollform.com\/nl\/#website\"},\"primaryImageOfPage\":{\"@id\":\"https:\/\/hadleycustomrollform.com\/nl\/rolvormen-op-maat\/zonne-energie\/#primaryimage\"},\"image\":{\"@id\":\"https:\/\/hadleycustomrollform.com\/nl\/rolvormen-op-maat\/zonne-energie\/#primaryimage\"},\"thumbnailUrl\":\"https:\/\/hadleycustomrollform.com\/app\/uploads\/2023\/09\/AdobeStock_629442908.jpg\",\"datePublished\":\"2023-09-20T10:14:21+00:00\",\"dateModified\":\"2025-09-08T09:16:51+00:00\",\"description\":\"Op zoek naar profielen voor zonnesteunsystemen? Hadley heeft de kennis en apparatuur om grote volumes te produceren met wereldwijde logistiek\",\"breadcrumb\":{\"@id\":\"https:\/\/hadleycustomrollform.com\/nl\/rolvormen-op-maat\/zonne-energie\/#breadcrumb\"},\"inLanguage\":\"nl-NL\",\"potentialAction\":[{\"@type\":\"ReadAction\",\"target\":[\"https:\/\/hadleycustomrollform.com\/nl\/rolvormen-op-maat\/zonne-energie\/\"]}]},{\"@type\":\"ImageObject\",\"inLanguage\":\"nl-NL\",\"@id\":\"https:\/\/hadleycustomrollform.com\/nl\/rolvormen-op-maat\/zonne-energie\/#primaryimage\",\"url\":\"https:\/\/hadleycustomrollform.com\/app\/uploads\/2023\/09\/AdobeStock_629442908.jpg\",\"contentUrl\":\"https:\/\/hadleycustomrollform.com\/app\/uploads\/2023\/09\/AdobeStock_629442908.jpg\",\"width\":2000,\"height\":950,\"caption\":\"Solar PV installation mounting systems steel profiles\"},{\"@type\":\"BreadcrumbList\",\"@id\":\"https:\/\/hadleycustomrollform.com\/nl\/rolvormen-op-maat\/zonne-energie\/#breadcrumb\",\"itemListElement\":[{\"@type\":\"ListItem\",\"position\":1,\"name\":\"Home\",\"item\":\"https:\/\/hadleycustomrollform.com\/nl\/\"},{\"@type\":\"ListItem\",\"position\":2,\"name\":\"Custom Roll Forming\",\"item\":\"https:\/\/hadleycustomrollform.com\/nl\/\"},{\"@type\":\"ListItem\",\"position\":3,\"name\":\"Ondersteuningssystemen voor zonne-energie\"}]},{\"@type\":\"WebSite\",\"@id\":\"https:\/\/hadleycustomrollform.com\/nl\/#website\",\"url\":\"https:\/\/hadleycustomrollform.com\/nl\/\",\"name\":\"Hadley Group\",\"description\":\"Shaping the Future in Metal\",\"publisher\":{\"@id\":\"https:\/\/hadleycustomrollform.com\/nl\/#organization\"},\"potentialAction\":[{\"@type\":\"SearchAction\",\"target\":{\"@type\":\"EntryPoint\",\"urlTemplate\":\"https:\/\/hadleycustomrollform.com\/nl\/?s={search_term_string}\"},\"query-input\":{\"@type\":\"PropertyValueSpecification\",\"valueRequired\":true,\"valueName\":\"search_term_string\"}}],\"inLanguage\":\"nl-NL\"},{\"@type\":\"Organization\",\"@id\":\"https:\/\/hadleycustomrollform.com\/nl\/#organization\",\"name\":\"Hadley Group\",\"url\":\"https:\/\/hadleycustomrollform.com\/nl\/\",\"logo\":{\"@type\":\"ImageObject\",\"inLanguage\":\"nl-NL\",\"@id\":\"https:\/\/hadleycustomrollform.com\/nl\/#\/schema\/logo\/image\/\",\"url\":\"http:\/\/hadleycustomrollform.com\/app\/uploads\/2023\/01\/Hadley-Group-logo.jpg\",\"contentUrl\":\"http:\/\/hadleycustomrollform.com\/app\/uploads\/2023\/01\/Hadley-Group-logo.jpg\",\"width\":1280,\"height\":300,\"caption\":\"Hadley Group\"},\"image\":{\"@id\":\"https:\/\/hadleycustomrollform.com\/nl\/#\/schema\/logo\/image\/\"},\"sameAs\":[\"https:\/\/www.facebook.com\/HadleyGroupGlobal\",\"https:\/\/x.com\/hadley_group\",\"https:\/\/www.youtube.com\/@HadleyGroupSmethwick\",\"https:\/\/www.linkedin.com\/company\/hadley-group-\/\"]}]}<\/script>\n<!-- \/ Yoast SEO Premium plugin. -->","yoast_head_json":{"title":"Ondersteuningssystemen voor zonne-energie - Hadley Custom Roll Form","description":"Op zoek naar profielen voor zonnesteunsystemen? Hadley heeft de kennis en apparatuur om grote volumes te produceren met wereldwijde logistiek","robots":{"index":"noindex","follow":"follow","max-snippet":"max-snippet:-1","max-image-preview":"max-image-preview:large","max-video-preview":"max-video-preview:-1"},"og_locale":"nl_NL","og_type":"article","og_title":"Ondersteuningssystemen voor zonne-energie","og_description":"Op zoek naar profielen voor zonnesteunsystemen? Hadley heeft de kennis en apparatuur om grote volumes te produceren met wereldwijde logistiek","og_url":"https:\/\/hadleycustomrollform.com\/nl\/rolvormen-op-maat\/zonne-energie\/","og_site_name":"Hadley Custom Roll Form","article_publisher":"https:\/\/www.facebook.com\/HadleyGroupGlobal","article_modified_time":"2025-09-08T09:16:51+00:00","og_image":[{"width":2000,"height":950,"url":"https:\/\/hadleycustomrollform.com\/app\/uploads\/2023\/09\/AdobeStock_629442908.jpg","type":"image\/jpeg"}],"twitter_card":"summary_large_image","twitter_site":"@hadley_group","twitter_misc":{"Est. reading time":"1 minute"},"schema":{"@context":"https:\/\/schema.org","@graph":[{"@type":"WebPage","@id":"https:\/\/hadleycustomrollform.com\/nl\/rolvormen-op-maat\/zonne-energie\/","url":"https:\/\/hadleycustomrollform.com\/nl\/rolvormen-op-maat\/zonne-energie\/","name":"Ondersteuningssystemen voor zonne-energie - Hadley Custom Roll Form","isPartOf":{"@id":"https:\/\/hadleycustomrollform.com\/nl\/#website"},"primaryImageOfPage":{"@id":"https:\/\/hadleycustomrollform.com\/nl\/rolvormen-op-maat\/zonne-energie\/#primaryimage"},"image":{"@id":"https:\/\/hadleycustomrollform.com\/nl\/rolvormen-op-maat\/zonne-energie\/#primaryimage"},"thumbnailUrl":"https:\/\/hadleycustomrollform.com\/app\/uploads\/2023\/09\/AdobeStock_629442908.jpg","datePublished":"2023-09-20T10:14:21+00:00","dateModified":"2025-09-08T09:16:51+00:00","description":"Op zoek naar profielen voor zonnesteunsystemen? Hadley heeft de kennis en apparatuur om grote volumes te produceren met wereldwijde logistiek","breadcrumb":{"@id":"https:\/\/hadleycustomrollform.com\/nl\/rolvormen-op-maat\/zonne-energie\/#breadcrumb"},"inLanguage":"nl-NL","potentialAction":[{"@type":"ReadAction","target":["https:\/\/hadleycustomrollform.com\/nl\/rolvormen-op-maat\/zonne-energie\/"]}]},{"@type":"ImageObject","inLanguage":"nl-NL","@id":"https:\/\/hadleycustomrollform.com\/nl\/rolvormen-op-maat\/zonne-energie\/#primaryimage","url":"https:\/\/hadleycustomrollform.com\/app\/uploads\/2023\/09\/AdobeStock_629442908.jpg","contentUrl":"https:\/\/hadleycustomrollform.com\/app\/uploads\/2023\/09\/AdobeStock_629442908.jpg","width":2000,"height":950,"caption":"Solar PV installation mounting systems steel profiles"},{"@type":"BreadcrumbList","@id":"https:\/\/hadleycustomrollform.com\/nl\/rolvormen-op-maat\/zonne-energie\/#breadcrumb","itemListElement":[{"@type":"ListItem","position":1,"name":"Home","item":"https:\/\/hadleycustomrollform.com\/nl\/"},{"@type":"ListItem","position":2,"name":"Custom Roll Forming","item":"https:\/\/hadleycustomrollform.com\/nl\/"},{"@type":"ListItem","position":3,"name":"Ondersteuningssystemen voor zonne-energie"}]},{"@type":"WebSite","@id":"https:\/\/hadleycustomrollform.com\/nl\/#website","url":"https:\/\/hadleycustomrollform.com\/nl\/","name":"Hadley Group","description":"Shaping the Future in Metal","publisher":{"@id":"https:\/\/hadleycustomrollform.com\/nl\/#organization"},"potentialAction":[{"@type":"SearchAction","target":{"@type":"EntryPoint","urlTemplate":"https:\/\/hadleycustomrollform.com\/nl\/?s={search_term_string}"},"query-input":{"@type":"PropertyValueSpecification","valueRequired":true,"valueName":"search_term_string"}}],"inLanguage":"nl-NL"},{"@type":"Organization","@id":"https:\/\/hadleycustomrollform.com\/nl\/#organization","name":"Hadley Group","url":"https:\/\/hadleycustomrollform.com\/nl\/","logo":{"@type":"ImageObject","inLanguage":"nl-NL","@id":"https:\/\/hadleycustomrollform.com\/nl\/#\/schema\/logo\/image\/","url":"http:\/\/hadleycustomrollform.com\/app\/uploads\/2023\/01\/Hadley-Group-logo.jpg","contentUrl":"http:\/\/hadleycustomrollform.com\/app\/uploads\/2023\/01\/Hadley-Group-logo.jpg","width":1280,"height":300,"caption":"Hadley Group"},"image":{"@id":"https:\/\/hadleycustomrollform.com\/nl\/#\/schema\/logo\/image\/"},"sameAs":["https:\/\/www.facebook.com\/HadleyGroupGlobal","https:\/\/x.com\/hadley_group","https:\/\/www.youtube.com\/@HadleyGroupSmethwick","https:\/\/www.linkedin.com\/company\/hadley-group-\/"]}]}},"_links":{"self":[{"href":"https:\/\/hadleycustomrollform.com\/nl\/wp-json\/wp\/v2\/pages\/1985","targetHints":{"allow":["GET"]}}],"collection":[{"href":"https:\/\/hadleycustomrollform.com\/nl\/wp-json\/wp\/v2\/pages"}],"about":[{"href":"https:\/\/hadleycustomrollform.com\/nl\/wp-json\/wp\/v2\/types\/page"}],"author":[{"embeddable":true,"href":"https:\/\/hadleycustomrollform.com\/nl\/wp-json\/wp\/v2\/users\/3"}],"replies":[{"embeddable":true,"href":"https:\/\/hadleycustomrollform.com\/nl\/wp-json\/wp\/v2\/comments?post=1985"}],"version-history":[{"count":10,"href":"https:\/\/hadleycustomrollform.com\/nl\/wp-json\/wp\/v2\/pages\/1985\/revisions"}],"predecessor-version":[{"id":16149,"href":"https:\/\/hadleycustomrollform.com\/nl\/wp-json\/wp\/v2\/pages\/1985\/revisions\/16149"}],"up":[{"embeddable":true,"href":"https:\/\/hadleycustomrollform.com\/nl\/wp-json\/wp\/v2\/pages\/1793"}],"wp:featuredmedia":[{"embeddable":true,"href":"https:\/\/hadleycustomrollform.com\/nl\/wp-json\/wp\/v2\/media\/8736"}],"wp:attachment":[{"href":"https:\/\/hadleycustomrollform.com\/nl\/wp-json\/wp\/v2\/media?parent=1985"}],"wp:term":[{"taxonomy":"category","embeddable":true,"href":"https:\/\/hadleycustomrollform.com\/nl\/wp-json\/wp\/v2\/categories?post=1985"}],"curies":[{"name":"wp","href":"https:\/\/api.w.org\/{rel}","templated":true}]}}